{"id":2760,"date":"2020-07-08T13:51:51","date_gmt":"2020-07-08T13:51:51","guid":{"rendered":"https:\/\/pvcsolis.com\/vinils\/"},"modified":"2021-01-26T08:48:27","modified_gmt":"2021-01-26T08:48:27","slug":"vinilos","status":"publish","type":"page","link":"https:\/\/pvcsolis.com\/es\/vinilos\/","title":{"rendered":"Vinilos"},"content":{"rendered":"<p>[vc_row type=\u00bbvc_default\u00bb css=\u00bb.vc_custom_1474268037787{margin-bottom: -30px !important;padding-bottom: 30px !important;}\u00bb][vc_column offset=\u00bbvc_col-lg-12 vc_col-md-12 vc_col-xs-12&#8243;]<style type=\"text\/css\" data-type=\"the7_shortcodes-inline-css\">.shortcode-single-image-wrap.shortcode-single-image-fbfb1467431eb5400c7f2af8c00bcf0b.enable-bg-rollover .rollover i,\n.shortcode-single-image-wrap.shortcode-single-image-fbfb1467431eb5400c7f2af8c00bcf0b.enable-bg-rollover .rollover-video i {\n  background: -webkit-linear-gradient();\n  background: linear-gradient();\n}\n.shortcode-single-image-wrap.shortcode-single-image-fbfb1467431eb5400c7f2af8c00bcf0b .rollover-icon {\n  font-size: 32px;\n  color: #ffffff;\n  min-width: 44px;\n  min-height: 44px;\n  line-height: 44px;\n  border-radius: 100px;\n  border-style: solid;\n  border-width: 0px;\n}\n.dt-icon-bg-on.shortcode-single-image-wrap.shortcode-single-image-fbfb1467431eb5400c7f2af8c00bcf0b .rollover-icon {\n  background: rgba(255,255,255,0.3);\n  box-shadow: none;\n}<\/style><div class=\"shortcode-single-image-wrap shortcode-single-image-fbfb1467431eb5400c7f2af8c00bcf0b alignnone  vc_custom_1594214977413 enable-bg-rollover dt-icon-bg-off\" ><div class=\"shortcode-single-image\"><div class=\"fancy-media-wrap\" style=\"\"><img fetchpriority=\"high\" decoding=\"async\" class=\"preload-me aspect\" src=\"https:\/\/pvcsolis.com\/wp-content\/uploads\/2020\/07\/vinil.jpg\" srcset=\"https:\/\/pvcsolis.com\/wp-content\/uploads\/2020\/07\/vinil.jpg 1000w\" sizes=\"(max-width: 1000px) 100vw, 1000px\" width=\"1000\" height=\"500\"  data-dt-location=\"https:\/\/pvcsolis.com\/es\/vinils\/vinil\/\" style=\"--ratio: 1000 \/ 500;\" alt=\"\" \/><\/div><\/div><\/div><div id=\"ultimate-heading-107369e5f0b26ef54\" class=\"uvc-heading ult-adjust-bottom-margin ultimate-heading-107369e5f0b26ef54 uvc-9452 accent-border-color\" data-hspacer=\"line_only\"  data-halign=\"left\" style=\"text-align:left\"><div class=\"uvc-main-heading ult-responsive\"  data-ultimate-target='.uvc-heading.ultimate-heading-107369e5f0b26ef54 h2'  data-responsive-json-new='{\"font-size\":\"desktop:26px;\",\"line-height\":\"desktop:36px;\"}' ><h2 style=\"font-weight:bold;\">Vinilos<\/h2><\/div><div class=\"uvc-heading-spacer line_only\" style=\"margin-top:15px;margin-bottom:30px;height:4px;\"><span class=\"uvc-headings-line\" style=\"border-style:solid;border-bottom-width:4px;border-color:;width:50px;\"><\/span><\/div><\/div>[vc_column_text css=\u00bb.vc_custom_1611650748853{padding-bottom: 60px !important;}\u00bb]Los vidrios son un elemento est\u00e9tico y de protecci\u00f3n indispensable que podemos encontrar en cualquiera de los establecimientos y edificios de hoy en d\u00eda. No s\u00f3lo en nuestro hogar, sino en locales comerciales, oficinas, naves o diferentes empresas de diversa \u00edndole.<\/p>\n<p>Es sobre todo en estos \u00faltimos donde los vinilos juegan un papel importante. Empresas, locales comerciales&#8230; Todas ellas necesitan de un distintivo que las identifique y las distinga las unas de las otras, porque no hay dos negocios iguales y a todos nos gusta mostrar la autenticidad y unicidad de nuestra imagen corporativa.<\/p>\n<p>En <em>PVC i Aluminis Solis<\/em>, junto con la prestaci\u00f3n del servicio de <a href=\"https:\/\/pvcsolis.com\/es\/vidrios\/\">vidrios<\/a>, tanto para particulares como para colectivos, os ofrecemos el servicio de vinilos, un servicio que, como dec\u00edamos, os ayudar\u00e1 a diferenciaros del resto y a mostrar vuestra marca tal como merece. Este hecho es de vital importancia para que consigamos mostrar nuestra presencia y alcanzar el \u00e9xito que tanto buscamos, para desarrollar con garant\u00edas la actividad que realizamos en este emplazamiento.<\/p>\n<p><em>PVC i Aluminis Solis<\/em> es compromiso con la calidad de nuestros productos. Es por este motivo que queremos proporcionaros todo lo que necesit\u00e1is para que pod\u00e1is disponer de vuestros vinilos de manos de una empresa responsable, con la total garant\u00eda de adecuarse y responder a vuestras necesidades.[\/vc_column_text][\/vc_column][\/vc_row][vc_row][vc_column width=\u00bb1\/3&#8243;][vc_single_image image=\u00bb1946&#8243; img_size=\u00bbfull\u00bb alignment=\u00bbcenter\u00bb][\/vc_column][vc_column width=\u00bb1\/3&#8243;][vc_single_image image=\u00bb1945&#8243; img_size=\u00bbfull\u00bb alignment=\u00bbcenter\u00bb][\/vc_column][vc_column width=\u00bb1\/3&#8243;][vc_single_image image=\u00bb1943&#8243; img_size=\u00bbfull\u00bb alignment=\u00bbcenter\u00bb][\/vc_column][\/vc_row][vc_row][vc_column][vc_empty_space height=\u00bb45px\u00bb]<div id=\"ultimate-heading-835069e5f0b26efb0\" class=\"uvc-heading ult-adjust-bottom-margin ultimate-heading-835069e5f0b26efb0 uvc-1934 accent-border-color\" data-hspacer=\"line_only\"  data-halign=\"left\" style=\"text-align:left\"><div class=\"uvc-main-heading ult-responsive\"  data-ultimate-target='.uvc-heading.ultimate-heading-835069e5f0b26efb0 h2'  data-responsive-json-new='{\"font-size\":\"desktop:26px;\",\"line-height\":\"desktop:36px;\"}' ><h2 style=\"font-weight:bold;\">En vuestros vinilos velamos por...<\/h2><\/div><div class=\"uvc-heading-spacer line_only\" style=\"margin-top:15px;margin-bottom:40px;height:4px;\"><span class=\"uvc-headings-line\" style=\"border-style:solid;border-bottom-width:4px;border-color:;width:50px;\"><\/span><\/div><\/div>[vc_accordion active_tab=\u00bbfalse\u00bb style=\u00bb2&#8243;][vc_accordion_tab title=\u00bbCalidad\u00bb][vc_column_text css=\u00bb.vc_custom_1611650783666{background-color: #ffffff !important;}\u00bb]<em>PVC i Aluminis Solis<\/em> es compromiso con la calidad de nuestros productos. Es por este motivo que queremos proporcionaros todo lo que necesit\u00e1is para que pod\u00e1is disponer de vuestros vinilos de manos de una empresa responsable, con la total garant\u00eda de adecuarnos y responder a vuestras necesidades.[\/vc_column_text][\/vc_accordion_tab][vc_accordion_tab title=\u00bbSoluciones a medida, reales\u00bb][vc_column_text css=\u00bb.vc_custom_1611650804298{background-color: #ffffff !important;}\u00bb]Los profesionales que integramos la empresa <em>PVC y Aluminis Solis<\/em> en Manresa, os ayudamos y aconsejamos ante cualquier duda en la elaboraci\u00f3n e instalaci\u00f3n de vuestros vinilos, y os proporcionamos la soluci\u00f3n ideal, con vinilos de todo tipo, para cada una de vuestras necesidades.[\/vc_column_text][\/vc_accordion_tab][vc_accordion_tab title=\u00bbVocaci\u00f3n y compromiso\u00bb][vc_column_text css=\u00bb.vc_custom_1611650826754{background-color: #ffffff !important;}\u00bb]Como empresa especializada en la confecci\u00f3n de vinilos, y con las garant\u00edas que siempre ofrecemos a todos nuestros clientes en cada uno de los productos y servicios que ofrecemos; en <em>PVC i Aluminis Solis<\/em> disponemos -en nuestro servicio de vinilos- de toda la confianza que pod\u00e9is depositar en una empresa con vocaci\u00f3n y comprometida, donde utilizamos siempre los mejores materiales y las \u00faltimas t\u00e9cnicas para su adecuada instalaci\u00f3n.[\/vc_column_text][\/vc_accordion_tab][vc_accordion_tab title=\u00bbAtenci\u00f3n personalizada\u00bb][vc_column_text css=\u00bb.vc_custom_1611650860844{background-color: #ffffff !important;}\u00bb]Mediante el <a href=\"https:\/\/pvcsolis.com\/es\/contacto\/\">formulario<\/a>, dejadnos vuestro n\u00famero de tel\u00e9fono y contactaremos con vosotros gratuitamente con la m\u00e1xima diligencia posible para comenzar a preparar unos vinilos \u00fanicos que os distinguir\u00e1n del resto.[\/vc_column_text][\/vc_accordion_tab][\/vc_accordion][\/vc_column][\/vc_row]<\/p>\n","protected":false},"excerpt":{"rendered":"<p>[vc_row type=\u00bbvc_default\u00bb css=\u00bb.vc_custom_1474268037787{margin-bottom: -30px !important;padding-bottom: 30px !important;}\u00bb][vc_column offset=\u00bbvc_col-lg-12 vc_col-md-12 vc_col-xs-12&#8243;][vc_column_text css=\u00bb.vc_custom_1611650748853{padding-bottom: 60px !important;}\u00bb]Los vidrios son un elemento est\u00e9tico y de protecci\u00f3n indispensable que podemos encontrar en cualquiera de los establecimientos y edificios de hoy en d\u00eda. No s\u00f3lo en nuestro hogar, sino en locales comerciales, oficinas, naves o diferentes empresas de diversa \u00edndole. Es sobre&hellip;<\/p>\n","protected":false},"author":1,"featured_media":0,"parent":0,"menu_order":0,"comment_status":"closed","ping_status":"closed","template":"","meta":{"footnotes":""},"class_list":["post-2760","page","type-page","status-publish","hentry","description-off"],"yoast_head":"<!-- This site is optimized with the Yoast SEO plugin v26.8 - https:\/\/yoast.com\/product\/yoast-seo-wordpress\/ -->\n<title>Vinilos - PVC y Aluminios Manresa<\/title>\n<meta name=\"description\" content=\"Especialistas en ventanas de PVC. Trabajos en aluminio. Servicio de vidrios, vinilos, rejas... Pide tu presupuesto sin compromiso: 633481340.\" \/>\n<meta name=\"robots\" content=\"index, follow, max-snippet:-1, max-image-preview:large, max-video-preview:-1\" \/>\n<link rel=\"canonical\" href=\"https:\/\/pvcsolis.com\/es\/vinilos\/\" \/>\n<meta property=\"og:locale\" content=\"es_ES\" \/>\n<meta property=\"og:type\" content=\"article\" \/>\n<meta property=\"og:title\" content=\"Vinilos - PVC y Aluminios Manresa\" \/>\n<meta property=\"og:description\" content=\"Especialistas en ventanas de PVC. Trabajos en aluminio. Servicio de vidrios, vinilos, rejas... Pide tu presupuesto sin compromiso: 633481340.\" \/>\n<meta property=\"og:url\" content=\"https:\/\/pvcsolis.com\/es\/vinilos\/\" \/>\n<meta property=\"og:site_name\" content=\"PVC y Aluminios Manresa\" \/>\n<meta property=\"article:modified_time\" content=\"2021-01-26T08:48:27+00:00\" \/>\n<meta name=\"twitter:card\" content=\"summary_large_image\" \/>\n<meta name=\"twitter:label1\" content=\"Tiempo de lectura\" \/>\n\t<meta name=\"twitter:data1\" content=\"3 minutos\" \/>\n<script type=\"application\/ld+json\" class=\"yoast-schema-graph\">{\"@context\":\"https:\/\/schema.org\",\"@graph\":[{\"@type\":\"WebPage\",\"@id\":\"https:\/\/pvcsolis.com\/es\/vinilos\/\",\"url\":\"https:\/\/pvcsolis.com\/es\/vinilos\/\",\"name\":\"Vinilos - PVC y Aluminios Manresa\",\"isPartOf\":{\"@id\":\"https:\/\/pvcsolis.com\/es\/#website\"},\"datePublished\":\"2020-07-08T13:51:51+00:00\",\"dateModified\":\"2021-01-26T08:48:27+00:00\",\"description\":\"Especialistas en ventanas de PVC. Trabajos en aluminio. Servicio de vidrios, vinilos, rejas... Pide tu presupuesto sin compromiso: 633481340.\",\"breadcrumb\":{\"@id\":\"https:\/\/pvcsolis.com\/es\/vinilos\/#breadcrumb\"},\"inLanguage\":\"es\",\"potentialAction\":[{\"@type\":\"ReadAction\",\"target\":[\"https:\/\/pvcsolis.com\/es\/vinilos\/\"]}]},{\"@type\":\"BreadcrumbList\",\"@id\":\"https:\/\/pvcsolis.com\/es\/vinilos\/#breadcrumb\",\"itemListElement\":[{\"@type\":\"ListItem\",\"position\":1,\"name\":\"Portada\",\"item\":\"https:\/\/pvcsolis.com\/es\/\"},{\"@type\":\"ListItem\",\"position\":2,\"name\":\"Vinilos\"}]},{\"@type\":\"WebSite\",\"@id\":\"https:\/\/pvcsolis.com\/es\/#website\",\"url\":\"https:\/\/pvcsolis.com\/es\/\",\"name\":\"PVC y Aluminios Manresa\",\"description\":\"Instal\u00b7laci\u00f3 de PVC\",\"publisher\":{\"@id\":\"https:\/\/pvcsolis.com\/es\/#organization\"},\"potentialAction\":[{\"@type\":\"SearchAction\",\"target\":{\"@type\":\"EntryPoint\",\"urlTemplate\":\"https:\/\/pvcsolis.com\/es\/?s={search_term_string}\"},\"query-input\":{\"@type\":\"PropertyValueSpecification\",\"valueRequired\":true,\"valueName\":\"search_term_string\"}}],\"inLanguage\":\"es\"},{\"@type\":\"Organization\",\"@id\":\"https:\/\/pvcsolis.com\/es\/#organization\",\"name\":\"PVC y Aluminios Manresa\",\"url\":\"https:\/\/pvcsolis.com\/es\/\",\"logo\":{\"@type\":\"ImageObject\",\"inLanguage\":\"es\",\"@id\":\"https:\/\/pvcsolis.com\/es\/#\/schema\/logo\/image\/\",\"url\":\"https:\/\/pvcsolis.com\/wp-content\/uploads\/2020\/06\/pvc-y-aluminios-solis.png\",\"contentUrl\":\"https:\/\/pvcsolis.com\/wp-content\/uploads\/2020\/06\/pvc-y-aluminios-solis.png\",\"width\":70,\"height\":70,\"caption\":\"PVC y Aluminios Manresa\"},\"image\":{\"@id\":\"https:\/\/pvcsolis.com\/es\/#\/schema\/logo\/image\/\"}}]}<\/script>\n<!-- \/ Yoast SEO plugin. -->","yoast_head_json":{"title":"Vinilos - PVC y Aluminios Manresa","description":"Especialistas en ventanas de PVC. Trabajos en aluminio. Servicio de vidrios, vinilos, rejas... Pide tu presupuesto sin compromiso: 633481340.","robots":{"index":"index","follow":"follow","max-snippet":"max-snippet:-1","max-image-preview":"max-image-preview:large","max-video-preview":"max-video-preview:-1"},"canonical":"https:\/\/pvcsolis.com\/es\/vinilos\/","og_locale":"es_ES","og_type":"article","og_title":"Vinilos - PVC y Aluminios Manresa","og_description":"Especialistas en ventanas de PVC. Trabajos en aluminio. Servicio de vidrios, vinilos, rejas... Pide tu presupuesto sin compromiso: 633481340.","og_url":"https:\/\/pvcsolis.com\/es\/vinilos\/","og_site_name":"PVC y Aluminios Manresa","article_modified_time":"2021-01-26T08:48:27+00:00","twitter_card":"summary_large_image","twitter_misc":{"Tiempo de lectura":"3 minutos"},"schema":{"@context":"https:\/\/schema.org","@graph":[{"@type":"WebPage","@id":"https:\/\/pvcsolis.com\/es\/vinilos\/","url":"https:\/\/pvcsolis.com\/es\/vinilos\/","name":"Vinilos - PVC y Aluminios Manresa","isPartOf":{"@id":"https:\/\/pvcsolis.com\/es\/#website"},"datePublished":"2020-07-08T13:51:51+00:00","dateModified":"2021-01-26T08:48:27+00:00","description":"Especialistas en ventanas de PVC. Trabajos en aluminio. Servicio de vidrios, vinilos, rejas... Pide tu presupuesto sin compromiso: 633481340.","breadcrumb":{"@id":"https:\/\/pvcsolis.com\/es\/vinilos\/#breadcrumb"},"inLanguage":"es","potentialAction":[{"@type":"ReadAction","target":["https:\/\/pvcsolis.com\/es\/vinilos\/"]}]},{"@type":"BreadcrumbList","@id":"https:\/\/pvcsolis.com\/es\/vinilos\/#breadcrumb","itemListElement":[{"@type":"ListItem","position":1,"name":"Portada","item":"https:\/\/pvcsolis.com\/es\/"},{"@type":"ListItem","position":2,"name":"Vinilos"}]},{"@type":"WebSite","@id":"https:\/\/pvcsolis.com\/es\/#website","url":"https:\/\/pvcsolis.com\/es\/","name":"PVC y Aluminios Manresa","description":"Instal\u00b7laci\u00f3 de PVC","publisher":{"@id":"https:\/\/pvcsolis.com\/es\/#organization"},"potentialAction":[{"@type":"SearchAction","target":{"@type":"EntryPoint","urlTemplate":"https:\/\/pvcsolis.com\/es\/?s={search_term_string}"},"query-input":{"@type":"PropertyValueSpecification","valueRequired":true,"valueName":"search_term_string"}}],"inLanguage":"es"},{"@type":"Organization","@id":"https:\/\/pvcsolis.com\/es\/#organization","name":"PVC y Aluminios Manresa","url":"https:\/\/pvcsolis.com\/es\/","logo":{"@type":"ImageObject","inLanguage":"es","@id":"https:\/\/pvcsolis.com\/es\/#\/schema\/logo\/image\/","url":"https:\/\/pvcsolis.com\/wp-content\/uploads\/2020\/06\/pvc-y-aluminios-solis.png","contentUrl":"https:\/\/pvcsolis.com\/wp-content\/uploads\/2020\/06\/pvc-y-aluminios-solis.png","width":70,"height":70,"caption":"PVC y Aluminios Manresa"},"image":{"@id":"https:\/\/pvcsolis.com\/es\/#\/schema\/logo\/image\/"}}]}},"_links":{"self":[{"href":"https:\/\/pvcsolis.com\/es\/wp-json\/wp\/v2\/pages\/2760","targetHints":{"allow":["GET"]}}],"collection":[{"href":"https:\/\/pvcsolis.com\/es\/wp-json\/wp\/v2\/pages"}],"about":[{"href":"https:\/\/pvcsolis.com\/es\/wp-json\/wp\/v2\/types\/page"}],"author":[{"embeddable":true,"href":"https:\/\/pvcsolis.com\/es\/wp-json\/wp\/v2\/users\/1"}],"replies":[{"embeddable":true,"href":"https:\/\/pvcsolis.com\/es\/wp-json\/wp\/v2\/comments?post=2760"}],"version-history":[{"count":0,"href":"https:\/\/pvcsolis.com\/es\/wp-json\/wp\/v2\/pages\/2760\/revisions"}],"wp:attachment":[{"href":"https:\/\/pvcsolis.com\/es\/wp-json\/wp\/v2\/media?parent=2760"}],"curies":[{"name":"wp","href":"https:\/\/api.w.org\/{rel}","templated":true}]}}