{"id":2752,"date":"2020-07-13T08:27:40","date_gmt":"2020-07-13T08:27:40","guid":{"rendered":"https:\/\/pvcsolis.com\/reparacions-i-recanvis\/"},"modified":"2021-01-26T08:36:00","modified_gmt":"2021-01-26T08:36:00","slug":"reparaciones-y-repuestos","status":"publish","type":"page","link":"https:\/\/pvcsolis.com\/es\/reparaciones-y-repuestos\/","title":{"rendered":"Reparaciones y repuestos"},"content":{"rendered":"<p>[vc_row type=\u00bbvc_default\u00bb css=\u00bb.vc_custom_1474268037787{margin-bottom: -30px !important;padding-bottom: 30px !important;}\u00bb][vc_column offset=\u00bbvc_col-lg-12 vc_col-md-12 vc_col-xs-12&#8243;]<style type=\"text\/css\" data-type=\"the7_shortcodes-inline-css\">.shortcode-single-image-wrap.shortcode-single-image-27ce619ba5f9abfc9b5d009b888f45c0.enable-bg-rollover .rollover i,\n.shortcode-single-image-wrap.shortcode-single-image-27ce619ba5f9abfc9b5d009b888f45c0.enable-bg-rollover .rollover-video i {\n  background: -webkit-linear-gradient();\n  background: linear-gradient();\n}\n.shortcode-single-image-wrap.shortcode-single-image-27ce619ba5f9abfc9b5d009b888f45c0 .rollover-icon {\n  font-size: 32px;\n  color: #ffffff;\n  min-width: 44px;\n  min-height: 44px;\n  line-height: 44px;\n  border-radius: 100px;\n  border-style: solid;\n  border-width: 0px;\n}\n.dt-icon-bg-on.shortcode-single-image-wrap.shortcode-single-image-27ce619ba5f9abfc9b5d009b888f45c0 .rollover-icon {\n  background: rgba(255,255,255,0.3);\n  box-shadow: none;\n}<\/style><div class=\"shortcode-single-image-wrap shortcode-single-image-27ce619ba5f9abfc9b5d009b888f45c0 alignnone  vc_custom_1594628394884 enable-bg-rollover dt-icon-bg-off\" ><div class=\"shortcode-single-image\"><div class=\"fancy-media-wrap\" style=\"\"><img fetchpriority=\"high\" decoding=\"async\" class=\"preload-me aspect\" src=\"https:\/\/pvcsolis.com\/wp-content\/uploads\/2020\/07\/recanvis-scaled-1000x500.jpg\" srcset=\"https:\/\/pvcsolis.com\/wp-content\/uploads\/2020\/07\/recanvis-scaled-1000x500.jpg 1000w, https:\/\/pvcsolis.com\/wp-content\/uploads\/2020\/07\/recanvis-scaled-1919x959.jpg 1919w\" sizes=\"(max-width: 1000px) 100vw, 1000px\" width=\"1000\" height=\"500\"  data-dt-location=\"https:\/\/pvcsolis.com\/es\/escales-metal%c2%b7liques\/garage-tools-set-on-white\/\" style=\"--ratio: 1000 \/ 500;\" alt=\"\" \/><\/div><\/div><\/div><div id=\"ultimate-heading-80726a08348858234\" class=\"uvc-heading ult-adjust-bottom-margin ultimate-heading-80726a08348858234 uvc-9423 accent-border-color\" data-hspacer=\"line_only\"  data-halign=\"left\" style=\"text-align:left\"><div class=\"uvc-main-heading ult-responsive\"  data-ultimate-target='.uvc-heading.ultimate-heading-80726a08348858234 h2'  data-responsive-json-new='{\"font-size\":\"desktop:26px;\",\"line-height\":\"desktop:36px;\"}' ><h2 style=\"font-weight:bold;\">Reparaciones y repuestos<\/h2><\/div><div class=\"uvc-heading-spacer line_only\" style=\"margin-top:15px;margin-bottom:30px;height:4px;\"><span class=\"uvc-headings-line\" style=\"border-style:solid;border-bottom-width:4px;border-color:;width:50px;\"><\/span><\/div><\/div>[vc_column_text css=\u00bb.vc_custom_1611649883013{padding-bottom: 60px !important;}\u00bb]Uno de los servicios por excelencia que cuidamos y ofrecemos a todos nuestros clientes de <em>PVC i Aluminis Solis<\/em>, es el de las reparaciones y repuestos. En el trabajo diario con materiales de todo tipo podemos encontrar m\u00faltiples inconvenientes que limiten, a corto plazo, lucir unas buenas persianas, ventanas, mosquiteras y dem\u00e1s elementos en nuestro hogar. La m\u00e1xima que siempre hemos querido cumplir en nuestro trabajo es la de satisfacer a los clientes en todo momento, en cada uno de los servicios que ofrecemos. Es por ello, que el servicio postventa y la atenci\u00f3n personalizada al final del proyecto para comprobar los resultados de un ejercicio y un trabajo bien realizado, nos hacen responsables de poder ofrecer este servicio en reparaciones y repuestos.<\/p>\n<p>Una vez m\u00e1s, la voluntad para ofrecer todas las oportunidades posibles para cubrir vuestras necesidades, nos han hecho ser c\u00f3mplices de esta interacci\u00f3n posterior, y garantizar la fidelizaci\u00f3n de nuestros clientes con una atenci\u00f3n y asesoramiento, futuros, para tratar de solucionar las dudas y problemas que puedan surgir.<\/p>\n<p>Si hab\u00e9is realizado cualquier tipo de trabajo con nosotros, este mantenimiento est\u00e1 garantizado y encontrar\u00e9is en nuestro servicio de reparaciones y repuestos, la soluci\u00f3n a vuestros problemas, pero si hab\u00e9is confiado en una empresa que no ha sabido responder con la calidad y el trato personalizado que merec\u00edais, en este servicio de reparaciones y repuestos que os ofrecemos en <em>PVC i Aluminis Solis<\/em>, encontrar\u00e9is, del mismo modo, la resoluci\u00f3n id\u00f3nea que se adapte a vuestros inconvenientes.[\/vc_column_text]<div id=\"ultimate-heading-3856a0834885828d\" class=\"uvc-heading ult-adjust-bottom-margin ultimate-heading-3856a0834885828d uvc-5069 accent-border-color\" data-hspacer=\"line_only\"  data-halign=\"left\" style=\"text-align:left\"><div class=\"uvc-main-heading ult-responsive\"  data-ultimate-target='.uvc-heading.ultimate-heading-3856a0834885828d h2'  data-responsive-json-new='{\"font-size\":\"desktop:26px;\",\"line-height\":\"desktop:36px;\"}' ><h2 style=\"font-weight:bold;\">En vuestros repuestos y reparaciones velamos por...<\/h2><\/div><div class=\"uvc-heading-spacer line_only\" style=\"margin-top:15px;margin-bottom:40px;height:4px;\"><span class=\"uvc-headings-line\" style=\"border-style:solid;border-bottom-width:4px;border-color:;width:50px;\"><\/span><\/div><\/div>[vc_accordion active_tab=\u00bbfalse\u00bb style=\u00bb2&#8243;][vc_accordion_tab title=\u00bbUn servicio \u00fanico, inmejorable\u00bb][vc_column_text css=\u00bb.vc_custom_1611649920651{background-color: #ffffff !important;}\u00bb]En <em>PVC i Aluminis Solis<\/em> adapt\u00e1ndonos a las exigencias del mercado para mejorar d\u00eda a d\u00eda en nuestro trabajo y para ofrecer un mejor servicio, avalado por la calidad que merec\u00e9is.[\/vc_column_text][\/vc_accordion_tab][vc_accordion_tab title=\u00bbUna respuesta con garant\u00edas en cada contratiempo\u00bb][vc_column_text css=\u00bb.vc_custom_1611650003092{background-color: #ffffff !important;}\u00bb]<a href=\"https:\/\/pvcsolis.com\/es\/puertas-de-garaje\/\">Puertas<\/a>, <a href=\"https:\/\/pvcsolis.com\/es\/ventanas-aluminio\/\">ventanas<\/a>, <a href=\"https:\/\/pvcsolis.com\/es\/barandillas\/\">barandillas<\/a>, <a href=\"https:\/\/pvcsolis.com\/es\/rejas\/\">rejas<\/a>, <a href=\"https:\/\/pvcsolis.com\/es\/escaleras-metalicas\/\">escaleras met\u00e1licas<\/a>, <a href=\"https:\/\/pvcsolis.com\/es\/mosquiteras\/\">mosquiteras<\/a>&#8230; Si necesitas cualquier tipo de respuesta para resolver cualquier problema en reparaciones y repuestos de tus complementos del hogar, no dudes en ponerte en contacto con nosotros, <em>PVC i Aluminis Solis<\/em>, y juntos afrontaremos el problema de la forma m\u00e1s cuidadosa y lo solucionaremos con las mejores prestaciones posibles, trabajando con los mejores materiales para ofrecerte la calidad de un resultado final deseable, respondiendo al resto de exigencias con una atenci\u00f3n y un trato \u00fanicos.[\/vc_column_text][\/vc_accordion_tab][vc_accordion_tab title=\u00bbProductos, personal y atenci\u00f3n de primera\u00bb][vc_column_text css=\u00bb.vc_custom_1611650152052{background-color: #ffffff !important;}\u00bb]La seriedad y garant\u00eda de nuestro trabajo en <em>PVC i Aluminis Solis<\/em> nos avala, y la confianza que han depositado en nosotros nuestros clientes, es nuestra mejor tarjeta de presentaci\u00f3n. Si est\u00e1s interesado en cualquiera de nuestros productos o servicios en reparaciones y repuestos, o puertas, ventanas, barandillas, rejas, escaleras met\u00e1licas, mosquiteras&#8230;, s\u00f3lo debes proporcionarnos tu n\u00famero de tel\u00e9fono, y nosotros mismos nos pondremos en <a href=\"https:\/\/pvcsolis.com\/es\/contacto\/\">contacto<\/a>, a fin de poner fin a los problemas que te molestan y que necesitan de la atenci\u00f3n de profesionales cualificados, para ofrecer una mejor opci\u00f3n en tu vivienda o negocio.[\/vc_column_text][\/vc_accordion_tab][\/vc_accordion][\/vc_column][\/vc_row]<\/p>\n","protected":false},"excerpt":{"rendered":"<p>[vc_row type=\u00bbvc_default\u00bb css=\u00bb.vc_custom_1474268037787{margin-bottom: -30px !important;padding-bottom: 30px !important;}\u00bb][vc_column offset=\u00bbvc_col-lg-12 vc_col-md-12 vc_col-xs-12&#8243;][vc_column_text css=\u00bb.vc_custom_1611649883013{padding-bottom: 60px !important;}\u00bb]Uno de los servicios por excelencia que cuidamos y ofrecemos a todos nuestros clientes de PVC i Aluminis Solis, es el de las reparaciones y repuestos. En el trabajo diario con materiales de todo tipo podemos encontrar m\u00faltiples inconvenientes que limiten, a corto&hellip;<\/p>\n","protected":false},"author":1,"featured_media":0,"parent":0,"menu_order":0,"comment_status":"closed","ping_status":"closed","template":"","meta":{"footnotes":""},"class_list":["post-2752","page","type-page","status-publish","hentry","description-off"],"yoast_head":"<!-- This site is optimized with the Yoast SEO plugin v26.8 - https:\/\/yoast.com\/product\/yoast-seo-wordpress\/ -->\n<title>Reparaciones y repuestos - PVC y Aluminios Manresa<\/title>\n<meta name=\"description\" content=\"Expertos en ventanas de PVC. Trabajos en aluminio. Reparaciones y repuestos en todos ellos. Pide tu presupuesto sin compromiso: 633.481.340.\" \/>\n<meta name=\"robots\" content=\"index, follow, max-snippet:-1, max-image-preview:large, max-video-preview:-1\" \/>\n<link rel=\"canonical\" href=\"https:\/\/pvcsolis.com\/es\/reparaciones-y-repuestos\/\" \/>\n<meta property=\"og:locale\" content=\"es_ES\" \/>\n<meta property=\"og:type\" content=\"article\" \/>\n<meta property=\"og:title\" content=\"Reparaciones y repuestos - PVC y Aluminios Manresa\" \/>\n<meta property=\"og:description\" content=\"Expertos en ventanas de PVC. Trabajos en aluminio. Reparaciones y repuestos en todos ellos. Pide tu presupuesto sin compromiso: 633.481.340.\" \/>\n<meta property=\"og:url\" content=\"https:\/\/pvcsolis.com\/es\/reparaciones-y-repuestos\/\" \/>\n<meta property=\"og:site_name\" content=\"PVC y Aluminios Manresa\" \/>\n<meta property=\"article:modified_time\" content=\"2021-01-26T08:36:00+00:00\" \/>\n<meta name=\"twitter:card\" content=\"summary_large_image\" \/>\n<meta name=\"twitter:label1\" content=\"Tiempo de lectura\" \/>\n\t<meta name=\"twitter:data1\" content=\"3 minutos\" \/>\n<script type=\"application\/ld+json\" class=\"yoast-schema-graph\">{\"@context\":\"https:\/\/schema.org\",\"@graph\":[{\"@type\":\"WebPage\",\"@id\":\"https:\/\/pvcsolis.com\/es\/reparaciones-y-repuestos\/\",\"url\":\"https:\/\/pvcsolis.com\/es\/reparaciones-y-repuestos\/\",\"name\":\"Reparaciones y repuestos - PVC y Aluminios Manresa\",\"isPartOf\":{\"@id\":\"https:\/\/pvcsolis.com\/es\/#website\"},\"datePublished\":\"2020-07-13T08:27:40+00:00\",\"dateModified\":\"2021-01-26T08:36:00+00:00\",\"description\":\"Expertos en ventanas de PVC. Trabajos en aluminio. Reparaciones y repuestos en todos ellos. Pide tu presupuesto sin compromiso: 633.481.340.\",\"breadcrumb\":{\"@id\":\"https:\/\/pvcsolis.com\/es\/reparaciones-y-repuestos\/#breadcrumb\"},\"inLanguage\":\"es\",\"potentialAction\":[{\"@type\":\"ReadAction\",\"target\":[\"https:\/\/pvcsolis.com\/es\/reparaciones-y-repuestos\/\"]}]},{\"@type\":\"BreadcrumbList\",\"@id\":\"https:\/\/pvcsolis.com\/es\/reparaciones-y-repuestos\/#breadcrumb\",\"itemListElement\":[{\"@type\":\"ListItem\",\"position\":1,\"name\":\"Portada\",\"item\":\"https:\/\/pvcsolis.com\/es\/\"},{\"@type\":\"ListItem\",\"position\":2,\"name\":\"Reparaciones y repuestos\"}]},{\"@type\":\"WebSite\",\"@id\":\"https:\/\/pvcsolis.com\/es\/#website\",\"url\":\"https:\/\/pvcsolis.com\/es\/\",\"name\":\"PVC y Aluminios Manresa\",\"description\":\"Instal\u00b7laci\u00f3 de PVC\",\"publisher\":{\"@id\":\"https:\/\/pvcsolis.com\/es\/#organization\"},\"potentialAction\":[{\"@type\":\"SearchAction\",\"target\":{\"@type\":\"EntryPoint\",\"urlTemplate\":\"https:\/\/pvcsolis.com\/es\/?s={search_term_string}\"},\"query-input\":{\"@type\":\"PropertyValueSpecification\",\"valueRequired\":true,\"valueName\":\"search_term_string\"}}],\"inLanguage\":\"es\"},{\"@type\":\"Organization\",\"@id\":\"https:\/\/pvcsolis.com\/es\/#organization\",\"name\":\"PVC y Aluminios Manresa\",\"url\":\"https:\/\/pvcsolis.com\/es\/\",\"logo\":{\"@type\":\"ImageObject\",\"inLanguage\":\"es\",\"@id\":\"https:\/\/pvcsolis.com\/es\/#\/schema\/logo\/image\/\",\"url\":\"https:\/\/pvcsolis.com\/wp-content\/uploads\/2020\/06\/pvc-y-aluminios-solis.png\",\"contentUrl\":\"https:\/\/pvcsolis.com\/wp-content\/uploads\/2020\/06\/pvc-y-aluminios-solis.png\",\"width\":70,\"height\":70,\"caption\":\"PVC y Aluminios Manresa\"},\"image\":{\"@id\":\"https:\/\/pvcsolis.com\/es\/#\/schema\/logo\/image\/\"}}]}<\/script>\n<!-- \/ Yoast SEO plugin. -->","yoast_head_json":{"title":"Reparaciones y repuestos - PVC y Aluminios Manresa","description":"Expertos en ventanas de PVC. Trabajos en aluminio. Reparaciones y repuestos en todos ellos. Pide tu presupuesto sin compromiso: 633.481.340.","robots":{"index":"index","follow":"follow","max-snippet":"max-snippet:-1","max-image-preview":"max-image-preview:large","max-video-preview":"max-video-preview:-1"},"canonical":"https:\/\/pvcsolis.com\/es\/reparaciones-y-repuestos\/","og_locale":"es_ES","og_type":"article","og_title":"Reparaciones y repuestos - PVC y Aluminios Manresa","og_description":"Expertos en ventanas de PVC. Trabajos en aluminio. Reparaciones y repuestos en todos ellos. Pide tu presupuesto sin compromiso: 633.481.340.","og_url":"https:\/\/pvcsolis.com\/es\/reparaciones-y-repuestos\/","og_site_name":"PVC y Aluminios Manresa","article_modified_time":"2021-01-26T08:36:00+00:00","twitter_card":"summary_large_image","twitter_misc":{"Tiempo de lectura":"3 minutos"},"schema":{"@context":"https:\/\/schema.org","@graph":[{"@type":"WebPage","@id":"https:\/\/pvcsolis.com\/es\/reparaciones-y-repuestos\/","url":"https:\/\/pvcsolis.com\/es\/reparaciones-y-repuestos\/","name":"Reparaciones y repuestos - PVC y Aluminios Manresa","isPartOf":{"@id":"https:\/\/pvcsolis.com\/es\/#website"},"datePublished":"2020-07-13T08:27:40+00:00","dateModified":"2021-01-26T08:36:00+00:00","description":"Expertos en ventanas de PVC. Trabajos en aluminio. Reparaciones y repuestos en todos ellos. Pide tu presupuesto sin compromiso: 633.481.340.","breadcrumb":{"@id":"https:\/\/pvcsolis.com\/es\/reparaciones-y-repuestos\/#breadcrumb"},"inLanguage":"es","potentialAction":[{"@type":"ReadAction","target":["https:\/\/pvcsolis.com\/es\/reparaciones-y-repuestos\/"]}]},{"@type":"BreadcrumbList","@id":"https:\/\/pvcsolis.com\/es\/reparaciones-y-repuestos\/#breadcrumb","itemListElement":[{"@type":"ListItem","position":1,"name":"Portada","item":"https:\/\/pvcsolis.com\/es\/"},{"@type":"ListItem","position":2,"name":"Reparaciones y repuestos"}]},{"@type":"WebSite","@id":"https:\/\/pvcsolis.com\/es\/#website","url":"https:\/\/pvcsolis.com\/es\/","name":"PVC y Aluminios Manresa","description":"Instal\u00b7laci\u00f3 de PVC","publisher":{"@id":"https:\/\/pvcsolis.com\/es\/#organization"},"potentialAction":[{"@type":"SearchAction","target":{"@type":"EntryPoint","urlTemplate":"https:\/\/pvcsolis.com\/es\/?s={search_term_string}"},"query-input":{"@type":"PropertyValueSpecification","valueRequired":true,"valueName":"search_term_string"}}],"inLanguage":"es"},{"@type":"Organization","@id":"https:\/\/pvcsolis.com\/es\/#organization","name":"PVC y Aluminios Manresa","url":"https:\/\/pvcsolis.com\/es\/","logo":{"@type":"ImageObject","inLanguage":"es","@id":"https:\/\/pvcsolis.com\/es\/#\/schema\/logo\/image\/","url":"https:\/\/pvcsolis.com\/wp-content\/uploads\/2020\/06\/pvc-y-aluminios-solis.png","contentUrl":"https:\/\/pvcsolis.com\/wp-content\/uploads\/2020\/06\/pvc-y-aluminios-solis.png","width":70,"height":70,"caption":"PVC y Aluminios Manresa"},"image":{"@id":"https:\/\/pvcsolis.com\/es\/#\/schema\/logo\/image\/"}}]}},"_links":{"self":[{"href":"https:\/\/pvcsolis.com\/es\/wp-json\/wp\/v2\/pages\/2752","targetHints":{"allow":["GET"]}}],"collection":[{"href":"https:\/\/pvcsolis.com\/es\/wp-json\/wp\/v2\/pages"}],"about":[{"href":"https:\/\/pvcsolis.com\/es\/wp-json\/wp\/v2\/types\/page"}],"author":[{"embeddable":true,"href":"https:\/\/pvcsolis.com\/es\/wp-json\/wp\/v2\/users\/1"}],"replies":[{"embeddable":true,"href":"https:\/\/pvcsolis.com\/es\/wp-json\/wp\/v2\/comments?post=2752"}],"version-history":[{"count":0,"href":"https:\/\/pvcsolis.com\/es\/wp-json\/wp\/v2\/pages\/2752\/revisions"}],"wp:attachment":[{"href":"https:\/\/pvcsolis.com\/es\/wp-json\/wp\/v2\/media?parent=2752"}],"curies":[{"name":"wp","href":"https:\/\/api.w.org\/{rel}","templated":true}]}}