{"id":2748,"date":"2020-07-13T08:09:19","date_gmt":"2020-07-13T08:09:19","guid":{"rendered":"https:\/\/pvcsolis.com\/escales-metal%c2%b7liques\/"},"modified":"2021-01-26T08:27:21","modified_gmt":"2021-01-26T08:27:21","slug":"escaleras-metalicas","status":"publish","type":"page","link":"https:\/\/pvcsolis.com\/es\/escaleras-metalicas\/","title":{"rendered":"Escaleras met\u00e1licas"},"content":{"rendered":"<p>[vc_row type=\u00bbvc_default\u00bb css=\u00bb.vc_custom_1474268037787{margin-bottom: -30px !important;padding-bottom: 30px !important;}\u00bb][vc_column offset=\u00bbvc_col-lg-12 vc_col-md-12 vc_col-xs-12&#8243;]<style type=\"text\/css\" data-type=\"the7_shortcodes-inline-css\">.shortcode-single-image-wrap.shortcode-single-image-15a8e1d79698f70d8486041b2f1c3d88.enable-bg-rollover .rollover i,\n.shortcode-single-image-wrap.shortcode-single-image-15a8e1d79698f70d8486041b2f1c3d88.enable-bg-rollover .rollover-video i {\n  background: -webkit-linear-gradient();\n  background: linear-gradient();\n}\n.shortcode-single-image-wrap.shortcode-single-image-15a8e1d79698f70d8486041b2f1c3d88 .rollover-icon {\n  font-size: 32px;\n  color: #ffffff;\n  min-width: 44px;\n  min-height: 44px;\n  line-height: 44px;\n  border-radius: 100px;\n  border-style: solid;\n  border-width: 0px;\n}\n.dt-icon-bg-on.shortcode-single-image-wrap.shortcode-single-image-15a8e1d79698f70d8486041b2f1c3d88 .rollover-icon {\n  background: rgba(255,255,255,0.3);\n  box-shadow: none;\n}<\/style><div class=\"shortcode-single-image-wrap shortcode-single-image-15a8e1d79698f70d8486041b2f1c3d88 alignnone  vc_custom_1594627454276 enable-bg-rollover dt-icon-bg-off\" ><div class=\"shortcode-single-image\"><div class=\"fancy-media-wrap\" style=\"\"><img fetchpriority=\"high\" decoding=\"async\" class=\"preload-me aspect\" src=\"https:\/\/pvcsolis.com\/wp-content\/uploads\/2020\/07\/escales-metaliques-scaled-1000x500.jpg\" srcset=\"https:\/\/pvcsolis.com\/wp-content\/uploads\/2020\/07\/escales-metaliques-scaled-1000x500.jpg 1000w, https:\/\/pvcsolis.com\/wp-content\/uploads\/2020\/07\/escales-metaliques-scaled-1919x959.jpg 1919w\" sizes=\"(max-width: 1000px) 100vw, 1000px\" width=\"1000\" height=\"500\"  data-dt-location=\"https:\/\/pvcsolis.com\/es\/escales-metal%c2%b7liques\/interior-with-large-window-3d-illustration\/\" style=\"--ratio: 1000 \/ 500;\" alt=\"\" \/><\/div><\/div><\/div><div id=\"ultimate-heading-482269d0f8418438b\" class=\"uvc-heading ult-adjust-bottom-margin ultimate-heading-482269d0f8418438b uvc-2006 accent-border-color\" data-hspacer=\"line_only\"  data-halign=\"left\" style=\"text-align:left\"><div class=\"uvc-main-heading ult-responsive\"  data-ultimate-target='.uvc-heading.ultimate-heading-482269d0f8418438b h2'  data-responsive-json-new='{\"font-size\":\"desktop:26px;\",\"line-height\":\"desktop:36px;\"}' ><h2 style=\"font-weight:bold;\">Escaleras met\u00e1licas<\/h2><\/div><div class=\"uvc-heading-spacer line_only\" style=\"margin-top:15px;margin-bottom:30px;height:4px;\"><span class=\"uvc-headings-line\" style=\"border-style:solid;border-bottom-width:4px;border-color:;width:50px;\"><\/span><\/div><\/div>[vc_column_text css=\u00bb.vc_custom_1611649438547{padding-bottom: 60px !important;}\u00bb]Toda escalera, adem\u00e1s de cumplir con una funci\u00f3n que es la de permitirnos desplazarnos de un piso a otro a diferente altura o nivel, tiene otra funcionalidad, y es que consigue llenar una estancia de clase y distinci\u00f3n, sobre todo si sabemos combinar los elementos que deben acompa\u00f1arla para darle ese toque est\u00e9tico. Las escaleras pueden, por s\u00ed solas, ser un elemento decorativo incomparable a cualquier otro elemento en decoraci\u00f3n, s\u00f3lo hay que saber hacer un estudio previo para observar el tipo de escalera que se adapta a nuestras necesidades y a las del espacio, para conseguir que \u00e9sta sea funcional y armoniosa.<\/p>\n<p>En <em>PVC i Aluminis Solis<\/em>, somos profesionales en la fabricaci\u00f3n e instalaci\u00f3n de todo tipo de escaleras met\u00e1licas.<\/p>\n<p>Escaleras met\u00e1licas en hierro o acero inoxidable, combinadas con pelda\u00f1os met\u00e1licos de diferentes modelos, o jugando con otros materiales para crear sinergias sorprendentes, innovadoras y diferentes: pelda\u00f1os de madera, de aluminio, de m\u00e1rmol, de piedra artificial&#8230; las posibilidades son infinitas, vosotros escog\u00e9is las que se adaptan mejor a vuestros gustos y vuestras necesidades.[\/vc_column_text][\/vc_column][\/vc_row][vc_row][vc_column width=\u00bb1\/4&#8243;][vc_single_image image=\u00bb1952&#8243; img_size=\u00bbfull\u00bb alignment=\u00bbcenter\u00bb][\/vc_column][vc_column width=\u00bb1\/4&#8243;][vc_single_image image=\u00bb1950&#8243; img_size=\u00bbfull\u00bb alignment=\u00bbcenter\u00bb][\/vc_column][vc_column width=\u00bb1\/4&#8243;][vc_single_image image=\u00bb1951&#8243; img_size=\u00bbfull\u00bb alignment=\u00bbcenter\u00bb][\/vc_column][vc_column width=\u00bb1\/4&#8243;][vc_single_image image=\u00bb1949&#8243; img_size=\u00bbfull\u00bb alignment=\u00bbcenter\u00bb][\/vc_column][\/vc_row][vc_row][vc_column][vc_empty_space height=\u00bb45px\u00bb]<div id=\"ultimate-heading-125069d0f841843ed\" class=\"uvc-heading ult-adjust-bottom-margin ultimate-heading-125069d0f841843ed uvc-8882 accent-border-color\" data-hspacer=\"line_only\"  data-halign=\"left\" style=\"text-align:left\"><div class=\"uvc-main-heading ult-responsive\"  data-ultimate-target='.uvc-heading.ultimate-heading-125069d0f841843ed h2'  data-responsive-json-new='{\"font-size\":\"desktop:26px;\",\"line-height\":\"desktop:36px;\"}' ><h2 style=\"font-weight:bold;\">En vuestras escaleras met\u00e1licas velamos por...<\/h2><\/div><div class=\"uvc-heading-spacer line_only\" style=\"margin-top:15px;margin-bottom:40px;height:4px;\"><span class=\"uvc-headings-line\" style=\"border-style:solid;border-bottom-width:4px;border-color:;width:50px;\"><\/span><\/div><\/div>[vc_accordion active_tab=\u00bbfalse\u00bb style=\u00bb2&#8243;][vc_accordion_tab title=\u00bbConfianza\u00bb][vc_column_text css=\u00bb.vc_custom_1611649475043{background-color: #ffffff !important;}\u00bb]Si necesitas de una empresa de confianza para establecer tus escaleras met\u00e1licas, no lo dudes m\u00e1s y ponte en contacto con <em>PVC i Aluminis Solis<\/em>.[\/vc_column_text][\/vc_accordion_tab][vc_accordion_tab title=\u00bbAsesoramiento profesional\u00bb][vc_column_text css=\u00bb.vc_custom_1611649499802{background-color: #ffffff !important;}\u00bb]En <em>PVC i Aluminis Solis <\/em>sabemos de la importancia de encontrar personas que sepan ayudarnos en la dif\u00edcil tarea de encontrar lo que buscamos. Es por ello, que nuestros profesionales en escaleras met\u00e1licas velar\u00e1n para asesoraros desde el primer momento y ofreceros los mejores materiales y productos de calidad para que disfrut\u00e9is de vuestras escaleras met\u00e1licas deseadas.[\/vc_column_text][\/vc_accordion_tab][vc_accordion_tab title=\u00bbUn servicio de calidad\u00bb][vc_column_text css=\u00bb.vc_custom_1611649538041{background-color: #ffffff !important;}\u00bb]Para cualquier duda o informaci\u00f3n que necesit\u00e9is sobre vuestras escaleras met\u00e1licas, dejadnos el tel\u00e9fono de <a href=\"https:\/\/pvcsolis.com\/es\/contacto\/\">contacto<\/a> y reservaremos un d\u00eda de visita para que nuestro departamento t\u00e9cnico pueda asesoraros y juntos crear el mejor dise\u00f1o en escaleras met\u00e1licas para vuestro espacio.<\/p>\n<p><em>PVC i Aluminis Solis<\/em>, asesoramiento y presupuesto sin ning\u00fan tipo de compromiso, con total confianza y profesionalidad.[\/vc_column_text][\/vc_accordion_tab][\/vc_accordion][\/vc_column][\/vc_row]<\/p>\n","protected":false},"excerpt":{"rendered":"<p>[vc_row type=\u00bbvc_default\u00bb css=\u00bb.vc_custom_1474268037787{margin-bottom: -30px !important;padding-bottom: 30px !important;}\u00bb][vc_column offset=\u00bbvc_col-lg-12 vc_col-md-12 vc_col-xs-12&#8243;][vc_column_text css=\u00bb.vc_custom_1611649438547{padding-bottom: 60px !important;}\u00bb]Toda escalera, adem\u00e1s de cumplir con una funci\u00f3n que es la de permitirnos desplazarnos de un piso a otro a diferente altura o nivel, tiene otra funcionalidad, y es que consigue llenar una estancia de clase y distinci\u00f3n, sobre todo si sabemos combinar&hellip;<\/p>\n","protected":false},"author":1,"featured_media":0,"parent":0,"menu_order":0,"comment_status":"closed","ping_status":"closed","template":"","meta":{"footnotes":""},"class_list":["post-2748","page","type-page","status-publish","hentry","description-off"],"yoast_head":"<!-- This site is optimized with the Yoast SEO plugin v26.8 - https:\/\/yoast.com\/product\/yoast-seo-wordpress\/ -->\n<title>Escaleras met\u00e1licas - PVC y Aluminios Manresa<\/title>\n<meta name=\"description\" content=\"Especialistas en ventanas de PVC. Trabajos en aluminio. Servicio de escaleras met\u00e1licas... Pide tu presupuesto sin compromiso: 633481340.\" \/>\n<meta name=\"robots\" content=\"index, follow, max-snippet:-1, max-image-preview:large, max-video-preview:-1\" \/>\n<link rel=\"canonical\" href=\"https:\/\/pvcsolis.com\/es\/escaleras-metalicas\/\" \/>\n<meta property=\"og:locale\" content=\"es_ES\" \/>\n<meta property=\"og:type\" content=\"article\" \/>\n<meta property=\"og:title\" content=\"Escaleras met\u00e1licas - PVC y Aluminios Manresa\" \/>\n<meta property=\"og:description\" content=\"Especialistas en ventanas de PVC. Trabajos en aluminio. Servicio de escaleras met\u00e1licas... Pide tu presupuesto sin compromiso: 633481340.\" \/>\n<meta property=\"og:url\" content=\"https:\/\/pvcsolis.com\/es\/escaleras-metalicas\/\" \/>\n<meta property=\"og:site_name\" content=\"PVC y Aluminios Manresa\" \/>\n<meta property=\"article:modified_time\" content=\"2021-01-26T08:27:21+00:00\" \/>\n<meta name=\"twitter:card\" content=\"summary_large_image\" \/>\n<meta name=\"twitter:label1\" content=\"Tiempo de lectura\" \/>\n\t<meta name=\"twitter:data1\" content=\"2 minutos\" \/>\n<script type=\"application\/ld+json\" class=\"yoast-schema-graph\">{\"@context\":\"https:\/\/schema.org\",\"@graph\":[{\"@type\":\"WebPage\",\"@id\":\"https:\/\/pvcsolis.com\/es\/escaleras-metalicas\/\",\"url\":\"https:\/\/pvcsolis.com\/es\/escaleras-metalicas\/\",\"name\":\"Escaleras met\u00e1licas - PVC y Aluminios Manresa\",\"isPartOf\":{\"@id\":\"https:\/\/pvcsolis.com\/es\/#website\"},\"datePublished\":\"2020-07-13T08:09:19+00:00\",\"dateModified\":\"2021-01-26T08:27:21+00:00\",\"description\":\"Especialistas en ventanas de PVC. Trabajos en aluminio. Servicio de escaleras met\u00e1licas... Pide tu presupuesto sin compromiso: 633481340.\",\"breadcrumb\":{\"@id\":\"https:\/\/pvcsolis.com\/es\/escaleras-metalicas\/#breadcrumb\"},\"inLanguage\":\"es\",\"potentialAction\":[{\"@type\":\"ReadAction\",\"target\":[\"https:\/\/pvcsolis.com\/es\/escaleras-metalicas\/\"]}]},{\"@type\":\"BreadcrumbList\",\"@id\":\"https:\/\/pvcsolis.com\/es\/escaleras-metalicas\/#breadcrumb\",\"itemListElement\":[{\"@type\":\"ListItem\",\"position\":1,\"name\":\"Portada\",\"item\":\"https:\/\/pvcsolis.com\/es\/\"},{\"@type\":\"ListItem\",\"position\":2,\"name\":\"Escaleras met\u00e1licas\"}]},{\"@type\":\"WebSite\",\"@id\":\"https:\/\/pvcsolis.com\/es\/#website\",\"url\":\"https:\/\/pvcsolis.com\/es\/\",\"name\":\"PVC y Aluminios Manresa\",\"description\":\"Instal\u00b7laci\u00f3 de PVC\",\"publisher\":{\"@id\":\"https:\/\/pvcsolis.com\/es\/#organization\"},\"potentialAction\":[{\"@type\":\"SearchAction\",\"target\":{\"@type\":\"EntryPoint\",\"urlTemplate\":\"https:\/\/pvcsolis.com\/es\/?s={search_term_string}\"},\"query-input\":{\"@type\":\"PropertyValueSpecification\",\"valueRequired\":true,\"valueName\":\"search_term_string\"}}],\"inLanguage\":\"es\"},{\"@type\":\"Organization\",\"@id\":\"https:\/\/pvcsolis.com\/es\/#organization\",\"name\":\"PVC y Aluminios Manresa\",\"url\":\"https:\/\/pvcsolis.com\/es\/\",\"logo\":{\"@type\":\"ImageObject\",\"inLanguage\":\"es\",\"@id\":\"https:\/\/pvcsolis.com\/es\/#\/schema\/logo\/image\/\",\"url\":\"https:\/\/pvcsolis.com\/wp-content\/uploads\/2020\/06\/pvc-y-aluminios-solis.png\",\"contentUrl\":\"https:\/\/pvcsolis.com\/wp-content\/uploads\/2020\/06\/pvc-y-aluminios-solis.png\",\"width\":70,\"height\":70,\"caption\":\"PVC y Aluminios Manresa\"},\"image\":{\"@id\":\"https:\/\/pvcsolis.com\/es\/#\/schema\/logo\/image\/\"}}]}<\/script>\n<!-- \/ Yoast SEO plugin. -->","yoast_head_json":{"title":"Escaleras met\u00e1licas - PVC y Aluminios Manresa","description":"Especialistas en ventanas de PVC. Trabajos en aluminio. Servicio de escaleras met\u00e1licas... Pide tu presupuesto sin compromiso: 633481340.","robots":{"index":"index","follow":"follow","max-snippet":"max-snippet:-1","max-image-preview":"max-image-preview:large","max-video-preview":"max-video-preview:-1"},"canonical":"https:\/\/pvcsolis.com\/es\/escaleras-metalicas\/","og_locale":"es_ES","og_type":"article","og_title":"Escaleras met\u00e1licas - PVC y Aluminios Manresa","og_description":"Especialistas en ventanas de PVC. Trabajos en aluminio. Servicio de escaleras met\u00e1licas... Pide tu presupuesto sin compromiso: 633481340.","og_url":"https:\/\/pvcsolis.com\/es\/escaleras-metalicas\/","og_site_name":"PVC y Aluminios Manresa","article_modified_time":"2021-01-26T08:27:21+00:00","twitter_card":"summary_large_image","twitter_misc":{"Tiempo de lectura":"2 minutos"},"schema":{"@context":"https:\/\/schema.org","@graph":[{"@type":"WebPage","@id":"https:\/\/pvcsolis.com\/es\/escaleras-metalicas\/","url":"https:\/\/pvcsolis.com\/es\/escaleras-metalicas\/","name":"Escaleras met\u00e1licas - PVC y Aluminios Manresa","isPartOf":{"@id":"https:\/\/pvcsolis.com\/es\/#website"},"datePublished":"2020-07-13T08:09:19+00:00","dateModified":"2021-01-26T08:27:21+00:00","description":"Especialistas en ventanas de PVC. Trabajos en aluminio. Servicio de escaleras met\u00e1licas... Pide tu presupuesto sin compromiso: 633481340.","breadcrumb":{"@id":"https:\/\/pvcsolis.com\/es\/escaleras-metalicas\/#breadcrumb"},"inLanguage":"es","potentialAction":[{"@type":"ReadAction","target":["https:\/\/pvcsolis.com\/es\/escaleras-metalicas\/"]}]},{"@type":"BreadcrumbList","@id":"https:\/\/pvcsolis.com\/es\/escaleras-metalicas\/#breadcrumb","itemListElement":[{"@type":"ListItem","position":1,"name":"Portada","item":"https:\/\/pvcsolis.com\/es\/"},{"@type":"ListItem","position":2,"name":"Escaleras met\u00e1licas"}]},{"@type":"WebSite","@id":"https:\/\/pvcsolis.com\/es\/#website","url":"https:\/\/pvcsolis.com\/es\/","name":"PVC y Aluminios Manresa","description":"Instal\u00b7laci\u00f3 de PVC","publisher":{"@id":"https:\/\/pvcsolis.com\/es\/#organization"},"potentialAction":[{"@type":"SearchAction","target":{"@type":"EntryPoint","urlTemplate":"https:\/\/pvcsolis.com\/es\/?s={search_term_string}"},"query-input":{"@type":"PropertyValueSpecification","valueRequired":true,"valueName":"search_term_string"}}],"inLanguage":"es"},{"@type":"Organization","@id":"https:\/\/pvcsolis.com\/es\/#organization","name":"PVC y Aluminios Manresa","url":"https:\/\/pvcsolis.com\/es\/","logo":{"@type":"ImageObject","inLanguage":"es","@id":"https:\/\/pvcsolis.com\/es\/#\/schema\/logo\/image\/","url":"https:\/\/pvcsolis.com\/wp-content\/uploads\/2020\/06\/pvc-y-aluminios-solis.png","contentUrl":"https:\/\/pvcsolis.com\/wp-content\/uploads\/2020\/06\/pvc-y-aluminios-solis.png","width":70,"height":70,"caption":"PVC y Aluminios Manresa"},"image":{"@id":"https:\/\/pvcsolis.com\/es\/#\/schema\/logo\/image\/"}}]}},"_links":{"self":[{"href":"https:\/\/pvcsolis.com\/es\/wp-json\/wp\/v2\/pages\/2748","targetHints":{"allow":["GET"]}}],"collection":[{"href":"https:\/\/pvcsolis.com\/es\/wp-json\/wp\/v2\/pages"}],"about":[{"href":"https:\/\/pvcsolis.com\/es\/wp-json\/wp\/v2\/types\/page"}],"author":[{"embeddable":true,"href":"https:\/\/pvcsolis.com\/es\/wp-json\/wp\/v2\/users\/1"}],"replies":[{"embeddable":true,"href":"https:\/\/pvcsolis.com\/es\/wp-json\/wp\/v2\/comments?post=2748"}],"version-history":[{"count":0,"href":"https:\/\/pvcsolis.com\/es\/wp-json\/wp\/v2\/pages\/2748\/revisions"}],"wp:attachment":[{"href":"https:\/\/pvcsolis.com\/es\/wp-json\/wp\/v2\/media?parent=2748"}],"curies":[{"name":"wp","href":"https:\/\/api.w.org\/{rel}","templated":true}]}}