{"id":2743,"date":"2020-07-08T15:07:47","date_gmt":"2020-07-08T15:07:47","guid":{"rendered":"https:\/\/pvcsolis.com\/portes-de-garatge\/"},"modified":"2021-01-26T08:22:06","modified_gmt":"2021-01-26T08:22:06","slug":"puertas-de-garaje","status":"publish","type":"page","link":"https:\/\/pvcsolis.com\/es\/puertas-de-garaje\/","title":{"rendered":"Puertas de garaje"},"content":{"rendered":"<p>[vc_row type=\u00bbvc_default\u00bb css=\u00bb.vc_custom_1474268037787{margin-bottom: -30px !important;padding-bottom: 30px !important;}\u00bb][vc_column offset=\u00bbvc_col-lg-12 vc_col-md-12 vc_col-xs-12&#8243;]<style type=\"text\/css\" data-type=\"the7_shortcodes-inline-css\">.shortcode-single-image-wrap.shortcode-single-image-eb10f0cea52b88b7174c491499b38580.enable-bg-rollover .rollover i,\n.shortcode-single-image-wrap.shortcode-single-image-eb10f0cea52b88b7174c491499b38580.enable-bg-rollover .rollover-video i {\n  background: -webkit-linear-gradient();\n  background: linear-gradient();\n}\n.shortcode-single-image-wrap.shortcode-single-image-eb10f0cea52b88b7174c491499b38580 .rollover-icon {\n  font-size: 32px;\n  color: #ffffff;\n  min-width: 44px;\n  min-height: 44px;\n  line-height: 44px;\n  border-radius: 100px;\n  border-style: solid;\n  border-width: 0px;\n}\n.dt-icon-bg-on.shortcode-single-image-wrap.shortcode-single-image-eb10f0cea52b88b7174c491499b38580 .rollover-icon {\n  background: rgba(255,255,255,0.3);\n  box-shadow: none;\n}<\/style><div class=\"shortcode-single-image-wrap shortcode-single-image-eb10f0cea52b88b7174c491499b38580 alignnone  vc_custom_1594220520589 enable-bg-rollover dt-icon-bg-off\" ><div class=\"shortcode-single-image\"><div class=\"fancy-media-wrap\" style=\"\"><img fetchpriority=\"high\" decoding=\"async\" class=\"preload-me aspect\" src=\"https:\/\/pvcsolis.com\/wp-content\/uploads\/2020\/07\/portes-garatge-1000x500.jpg\" srcset=\"https:\/\/pvcsolis.com\/wp-content\/uploads\/2020\/07\/portes-garatge-1000x500.jpg 1000w, https:\/\/pvcsolis.com\/wp-content\/uploads\/2020\/07\/portes-garatge-1254x627.jpg 1254w\" sizes=\"(max-width: 1000px) 100vw, 1000px\" width=\"1000\" height=\"500\"  data-dt-location=\"https:\/\/pvcsolis.com\/es\/portes-de-garatge\/portes-garatge\/\" style=\"--ratio: 1000 \/ 500;\" alt=\"\" \/><\/div><\/div><\/div><div id=\"ultimate-heading-218569ed5a1af275d\" class=\"uvc-heading ult-adjust-bottom-margin ultimate-heading-218569ed5a1af275d uvc-4010 accent-border-color\" data-hspacer=\"line_only\"  data-halign=\"left\" style=\"text-align:left\"><div class=\"uvc-main-heading ult-responsive\"  data-ultimate-target='.uvc-heading.ultimate-heading-218569ed5a1af275d h2'  data-responsive-json-new='{\"font-size\":\"desktop:26px;\",\"line-height\":\"desktop:36px;\"}' ><h2 style=\"font-weight:bold;\">Puertas de garaje<\/h2><\/div><div class=\"uvc-heading-spacer line_only\" style=\"margin-top:15px;margin-bottom:30px;height:4px;\"><span class=\"uvc-headings-line\" style=\"border-style:solid;border-bottom-width:4px;border-color:;width:50px;\"><\/span><\/div><\/div>[vc_column_text css=\u00bb.vc_custom_1611649097028{padding-bottom: 60px !important;}\u00bb]\u00bfCansado de tener que salir del coche y hacer un sobreesfuerzo, m\u00e1s que molesto, cada vez que tienes que subir la puerta del garaje? \u00bfMolestias, dolores de espalda, malas posiciones que repercuten al d\u00eda siguiente en tu salud f\u00edsica? Si tu respuesta a todas estas preguntas es s\u00ed, y quieres empezar a mejorar esta situaci\u00f3n y resolverla de una vez, no esperes m\u00e1s.<\/p>\n<p>En <a href=\"https:\/\/pvcsolis.com\/es\/\"><em>PVC i Aluminis Solis<\/em><\/a>, empresa experimentada en multiplicidad de servicios relacionados con la carpinter\u00eda met\u00e1lica, situada en el coraz\u00f3n de Catalu\u00f1a, Manresa; somos especialistas en la instalaci\u00f3n de puertas de garaje de cualquier tipo: basculantes, seccionales, enrollables, practicantes&#8230; Con la instalaci\u00f3n de puertas de garaje de este tipo, simples y pr\u00e1cticas, te ofrecemos la mejor soluci\u00f3n para tu hogar, finca o empresa, para que dejes de sufrir por todas estas molestias que supone actualmente tu puerta de garaje.<\/p>\n<p>Con todas las ventajas para la comodidad que ofrece disponer de puertas de garaje con todas las facilidades, manteniendo siempre las m\u00e1ximas garant\u00edas de calidad y seguridad vigentes para tu completa tranquilidad; desde <em>PVC i Aluminis Solis<\/em> te garantizamos un servicio diligente y profesional, de la mano de nuestro equipo especializado en la instalaci\u00f3n de puertas de garaje (basculantes, seccionales, enrollables, practicantes&#8230;).<\/p>\n<p>Tambi\u00e9n te puede interesar nuestro servicio de <a href=\"https:\/\/pvcsolis.com\/es\/motorizacion\/\">motorizaci\u00f3n<\/a> para puertas de garaje.[\/vc_column_text][\/vc_column][\/vc_row][vc_row][vc_column][vc_single_image image=\u00bb1932&#8243; img_size=\u00bbfull\u00bb alignment=\u00bbcenter\u00bb][vc_empty_space][vc_single_image image=\u00bb1934&#8243; img_size=\u00bbfull\u00bb alignment=\u00bbcenter\u00bb][\/vc_column][\/vc_row][vc_row][vc_column][vc_empty_space height=\u00bb45px\u00bb]<div id=\"ultimate-heading-278069ed5a1af27b9\" class=\"uvc-heading ult-adjust-bottom-margin ultimate-heading-278069ed5a1af27b9 uvc-9143 accent-border-color\" data-hspacer=\"line_only\"  data-halign=\"left\" style=\"text-align:left\"><div class=\"uvc-main-heading ult-responsive\"  data-ultimate-target='.uvc-heading.ultimate-heading-278069ed5a1af27b9 h2'  data-responsive-json-new='{\"font-size\":\"desktop:26px;\",\"line-height\":\"desktop:36px;\"}' ><h2 style=\"font-weight:bold;\">En vuestras puertas de garaje velamos por...<\/h2><\/div><div class=\"uvc-heading-spacer line_only\" style=\"margin-top:15px;margin-bottom:40px;height:4px;\"><span class=\"uvc-headings-line\" style=\"border-style:solid;border-bottom-width:4px;border-color:;width:50px;\"><\/span><\/div><\/div>[vc_accordion active_tab=\u00bbfalse\u00bb style=\u00bb2&#8243;][vc_accordion_tab title=\u00bbSoluciones a medida\u00bb][vc_column_text css=\u00bb.vc_custom_1611649135386{background-color: #ffffff !important;}\u00bb]Nos adaptamos a las necesidades de cada cliente. Por eso, si adem\u00e1s de instalar una nueva puerta para tu garaje, necesitas simplemente, adaptarla a los tiempos actuales y mejorar esta calidad de vida, mermada por los esfuerzos de levantarla a diario, y ganar a\u00fan m\u00e1s comodidad, te ofrecemos la posibilidad de contar con nuestro servicio en motorizaci\u00f3n de puertas de garaje.[\/vc_column_text][\/vc_accordion_tab][vc_accordion_tab title=\u00bbEl proyecto ideal, al mejor precio\u00bb][vc_column_text css=\u00bb.vc_custom_1611649162850{background-color: #ffffff !important;}\u00bb]Realizando el correspondiente estudio previo, respondiendo a las necesidades que mejor se adapten a tu garaje, encontraremos la puerta de garaje adecuada a tu caso, al precio m\u00e1s econ\u00f3mico posible. Automatizar tu puerta de garaje te lo ofrecer\u00e1 todo, en un simple gesto. Cons\u00faltanos y desarrollaremos el proyecto ideal para tu garaje, a la medida, y adaptado a tus necesidades, con la instalaci\u00f3n de tu puerta de garaje al mejor precio.[\/vc_column_text][\/vc_accordion_tab][vc_accordion_tab title=\u00bbDedicaci\u00f3n con resultados\u00bb][vc_column_text css=\u00bb.vc_custom_1611649207835{background-color: #ffffff !important;}\u00bb]Porque en <em>PVC i Aluminis Solis<\/em> creemos que, sobre todo, es el cliente quien merece toda la atenci\u00f3n y dedicaci\u00f3n, con el mejor servicio. Si ya te has decidido y deseas hacer este cambio en tu calidad de vida, disfrutando de tener una puerta de garaje (basculante, seccional, enrollable, practicante&#8230;), completamente nueva y motorizada, ponte en <a href=\"https:\/\/pvcsolis.com\/es\/contacto\/\">contacto<\/a> con nosotros. Elaboraremos el presupuesto sin ning\u00fan tipo de compromiso para que disfrutes de la puerta de garaje de tus sue\u00f1os.[\/vc_column_text][\/vc_accordion_tab][\/vc_accordion][\/vc_column][\/vc_row]<\/p>\n","protected":false},"excerpt":{"rendered":"<p>[vc_row type=\u00bbvc_default\u00bb css=\u00bb.vc_custom_1474268037787{margin-bottom: -30px !important;padding-bottom: 30px !important;}\u00bb][vc_column offset=\u00bbvc_col-lg-12 vc_col-md-12 vc_col-xs-12&#8243;][vc_column_text css=\u00bb.vc_custom_1611649097028{padding-bottom: 60px !important;}\u00bb]\u00bfCansado de tener que salir del coche y hacer un sobreesfuerzo, m\u00e1s que molesto, cada vez que tienes que subir la puerta del garaje? \u00bfMolestias, dolores de espalda, malas posiciones que repercuten al d\u00eda siguiente en tu salud f\u00edsica? Si tu respuesta a&hellip;<\/p>\n","protected":false},"author":1,"featured_media":0,"parent":0,"menu_order":0,"comment_status":"closed","ping_status":"closed","template":"","meta":{"footnotes":""},"class_list":["post-2743","page","type-page","status-publish","hentry","description-off"],"yoast_head":"<!-- This site is optimized with the Yoast SEO plugin v26.8 - https:\/\/yoast.com\/product\/yoast-seo-wordpress\/ -->\n<title>Puertas de garaje - PVC y Aluminios Manresa<\/title>\n<meta name=\"description\" content=\"Especialistas en ventanas de PVC. Trabajos en aluminio. Servicio de puertas de garaje, rejas... Pide tu presupuesto sin compromiso: 633481340\" \/>\n<meta name=\"robots\" content=\"index, follow, max-snippet:-1, max-image-preview:large, max-video-preview:-1\" \/>\n<link rel=\"canonical\" href=\"https:\/\/pvcsolis.com\/es\/puertas-de-garaje\/\" \/>\n<meta property=\"og:locale\" content=\"es_ES\" \/>\n<meta property=\"og:type\" content=\"article\" \/>\n<meta property=\"og:title\" content=\"Puertas de garaje - PVC y Aluminios Manresa\" \/>\n<meta property=\"og:description\" content=\"Especialistas en ventanas de PVC. Trabajos en aluminio. Servicio de puertas de garaje, rejas... Pide tu presupuesto sin compromiso: 633481340\" \/>\n<meta property=\"og:url\" content=\"https:\/\/pvcsolis.com\/es\/puertas-de-garaje\/\" \/>\n<meta property=\"og:site_name\" content=\"PVC y Aluminios Manresa\" \/>\n<meta property=\"article:modified_time\" content=\"2021-01-26T08:22:06+00:00\" \/>\n<meta name=\"twitter:card\" content=\"summary_large_image\" \/>\n<meta name=\"twitter:label1\" content=\"Tiempo de lectura\" \/>\n\t<meta name=\"twitter:data1\" content=\"3 minutos\" \/>\n<script type=\"application\/ld+json\" class=\"yoast-schema-graph\">{\"@context\":\"https:\/\/schema.org\",\"@graph\":[{\"@type\":\"WebPage\",\"@id\":\"https:\/\/pvcsolis.com\/es\/puertas-de-garaje\/\",\"url\":\"https:\/\/pvcsolis.com\/es\/puertas-de-garaje\/\",\"name\":\"Puertas de garaje - PVC y Aluminios Manresa\",\"isPartOf\":{\"@id\":\"https:\/\/pvcsolis.com\/es\/#website\"},\"datePublished\":\"2020-07-08T15:07:47+00:00\",\"dateModified\":\"2021-01-26T08:22:06+00:00\",\"description\":\"Especialistas en ventanas de PVC. Trabajos en aluminio. Servicio de puertas de garaje, rejas... Pide tu presupuesto sin compromiso: 633481340\",\"breadcrumb\":{\"@id\":\"https:\/\/pvcsolis.com\/es\/puertas-de-garaje\/#breadcrumb\"},\"inLanguage\":\"es\",\"potentialAction\":[{\"@type\":\"ReadAction\",\"target\":[\"https:\/\/pvcsolis.com\/es\/puertas-de-garaje\/\"]}]},{\"@type\":\"BreadcrumbList\",\"@id\":\"https:\/\/pvcsolis.com\/es\/puertas-de-garaje\/#breadcrumb\",\"itemListElement\":[{\"@type\":\"ListItem\",\"position\":1,\"name\":\"Portada\",\"item\":\"https:\/\/pvcsolis.com\/es\/\"},{\"@type\":\"ListItem\",\"position\":2,\"name\":\"Puertas de garaje\"}]},{\"@type\":\"WebSite\",\"@id\":\"https:\/\/pvcsolis.com\/es\/#website\",\"url\":\"https:\/\/pvcsolis.com\/es\/\",\"name\":\"PVC y Aluminios Manresa\",\"description\":\"Instal\u00b7laci\u00f3 de PVC\",\"publisher\":{\"@id\":\"https:\/\/pvcsolis.com\/es\/#organization\"},\"potentialAction\":[{\"@type\":\"SearchAction\",\"target\":{\"@type\":\"EntryPoint\",\"urlTemplate\":\"https:\/\/pvcsolis.com\/es\/?s={search_term_string}\"},\"query-input\":{\"@type\":\"PropertyValueSpecification\",\"valueRequired\":true,\"valueName\":\"search_term_string\"}}],\"inLanguage\":\"es\"},{\"@type\":\"Organization\",\"@id\":\"https:\/\/pvcsolis.com\/es\/#organization\",\"name\":\"PVC y Aluminios Manresa\",\"url\":\"https:\/\/pvcsolis.com\/es\/\",\"logo\":{\"@type\":\"ImageObject\",\"inLanguage\":\"es\",\"@id\":\"https:\/\/pvcsolis.com\/es\/#\/schema\/logo\/image\/\",\"url\":\"https:\/\/pvcsolis.com\/wp-content\/uploads\/2020\/06\/pvc-y-aluminios-solis.png\",\"contentUrl\":\"https:\/\/pvcsolis.com\/wp-content\/uploads\/2020\/06\/pvc-y-aluminios-solis.png\",\"width\":70,\"height\":70,\"caption\":\"PVC y Aluminios Manresa\"},\"image\":{\"@id\":\"https:\/\/pvcsolis.com\/es\/#\/schema\/logo\/image\/\"}}]}<\/script>\n<!-- \/ Yoast SEO plugin. -->","yoast_head_json":{"title":"Puertas de garaje - PVC y Aluminios Manresa","description":"Especialistas en ventanas de PVC. Trabajos en aluminio. Servicio de puertas de garaje, rejas... Pide tu presupuesto sin compromiso: 633481340","robots":{"index":"index","follow":"follow","max-snippet":"max-snippet:-1","max-image-preview":"max-image-preview:large","max-video-preview":"max-video-preview:-1"},"canonical":"https:\/\/pvcsolis.com\/es\/puertas-de-garaje\/","og_locale":"es_ES","og_type":"article","og_title":"Puertas de garaje - PVC y Aluminios Manresa","og_description":"Especialistas en ventanas de PVC. Trabajos en aluminio. Servicio de puertas de garaje, rejas... Pide tu presupuesto sin compromiso: 633481340","og_url":"https:\/\/pvcsolis.com\/es\/puertas-de-garaje\/","og_site_name":"PVC y Aluminios Manresa","article_modified_time":"2021-01-26T08:22:06+00:00","twitter_card":"summary_large_image","twitter_misc":{"Tiempo de lectura":"3 minutos"},"schema":{"@context":"https:\/\/schema.org","@graph":[{"@type":"WebPage","@id":"https:\/\/pvcsolis.com\/es\/puertas-de-garaje\/","url":"https:\/\/pvcsolis.com\/es\/puertas-de-garaje\/","name":"Puertas de garaje - PVC y Aluminios Manresa","isPartOf":{"@id":"https:\/\/pvcsolis.com\/es\/#website"},"datePublished":"2020-07-08T15:07:47+00:00","dateModified":"2021-01-26T08:22:06+00:00","description":"Especialistas en ventanas de PVC. Trabajos en aluminio. Servicio de puertas de garaje, rejas... Pide tu presupuesto sin compromiso: 633481340","breadcrumb":{"@id":"https:\/\/pvcsolis.com\/es\/puertas-de-garaje\/#breadcrumb"},"inLanguage":"es","potentialAction":[{"@type":"ReadAction","target":["https:\/\/pvcsolis.com\/es\/puertas-de-garaje\/"]}]},{"@type":"BreadcrumbList","@id":"https:\/\/pvcsolis.com\/es\/puertas-de-garaje\/#breadcrumb","itemListElement":[{"@type":"ListItem","position":1,"name":"Portada","item":"https:\/\/pvcsolis.com\/es\/"},{"@type":"ListItem","position":2,"name":"Puertas de garaje"}]},{"@type":"WebSite","@id":"https:\/\/pvcsolis.com\/es\/#website","url":"https:\/\/pvcsolis.com\/es\/","name":"PVC y Aluminios Manresa","description":"Instal\u00b7laci\u00f3 de PVC","publisher":{"@id":"https:\/\/pvcsolis.com\/es\/#organization"},"potentialAction":[{"@type":"SearchAction","target":{"@type":"EntryPoint","urlTemplate":"https:\/\/pvcsolis.com\/es\/?s={search_term_string}"},"query-input":{"@type":"PropertyValueSpecification","valueRequired":true,"valueName":"search_term_string"}}],"inLanguage":"es"},{"@type":"Organization","@id":"https:\/\/pvcsolis.com\/es\/#organization","name":"PVC y Aluminios Manresa","url":"https:\/\/pvcsolis.com\/es\/","logo":{"@type":"ImageObject","inLanguage":"es","@id":"https:\/\/pvcsolis.com\/es\/#\/schema\/logo\/image\/","url":"https:\/\/pvcsolis.com\/wp-content\/uploads\/2020\/06\/pvc-y-aluminios-solis.png","contentUrl":"https:\/\/pvcsolis.com\/wp-content\/uploads\/2020\/06\/pvc-y-aluminios-solis.png","width":70,"height":70,"caption":"PVC y Aluminios Manresa"},"image":{"@id":"https:\/\/pvcsolis.com\/es\/#\/schema\/logo\/image\/"}}]}},"_links":{"self":[{"href":"https:\/\/pvcsolis.com\/es\/wp-json\/wp\/v2\/pages\/2743","targetHints":{"allow":["GET"]}}],"collection":[{"href":"https:\/\/pvcsolis.com\/es\/wp-json\/wp\/v2\/pages"}],"about":[{"href":"https:\/\/pvcsolis.com\/es\/wp-json\/wp\/v2\/types\/page"}],"author":[{"embeddable":true,"href":"https:\/\/pvcsolis.com\/es\/wp-json\/wp\/v2\/users\/1"}],"replies":[{"embeddable":true,"href":"https:\/\/pvcsolis.com\/es\/wp-json\/wp\/v2\/comments?post=2743"}],"version-history":[{"count":0,"href":"https:\/\/pvcsolis.com\/es\/wp-json\/wp\/v2\/pages\/2743\/revisions"}],"wp:attachment":[{"href":"https:\/\/pvcsolis.com\/es\/wp-json\/wp\/v2\/media?parent=2743"}],"curies":[{"name":"wp","href":"https:\/\/api.w.org\/{rel}","templated":true}]}}