{"id":2739,"date":"2020-07-13T08:17:56","date_gmt":"2020-07-13T08:17:56","guid":{"rendered":"https:\/\/pvcsolis.com\/mampares\/"},"modified":"2021-01-26T08:13:06","modified_gmt":"2021-01-26T08:13:06","slug":"mamparas","status":"publish","type":"page","link":"https:\/\/pvcsolis.com\/es\/mamparas\/","title":{"rendered":"Mamparas"},"content":{"rendered":"<p>[vc_row type=\u00bbvc_default\u00bb css=\u00bb.vc_custom_1474268037787{margin-bottom: -30px !important;padding-bottom: 30px !important;}\u00bb][vc_column offset=\u00bbvc_col-lg-12 vc_col-md-12 vc_col-xs-12&#8243;]<style type=\"text\/css\" data-type=\"the7_shortcodes-inline-css\">.shortcode-single-image-wrap.shortcode-single-image-593047a794455628dcf9ec099f2dfaa0.enable-bg-rollover .rollover i,\n.shortcode-single-image-wrap.shortcode-single-image-593047a794455628dcf9ec099f2dfaa0.enable-bg-rollover .rollover-video i {\n  background: -webkit-linear-gradient();\n  background: linear-gradient();\n}\n.shortcode-single-image-wrap.shortcode-single-image-593047a794455628dcf9ec099f2dfaa0 .rollover-icon {\n  font-size: 32px;\n  color: #ffffff;\n  min-width: 44px;\n  min-height: 44px;\n  line-height: 44px;\n  border-radius: 100px;\n  border-style: solid;\n  border-width: 0px;\n}\n.dt-icon-bg-on.shortcode-single-image-wrap.shortcode-single-image-593047a794455628dcf9ec099f2dfaa0 .rollover-icon {\n  background: rgba(255,255,255,0.3);\n  box-shadow: none;\n}<\/style><div class=\"shortcode-single-image-wrap shortcode-single-image-593047a794455628dcf9ec099f2dfaa0 alignnone  vc_custom_1594627870644 enable-bg-rollover dt-icon-bg-off\" ><div class=\"shortcode-single-image\"><div class=\"fancy-media-wrap\" style=\"\"><img fetchpriority=\"high\" decoding=\"async\" class=\"preload-me aspect\" src=\"https:\/\/pvcsolis.com\/wp-content\/uploads\/2020\/07\/mampara-1000x500.jpg\" srcset=\"https:\/\/pvcsolis.com\/wp-content\/uploads\/2020\/07\/mampara-1000x500.jpg 1000w, https:\/\/pvcsolis.com\/wp-content\/uploads\/2020\/07\/mampara-1919x959.jpg 1919w\" sizes=\"(max-width: 1000px) 100vw, 1000px\" width=\"1000\" height=\"500\"  data-dt-location=\"https:\/\/pvcsolis.com\/es\/escales-metal%c2%b7liques\/mampara-2\/\" style=\"--ratio: 1000 \/ 500;\" alt=\"\" \/><\/div><\/div><\/div><div id=\"ultimate-heading-296669e3685b9f4f4\" class=\"uvc-heading ult-adjust-bottom-margin ultimate-heading-296669e3685b9f4f4 uvc-686 accent-border-color\" data-hspacer=\"line_only\"  data-halign=\"left\" style=\"text-align:left\"><div class=\"uvc-main-heading ult-responsive\"  data-ultimate-target='.uvc-heading.ultimate-heading-296669e3685b9f4f4 h2'  data-responsive-json-new='{\"font-size\":\"desktop:26px;\",\"line-height\":\"desktop:36px;\"}' ><h2 style=\"font-weight:bold;\">Mamparas<\/h2><\/div><div class=\"uvc-heading-spacer line_only\" style=\"margin-top:15px;margin-bottom:30px;height:4px;\"><span class=\"uvc-headings-line\" style=\"border-style:solid;border-bottom-width:4px;border-color:;width:50px;\"><\/span><\/div><\/div>[vc_column_text css=\u00bb.vc_custom_1611648360056{padding-bottom: 60px !important;}\u00bb]En <em>PVC i Aluminis Solis<\/em>, trabajamos diariamente con materiales diversos y sorprendentes para garantizar con ellos gran cantidad de servicios, adem\u00e1s de la tarea realizada con el PVC y el <a href=\"https:\/\/pvcsolis.com\/es\/techos-de-aluminio\/\">aluminio<\/a>.<\/p>\n<p>A fuerza de trabajo y voluntad para ofrecer todas las oportunidades necesarias para cubrir vuestras necesidades, nos hemos ido adaptando a las exigencias del mercado para mejorar en nuestro d\u00eda a d\u00eda, con el fin de ofreceros un mejor servicio, avalado por la calidad que merece. Y hoy en d\u00eda, \u00e9stas pasan por la oferta de mamparas para vuestros ba\u00f1os. Puertas, <a href=\"https:\/\/pvcsolis.com\/es\/ventanas-aluminio\/\">ventanas<\/a>, <a href=\"https:\/\/pvcsolis.com\/es\/barandillas\/\">barandillas<\/a>, <a href=\"https:\/\/pvcsolis.com\/es\/rejas\/\">rejas<\/a>, <a href=\"https:\/\/pvcsolis.com\/es\/escaleras-metalicas\/\">escaleras met\u00e1licas<\/a>&#8230; Todo un conjunto infinito de posibilidades, que requieren de la dedicaci\u00f3n a materiales inoxidables, y tambi\u00e9n con nuestras mamparas que, en combinaci\u00f3n con los cristales de la mejor calidad, consiguen el resultado final que deseamos.<\/p>\n<p>En nuestra empresa <em>PVC i Aluminis Solis<\/em>, disponemos de los productos con m\u00e1s calidad del mercado. El primero son siempre nuestros clientes, y es por este motivo que trabajamos nuestros servicios, entre ellos nuestras mamparas, las mejores y con m\u00e1s calidad del mercado, para poder ofrecer, los precios m\u00e1s competitivos del sector.<\/p>\n<p>Nuestro objetivo fundamental ha sido, es y ser\u00e1 siempre, conseguir la satisfacci\u00f3n del cliente, lo que se ha convertido en una de nuestras se\u00f1as de identidad.[\/vc_column_text][\/vc_column][\/vc_row][vc_row][vc_column width=\u00bb1\/2&#8243;][vc_single_image image=\u00bb1929&#8243; img_size=\u00bblarge\u00bb alignment=\u00bbcenter\u00bb][\/vc_column][vc_column width=\u00bb1\/2&#8243;][vc_single_image image=\u00bb1304&#8243; img_size=\u00bbfull\u00bb alignment=\u00bbcenter\u00bb][\/vc_column][\/vc_row][vc_row][vc_column][vc_empty_space height=\u00bb45px\u00bb]<div id=\"ultimate-heading-71769e3685b9f559\" class=\"uvc-heading ult-adjust-bottom-margin ultimate-heading-71769e3685b9f559 uvc-258 accent-border-color\" data-hspacer=\"line_only\"  data-halign=\"left\" style=\"text-align:left\"><div class=\"uvc-main-heading ult-responsive\"  data-ultimate-target='.uvc-heading.ultimate-heading-71769e3685b9f559 h2'  data-responsive-json-new='{\"font-size\":\"desktop:26px;\",\"line-height\":\"desktop:36px;\"}' ><h2 style=\"font-weight:bold;\">En vuestras mamparas velamos por...<\/h2><\/div><div class=\"uvc-heading-spacer line_only\" style=\"margin-top:15px;margin-bottom:40px;height:4px;\"><span class=\"uvc-headings-line\" style=\"border-style:solid;border-bottom-width:4px;border-color:;width:50px;\"><\/span><\/div><\/div>[vc_accordion active_tab=\u00bbfalse\u00bb style=\u00bb2&#8243;][vc_accordion_tab title=\u00bbProductos de calidad\u00bb][vc_column_text css=\u00bb.vc_custom_1611648536693{background-color: #ffffff !important;}\u00bb]Compuesta por una plantilla ampliamente calificada en la instalaci\u00f3n de mamparas de todo tipo, en <em>PVC i Aluminis Solis<\/em>, no pod\u00edamos dejar de ofrecer este servicio con una amplia gama de producto para disfrutar de ese momento relajante y \u00fanico que es el ba\u00f1o, o ducha.[\/vc_column_text][\/vc_accordion_tab][vc_accordion_tab title=\u00bbSoluciones de confianza\u00bb][vc_column_text css=\u00bb.vc_custom_1611648590973{background-color: #ffffff !important;}\u00bb]Caracterizados por proporcionar siempre una excelente asistencia personalizada, dedicada y exclusiva, con una atenci\u00f3n que garantice la calidad de nuestros servicios, en <em>PVC i Aluminis Solis<\/em> trabajamos para ofreceros nuestras mamparas para vuestro hogar.[\/vc_column_text][\/vc_accordion_tab][vc_accordion_tab title=\u00bbGarant\u00edas de \u00e9xito\u00bb][vc_column_text css=\u00bb.vc_custom_1611648624267{background-color: #ffffff !important;}\u00bb]La seriedad y garant\u00eda de nuestra labor nos avala, y la confianza que han depositado en nosotros nuestros clientes y proveedores, es nuestra mejor tarjeta de presentaci\u00f3n.[\/vc_column_text][\/vc_accordion_tab][vc_accordion_tab title=\u00bbLo que busc\u00e1is\u00bb][vc_column_text css=\u00bb.vc_custom_1611648663491{background-color: #ffffff !important;}\u00bb]Si est\u00e1is interesados en cualquiera de nuestros productos o servicios en mamparas, s\u00f3lo ten\u00e9is que proporcionarnos vuestro n\u00famero de tel\u00e9fono, y nos pondremos en <a href=\"https:\/\/pvcsolis.com\/es\/contacto\/\">contacto<\/a>, para que nuestro personal altamente cualificado os llame y os ofrezca la mejor opci\u00f3n para vuestra vivienda. En <em>PVC i Aluminios Solis<\/em> os ofrecemos presupuestos sin compromiso y una r\u00e1pida respuesta una vez recibamos vuestra solicitud.[\/vc_column_text][\/vc_accordion_tab][\/vc_accordion][\/vc_column][\/vc_row]<\/p>\n","protected":false},"excerpt":{"rendered":"<p>[vc_row type=\u00bbvc_default\u00bb css=\u00bb.vc_custom_1474268037787{margin-bottom: -30px !important;padding-bottom: 30px !important;}\u00bb][vc_column offset=\u00bbvc_col-lg-12 vc_col-md-12 vc_col-xs-12&#8243;][vc_column_text css=\u00bb.vc_custom_1611648360056{padding-bottom: 60px !important;}\u00bb]En PVC i Aluminis Solis, trabajamos diariamente con materiales diversos y sorprendentes para garantizar con ellos gran cantidad de servicios, adem\u00e1s de la tarea realizada con el PVC y el aluminio. A fuerza de trabajo y voluntad para ofrecer todas las oportunidades necesarias&hellip;<\/p>\n","protected":false},"author":1,"featured_media":0,"parent":0,"menu_order":0,"comment_status":"closed","ping_status":"closed","template":"","meta":{"footnotes":""},"class_list":["post-2739","page","type-page","status-publish","hentry","description-off"],"yoast_head":"<!-- This site is optimized with the Yoast SEO plugin v26.8 - https:\/\/yoast.com\/product\/yoast-seo-wordpress\/ -->\n<title>Mamparas - PVC y Aluminios Manresa<\/title>\n<meta name=\"description\" content=\"Especialistas en ventanas de PVC. Trabajos en aluminio. Servicio de mamparas, barandillas... Pide tu presupuesto sin compromiso: 633481340.\" \/>\n<meta name=\"robots\" content=\"index, follow, max-snippet:-1, max-image-preview:large, max-video-preview:-1\" \/>\n<link rel=\"canonical\" href=\"https:\/\/pvcsolis.com\/es\/mamparas\/\" \/>\n<meta property=\"og:locale\" content=\"es_ES\" \/>\n<meta property=\"og:type\" content=\"article\" \/>\n<meta property=\"og:title\" content=\"Mamparas - PVC y Aluminios Manresa\" \/>\n<meta property=\"og:description\" content=\"Especialistas en ventanas de PVC. Trabajos en aluminio. Servicio de mamparas, barandillas... Pide tu presupuesto sin compromiso: 633481340.\" \/>\n<meta property=\"og:url\" content=\"https:\/\/pvcsolis.com\/es\/mamparas\/\" \/>\n<meta property=\"og:site_name\" content=\"PVC y Aluminios Manresa\" \/>\n<meta property=\"article:modified_time\" content=\"2021-01-26T08:13:06+00:00\" \/>\n<meta name=\"twitter:card\" content=\"summary_large_image\" \/>\n<meta name=\"twitter:label1\" content=\"Tiempo de lectura\" \/>\n\t<meta name=\"twitter:data1\" content=\"3 minutos\" \/>\n<script type=\"application\/ld+json\" class=\"yoast-schema-graph\">{\"@context\":\"https:\/\/schema.org\",\"@graph\":[{\"@type\":\"WebPage\",\"@id\":\"https:\/\/pvcsolis.com\/es\/mamparas\/\",\"url\":\"https:\/\/pvcsolis.com\/es\/mamparas\/\",\"name\":\"Mamparas - PVC y Aluminios Manresa\",\"isPartOf\":{\"@id\":\"https:\/\/pvcsolis.com\/es\/#website\"},\"datePublished\":\"2020-07-13T08:17:56+00:00\",\"dateModified\":\"2021-01-26T08:13:06+00:00\",\"description\":\"Especialistas en ventanas de PVC. Trabajos en aluminio. Servicio de mamparas, barandillas... Pide tu presupuesto sin compromiso: 633481340.\",\"breadcrumb\":{\"@id\":\"https:\/\/pvcsolis.com\/es\/mamparas\/#breadcrumb\"},\"inLanguage\":\"es\",\"potentialAction\":[{\"@type\":\"ReadAction\",\"target\":[\"https:\/\/pvcsolis.com\/es\/mamparas\/\"]}]},{\"@type\":\"BreadcrumbList\",\"@id\":\"https:\/\/pvcsolis.com\/es\/mamparas\/#breadcrumb\",\"itemListElement\":[{\"@type\":\"ListItem\",\"position\":1,\"name\":\"Portada\",\"item\":\"https:\/\/pvcsolis.com\/es\/\"},{\"@type\":\"ListItem\",\"position\":2,\"name\":\"Mamparas\"}]},{\"@type\":\"WebSite\",\"@id\":\"https:\/\/pvcsolis.com\/es\/#website\",\"url\":\"https:\/\/pvcsolis.com\/es\/\",\"name\":\"PVC y Aluminios Manresa\",\"description\":\"Instal\u00b7laci\u00f3 de PVC\",\"publisher\":{\"@id\":\"https:\/\/pvcsolis.com\/es\/#organization\"},\"potentialAction\":[{\"@type\":\"SearchAction\",\"target\":{\"@type\":\"EntryPoint\",\"urlTemplate\":\"https:\/\/pvcsolis.com\/es\/?s={search_term_string}\"},\"query-input\":{\"@type\":\"PropertyValueSpecification\",\"valueRequired\":true,\"valueName\":\"search_term_string\"}}],\"inLanguage\":\"es\"},{\"@type\":\"Organization\",\"@id\":\"https:\/\/pvcsolis.com\/es\/#organization\",\"name\":\"PVC y Aluminios Manresa\",\"url\":\"https:\/\/pvcsolis.com\/es\/\",\"logo\":{\"@type\":\"ImageObject\",\"inLanguage\":\"es\",\"@id\":\"https:\/\/pvcsolis.com\/es\/#\/schema\/logo\/image\/\",\"url\":\"https:\/\/pvcsolis.com\/wp-content\/uploads\/2020\/06\/pvc-y-aluminios-solis.png\",\"contentUrl\":\"https:\/\/pvcsolis.com\/wp-content\/uploads\/2020\/06\/pvc-y-aluminios-solis.png\",\"width\":70,\"height\":70,\"caption\":\"PVC y Aluminios Manresa\"},\"image\":{\"@id\":\"https:\/\/pvcsolis.com\/es\/#\/schema\/logo\/image\/\"}}]}<\/script>\n<!-- \/ Yoast SEO plugin. -->","yoast_head_json":{"title":"Mamparas - PVC y Aluminios Manresa","description":"Especialistas en ventanas de PVC. Trabajos en aluminio. Servicio de mamparas, barandillas... Pide tu presupuesto sin compromiso: 633481340.","robots":{"index":"index","follow":"follow","max-snippet":"max-snippet:-1","max-image-preview":"max-image-preview:large","max-video-preview":"max-video-preview:-1"},"canonical":"https:\/\/pvcsolis.com\/es\/mamparas\/","og_locale":"es_ES","og_type":"article","og_title":"Mamparas - PVC y Aluminios Manresa","og_description":"Especialistas en ventanas de PVC. Trabajos en aluminio. Servicio de mamparas, barandillas... Pide tu presupuesto sin compromiso: 633481340.","og_url":"https:\/\/pvcsolis.com\/es\/mamparas\/","og_site_name":"PVC y Aluminios Manresa","article_modified_time":"2021-01-26T08:13:06+00:00","twitter_card":"summary_large_image","twitter_misc":{"Tiempo de lectura":"3 minutos"},"schema":{"@context":"https:\/\/schema.org","@graph":[{"@type":"WebPage","@id":"https:\/\/pvcsolis.com\/es\/mamparas\/","url":"https:\/\/pvcsolis.com\/es\/mamparas\/","name":"Mamparas - PVC y Aluminios Manresa","isPartOf":{"@id":"https:\/\/pvcsolis.com\/es\/#website"},"datePublished":"2020-07-13T08:17:56+00:00","dateModified":"2021-01-26T08:13:06+00:00","description":"Especialistas en ventanas de PVC. Trabajos en aluminio. Servicio de mamparas, barandillas... Pide tu presupuesto sin compromiso: 633481340.","breadcrumb":{"@id":"https:\/\/pvcsolis.com\/es\/mamparas\/#breadcrumb"},"inLanguage":"es","potentialAction":[{"@type":"ReadAction","target":["https:\/\/pvcsolis.com\/es\/mamparas\/"]}]},{"@type":"BreadcrumbList","@id":"https:\/\/pvcsolis.com\/es\/mamparas\/#breadcrumb","itemListElement":[{"@type":"ListItem","position":1,"name":"Portada","item":"https:\/\/pvcsolis.com\/es\/"},{"@type":"ListItem","position":2,"name":"Mamparas"}]},{"@type":"WebSite","@id":"https:\/\/pvcsolis.com\/es\/#website","url":"https:\/\/pvcsolis.com\/es\/","name":"PVC y Aluminios Manresa","description":"Instal\u00b7laci\u00f3 de PVC","publisher":{"@id":"https:\/\/pvcsolis.com\/es\/#organization"},"potentialAction":[{"@type":"SearchAction","target":{"@type":"EntryPoint","urlTemplate":"https:\/\/pvcsolis.com\/es\/?s={search_term_string}"},"query-input":{"@type":"PropertyValueSpecification","valueRequired":true,"valueName":"search_term_string"}}],"inLanguage":"es"},{"@type":"Organization","@id":"https:\/\/pvcsolis.com\/es\/#organization","name":"PVC y Aluminios Manresa","url":"https:\/\/pvcsolis.com\/es\/","logo":{"@type":"ImageObject","inLanguage":"es","@id":"https:\/\/pvcsolis.com\/es\/#\/schema\/logo\/image\/","url":"https:\/\/pvcsolis.com\/wp-content\/uploads\/2020\/06\/pvc-y-aluminios-solis.png","contentUrl":"https:\/\/pvcsolis.com\/wp-content\/uploads\/2020\/06\/pvc-y-aluminios-solis.png","width":70,"height":70,"caption":"PVC y Aluminios Manresa"},"image":{"@id":"https:\/\/pvcsolis.com\/es\/#\/schema\/logo\/image\/"}}]}},"_links":{"self":[{"href":"https:\/\/pvcsolis.com\/es\/wp-json\/wp\/v2\/pages\/2739","targetHints":{"allow":["GET"]}}],"collection":[{"href":"https:\/\/pvcsolis.com\/es\/wp-json\/wp\/v2\/pages"}],"about":[{"href":"https:\/\/pvcsolis.com\/es\/wp-json\/wp\/v2\/types\/page"}],"author":[{"embeddable":true,"href":"https:\/\/pvcsolis.com\/es\/wp-json\/wp\/v2\/users\/1"}],"replies":[{"embeddable":true,"href":"https:\/\/pvcsolis.com\/es\/wp-json\/wp\/v2\/comments?post=2739"}],"version-history":[{"count":0,"href":"https:\/\/pvcsolis.com\/es\/wp-json\/wp\/v2\/pages\/2739\/revisions"}],"wp:attachment":[{"href":"https:\/\/pvcsolis.com\/es\/wp-json\/wp\/v2\/media?parent=2739"}],"curies":[{"name":"wp","href":"https:\/\/api.w.org\/{rel}","templated":true}]}}