{"id":2734,"date":"2020-07-08T15:19:20","date_gmt":"2020-07-08T15:19:20","guid":{"rendered":"https:\/\/pvcsolis.com\/canceles\/"},"modified":"2021-01-25T15:40:25","modified_gmt":"2021-01-25T15:40:25","slug":"cancelas","status":"publish","type":"page","link":"https:\/\/pvcsolis.com\/es\/cancelas\/","title":{"rendered":"Cancelas"},"content":{"rendered":"<p>[vc_row type=\u00bbvc_default\u00bb css=\u00bb.vc_custom_1474268037787{margin-bottom: -30px !important;padding-bottom: 30px !important;}\u00bb][vc_column offset=\u00bbvc_col-lg-12 vc_col-md-12 vc_col-xs-12&#8243;]<style type=\"text\/css\" data-type=\"the7_shortcodes-inline-css\">.shortcode-single-image-wrap.shortcode-single-image-e889cc1a49af7e4126b57345a54f3b32.enable-bg-rollover .rollover i,\n.shortcode-single-image-wrap.shortcode-single-image-e889cc1a49af7e4126b57345a54f3b32.enable-bg-rollover .rollover-video i {\n  background: -webkit-linear-gradient();\n  background: linear-gradient();\n}\n.shortcode-single-image-wrap.shortcode-single-image-e889cc1a49af7e4126b57345a54f3b32 .rollover-icon {\n  font-size: 32px;\n  color: #ffffff;\n  min-width: 44px;\n  min-height: 44px;\n  line-height: 44px;\n  border-radius: 100px;\n  border-style: solid;\n  border-width: 0px;\n}\n.dt-icon-bg-on.shortcode-single-image-wrap.shortcode-single-image-e889cc1a49af7e4126b57345a54f3b32 .rollover-icon {\n  background: rgba(255,255,255,0.3);\n  box-shadow: none;\n}<\/style><div class=\"shortcode-single-image-wrap shortcode-single-image-e889cc1a49af7e4126b57345a54f3b32 alignnone  vc_custom_1594221123918 enable-bg-rollover dt-icon-bg-off\" ><div class=\"shortcode-single-image\"><div class=\"fancy-media-wrap\" style=\"\"><img fetchpriority=\"high\" decoding=\"async\" class=\"preload-me aspect\" src=\"https:\/\/pvcsolis.com\/wp-content\/uploads\/2020\/07\/canceles-1000x500.jpg\" srcset=\"https:\/\/pvcsolis.com\/wp-content\/uploads\/2020\/07\/canceles-1000x500.jpg 1000w, https:\/\/pvcsolis.com\/wp-content\/uploads\/2020\/07\/canceles-1919x959.jpg 1919w\" sizes=\"(max-width: 1000px) 100vw, 1000px\" width=\"1000\" height=\"500\"  data-dt-location=\"https:\/\/pvcsolis.com\/es\/canceles\/olympus-digital-camera\/\" style=\"--ratio: 1000 \/ 500;\" alt=\"\" \/><\/div><\/div><\/div><div id=\"ultimate-heading-652769d0f1eb9b200\" class=\"uvc-heading ult-adjust-bottom-margin ultimate-heading-652769d0f1eb9b200 uvc-2042 accent-border-color\" data-hspacer=\"line_only\"  data-halign=\"left\" style=\"text-align:left\"><div class=\"uvc-main-heading ult-responsive\"  data-ultimate-target='.uvc-heading.ultimate-heading-652769d0f1eb9b200 h2'  data-responsive-json-new='{\"font-size\":\"desktop:26px;\",\"line-height\":\"desktop:36px;\"}' ><h2 style=\"font-weight:bold;\">Cancelas<\/h2><\/div><div class=\"uvc-heading-spacer line_only\" style=\"margin-top:15px;margin-bottom:30px;height:4px;\"><span class=\"uvc-headings-line\" style=\"border-style:solid;border-bottom-width:4px;border-color:;width:50px;\"><\/span><\/div><\/div>[vc_column_text css=\u00bb.vc_custom_1611589032024{padding-bottom: 60px !important;}\u00bb]En <em>PVC i Aluminis Solis<\/em> nos encargamos de la fabricaci\u00f3n y la instalaci\u00f3n de vallas y cancelas met\u00e1licas.<\/p>\n<p>\u00bfNecesitas ampliar la seguridad de tu hogar? \u00bfNecesitas instalar unas cancelas, o vallas met\u00e1licas, para tu negocio? \u00bfEs de suma importancia delimitar tu recinto y la mejor manera, adem\u00e1s de la m\u00e1s segura, de hacerlo es con una cancela, o valla met\u00e1lica, que ofrezca toda la tranquilidad que buscas?<\/p>\n<p>Si necesitas de una cancela -o valla met\u00e1lica- a medida y deseas hacerlo de la mano de profesionales, que instalen el mejor producto al mejor precio, no busques m\u00e1s. Confiad y solicitadnos presupuesto sin compromiso, en <em>PVC i Aluminis Solis<\/em>, para solicitar nuestro servicio en cancelas que necesit\u00e9is.<\/p>\n<p>En un \u00e1mbito de acci\u00f3n que abarca todo el territorio catal\u00e1n, pero con especial \u00e9nfasis en la provincia de Barcelona, \u200b\u200ben <em>PVC i Aluminis Solis<\/em> contamos con los mejores profesionales, con los mejores materiales y con la mayor experiencia en la fabricaci\u00f3n e instalaci\u00f3n de cancelas met\u00e1licas para tu protecci\u00f3n y seguridad.<\/p>\n<p>Nuestro compromiso es firme. Queremos ofreceros toda la confianza desde el principio, ofreciendo el asesoramiento \u00fanico y personalizado que necesit\u00e1is para estar seguros de vuestra elecci\u00f3n en cancelas, o cualquiera del resto de nuestros servicios: ventanas, <a href=\"https:\/\/pvcsolis.com\/es\/persianas\/\">persianas<\/a>, <a href=\"https:\/\/pvcsolis.com\/es\/barandillas\/\">barandillas<\/a>, <a href=\"https:\/\/pvcsolis.com\/es\/rejas\/\">rejas<\/a>&#8230;; trazando las l\u00edneas de un proyecto que, realmente, se ajuste a vuestras necesidades y presupuesto.[\/vc_column_text][\/vc_column][\/vc_row][vc_row][vc_column width=\u00bb1\/3&#8243;][vc_single_image image=\u00bb1555&#8243; img_size=\u00bbfull\u00bb alignment=\u00bbcenter\u00bb][\/vc_column][vc_column width=\u00bb1\/3&#8243;][vc_single_image image=\u00bb1923&#8243; img_size=\u00bbfull\u00bb alignment=\u00bbcenter\u00bb][\/vc_column][vc_column width=\u00bb1\/3&#8243;][vc_single_image image=\u00bb1924&#8243; img_size=\u00bbfull\u00bb alignment=\u00bbcenter\u00bb][\/vc_column][\/vc_row][vc_row][vc_column][vc_empty_space height=\u00bb45px\u00bb]<div id=\"ultimate-heading-996069d0f1eb9b25e\" class=\"uvc-heading ult-adjust-bottom-margin ultimate-heading-996069d0f1eb9b25e uvc-3102 accent-border-color\" data-hspacer=\"line_only\"  data-halign=\"left\" style=\"text-align:left\"><div class=\"uvc-main-heading ult-responsive\"  data-ultimate-target='.uvc-heading.ultimate-heading-996069d0f1eb9b25e h2'  data-responsive-json-new='{\"font-size\":\"desktop:26px;\",\"line-height\":\"desktop:36px;\"}' ><h2 style=\"font-weight:bold;\">En vuestras cancelas velamos por...<\/h2><\/div><div class=\"uvc-heading-spacer line_only\" style=\"margin-top:15px;margin-bottom:40px;height:4px;\"><span class=\"uvc-headings-line\" style=\"border-style:solid;border-bottom-width:4px;border-color:;width:50px;\"><\/span><\/div><\/div>[vc_accordion active_tab=\u00bbfalse\u00bb style=\u00bb2&#8243;][vc_accordion_tab title=\u00bbEl mejor servicio\u00bb][vc_column_text css=\u00bb.vc_custom_1611589089005{background-color: #ffffff !important;}\u00bb]Nuestra garant\u00eda son nuestros clientes, plenamente satisfechos, as\u00ed como el \u00e9xito transcurrido en todos y cada uno de nuestros proyectos.<\/p>\n<p>En <em>PVC i Aluminis Solis<\/em>, sabemos que lo primero que valora un cliente es recibir el mejor servicio. \u00c9ste s\u00f3lo lo pueden ofrecer los mejores profesionales, y los mejores se encuentran en <em>PVC i Aluminis Solis<\/em>.[\/vc_column_text][\/vc_accordion_tab][vc_accordion_tab title=\u00bb&#8230;que cada detalle sea perfecto\u00bb][vc_column_text css=\u00bb.vc_custom_1611589115146{background-color: #ffffff !important;}\u00bb]En la instalaci\u00f3n de cancelas, al igual que en cualquiera de los m\u00faltiples servicios que ofrecemos en <em>PVC i Aluminis Solis<\/em>, la duraci\u00f3n del proyecto, la calidad de los productos, los detalles, la comunicaci\u00f3n con el cliente&#8230;<\/p>\n<p>Todos estos son detalles que nos comprometen con vosotros para ofreceros el mejor servicio en la instalaci\u00f3n y producci\u00f3n de cancelas, o vallas met\u00e1licas, y en el \u00e9xito de nuestro trabajo.[\/vc_column_text][\/vc_accordion_tab][vc_accordion_tab title=\u00bbTodo lo que necesites\u00bb][vc_column_text css=\u00bb.vc_custom_1611589147391{background-color: #ffffff !important;}\u00bb]Si deseas confiar en profesionales de verdad y disfrutar de tu cancela, no lo dudes m\u00e1s, <em>PVC i Aluminis Solis<\/em>. Rellena el <a href=\"https:\/\/pvcsolis.com\/es\/contacto\/\">formulario<\/a> de solicitud y enseguida nos pondremos en contacto contigo para realizar el presupuesto de cancelas met\u00e1licas al precio m\u00e1s competitivo.[\/vc_column_text][\/vc_accordion_tab][\/vc_accordion][\/vc_column][\/vc_row]<\/p>\n","protected":false},"excerpt":{"rendered":"<p>[vc_row type=\u00bbvc_default\u00bb css=\u00bb.vc_custom_1474268037787{margin-bottom: -30px !important;padding-bottom: 30px !important;}\u00bb][vc_column offset=\u00bbvc_col-lg-12 vc_col-md-12 vc_col-xs-12&#8243;][vc_column_text css=\u00bb.vc_custom_1611589032024{padding-bottom: 60px !important;}\u00bb]En PVC i Aluminis Solis nos encargamos de la fabricaci\u00f3n y la instalaci\u00f3n de vallas y cancelas met\u00e1licas. \u00bfNecesitas ampliar la seguridad de tu hogar? \u00bfNecesitas instalar unas cancelas, o vallas met\u00e1licas, para tu negocio? \u00bfEs de suma importancia delimitar tu recinto y&hellip;<\/p>\n","protected":false},"author":1,"featured_media":0,"parent":0,"menu_order":0,"comment_status":"closed","ping_status":"closed","template":"","meta":{"footnotes":""},"class_list":["post-2734","page","type-page","status-publish","hentry","description-off"],"yoast_head":"<!-- This site is optimized with the Yoast SEO plugin v26.8 - https:\/\/yoast.com\/product\/yoast-seo-wordpress\/ -->\n<title>Cancelas - PVC y Aluminios Manresa<\/title>\n<meta name=\"description\" content=\"Especialistas en ventanas de PVC. Trabajos en aluminio. Servicio de persianas, cancelas... Pide tu presupuesto sin compromiso: 633481340.\" \/>\n<meta name=\"robots\" content=\"index, follow, max-snippet:-1, max-image-preview:large, max-video-preview:-1\" \/>\n<link rel=\"canonical\" href=\"https:\/\/pvcsolis.com\/es\/cancelas\/\" \/>\n<meta property=\"og:locale\" content=\"es_ES\" \/>\n<meta property=\"og:type\" content=\"article\" \/>\n<meta property=\"og:title\" content=\"Cancelas - PVC y Aluminios Manresa\" \/>\n<meta property=\"og:description\" content=\"Especialistas en ventanas de PVC. Trabajos en aluminio. Servicio de persianas, cancelas... Pide tu presupuesto sin compromiso: 633481340.\" \/>\n<meta property=\"og:url\" content=\"https:\/\/pvcsolis.com\/es\/cancelas\/\" \/>\n<meta property=\"og:site_name\" content=\"PVC y Aluminios Manresa\" \/>\n<meta property=\"article:modified_time\" content=\"2021-01-25T15:40:25+00:00\" \/>\n<meta name=\"twitter:card\" content=\"summary_large_image\" \/>\n<meta name=\"twitter:label1\" content=\"Tiempo de lectura\" \/>\n\t<meta name=\"twitter:data1\" content=\"3 minutos\" \/>\n<script type=\"application\/ld+json\" class=\"yoast-schema-graph\">{\"@context\":\"https:\/\/schema.org\",\"@graph\":[{\"@type\":\"WebPage\",\"@id\":\"https:\/\/pvcsolis.com\/es\/cancelas\/\",\"url\":\"https:\/\/pvcsolis.com\/es\/cancelas\/\",\"name\":\"Cancelas - PVC y Aluminios Manresa\",\"isPartOf\":{\"@id\":\"https:\/\/pvcsolis.com\/es\/#website\"},\"datePublished\":\"2020-07-08T15:19:20+00:00\",\"dateModified\":\"2021-01-25T15:40:25+00:00\",\"description\":\"Especialistas en ventanas de PVC. Trabajos en aluminio. Servicio de persianas, cancelas... Pide tu presupuesto sin compromiso: 633481340.\",\"breadcrumb\":{\"@id\":\"https:\/\/pvcsolis.com\/es\/cancelas\/#breadcrumb\"},\"inLanguage\":\"es\",\"potentialAction\":[{\"@type\":\"ReadAction\",\"target\":[\"https:\/\/pvcsolis.com\/es\/cancelas\/\"]}]},{\"@type\":\"BreadcrumbList\",\"@id\":\"https:\/\/pvcsolis.com\/es\/cancelas\/#breadcrumb\",\"itemListElement\":[{\"@type\":\"ListItem\",\"position\":1,\"name\":\"Portada\",\"item\":\"https:\/\/pvcsolis.com\/es\/\"},{\"@type\":\"ListItem\",\"position\":2,\"name\":\"Cancelas\"}]},{\"@type\":\"WebSite\",\"@id\":\"https:\/\/pvcsolis.com\/es\/#website\",\"url\":\"https:\/\/pvcsolis.com\/es\/\",\"name\":\"PVC y Aluminios Manresa\",\"description\":\"Instal\u00b7laci\u00f3 de PVC\",\"publisher\":{\"@id\":\"https:\/\/pvcsolis.com\/es\/#organization\"},\"potentialAction\":[{\"@type\":\"SearchAction\",\"target\":{\"@type\":\"EntryPoint\",\"urlTemplate\":\"https:\/\/pvcsolis.com\/es\/?s={search_term_string}\"},\"query-input\":{\"@type\":\"PropertyValueSpecification\",\"valueRequired\":true,\"valueName\":\"search_term_string\"}}],\"inLanguage\":\"es\"},{\"@type\":\"Organization\",\"@id\":\"https:\/\/pvcsolis.com\/es\/#organization\",\"name\":\"PVC y Aluminios Manresa\",\"url\":\"https:\/\/pvcsolis.com\/es\/\",\"logo\":{\"@type\":\"ImageObject\",\"inLanguage\":\"es\",\"@id\":\"https:\/\/pvcsolis.com\/es\/#\/schema\/logo\/image\/\",\"url\":\"https:\/\/pvcsolis.com\/wp-content\/uploads\/2020\/06\/pvc-y-aluminios-solis.png\",\"contentUrl\":\"https:\/\/pvcsolis.com\/wp-content\/uploads\/2020\/06\/pvc-y-aluminios-solis.png\",\"width\":70,\"height\":70,\"caption\":\"PVC y Aluminios Manresa\"},\"image\":{\"@id\":\"https:\/\/pvcsolis.com\/es\/#\/schema\/logo\/image\/\"}}]}<\/script>\n<!-- \/ Yoast SEO plugin. -->","yoast_head_json":{"title":"Cancelas - PVC y Aluminios Manresa","description":"Especialistas en ventanas de PVC. Trabajos en aluminio. Servicio de persianas, cancelas... Pide tu presupuesto sin compromiso: 633481340.","robots":{"index":"index","follow":"follow","max-snippet":"max-snippet:-1","max-image-preview":"max-image-preview:large","max-video-preview":"max-video-preview:-1"},"canonical":"https:\/\/pvcsolis.com\/es\/cancelas\/","og_locale":"es_ES","og_type":"article","og_title":"Cancelas - PVC y Aluminios Manresa","og_description":"Especialistas en ventanas de PVC. Trabajos en aluminio. Servicio de persianas, cancelas... Pide tu presupuesto sin compromiso: 633481340.","og_url":"https:\/\/pvcsolis.com\/es\/cancelas\/","og_site_name":"PVC y Aluminios Manresa","article_modified_time":"2021-01-25T15:40:25+00:00","twitter_card":"summary_large_image","twitter_misc":{"Tiempo de lectura":"3 minutos"},"schema":{"@context":"https:\/\/schema.org","@graph":[{"@type":"WebPage","@id":"https:\/\/pvcsolis.com\/es\/cancelas\/","url":"https:\/\/pvcsolis.com\/es\/cancelas\/","name":"Cancelas - PVC y Aluminios Manresa","isPartOf":{"@id":"https:\/\/pvcsolis.com\/es\/#website"},"datePublished":"2020-07-08T15:19:20+00:00","dateModified":"2021-01-25T15:40:25+00:00","description":"Especialistas en ventanas de PVC. Trabajos en aluminio. Servicio de persianas, cancelas... Pide tu presupuesto sin compromiso: 633481340.","breadcrumb":{"@id":"https:\/\/pvcsolis.com\/es\/cancelas\/#breadcrumb"},"inLanguage":"es","potentialAction":[{"@type":"ReadAction","target":["https:\/\/pvcsolis.com\/es\/cancelas\/"]}]},{"@type":"BreadcrumbList","@id":"https:\/\/pvcsolis.com\/es\/cancelas\/#breadcrumb","itemListElement":[{"@type":"ListItem","position":1,"name":"Portada","item":"https:\/\/pvcsolis.com\/es\/"},{"@type":"ListItem","position":2,"name":"Cancelas"}]},{"@type":"WebSite","@id":"https:\/\/pvcsolis.com\/es\/#website","url":"https:\/\/pvcsolis.com\/es\/","name":"PVC y Aluminios Manresa","description":"Instal\u00b7laci\u00f3 de PVC","publisher":{"@id":"https:\/\/pvcsolis.com\/es\/#organization"},"potentialAction":[{"@type":"SearchAction","target":{"@type":"EntryPoint","urlTemplate":"https:\/\/pvcsolis.com\/es\/?s={search_term_string}"},"query-input":{"@type":"PropertyValueSpecification","valueRequired":true,"valueName":"search_term_string"}}],"inLanguage":"es"},{"@type":"Organization","@id":"https:\/\/pvcsolis.com\/es\/#organization","name":"PVC y Aluminios Manresa","url":"https:\/\/pvcsolis.com\/es\/","logo":{"@type":"ImageObject","inLanguage":"es","@id":"https:\/\/pvcsolis.com\/es\/#\/schema\/logo\/image\/","url":"https:\/\/pvcsolis.com\/wp-content\/uploads\/2020\/06\/pvc-y-aluminios-solis.png","contentUrl":"https:\/\/pvcsolis.com\/wp-content\/uploads\/2020\/06\/pvc-y-aluminios-solis.png","width":70,"height":70,"caption":"PVC y Aluminios Manresa"},"image":{"@id":"https:\/\/pvcsolis.com\/es\/#\/schema\/logo\/image\/"}}]}},"_links":{"self":[{"href":"https:\/\/pvcsolis.com\/es\/wp-json\/wp\/v2\/pages\/2734","targetHints":{"allow":["GET"]}}],"collection":[{"href":"https:\/\/pvcsolis.com\/es\/wp-json\/wp\/v2\/pages"}],"about":[{"href":"https:\/\/pvcsolis.com\/es\/wp-json\/wp\/v2\/types\/page"}],"author":[{"embeddable":true,"href":"https:\/\/pvcsolis.com\/es\/wp-json\/wp\/v2\/users\/1"}],"replies":[{"embeddable":true,"href":"https:\/\/pvcsolis.com\/es\/wp-json\/wp\/v2\/comments?post=2734"}],"version-history":[{"count":0,"href":"https:\/\/pvcsolis.com\/es\/wp-json\/wp\/v2\/pages\/2734\/revisions"}],"wp:attachment":[{"href":"https:\/\/pvcsolis.com\/es\/wp-json\/wp\/v2\/media?parent=2734"}],"curies":[{"name":"wp","href":"https:\/\/api.w.org\/{rel}","templated":true}]}}