{"id":2720,"date":"2020-07-08T14:55:55","date_gmt":"2020-07-08T14:55:55","guid":{"rendered":"https:\/\/pvcsolis.com\/reixes\/"},"modified":"2021-01-25T15:29:52","modified_gmt":"2021-01-25T15:29:52","slug":"rejas","status":"publish","type":"page","link":"https:\/\/pvcsolis.com\/es\/rejas\/","title":{"rendered":"Rejas"},"content":{"rendered":"<p>[vc_row type=\u00bbvc_default\u00bb css=\u00bb.vc_custom_1474268037787{margin-bottom: -30px !important;padding-bottom: 30px !important;}\u00bb][vc_column offset=\u00bbvc_col-lg-12 vc_col-md-12 vc_col-xs-12&#8243;]<style type=\"text\/css\" data-type=\"the7_shortcodes-inline-css\">.shortcode-single-image-wrap.shortcode-single-image-3214042c742692d3cec2ff227d073d2e.enable-bg-rollover .rollover i,\n.shortcode-single-image-wrap.shortcode-single-image-3214042c742692d3cec2ff227d073d2e.enable-bg-rollover .rollover-video i {\n  background: -webkit-linear-gradient();\n  background: linear-gradient();\n}\n.shortcode-single-image-wrap.shortcode-single-image-3214042c742692d3cec2ff227d073d2e .rollover-icon {\n  font-size: 32px;\n  color: #ffffff;\n  min-width: 44px;\n  min-height: 44px;\n  line-height: 44px;\n  border-radius: 100px;\n  border-style: solid;\n  border-width: 0px;\n}\n.dt-icon-bg-on.shortcode-single-image-wrap.shortcode-single-image-3214042c742692d3cec2ff227d073d2e .rollover-icon {\n  background: rgba(255,255,255,0.3);\n  box-shadow: none;\n}<\/style><div class=\"shortcode-single-image-wrap shortcode-single-image-3214042c742692d3cec2ff227d073d2e alignnone  vc_custom_1596012836864 enable-bg-rollover dt-icon-bg-off\" ><div class=\"shortcode-single-image\"><div class=\"fancy-media-wrap\" style=\"\"><img fetchpriority=\"high\" decoding=\"async\" class=\"preload-me aspect\" src=\"https:\/\/pvcsolis.com\/wp-content\/uploads\/2020\/07\/rejas-1000x500.jpeg\" srcset=\"https:\/\/pvcsolis.com\/wp-content\/uploads\/2020\/07\/rejas-1000x500.jpeg 1000w, https:\/\/pvcsolis.com\/wp-content\/uploads\/2020\/07\/rejas-1200x600.jpeg 1200w\" sizes=\"(max-width: 1000px) 100vw, 1000px\" width=\"1000\" height=\"500\"  data-dt-location=\"https:\/\/pvcsolis.com\/es\/reixes\/offenes-zweiflugeliges-altes-fenster-mit-altem-gitter-davor-und-blick-auf-baume-und-gebaude\/\" style=\"--ratio: 1000 \/ 500;\" alt=\"\" \/><\/div><\/div><\/div><div id=\"ultimate-heading-215269ec378b30ebc\" class=\"uvc-heading ult-adjust-bottom-margin ultimate-heading-215269ec378b30ebc uvc-8924 accent-border-color\" data-hspacer=\"line_only\"  data-halign=\"left\" style=\"text-align:left\"><div class=\"uvc-main-heading ult-responsive\"  data-ultimate-target='.uvc-heading.ultimate-heading-215269ec378b30ebc h2'  data-responsive-json-new='{\"font-size\":\"desktop:26px;\",\"line-height\":\"desktop:36px;\"}' ><h2 style=\"font-weight:bold;\">Rejas<\/h2><\/div><div class=\"uvc-heading-spacer line_only\" style=\"margin-top:15px;margin-bottom:30px;height:4px;\"><span class=\"uvc-headings-line\" style=\"border-style:solid;border-bottom-width:4px;border-color:;width:50px;\"><\/span><\/div><\/div>[vc_column_text css=\u00bb.vc_custom_1611588416552{padding-bottom: 60px !important;}\u00bb]Con los tiempos que corren actualmente, es totalmente necesario poder estar tranquilos sobre la seguridad de nuestro negocio, domicilio o empresa, y estar seguros de que, cuando no estemos, se encontrar\u00e1n completamente protegidos. Existen en la actualidad gran cantidad de aparatos y artefactos, como las alarmas y las c\u00e1maras de supervisi\u00f3n, capaces de transmitir esta sensaci\u00f3n de cierta seguridad. Pero para una total seguridad, es necesario que nuestras pertenencias y propiedades disfruten de la mayor protecci\u00f3n posible, y eso s\u00f3lo lo conseguiremos con la instalaci\u00f3n de unas buenas rejas met\u00e1licas.<\/p>\n<p>Aunque est\u00e9ticamente podamos pensar que las rejas restan encanto en nuestro hogar, la seguridad no debe ser un impedimento para la belleza est\u00e9tica de nuestro domicilio. En <em>PVC i Aluminis Solis<\/em> somos conocedores de que la seguridad es, por encima de todo, algo vital, y es por eso que os ofrecemos las mejores rejas del mercado, sin renunciar a la est\u00e9tica y la decoraci\u00f3n.[\/vc_column_text][\/vc_column][\/vc_row][vc_row][vc_column width=\u00bb1\/2&#8243;][vc_single_image image=\u00bb1920&#8243; img_size=\u00bbfull\u00bb alignment=\u00bbcenter\u00bb][\/vc_column][vc_column width=\u00bb1\/2&#8243;][vc_single_image image=\u00bb1919&#8243; img_size=\u00bbfull\u00bb alignment=\u00bbcenter\u00bb][\/vc_column][\/vc_row][vc_row][vc_column][vc_empty_space height=\u00bb45px\u00bb]<div id=\"ultimate-heading-175969ec378b30f1a\" class=\"uvc-heading ult-adjust-bottom-margin ultimate-heading-175969ec378b30f1a uvc-8611 accent-border-color\" data-hspacer=\"line_only\"  data-halign=\"left\" style=\"text-align:left\"><div class=\"uvc-main-heading ult-responsive\"  data-ultimate-target='.uvc-heading.ultimate-heading-175969ec378b30f1a h2'  data-responsive-json-new='{\"font-size\":\"desktop:26px;\",\"line-height\":\"desktop:36px;\"}' ><h2 style=\"font-weight:bold;\">En vuestras rejas velamos por...<\/h2><\/div><div class=\"uvc-heading-spacer line_only\" style=\"margin-top:15px;margin-bottom:40px;height:4px;\"><span class=\"uvc-headings-line\" style=\"border-style:solid;border-bottom-width:4px;border-color:;width:50px;\"><\/span><\/div><\/div>[vc_accordion active_tab=\u00bbfalse\u00bb style=\u00bb2&#8243;][vc_accordion_tab title=\u00bbTu satisfacci\u00f3n\u00bb][vc_column_text css=\u00bb.vc_custom_1611588453493{background-color: #ffffff !important;}\u00bb]Gracias a la confianza de nuestros proveedores y, sobre todo, al aval de nuestros clientes, disfrutamos de una dilatada experiencia en la fabricaci\u00f3n, instalaci\u00f3n y colocaci\u00f3n de rejas met\u00e1licas. Sin duda, nuestros clientes plenamente satisfechos y contentos con el trabajo realizado, son la mejor tarjeta de presentaci\u00f3n que podemos ofrecer en cuanto a la calidad de nuestro servicio en rejas met\u00e1licas, as\u00ed como en el resto de trabajos que realizamos en <em>PVC i Aluminis Solis<\/em>.[\/vc_column_text][\/vc_accordion_tab][vc_accordion_tab title=\u00bbSeguridad y est\u00e9tica\u00bb][vc_column_text css=\u00bb.vc_custom_1611588478166{background-color: #ffffff !important;}\u00bb]Ofrecemos las m\u00e1s innovadoras t\u00e9cnicas, as\u00ed como los m\u00e1s nuevos productos y los \u00faltimos procedimientos del mercado, gracias a los que blindan su seguridad, con total garant\u00eda de \u00e9xito, al tiempo que vigilamos para potenciar este valor est\u00e9tico de tu negocio o domicilio.[\/vc_column_text][\/vc_accordion_tab][vc_accordion_tab title=\u00bbConsejo y asesoramiento profesional\u00bb][vc_column_text css=\u00bb.vc_custom_1611588507014{background-color: #ffffff !important;}\u00bb]En <em>PVC i Aluminis Solis<\/em> os ofrecemos un servicio integral en la instalaci\u00f3n de vuestras rejas, as\u00ed como un asesoramiento y consejo constantes en todos aquellos detalles sobre los que necesit\u00e9is ayuda. Pod\u00e9is contar con nosotros para la realizaci\u00f3n de vuestras reformas, as\u00ed como cualquier mejora que necesit\u00e9is realizar.[\/vc_column_text][\/vc_accordion_tab][vc_accordion_tab title=\u00bbUn servicio de calidad\u00bb][vc_column_text css=\u00bb.vc_custom_1611588549317{background-color: #ffffff !important;}\u00bb]Solicitadnos presupuesto para vuestras rejas met\u00e1licas en <em>PVC i Aluminis Solis<\/em> dej\u00e1ndonos el tel\u00e9fono de <a href=\"https:\/\/pvcsolis.com\/es\/contacto\/\">contacto<\/a>. Os asesoraremos en todo lo que necesit\u00e9is respecto de este servicio en rejas, o en cualquiera de los dem\u00e1s servicios que os ofrecemos, y obtendr\u00e9is vuestro presupuesto, sin compromiso, en el menor tiempo posible y al precio m\u00e1s competitivo del mercado.[\/vc_column_text][\/vc_accordion_tab][\/vc_accordion][\/vc_column][\/vc_row]<\/p>\n","protected":false},"excerpt":{"rendered":"<p>[vc_row type=\u00bbvc_default\u00bb css=\u00bb.vc_custom_1474268037787{margin-bottom: -30px !important;padding-bottom: 30px !important;}\u00bb][vc_column offset=\u00bbvc_col-lg-12 vc_col-md-12 vc_col-xs-12&#8243;][vc_column_text css=\u00bb.vc_custom_1611588416552{padding-bottom: 60px !important;}\u00bb]Con los tiempos que corren actualmente, es totalmente necesario poder estar tranquilos sobre la seguridad de nuestro negocio, domicilio o empresa, y estar seguros de que, cuando no estemos, se encontrar\u00e1n completamente protegidos. Existen en la actualidad gran cantidad de aparatos y artefactos,&hellip;<\/p>\n","protected":false},"author":1,"featured_media":0,"parent":0,"menu_order":0,"comment_status":"closed","ping_status":"closed","template":"","meta":{"footnotes":""},"class_list":["post-2720","page","type-page","status-publish","hentry","description-off"],"yoast_head":"<!-- This site is optimized with the Yoast SEO plugin v26.8 - https:\/\/yoast.com\/product\/yoast-seo-wordpress\/ -->\n<title>Rejas - PVC y Aluminios Manresa<\/title>\n<meta name=\"description\" content=\"Especialistas en ventanas de PVC. Trabajos en aluminio. Servicio de persianas, rejas, toldos... Pide tu presupuesto sin compromiso: 633481340\" \/>\n<meta name=\"robots\" content=\"index, follow, max-snippet:-1, max-image-preview:large, max-video-preview:-1\" \/>\n<link rel=\"canonical\" href=\"https:\/\/pvcsolis.com\/es\/rejas\/\" \/>\n<meta property=\"og:locale\" content=\"es_ES\" \/>\n<meta property=\"og:type\" content=\"article\" \/>\n<meta property=\"og:title\" content=\"Rejas - PVC y Aluminios Manresa\" \/>\n<meta property=\"og:description\" content=\"Especialistas en ventanas de PVC. Trabajos en aluminio. Servicio de persianas, rejas, toldos... Pide tu presupuesto sin compromiso: 633481340\" \/>\n<meta property=\"og:url\" content=\"https:\/\/pvcsolis.com\/es\/rejas\/\" \/>\n<meta property=\"og:site_name\" content=\"PVC y Aluminios Manresa\" \/>\n<meta property=\"article:modified_time\" content=\"2021-01-25T15:29:52+00:00\" \/>\n<meta name=\"twitter:card\" content=\"summary_large_image\" \/>\n<meta name=\"twitter:label1\" content=\"Tiempo de lectura\" \/>\n\t<meta name=\"twitter:data1\" content=\"3 minutos\" \/>\n<script type=\"application\/ld+json\" class=\"yoast-schema-graph\">{\"@context\":\"https:\/\/schema.org\",\"@graph\":[{\"@type\":\"WebPage\",\"@id\":\"https:\/\/pvcsolis.com\/es\/rejas\/\",\"url\":\"https:\/\/pvcsolis.com\/es\/rejas\/\",\"name\":\"Rejas - PVC y Aluminios Manresa\",\"isPartOf\":{\"@id\":\"https:\/\/pvcsolis.com\/es\/#website\"},\"datePublished\":\"2020-07-08T14:55:55+00:00\",\"dateModified\":\"2021-01-25T15:29:52+00:00\",\"description\":\"Especialistas en ventanas de PVC. Trabajos en aluminio. Servicio de persianas, rejas, toldos... Pide tu presupuesto sin compromiso: 633481340\",\"breadcrumb\":{\"@id\":\"https:\/\/pvcsolis.com\/es\/rejas\/#breadcrumb\"},\"inLanguage\":\"es\",\"potentialAction\":[{\"@type\":\"ReadAction\",\"target\":[\"https:\/\/pvcsolis.com\/es\/rejas\/\"]}]},{\"@type\":\"BreadcrumbList\",\"@id\":\"https:\/\/pvcsolis.com\/es\/rejas\/#breadcrumb\",\"itemListElement\":[{\"@type\":\"ListItem\",\"position\":1,\"name\":\"Portada\",\"item\":\"https:\/\/pvcsolis.com\/es\/\"},{\"@type\":\"ListItem\",\"position\":2,\"name\":\"Rejas\"}]},{\"@type\":\"WebSite\",\"@id\":\"https:\/\/pvcsolis.com\/es\/#website\",\"url\":\"https:\/\/pvcsolis.com\/es\/\",\"name\":\"PVC y Aluminios Manresa\",\"description\":\"Instal\u00b7laci\u00f3 de PVC\",\"publisher\":{\"@id\":\"https:\/\/pvcsolis.com\/es\/#organization\"},\"potentialAction\":[{\"@type\":\"SearchAction\",\"target\":{\"@type\":\"EntryPoint\",\"urlTemplate\":\"https:\/\/pvcsolis.com\/es\/?s={search_term_string}\"},\"query-input\":{\"@type\":\"PropertyValueSpecification\",\"valueRequired\":true,\"valueName\":\"search_term_string\"}}],\"inLanguage\":\"es\"},{\"@type\":\"Organization\",\"@id\":\"https:\/\/pvcsolis.com\/es\/#organization\",\"name\":\"PVC y Aluminios Manresa\",\"url\":\"https:\/\/pvcsolis.com\/es\/\",\"logo\":{\"@type\":\"ImageObject\",\"inLanguage\":\"es\",\"@id\":\"https:\/\/pvcsolis.com\/es\/#\/schema\/logo\/image\/\",\"url\":\"https:\/\/pvcsolis.com\/wp-content\/uploads\/2020\/06\/pvc-y-aluminios-solis.png\",\"contentUrl\":\"https:\/\/pvcsolis.com\/wp-content\/uploads\/2020\/06\/pvc-y-aluminios-solis.png\",\"width\":70,\"height\":70,\"caption\":\"PVC y Aluminios Manresa\"},\"image\":{\"@id\":\"https:\/\/pvcsolis.com\/es\/#\/schema\/logo\/image\/\"}}]}<\/script>\n<!-- \/ Yoast SEO plugin. -->","yoast_head_json":{"title":"Rejas - PVC y Aluminios Manresa","description":"Especialistas en ventanas de PVC. Trabajos en aluminio. Servicio de persianas, rejas, toldos... Pide tu presupuesto sin compromiso: 633481340","robots":{"index":"index","follow":"follow","max-snippet":"max-snippet:-1","max-image-preview":"max-image-preview:large","max-video-preview":"max-video-preview:-1"},"canonical":"https:\/\/pvcsolis.com\/es\/rejas\/","og_locale":"es_ES","og_type":"article","og_title":"Rejas - PVC y Aluminios Manresa","og_description":"Especialistas en ventanas de PVC. Trabajos en aluminio. Servicio de persianas, rejas, toldos... Pide tu presupuesto sin compromiso: 633481340","og_url":"https:\/\/pvcsolis.com\/es\/rejas\/","og_site_name":"PVC y Aluminios Manresa","article_modified_time":"2021-01-25T15:29:52+00:00","twitter_card":"summary_large_image","twitter_misc":{"Tiempo de lectura":"3 minutos"},"schema":{"@context":"https:\/\/schema.org","@graph":[{"@type":"WebPage","@id":"https:\/\/pvcsolis.com\/es\/rejas\/","url":"https:\/\/pvcsolis.com\/es\/rejas\/","name":"Rejas - PVC y Aluminios Manresa","isPartOf":{"@id":"https:\/\/pvcsolis.com\/es\/#website"},"datePublished":"2020-07-08T14:55:55+00:00","dateModified":"2021-01-25T15:29:52+00:00","description":"Especialistas en ventanas de PVC. Trabajos en aluminio. Servicio de persianas, rejas, toldos... Pide tu presupuesto sin compromiso: 633481340","breadcrumb":{"@id":"https:\/\/pvcsolis.com\/es\/rejas\/#breadcrumb"},"inLanguage":"es","potentialAction":[{"@type":"ReadAction","target":["https:\/\/pvcsolis.com\/es\/rejas\/"]}]},{"@type":"BreadcrumbList","@id":"https:\/\/pvcsolis.com\/es\/rejas\/#breadcrumb","itemListElement":[{"@type":"ListItem","position":1,"name":"Portada","item":"https:\/\/pvcsolis.com\/es\/"},{"@type":"ListItem","position":2,"name":"Rejas"}]},{"@type":"WebSite","@id":"https:\/\/pvcsolis.com\/es\/#website","url":"https:\/\/pvcsolis.com\/es\/","name":"PVC y Aluminios Manresa","description":"Instal\u00b7laci\u00f3 de PVC","publisher":{"@id":"https:\/\/pvcsolis.com\/es\/#organization"},"potentialAction":[{"@type":"SearchAction","target":{"@type":"EntryPoint","urlTemplate":"https:\/\/pvcsolis.com\/es\/?s={search_term_string}"},"query-input":{"@type":"PropertyValueSpecification","valueRequired":true,"valueName":"search_term_string"}}],"inLanguage":"es"},{"@type":"Organization","@id":"https:\/\/pvcsolis.com\/es\/#organization","name":"PVC y Aluminios Manresa","url":"https:\/\/pvcsolis.com\/es\/","logo":{"@type":"ImageObject","inLanguage":"es","@id":"https:\/\/pvcsolis.com\/es\/#\/schema\/logo\/image\/","url":"https:\/\/pvcsolis.com\/wp-content\/uploads\/2020\/06\/pvc-y-aluminios-solis.png","contentUrl":"https:\/\/pvcsolis.com\/wp-content\/uploads\/2020\/06\/pvc-y-aluminios-solis.png","width":70,"height":70,"caption":"PVC y Aluminios Manresa"},"image":{"@id":"https:\/\/pvcsolis.com\/es\/#\/schema\/logo\/image\/"}}]}},"_links":{"self":[{"href":"https:\/\/pvcsolis.com\/es\/wp-json\/wp\/v2\/pages\/2720","targetHints":{"allow":["GET"]}}],"collection":[{"href":"https:\/\/pvcsolis.com\/es\/wp-json\/wp\/v2\/pages"}],"about":[{"href":"https:\/\/pvcsolis.com\/es\/wp-json\/wp\/v2\/types\/page"}],"author":[{"embeddable":true,"href":"https:\/\/pvcsolis.com\/es\/wp-json\/wp\/v2\/users\/1"}],"replies":[{"embeddable":true,"href":"https:\/\/pvcsolis.com\/es\/wp-json\/wp\/v2\/comments?post=2720"}],"version-history":[{"count":0,"href":"https:\/\/pvcsolis.com\/es\/wp-json\/wp\/v2\/pages\/2720\/revisions"}],"wp:attachment":[{"href":"https:\/\/pvcsolis.com\/es\/wp-json\/wp\/v2\/media?parent=2720"}],"curies":[{"name":"wp","href":"https:\/\/api.w.org\/{rel}","templated":true}]}}