{"id":2716,"date":"2020-07-08T13:21:41","date_gmt":"2020-07-08T13:21:41","guid":{"rendered":"https:\/\/pvcsolis.com\/tendals\/"},"modified":"2021-01-25T15:17:04","modified_gmt":"2021-01-25T15:17:04","slug":"toldos","status":"publish","type":"page","link":"https:\/\/pvcsolis.com\/es\/toldos\/","title":{"rendered":"Toldos"},"content":{"rendered":"<p>[vc_row type=\u00bbvc_default\u00bb css=\u00bb.vc_custom_1474268037787{margin-bottom: -30px !important;padding-bottom: 30px !important;}\u00bb][vc_column offset=\u00bbvc_col-lg-12 vc_col-md-12 vc_col-xs-12&#8243;]<style type=\"text\/css\" data-type=\"the7_shortcodes-inline-css\">.shortcode-single-image-wrap.shortcode-single-image-cdbbec13c7481740073ca551ca533560.enable-bg-rollover .rollover i,\n.shortcode-single-image-wrap.shortcode-single-image-cdbbec13c7481740073ca551ca533560.enable-bg-rollover .rollover-video i {\n  background: -webkit-linear-gradient();\n  background: linear-gradient();\n}\n.shortcode-single-image-wrap.shortcode-single-image-cdbbec13c7481740073ca551ca533560 .rollover-icon {\n  font-size: 32px;\n  color: #ffffff;\n  min-width: 44px;\n  min-height: 44px;\n  line-height: 44px;\n  border-radius: 100px;\n  border-style: solid;\n  border-width: 0px;\n}\n.dt-icon-bg-on.shortcode-single-image-wrap.shortcode-single-image-cdbbec13c7481740073ca551ca533560 .rollover-icon {\n  background: rgba(255,255,255,0.3);\n  box-shadow: none;\n}<\/style><div class=\"shortcode-single-image-wrap shortcode-single-image-cdbbec13c7481740073ca551ca533560 alignnone  vc_custom_1594213390401 enable-bg-rollover dt-icon-bg-off\" ><div class=\"shortcode-single-image\"><div class=\"fancy-media-wrap\" style=\"\"><img fetchpriority=\"high\" decoding=\"async\" class=\"preload-me aspect\" src=\"https:\/\/pvcsolis.com\/wp-content\/uploads\/2020\/07\/tendals-1000x500.jpg\" srcset=\"https:\/\/pvcsolis.com\/wp-content\/uploads\/2020\/07\/tendals-1000x500.jpg 1000w, https:\/\/pvcsolis.com\/wp-content\/uploads\/2020\/07\/tendals-1236x618.jpg 1236w\" sizes=\"(max-width: 1000px) 100vw, 1000px\" width=\"1000\" height=\"500\"  data-dt-location=\"https:\/\/pvcsolis.com\/es\/tendals\/tendals-2\/\" style=\"--ratio: 1000 \/ 500;\" alt=\"\" \/><\/div><\/div><\/div><div id=\"ultimate-heading-872769d0c62b7b7b1\" class=\"uvc-heading ult-adjust-bottom-margin ultimate-heading-872769d0c62b7b7b1 uvc-8703 accent-border-color\" data-hspacer=\"line_only\"  data-halign=\"left\" style=\"text-align:left\"><div class=\"uvc-main-heading ult-responsive\"  data-ultimate-target='.uvc-heading.ultimate-heading-872769d0c62b7b7b1 h2'  data-responsive-json-new='{\"font-size\":\"desktop:26px;\",\"line-height\":\"desktop:36px;\"}' ><h2 style=\"font-weight:bold;\">Toldos<\/h2><\/div><div class=\"uvc-heading-spacer line_only\" style=\"margin-top:15px;margin-bottom:30px;height:4px;\"><span class=\"uvc-headings-line\" style=\"border-style:solid;border-bottom-width:4px;border-color:;width:50px;\"><\/span><\/div><\/div>[vc_column_text css=\u00bb.vc_custom_1611587665616{padding-bottom: 60px !important;}\u00bb]Los toldos son un elemento est\u00e9tico, pero tambi\u00e9n funcional, muy \u00fatil para el hogar, m\u00e1s en \u00e9pocas de buen tiempo. A todos nos gusta disfrutar de los espacios al aire libre: el jard\u00edn, en la terraza, el patio&#8230; El buen tiempo y poder salir al exterior a disfrutar de una tarde primaveral, anima a cualquiera y contribuye a aumentar esta sensaci\u00f3n de bienestar y calidad de vida.<\/p>\n<p>Desde el primer d\u00eda, en <em>PVC i Aluminis Solis<\/em>, somos conocedores de la importancia de este hecho y, por ello, ofrecemos a todos nuestros clientes una selecci\u00f3n de toldos para todo tipo de fines, con el asesoramiento de nuestros especialistas en toldos.<\/p>\n<p>La calidad de nuestro servicio y la profesionalidad de nuestros expertos, nos han llevado a contar con los mejores toldos en la ciudad de Manresa y de toda la provincia del \u00e1rea de Barcelona. En <em>PVC i Aluminis Solis<\/em>, somos especialistas en el sector de los toldos y en todo tipo de productos y servicios en <a href=\"https:\/\/pvcsolis.com\/es\/techos-de-aluminio\/\">aluminio<\/a> y PVC.<\/p>\n<p>Tambi\u00e9n puede que os interese nuestro servicio de <a href=\"https:\/\/pvcsolis.com\/es\/motorizacion\/\">motorizaci\u00f3n<\/a> para toldos.[\/vc_column_text][\/vc_column][\/vc_row][vc_row][vc_column width=\u00bb1\/2&#8243;][vc_single_image image=\u00bb1915&#8243; img_size=\u00bbfull\u00bb alignment=\u00bbcenter\u00bb][\/vc_column][vc_column width=\u00bb1\/2&#8243;][vc_single_image image=\u00bb1914&#8243; img_size=\u00bbfull\u00bb alignment=\u00bbcenter\u00bb][\/vc_column][\/vc_row][vc_row][vc_column][vc_empty_space height=\u00bb45px\u00bb]<div id=\"ultimate-heading-690269d0c62b7b820\" class=\"uvc-heading ult-adjust-bottom-margin ultimate-heading-690269d0c62b7b820 uvc-4661 accent-border-color\" data-hspacer=\"line_only\"  data-halign=\"left\" style=\"text-align:left\"><div class=\"uvc-main-heading ult-responsive\"  data-ultimate-target='.uvc-heading.ultimate-heading-690269d0c62b7b820 h2'  data-responsive-json-new='{\"font-size\":\"desktop:26px;\",\"line-height\":\"desktop:36px;\"}' ><h2 style=\"font-weight:bold;\">En vuestros toldos velamos por...<\/h2><\/div><div class=\"uvc-heading-spacer line_only\" style=\"margin-top:15px;margin-bottom:40px;height:4px;\"><span class=\"uvc-headings-line\" style=\"border-style:solid;border-bottom-width:4px;border-color:;width:50px;\"><\/span><\/div><\/div>[vc_accordion active_tab=\u00bbfalse\u00bb style=\u00bb2&#8243;][vc_accordion_tab title=\u00bbTodos los beneficios en su instalaci\u00f3n\u00bb][vc_column_text css=\u00bb.vc_custom_1611587709966{background-color: #ffffff !important;}\u00bb]Los toldos ofrecen multiplicidad de ventajas para disfrutar de m\u00e1s espacio, sobre todo al aire libre, cuando llega el buen tiempo. No s\u00f3lo, como dec\u00edamos, a nivel est\u00e9tico y visual, sino que, a nivel funcional, los beneficios de los toldos son \u00fanicos y muy provechosos.[\/vc_column_text][\/vc_accordion_tab][vc_accordion_tab title=\u00bbVentajas en el consumo\u00bb][vc_column_text css=\u00bb.vc_custom_1611587733524{background-color: #ffffff !important;}\u00bb]Por ejemplo, son una manera eficaz de reducir el consumo de energ\u00eda, gracias al control que ejercen sobre el calor y la luz que llega a nuestras viviendas, o locales donde los instalamos. Con una instalaci\u00f3n adecuada, adem\u00e1s, con los toldos aprovechamos un espacio exterior que restar\u00eda inservible seg\u00fan en qu\u00e9 situaciones, ampliando as\u00ed los metros habitables.[\/vc_column_text][\/vc_accordion_tab][vc_accordion_tab title=\u00bbOfrecer un servicio inmejorable\u00bb][vc_column_text css=\u00bb.vc_custom_1611587772208{background-color: #ffffff !important;}\u00bb]Si os interesa \u00e9ste, o cualquiera de nuestros servicios en toldos, desde nuestra empresa, os animamos a confiar en nuestro servicio, y a dejarnos vuestro <a href=\"https:\/\/pvcsolis.com\/es\/contacto\/\">contacto<\/a> para llamar gratuitamente y hablar todo, con el asesoramiento necesario. Desde <em>PVC i Aluminis Solis<\/em>, buscaremos la mejor soluci\u00f3n que se adapte a vuestras necesidades.[\/vc_column_text][\/vc_accordion_tab][\/vc_accordion][\/vc_column][\/vc_row]<\/p>\n","protected":false},"excerpt":{"rendered":"<p>[vc_row type=\u00bbvc_default\u00bb css=\u00bb.vc_custom_1474268037787{margin-bottom: -30px !important;padding-bottom: 30px !important;}\u00bb][vc_column offset=\u00bbvc_col-lg-12 vc_col-md-12 vc_col-xs-12&#8243;][vc_column_text css=\u00bb.vc_custom_1611587665616{padding-bottom: 60px !important;}\u00bb]Los toldos son un elemento est\u00e9tico, pero tambi\u00e9n funcional, muy \u00fatil para el hogar, m\u00e1s en \u00e9pocas de buen tiempo. A todos nos gusta disfrutar de los espacios al aire libre: el jard\u00edn, en la terraza, el patio&#8230; El buen tiempo y poder&hellip;<\/p>\n","protected":false},"author":1,"featured_media":0,"parent":0,"menu_order":0,"comment_status":"closed","ping_status":"closed","template":"","meta":{"footnotes":""},"class_list":["post-2716","page","type-page","status-publish","hentry","description-off"],"yoast_head":"<!-- This site is optimized with the Yoast SEO plugin v26.8 - https:\/\/yoast.com\/product\/yoast-seo-wordpress\/ -->\n<title>Toldos - PVC y Aluminios Manresa<\/title>\n<meta name=\"description\" content=\"Especialistas en ventanas de PVC. Trabajos en aluminio. Servicio de persianas, rejas, toldos... Pide tu presupuesto sin compromiso: 633481340\" \/>\n<meta name=\"robots\" content=\"index, follow, max-snippet:-1, max-image-preview:large, max-video-preview:-1\" \/>\n<link rel=\"canonical\" href=\"https:\/\/pvcsolis.com\/es\/toldos\/\" \/>\n<meta property=\"og:locale\" content=\"es_ES\" \/>\n<meta property=\"og:type\" content=\"article\" \/>\n<meta property=\"og:title\" content=\"Toldos - PVC y Aluminios Manresa\" \/>\n<meta property=\"og:description\" content=\"Especialistas en ventanas de PVC. Trabajos en aluminio. Servicio de persianas, rejas, toldos... Pide tu presupuesto sin compromiso: 633481340\" \/>\n<meta property=\"og:url\" content=\"https:\/\/pvcsolis.com\/es\/toldos\/\" \/>\n<meta property=\"og:site_name\" content=\"PVC y Aluminios Manresa\" \/>\n<meta property=\"article:modified_time\" content=\"2021-01-25T15:17:04+00:00\" \/>\n<meta name=\"twitter:card\" content=\"summary_large_image\" \/>\n<meta name=\"twitter:label1\" content=\"Tiempo de lectura\" \/>\n\t<meta name=\"twitter:data1\" content=\"2 minutos\" \/>\n<script type=\"application\/ld+json\" class=\"yoast-schema-graph\">{\"@context\":\"https:\/\/schema.org\",\"@graph\":[{\"@type\":\"WebPage\",\"@id\":\"https:\/\/pvcsolis.com\/es\/toldos\/\",\"url\":\"https:\/\/pvcsolis.com\/es\/toldos\/\",\"name\":\"Toldos - PVC y Aluminios Manresa\",\"isPartOf\":{\"@id\":\"https:\/\/pvcsolis.com\/es\/#website\"},\"datePublished\":\"2020-07-08T13:21:41+00:00\",\"dateModified\":\"2021-01-25T15:17:04+00:00\",\"description\":\"Especialistas en ventanas de PVC. Trabajos en aluminio. Servicio de persianas, rejas, toldos... Pide tu presupuesto sin compromiso: 633481340\",\"breadcrumb\":{\"@id\":\"https:\/\/pvcsolis.com\/es\/toldos\/#breadcrumb\"},\"inLanguage\":\"es\",\"potentialAction\":[{\"@type\":\"ReadAction\",\"target\":[\"https:\/\/pvcsolis.com\/es\/toldos\/\"]}]},{\"@type\":\"BreadcrumbList\",\"@id\":\"https:\/\/pvcsolis.com\/es\/toldos\/#breadcrumb\",\"itemListElement\":[{\"@type\":\"ListItem\",\"position\":1,\"name\":\"Portada\",\"item\":\"https:\/\/pvcsolis.com\/es\/\"},{\"@type\":\"ListItem\",\"position\":2,\"name\":\"Toldos\"}]},{\"@type\":\"WebSite\",\"@id\":\"https:\/\/pvcsolis.com\/es\/#website\",\"url\":\"https:\/\/pvcsolis.com\/es\/\",\"name\":\"PVC y Aluminios Manresa\",\"description\":\"Instal\u00b7laci\u00f3 de PVC\",\"publisher\":{\"@id\":\"https:\/\/pvcsolis.com\/es\/#organization\"},\"potentialAction\":[{\"@type\":\"SearchAction\",\"target\":{\"@type\":\"EntryPoint\",\"urlTemplate\":\"https:\/\/pvcsolis.com\/es\/?s={search_term_string}\"},\"query-input\":{\"@type\":\"PropertyValueSpecification\",\"valueRequired\":true,\"valueName\":\"search_term_string\"}}],\"inLanguage\":\"es\"},{\"@type\":\"Organization\",\"@id\":\"https:\/\/pvcsolis.com\/es\/#organization\",\"name\":\"PVC y Aluminios Manresa\",\"url\":\"https:\/\/pvcsolis.com\/es\/\",\"logo\":{\"@type\":\"ImageObject\",\"inLanguage\":\"es\",\"@id\":\"https:\/\/pvcsolis.com\/es\/#\/schema\/logo\/image\/\",\"url\":\"https:\/\/pvcsolis.com\/wp-content\/uploads\/2020\/06\/pvc-y-aluminios-solis.png\",\"contentUrl\":\"https:\/\/pvcsolis.com\/wp-content\/uploads\/2020\/06\/pvc-y-aluminios-solis.png\",\"width\":70,\"height\":70,\"caption\":\"PVC y Aluminios Manresa\"},\"image\":{\"@id\":\"https:\/\/pvcsolis.com\/es\/#\/schema\/logo\/image\/\"}}]}<\/script>\n<!-- \/ Yoast SEO plugin. -->","yoast_head_json":{"title":"Toldos - PVC y Aluminios Manresa","description":"Especialistas en ventanas de PVC. Trabajos en aluminio. Servicio de persianas, rejas, toldos... Pide tu presupuesto sin compromiso: 633481340","robots":{"index":"index","follow":"follow","max-snippet":"max-snippet:-1","max-image-preview":"max-image-preview:large","max-video-preview":"max-video-preview:-1"},"canonical":"https:\/\/pvcsolis.com\/es\/toldos\/","og_locale":"es_ES","og_type":"article","og_title":"Toldos - PVC y Aluminios Manresa","og_description":"Especialistas en ventanas de PVC. Trabajos en aluminio. Servicio de persianas, rejas, toldos... Pide tu presupuesto sin compromiso: 633481340","og_url":"https:\/\/pvcsolis.com\/es\/toldos\/","og_site_name":"PVC y Aluminios Manresa","article_modified_time":"2021-01-25T15:17:04+00:00","twitter_card":"summary_large_image","twitter_misc":{"Tiempo de lectura":"2 minutos"},"schema":{"@context":"https:\/\/schema.org","@graph":[{"@type":"WebPage","@id":"https:\/\/pvcsolis.com\/es\/toldos\/","url":"https:\/\/pvcsolis.com\/es\/toldos\/","name":"Toldos - PVC y Aluminios Manresa","isPartOf":{"@id":"https:\/\/pvcsolis.com\/es\/#website"},"datePublished":"2020-07-08T13:21:41+00:00","dateModified":"2021-01-25T15:17:04+00:00","description":"Especialistas en ventanas de PVC. Trabajos en aluminio. Servicio de persianas, rejas, toldos... Pide tu presupuesto sin compromiso: 633481340","breadcrumb":{"@id":"https:\/\/pvcsolis.com\/es\/toldos\/#breadcrumb"},"inLanguage":"es","potentialAction":[{"@type":"ReadAction","target":["https:\/\/pvcsolis.com\/es\/toldos\/"]}]},{"@type":"BreadcrumbList","@id":"https:\/\/pvcsolis.com\/es\/toldos\/#breadcrumb","itemListElement":[{"@type":"ListItem","position":1,"name":"Portada","item":"https:\/\/pvcsolis.com\/es\/"},{"@type":"ListItem","position":2,"name":"Toldos"}]},{"@type":"WebSite","@id":"https:\/\/pvcsolis.com\/es\/#website","url":"https:\/\/pvcsolis.com\/es\/","name":"PVC y Aluminios Manresa","description":"Instal\u00b7laci\u00f3 de PVC","publisher":{"@id":"https:\/\/pvcsolis.com\/es\/#organization"},"potentialAction":[{"@type":"SearchAction","target":{"@type":"EntryPoint","urlTemplate":"https:\/\/pvcsolis.com\/es\/?s={search_term_string}"},"query-input":{"@type":"PropertyValueSpecification","valueRequired":true,"valueName":"search_term_string"}}],"inLanguage":"es"},{"@type":"Organization","@id":"https:\/\/pvcsolis.com\/es\/#organization","name":"PVC y Aluminios Manresa","url":"https:\/\/pvcsolis.com\/es\/","logo":{"@type":"ImageObject","inLanguage":"es","@id":"https:\/\/pvcsolis.com\/es\/#\/schema\/logo\/image\/","url":"https:\/\/pvcsolis.com\/wp-content\/uploads\/2020\/06\/pvc-y-aluminios-solis.png","contentUrl":"https:\/\/pvcsolis.com\/wp-content\/uploads\/2020\/06\/pvc-y-aluminios-solis.png","width":70,"height":70,"caption":"PVC y Aluminios Manresa"},"image":{"@id":"https:\/\/pvcsolis.com\/es\/#\/schema\/logo\/image\/"}}]}},"_links":{"self":[{"href":"https:\/\/pvcsolis.com\/es\/wp-json\/wp\/v2\/pages\/2716","targetHints":{"allow":["GET"]}}],"collection":[{"href":"https:\/\/pvcsolis.com\/es\/wp-json\/wp\/v2\/pages"}],"about":[{"href":"https:\/\/pvcsolis.com\/es\/wp-json\/wp\/v2\/types\/page"}],"author":[{"embeddable":true,"href":"https:\/\/pvcsolis.com\/es\/wp-json\/wp\/v2\/users\/1"}],"replies":[{"embeddable":true,"href":"https:\/\/pvcsolis.com\/es\/wp-json\/wp\/v2\/comments?post=2716"}],"version-history":[{"count":0,"href":"https:\/\/pvcsolis.com\/es\/wp-json\/wp\/v2\/pages\/2716\/revisions"}],"wp:attachment":[{"href":"https:\/\/pvcsolis.com\/es\/wp-json\/wp\/v2\/media?parent=2716"}],"curies":[{"name":"wp","href":"https:\/\/api.w.org\/{rel}","templated":true}]}}