{"id":2712,"date":"2020-07-22T08:17:05","date_gmt":"2020-07-22T08:17:05","guid":{"rendered":"https:\/\/pvcsolis.com\/tanca-pvc\/"},"modified":"2021-01-25T15:06:37","modified_gmt":"2021-01-25T15:06:37","slug":"valla-pvc","status":"publish","type":"page","link":"https:\/\/pvcsolis.com\/es\/valla-pvc\/","title":{"rendered":"Valla de PVC"},"content":{"rendered":"<p>[vc_row type=\u00bbvc_default\u00bb css=\u00bb.vc_custom_1474268037787{margin-bottom: -30px !important;padding-bottom: 30px !important;}\u00bb][vc_column offset=\u00bbvc_col-lg-12 vc_col-md-12 vc_col-xs-12&#8243;]<style type=\"text\/css\" data-type=\"the7_shortcodes-inline-css\">.shortcode-single-image-wrap.shortcode-single-image-9d3de1070b43a1a50aa6920207855de1.enable-bg-rollover .rollover i,\n.shortcode-single-image-wrap.shortcode-single-image-9d3de1070b43a1a50aa6920207855de1.enable-bg-rollover .rollover-video i {\n  background: -webkit-linear-gradient();\n  background: linear-gradient();\n}\n.shortcode-single-image-wrap.shortcode-single-image-9d3de1070b43a1a50aa6920207855de1 .rollover-icon {\n  font-size: 32px;\n  color: #ffffff;\n  min-width: 44px;\n  min-height: 44px;\n  line-height: 44px;\n  border-radius: 100px;\n  border-style: solid;\n  border-width: 0px;\n}\n.dt-icon-bg-on.shortcode-single-image-wrap.shortcode-single-image-9d3de1070b43a1a50aa6920207855de1 .rollover-icon {\n  background: rgba(255,255,255,0.3);\n  box-shadow: none;\n}<\/style><div class=\"shortcode-single-image-wrap shortcode-single-image-9d3de1070b43a1a50aa6920207855de1 alignnone  vc_custom_1596008527157 enable-bg-rollover dt-icon-bg-off\" ><div class=\"shortcode-single-image\"><div class=\"fancy-media-wrap\" style=\"\"><img fetchpriority=\"high\" decoding=\"async\" class=\"preload-me aspect\" src=\"https:\/\/pvcsolis.com\/wp-content\/uploads\/2020\/07\/valla-1000x500.jpg\" srcset=\"https:\/\/pvcsolis.com\/wp-content\/uploads\/2020\/07\/valla-1000x500.jpg 1000w, https:\/\/pvcsolis.com\/wp-content\/uploads\/2020\/07\/valla-1024x512.jpg 1024w\" sizes=\"(max-width: 1000px) 100vw, 1000px\" width=\"1000\" height=\"500\"  data-dt-location=\"https:\/\/pvcsolis.com\/es\/galeria\/valla\/\" style=\"--ratio: 1000 \/ 500;\" alt=\"\" \/><\/div><\/div><\/div><div id=\"ultimate-heading-75686a0834c92397c\" class=\"uvc-heading ult-adjust-bottom-margin ultimate-heading-75686a0834c92397c uvc-4602 accent-border-color\" data-hspacer=\"line_only\"  data-halign=\"left\" style=\"text-align:left\"><div class=\"uvc-main-heading ult-responsive\"  data-ultimate-target='.uvc-heading.ultimate-heading-75686a0834c92397c h2'  data-responsive-json-new='{\"font-size\":\"desktop:26px;\",\"line-height\":\"desktop:36px;\"}' ><h2 style=\"font-weight:bold;\">Valla PVC<\/h2><\/div><div class=\"uvc-heading-spacer line_only\" style=\"margin-top:15px;margin-bottom:30px;height:4px;\"><span class=\"uvc-headings-line\" style=\"border-style:solid;border-bottom-width:4px;border-color:;width:50px;\"><\/span><\/div><\/div>[vc_column_text css=\u00bb.vc_custom_1611587057534{padding-bottom: 60px !important;}\u00bb]En <a href=\"https:\/\/pvcsolis.com\/es\/\"><em>PVC i Aluminis Solis<\/em><\/a> velamos siempre por la satisfacci\u00f3n de nuestros clientes, ofreci\u00e9ndoles todos los servicios indispensables bajo rigurosos controles de calidad y con el compromiso que nos caracteriza y define nuestra labor.<\/p>\n<p>En cuanto a nuestras vallas de PVC os ofrecemos la mejor calidad y los mejores resultados para vuestra propiedad. Con unos acabados inmejorables y de f\u00e1cil instalaci\u00f3n, la valla de PVC se convierte en la alternativa limpia y segura que estabas buscando. Entre todas las posibilidades hay una gran variedad de modelos donde elegir, que se adaptan a tus necesidades para que puedas elegir la mejor opci\u00f3n.<\/p>\n<p>Disponemos de un amplio cat\u00e1logo de modelos de vallas de PVC. Todas ellas de f\u00e1cil montaje y con la ventaja de que al ser de PVC no requieren de mantenimiento. Adem\u00e1s, garantizan la protecci\u00f3n que necesitas con una durabilidad incre\u00edble.<\/p>\n<p>En nuestra empresa, <em>PVC i Aluminis Solis<\/em>, encontrar\u00e1s m\u00faltiples soluciones para cerrar, cercar o delimitar tu jard\u00edn, piscina, finca, terraza, casa, hotel, zona comunitaria, etc. Vallas de PVC (y aluminio) sencillas de montar y con todas las prestaciones que puedas imaginar.<\/p>\n<p>\u00a1P\u00eddenos un presupuesto sin compromiso, estaremos encantados de atenderte y guiarte en la elecci\u00f3n de tu valla de PVC![\/vc_column_text]<style type=\"text\/css\" data-type=\"the7_shortcodes-inline-css\">.shortcode-single-image-wrap.shortcode-single-image-1f7ee86b5b2ade2b155a59ee86ae6c99.enable-bg-rollover .rollover i,\n.shortcode-single-image-wrap.shortcode-single-image-1f7ee86b5b2ade2b155a59ee86ae6c99.enable-bg-rollover .rollover-video i {\n  background: -webkit-linear-gradient();\n  background: linear-gradient();\n}\n.shortcode-single-image-wrap.shortcode-single-image-1f7ee86b5b2ade2b155a59ee86ae6c99 .rollover-icon {\n  font-size: 32px;\n  color: #ffffff;\n  min-width: 44px;\n  min-height: 44px;\n  line-height: 44px;\n  border-radius: 100px;\n  border-style: solid;\n  border-width: 0px;\n}\n.dt-icon-bg-on.shortcode-single-image-wrap.shortcode-single-image-1f7ee86b5b2ade2b155a59ee86ae6c99 .rollover-icon {\n  background: rgba(255,255,255,0.3);\n  box-shadow: none;\n}<\/style><div class=\"shortcode-single-image-wrap shortcode-single-image-1f7ee86b5b2ade2b155a59ee86ae6c99 alignnone  vc_custom_1596008554303 enable-bg-rollover dt-icon-bg-off\" ><div class=\"shortcode-single-image\"><div class=\"fancy-media-wrap\" style=\"\"><img decoding=\"async\" class=\"preload-me aspect\" src=\"https:\/\/pvcsolis.com\/wp-content\/uploads\/2020\/07\/valla1-1000x500.jpg\" srcset=\"https:\/\/pvcsolis.com\/wp-content\/uploads\/2020\/07\/valla1-1000x500.jpg 1000w, https:\/\/pvcsolis.com\/wp-content\/uploads\/2020\/07\/valla1-1024x512.jpg 1024w\" sizes=\"(max-width: 1000px) 100vw, 1000px\" width=\"1000\" height=\"500\"  data-dt-location=\"https:\/\/pvcsolis.com\/es\/galeria\/valla1\/\" style=\"--ratio: 1000 \/ 500;\" alt=\"\" \/><\/div><\/div><\/div>[vc_empty_space]<div id=\"ultimate-heading-67966a0834c9244a9\" class=\"uvc-heading ult-adjust-bottom-margin ultimate-heading-67966a0834c9244a9 uvc-2497 accent-border-color\" data-hspacer=\"line_only\"  data-halign=\"left\" style=\"text-align:left\"><div class=\"uvc-main-heading ult-responsive\"  data-ultimate-target='.uvc-heading.ultimate-heading-67966a0834c9244a9 h2'  data-responsive-json-new='{\"font-size\":\"desktop:26px;\",\"line-height\":\"desktop:36px;\"}' ><h2 style=\"font-weight:bold;\">En vuestras vallas de PVC velamos por...<\/h2><\/div><div class=\"uvc-heading-spacer line_only\" style=\"margin-top:15px;margin-bottom:40px;height:4px;\"><span class=\"uvc-headings-line\" style=\"border-style:solid;border-bottom-width:4px;border-color:;width:50px;\"><\/span><\/div><\/div>[vc_accordion active_tab=\u00bbfalse\u00bb style=\u00bb2&#8243;][vc_accordion_tab title=\u00bbCalidad y resultados\u00bb][vc_column_text css=\u00bb.vc_custom_1611587095188{background-color: #ffffff !important;}\u00bb]Nuestros productos ofrecen la mejor calidad y los mejores resultados. Apostamos por materiales limpios y buscamos los mejores acabados.[\/vc_column_text][\/vc_accordion_tab][vc_accordion_tab title=\u00bbPersonalizaci\u00f3n\u00bb][vc_column_text css=\u00bb.vc_custom_1611587118269{background-color: #ffffff !important;}\u00bb]Fabricamos vallas a medida. Si no encuentras el modelo exacto que buscas, cu\u00e9ntanos lo que necesitas y te haremos un presupuesto de acuerdo a tus necesidades.[\/vc_column_text][\/vc_accordion_tab][vc_accordion_tab title=\u00bbPrivacidad y protecci\u00f3n\u00bb][vc_column_text css=\u00bb.vc_custom_1611587141661{background-color: #ffffff !important;}\u00bb]Disponemos de un amplio cat\u00e1logo de vallas para delimitar espacios y salvaguardar tu privacidad. Disfruta de la intimidad de tu jard\u00edn, terraza, piscina, etc .; al mejor precio de mercado y sin dolores de cabeza. Nosotros nos ocupamos de todas las gestiones para renovar e instalar tu valla de PVC.[\/vc_column_text][\/vc_accordion_tab][vc_accordion_tab title=\u00bbUn proyecto hecho a medida\u00bb][vc_column_text css=\u00bb.vc_custom_1611587164022{background-color: #ffffff !important;}\u00bb]Proyectos dise\u00f1ados seg\u00fan las indicaciones de cada cliente. La larga trayectoria de nuestra empresa en la construcci\u00f3n de cerramientos en PVC nos ha permitido crear proyectos especiales que responden, con calidad, a los requisitos de nuestro cliente.[\/vc_column_text][\/vc_accordion_tab][\/vc_accordion][\/vc_column][\/vc_row]<\/p>\n","protected":false},"excerpt":{"rendered":"<p>[vc_row type=\u00bbvc_default\u00bb css=\u00bb.vc_custom_1474268037787{margin-bottom: -30px !important;padding-bottom: 30px !important;}\u00bb][vc_column offset=\u00bbvc_col-lg-12 vc_col-md-12 vc_col-xs-12&#8243;][vc_column_text css=\u00bb.vc_custom_1611587057534{padding-bottom: 60px !important;}\u00bb]En PVC i Aluminis Solis velamos siempre por la satisfacci\u00f3n de nuestros clientes, ofreci\u00e9ndoles todos los servicios indispensables bajo rigurosos controles de calidad y con el compromiso que nos caracteriza y define nuestra labor. En cuanto a nuestras vallas de PVC os ofrecemos&hellip;<\/p>\n","protected":false},"author":1,"featured_media":0,"parent":0,"menu_order":0,"comment_status":"closed","ping_status":"closed","template":"","meta":{"footnotes":""},"class_list":["post-2712","page","type-page","status-publish","hentry","description-off"],"yoast_head":"<!-- This site is optimized with the Yoast SEO plugin v26.8 - https:\/\/yoast.com\/product\/yoast-seo-wordpress\/ -->\n<title>Valla de PVC - PVC y Aluminios Manresa<\/title>\n<meta name=\"description\" content=\"Especialistas en ventanas de PVC. Trabajos en aluminio. Servicio de persianas, valla pvc... Pide tu presupuesto sin compromiso: 633481340.\" \/>\n<meta name=\"robots\" content=\"index, follow, max-snippet:-1, max-image-preview:large, max-video-preview:-1\" \/>\n<link rel=\"canonical\" href=\"https:\/\/pvcsolis.com\/es\/valla-pvc\/\" \/>\n<meta property=\"og:locale\" content=\"es_ES\" \/>\n<meta property=\"og:type\" content=\"article\" \/>\n<meta property=\"og:title\" content=\"Valla de PVC - PVC y Aluminios Manresa\" \/>\n<meta property=\"og:description\" content=\"Especialistas en ventanas de PVC. Trabajos en aluminio. Servicio de persianas, valla pvc... Pide tu presupuesto sin compromiso: 633481340.\" \/>\n<meta property=\"og:url\" content=\"https:\/\/pvcsolis.com\/es\/valla-pvc\/\" \/>\n<meta property=\"og:site_name\" content=\"PVC y Aluminios Manresa\" \/>\n<meta property=\"article:modified_time\" content=\"2021-01-25T15:06:37+00:00\" \/>\n<meta name=\"twitter:card\" content=\"summary_large_image\" \/>\n<meta name=\"twitter:label1\" content=\"Tiempo de lectura\" \/>\n\t<meta name=\"twitter:data1\" content=\"2 minutos\" \/>\n<script type=\"application\/ld+json\" class=\"yoast-schema-graph\">{\"@context\":\"https:\/\/schema.org\",\"@graph\":[{\"@type\":\"WebPage\",\"@id\":\"https:\/\/pvcsolis.com\/es\/valla-pvc\/\",\"url\":\"https:\/\/pvcsolis.com\/es\/valla-pvc\/\",\"name\":\"Valla de PVC - PVC y Aluminios Manresa\",\"isPartOf\":{\"@id\":\"https:\/\/pvcsolis.com\/es\/#website\"},\"datePublished\":\"2020-07-22T08:17:05+00:00\",\"dateModified\":\"2021-01-25T15:06:37+00:00\",\"description\":\"Especialistas en ventanas de PVC. Trabajos en aluminio. Servicio de persianas, valla pvc... Pide tu presupuesto sin compromiso: 633481340.\",\"breadcrumb\":{\"@id\":\"https:\/\/pvcsolis.com\/es\/valla-pvc\/#breadcrumb\"},\"inLanguage\":\"es\",\"potentialAction\":[{\"@type\":\"ReadAction\",\"target\":[\"https:\/\/pvcsolis.com\/es\/valla-pvc\/\"]}]},{\"@type\":\"BreadcrumbList\",\"@id\":\"https:\/\/pvcsolis.com\/es\/valla-pvc\/#breadcrumb\",\"itemListElement\":[{\"@type\":\"ListItem\",\"position\":1,\"name\":\"Portada\",\"item\":\"https:\/\/pvcsolis.com\/es\/\"},{\"@type\":\"ListItem\",\"position\":2,\"name\":\"Valla de PVC\"}]},{\"@type\":\"WebSite\",\"@id\":\"https:\/\/pvcsolis.com\/es\/#website\",\"url\":\"https:\/\/pvcsolis.com\/es\/\",\"name\":\"PVC y Aluminios Manresa\",\"description\":\"Instal\u00b7laci\u00f3 de PVC\",\"publisher\":{\"@id\":\"https:\/\/pvcsolis.com\/es\/#organization\"},\"potentialAction\":[{\"@type\":\"SearchAction\",\"target\":{\"@type\":\"EntryPoint\",\"urlTemplate\":\"https:\/\/pvcsolis.com\/es\/?s={search_term_string}\"},\"query-input\":{\"@type\":\"PropertyValueSpecification\",\"valueRequired\":true,\"valueName\":\"search_term_string\"}}],\"inLanguage\":\"es\"},{\"@type\":\"Organization\",\"@id\":\"https:\/\/pvcsolis.com\/es\/#organization\",\"name\":\"PVC y Aluminios Manresa\",\"url\":\"https:\/\/pvcsolis.com\/es\/\",\"logo\":{\"@type\":\"ImageObject\",\"inLanguage\":\"es\",\"@id\":\"https:\/\/pvcsolis.com\/es\/#\/schema\/logo\/image\/\",\"url\":\"https:\/\/pvcsolis.com\/wp-content\/uploads\/2020\/06\/pvc-y-aluminios-solis.png\",\"contentUrl\":\"https:\/\/pvcsolis.com\/wp-content\/uploads\/2020\/06\/pvc-y-aluminios-solis.png\",\"width\":70,\"height\":70,\"caption\":\"PVC y Aluminios Manresa\"},\"image\":{\"@id\":\"https:\/\/pvcsolis.com\/es\/#\/schema\/logo\/image\/\"}}]}<\/script>\n<!-- \/ Yoast SEO plugin. -->","yoast_head_json":{"title":"Valla de PVC - PVC y Aluminios Manresa","description":"Especialistas en ventanas de PVC. Trabajos en aluminio. Servicio de persianas, valla pvc... Pide tu presupuesto sin compromiso: 633481340.","robots":{"index":"index","follow":"follow","max-snippet":"max-snippet:-1","max-image-preview":"max-image-preview:large","max-video-preview":"max-video-preview:-1"},"canonical":"https:\/\/pvcsolis.com\/es\/valla-pvc\/","og_locale":"es_ES","og_type":"article","og_title":"Valla de PVC - PVC y Aluminios Manresa","og_description":"Especialistas en ventanas de PVC. Trabajos en aluminio. Servicio de persianas, valla pvc... Pide tu presupuesto sin compromiso: 633481340.","og_url":"https:\/\/pvcsolis.com\/es\/valla-pvc\/","og_site_name":"PVC y Aluminios Manresa","article_modified_time":"2021-01-25T15:06:37+00:00","twitter_card":"summary_large_image","twitter_misc":{"Tiempo de lectura":"2 minutos"},"schema":{"@context":"https:\/\/schema.org","@graph":[{"@type":"WebPage","@id":"https:\/\/pvcsolis.com\/es\/valla-pvc\/","url":"https:\/\/pvcsolis.com\/es\/valla-pvc\/","name":"Valla de PVC - PVC y Aluminios Manresa","isPartOf":{"@id":"https:\/\/pvcsolis.com\/es\/#website"},"datePublished":"2020-07-22T08:17:05+00:00","dateModified":"2021-01-25T15:06:37+00:00","description":"Especialistas en ventanas de PVC. Trabajos en aluminio. Servicio de persianas, valla pvc... Pide tu presupuesto sin compromiso: 633481340.","breadcrumb":{"@id":"https:\/\/pvcsolis.com\/es\/valla-pvc\/#breadcrumb"},"inLanguage":"es","potentialAction":[{"@type":"ReadAction","target":["https:\/\/pvcsolis.com\/es\/valla-pvc\/"]}]},{"@type":"BreadcrumbList","@id":"https:\/\/pvcsolis.com\/es\/valla-pvc\/#breadcrumb","itemListElement":[{"@type":"ListItem","position":1,"name":"Portada","item":"https:\/\/pvcsolis.com\/es\/"},{"@type":"ListItem","position":2,"name":"Valla de PVC"}]},{"@type":"WebSite","@id":"https:\/\/pvcsolis.com\/es\/#website","url":"https:\/\/pvcsolis.com\/es\/","name":"PVC y Aluminios Manresa","description":"Instal\u00b7laci\u00f3 de PVC","publisher":{"@id":"https:\/\/pvcsolis.com\/es\/#organization"},"potentialAction":[{"@type":"SearchAction","target":{"@type":"EntryPoint","urlTemplate":"https:\/\/pvcsolis.com\/es\/?s={search_term_string}"},"query-input":{"@type":"PropertyValueSpecification","valueRequired":true,"valueName":"search_term_string"}}],"inLanguage":"es"},{"@type":"Organization","@id":"https:\/\/pvcsolis.com\/es\/#organization","name":"PVC y Aluminios Manresa","url":"https:\/\/pvcsolis.com\/es\/","logo":{"@type":"ImageObject","inLanguage":"es","@id":"https:\/\/pvcsolis.com\/es\/#\/schema\/logo\/image\/","url":"https:\/\/pvcsolis.com\/wp-content\/uploads\/2020\/06\/pvc-y-aluminios-solis.png","contentUrl":"https:\/\/pvcsolis.com\/wp-content\/uploads\/2020\/06\/pvc-y-aluminios-solis.png","width":70,"height":70,"caption":"PVC y Aluminios Manresa"},"image":{"@id":"https:\/\/pvcsolis.com\/es\/#\/schema\/logo\/image\/"}}]}},"_links":{"self":[{"href":"https:\/\/pvcsolis.com\/es\/wp-json\/wp\/v2\/pages\/2712","targetHints":{"allow":["GET"]}}],"collection":[{"href":"https:\/\/pvcsolis.com\/es\/wp-json\/wp\/v2\/pages"}],"about":[{"href":"https:\/\/pvcsolis.com\/es\/wp-json\/wp\/v2\/types\/page"}],"author":[{"embeddable":true,"href":"https:\/\/pvcsolis.com\/es\/wp-json\/wp\/v2\/users\/1"}],"replies":[{"embeddable":true,"href":"https:\/\/pvcsolis.com\/es\/wp-json\/wp\/v2\/comments?post=2712"}],"version-history":[{"count":0,"href":"https:\/\/pvcsolis.com\/es\/wp-json\/wp\/v2\/pages\/2712\/revisions"}],"wp:attachment":[{"href":"https:\/\/pvcsolis.com\/es\/wp-json\/wp\/v2\/media?parent=2712"}],"curies":[{"name":"wp","href":"https:\/\/api.w.org\/{rel}","templated":true}]}}