{"id":2707,"date":"2020-07-08T14:35:31","date_gmt":"2020-07-08T14:35:31","guid":{"rendered":"https:\/\/pvcsolis.com\/baranes\/"},"modified":"2021-01-25T14:56:53","modified_gmt":"2021-01-25T14:56:53","slug":"barandillas","status":"publish","type":"page","link":"https:\/\/pvcsolis.com\/es\/barandillas\/","title":{"rendered":"Barandillas"},"content":{"rendered":"<p>[vc_row type=\u00bbvc_default\u00bb css=\u00bb.vc_custom_1474268037787{margin-bottom: -30px !important;padding-bottom: 30px !important;}\u00bb][vc_column offset=\u00bbvc_col-lg-12 vc_col-md-12 vc_col-xs-12&#8243;]<style type=\"text\/css\" data-type=\"the7_shortcodes-inline-css\">.shortcode-single-image-wrap.shortcode-single-image-ba5245440eb78796df3a252cab1d1e89.enable-bg-rollover .rollover i,\n.shortcode-single-image-wrap.shortcode-single-image-ba5245440eb78796df3a252cab1d1e89.enable-bg-rollover .rollover-video i {\n  background: -webkit-linear-gradient();\n  background: linear-gradient();\n}\n.shortcode-single-image-wrap.shortcode-single-image-ba5245440eb78796df3a252cab1d1e89 .rollover-icon {\n  font-size: 32px;\n  color: #ffffff;\n  min-width: 44px;\n  min-height: 44px;\n  line-height: 44px;\n  border-radius: 100px;\n  border-style: solid;\n  border-width: 0px;\n}\n.dt-icon-bg-on.shortcode-single-image-wrap.shortcode-single-image-ba5245440eb78796df3a252cab1d1e89 .rollover-icon {\n  background: rgba(255,255,255,0.3);\n  box-shadow: none;\n}<\/style><div class=\"shortcode-single-image-wrap shortcode-single-image-ba5245440eb78796df3a252cab1d1e89 alignnone  vc_custom_1596010844751 enable-bg-rollover dt-icon-bg-off\" ><div class=\"shortcode-single-image\"><div class=\"fancy-media-wrap\" style=\"\"><img fetchpriority=\"high\" decoding=\"async\" class=\"preload-me aspect\" src=\"https:\/\/pvcsolis.com\/wp-content\/uploads\/2020\/07\/barana4-1000x500.jpg\" srcset=\"https:\/\/pvcsolis.com\/wp-content\/uploads\/2020\/07\/barana4-1000x500.jpg 1000w\" sizes=\"(max-width: 1000px) 100vw, 1000px\" width=\"1000\" height=\"500\"  data-dt-location=\"https:\/\/pvcsolis.com\/es\/baranes\/barana4\/\" style=\"--ratio: 1000 \/ 500;\" alt=\"\" \/><\/div><\/div><\/div><div id=\"ultimate-heading-656069e353e459b10\" class=\"uvc-heading ult-adjust-bottom-margin ultimate-heading-656069e353e459b10 uvc-3973 accent-border-color\" data-hspacer=\"line_only\"  data-halign=\"left\" style=\"text-align:left\"><div class=\"uvc-main-heading ult-responsive\"  data-ultimate-target='.uvc-heading.ultimate-heading-656069e353e459b10 h2'  data-responsive-json-new='{\"font-size\":\"desktop:26px;\",\"line-height\":\"desktop:36px;\"}' ><h2 style=\"font-weight:bold;\">Barandillas<\/h2><\/div><div class=\"uvc-heading-spacer line_only\" style=\"margin-top:15px;margin-bottom:30px;height:4px;\"><span class=\"uvc-headings-line\" style=\"border-style:solid;border-bottom-width:4px;border-color:;width:50px;\"><\/span><\/div><\/div>[vc_column_text css=\u00bb.vc_custom_1611586451211{padding-bottom: 60px !important;}\u00bb]En <em>PVC i Aluminis Solis<\/em>, empresa especializada en trabajos con PVC, <a href=\"https:\/\/pvcsolis.com\/es\/ventanas-aluminio\/\">aluminios<\/a> e inoxidables, llevamos muchos a\u00f1os dedicados al ofrecimiento del servicio de barandillas de todo tipo, brindando a nuestros clientes un servicio profesional y de calidad, con la atenci\u00f3n y dedicaci\u00f3n exclusivas de todo nuestro personal, acreditado por sus a\u00f1os de experiencia en el sector.<\/p>\n<p>La seriedad y el compromiso conforman nuestra manera de trabajar. Despu\u00e9s de a\u00f1os de investigaci\u00f3n y desarrollo, perfeccionando nuestro trabajo y gracias a los avances de la tecnolog\u00eda, hoy podemos ofrecer todo tipo de barandillas de alta calidad, adaptadas a las exigencias del mercado, con un dise\u00f1o \u00fanico y personalizado, garantizando la m\u00e1xima funcionalidad y practicidad de las mismas, en las mejores condiciones log\u00edsticas y de suministro por parte del equipo de <em>PVC i Aluminis Solis<\/em>.<\/p>\n<p>Las barandillas son un elemento indispensable de dise\u00f1o tanto para interiores como para exteriores. Nuestro compromiso con la calidad es total, por eso os ofrecemos las mejores barandillas, fabricadas y tratadas con los mejores materiales met\u00e1licos.<\/p>\n<p>En <em>PVC i Aluminis Solis<\/em> en Manresa, estamos siempre a vuestra disposici\u00f3n para resolver cualquier cuesti\u00f3n, ofrecer toda la informaci\u00f3n sobre nuestras barandillas, o cualquier otro servicio que os ofrecemos en nuestro trabajo, as\u00ed como las dudas que puedan plantearse, ofreciendo, por tanto, una atenci\u00f3n exclusiva y personalizada a todos y cada uno de nuestros clientes.[\/vc_column_text][\/vc_column][\/vc_row][vc_row][vc_column width=\u00bb1\/3&#8243;][vc_single_image image=\u00bb1904&#8243; img_size=\u00bbfull\u00bb alignment=\u00bbcenter\u00bb][\/vc_column][vc_column width=\u00bb1\/3&#8243;][vc_single_image image=\u00bb1902&#8243; img_size=\u00bbfull\u00bb alignment=\u00bbcenter\u00bb][\/vc_column][vc_column width=\u00bb1\/3&#8243;][vc_single_image image=\u00bb1901&#8243; img_size=\u00bbfull\u00bb alignment=\u00bbcenter\u00bb][\/vc_column][\/vc_row][vc_row][vc_column][vc_empty_space height=\u00bb45px\u00bb]<div id=\"ultimate-heading-405669e353e459b6d\" class=\"uvc-heading ult-adjust-bottom-margin ultimate-heading-405669e353e459b6d uvc-8787 accent-border-color\" data-hspacer=\"line_only\"  data-halign=\"left\" style=\"text-align:left\"><div class=\"uvc-main-heading ult-responsive\"  data-ultimate-target='.uvc-heading.ultimate-heading-405669e353e459b6d h2'  data-responsive-json-new='{\"font-size\":\"desktop:26px;\",\"line-height\":\"desktop:36px;\"}' ><h2 style=\"font-weight:bold;\">En vuestras barandillas velamos por...<\/h2><\/div><div class=\"uvc-heading-spacer line_only\" style=\"margin-top:15px;margin-bottom:40px;height:4px;\"><span class=\"uvc-headings-line\" style=\"border-style:solid;border-bottom-width:4px;border-color:;width:50px;\"><\/span><\/div><\/div>[vc_accordion active_tab=\u00bbfalse\u00bb style=\u00bb2&#8243;][vc_accordion_tab title=\u00bbEl mejor servicio al mejor precio\u00bb][vc_column_text css=\u00bb.vc_custom_1611586488141{background-color: #ffffff !important;}\u00bb]Siempre trabajamos teniendo en cuenta nuestra implicaci\u00f3n con el trabajo desarrollado, as\u00ed como con unos precios competitivos para el mercado.[\/vc_column_text][\/vc_accordion_tab][vc_accordion_tab title=\u00bbSoluciones fiables, econ\u00f3micas y eficientes\u00bb][vc_column_text css=\u00bb.vc_custom_1611586510885{background-color: #ffffff !important;}\u00bb]Nuestra empresa, <em>PVC i Aluminis Solis<\/em>, conformada por un equipo multidisciplinar de profesionales con amplia experiencia en los diferentes sectores y \u00e1mbitos a los que prestamos servicio, tiene como objetivo principal conseguir la plena satisfacci\u00f3n. Ofrecer el servicio necesario, personalizado y adecuado a cada uno de nuestros clientes en todos nuestros proyectos, bas\u00e1ndonos siempre en soluciones fiables, econ\u00f3micas y eficientes.[\/vc_column_text][\/vc_accordion_tab][vc_accordion_tab title=\u00bbPersonalizaci\u00f3n\u00bb][vc_column_text css=\u00bb.vc_custom_1611586544436{background-color: #ffffff !important;}\u00bb]Detr\u00e1s de cada producto hay una reflexi\u00f3n sobre las necesidades, exigencias, gustos y anhelos de las personas que contratan nuestros servicios.[\/vc_column_text][\/vc_accordion_tab][vc_accordion_tab title=\u00bbTodo lo que necesitas\u00bb][vc_column_text css=\u00bb.vc_custom_1611586581733{background-color: #ffffff !important;}\u00bb]Si deseas conocer m\u00e1s detalles sobre el servicio de barandillas que ofrecemos o sobre cualquier otro de nuestros productos, s\u00f3lo debes facilitarnos el tel\u00e9fono de <a href=\"https:\/\/pvcsolis.com\/es\/contacto\/\">contacto<\/a> y nosotros nos comunicaremos contigo para empezar a ganar en la instalaci\u00f3n de tus estructuras met\u00e1licas (barandillas, escaleras, puertas, etc.).[\/vc_column_text][\/vc_accordion_tab][\/vc_accordion][\/vc_column][\/vc_row]<\/p>\n","protected":false},"excerpt":{"rendered":"<p>[vc_row type=\u00bbvc_default\u00bb css=\u00bb.vc_custom_1474268037787{margin-bottom: -30px !important;padding-bottom: 30px !important;}\u00bb][vc_column offset=\u00bbvc_col-lg-12 vc_col-md-12 vc_col-xs-12&#8243;][vc_column_text css=\u00bb.vc_custom_1611586451211{padding-bottom: 60px !important;}\u00bb]En PVC i Aluminis Solis, empresa especializada en trabajos con PVC, aluminios e inoxidables, llevamos muchos a\u00f1os dedicados al ofrecimiento del servicio de barandillas de todo tipo, brindando a nuestros clientes un servicio profesional y de calidad, con la atenci\u00f3n y dedicaci\u00f3n exclusivas&hellip;<\/p>\n","protected":false},"author":1,"featured_media":0,"parent":0,"menu_order":0,"comment_status":"closed","ping_status":"closed","template":"","meta":{"footnotes":""},"class_list":["post-2707","page","type-page","status-publish","hentry","description-off"],"yoast_head":"<!-- This site is optimized with the Yoast SEO plugin v26.8 - https:\/\/yoast.com\/product\/yoast-seo-wordpress\/ -->\n<title>Barandillas - PVC y Aluminios Manresa<\/title>\n<meta name=\"description\" content=\"Especialistas en ventanas de PVC. Trabajos en aluminio. Servicio de persianas, barandillas... Pide tu presupuesto sin compromiso: 633481340.\" \/>\n<meta name=\"robots\" content=\"index, follow, max-snippet:-1, max-image-preview:large, max-video-preview:-1\" \/>\n<link rel=\"canonical\" href=\"https:\/\/pvcsolis.com\/es\/barandillas\/\" \/>\n<meta property=\"og:locale\" content=\"es_ES\" \/>\n<meta property=\"og:type\" content=\"article\" \/>\n<meta property=\"og:title\" content=\"Barandillas - PVC y Aluminios Manresa\" \/>\n<meta property=\"og:description\" content=\"Especialistas en ventanas de PVC. Trabajos en aluminio. Servicio de persianas, barandillas... Pide tu presupuesto sin compromiso: 633481340.\" \/>\n<meta property=\"og:url\" content=\"https:\/\/pvcsolis.com\/es\/barandillas\/\" \/>\n<meta property=\"og:site_name\" content=\"PVC y Aluminios Manresa\" \/>\n<meta property=\"article:modified_time\" content=\"2021-01-25T14:56:53+00:00\" \/>\n<meta name=\"twitter:card\" content=\"summary_large_image\" \/>\n<meta name=\"twitter:label1\" content=\"Tiempo de lectura\" \/>\n\t<meta name=\"twitter:data1\" content=\"3 minutos\" \/>\n<script type=\"application\/ld+json\" class=\"yoast-schema-graph\">{\"@context\":\"https:\/\/schema.org\",\"@graph\":[{\"@type\":\"WebPage\",\"@id\":\"https:\/\/pvcsolis.com\/es\/barandillas\/\",\"url\":\"https:\/\/pvcsolis.com\/es\/barandillas\/\",\"name\":\"Barandillas - PVC y Aluminios Manresa\",\"isPartOf\":{\"@id\":\"https:\/\/pvcsolis.com\/es\/#website\"},\"datePublished\":\"2020-07-08T14:35:31+00:00\",\"dateModified\":\"2021-01-25T14:56:53+00:00\",\"description\":\"Especialistas en ventanas de PVC. Trabajos en aluminio. Servicio de persianas, barandillas... Pide tu presupuesto sin compromiso: 633481340.\",\"breadcrumb\":{\"@id\":\"https:\/\/pvcsolis.com\/es\/barandillas\/#breadcrumb\"},\"inLanguage\":\"es\",\"potentialAction\":[{\"@type\":\"ReadAction\",\"target\":[\"https:\/\/pvcsolis.com\/es\/barandillas\/\"]}]},{\"@type\":\"BreadcrumbList\",\"@id\":\"https:\/\/pvcsolis.com\/es\/barandillas\/#breadcrumb\",\"itemListElement\":[{\"@type\":\"ListItem\",\"position\":1,\"name\":\"Portada\",\"item\":\"https:\/\/pvcsolis.com\/es\/\"},{\"@type\":\"ListItem\",\"position\":2,\"name\":\"Barandillas\"}]},{\"@type\":\"WebSite\",\"@id\":\"https:\/\/pvcsolis.com\/es\/#website\",\"url\":\"https:\/\/pvcsolis.com\/es\/\",\"name\":\"PVC y Aluminios Manresa\",\"description\":\"Instal\u00b7laci\u00f3 de PVC\",\"publisher\":{\"@id\":\"https:\/\/pvcsolis.com\/es\/#organization\"},\"potentialAction\":[{\"@type\":\"SearchAction\",\"target\":{\"@type\":\"EntryPoint\",\"urlTemplate\":\"https:\/\/pvcsolis.com\/es\/?s={search_term_string}\"},\"query-input\":{\"@type\":\"PropertyValueSpecification\",\"valueRequired\":true,\"valueName\":\"search_term_string\"}}],\"inLanguage\":\"es\"},{\"@type\":\"Organization\",\"@id\":\"https:\/\/pvcsolis.com\/es\/#organization\",\"name\":\"PVC y Aluminios Manresa\",\"url\":\"https:\/\/pvcsolis.com\/es\/\",\"logo\":{\"@type\":\"ImageObject\",\"inLanguage\":\"es\",\"@id\":\"https:\/\/pvcsolis.com\/es\/#\/schema\/logo\/image\/\",\"url\":\"https:\/\/pvcsolis.com\/wp-content\/uploads\/2020\/06\/pvc-y-aluminios-solis.png\",\"contentUrl\":\"https:\/\/pvcsolis.com\/wp-content\/uploads\/2020\/06\/pvc-y-aluminios-solis.png\",\"width\":70,\"height\":70,\"caption\":\"PVC y Aluminios Manresa\"},\"image\":{\"@id\":\"https:\/\/pvcsolis.com\/es\/#\/schema\/logo\/image\/\"}}]}<\/script>\n<!-- \/ Yoast SEO plugin. -->","yoast_head_json":{"title":"Barandillas - PVC y Aluminios Manresa","description":"Especialistas en ventanas de PVC. Trabajos en aluminio. Servicio de persianas, barandillas... Pide tu presupuesto sin compromiso: 633481340.","robots":{"index":"index","follow":"follow","max-snippet":"max-snippet:-1","max-image-preview":"max-image-preview:large","max-video-preview":"max-video-preview:-1"},"canonical":"https:\/\/pvcsolis.com\/es\/barandillas\/","og_locale":"es_ES","og_type":"article","og_title":"Barandillas - PVC y Aluminios Manresa","og_description":"Especialistas en ventanas de PVC. Trabajos en aluminio. Servicio de persianas, barandillas... Pide tu presupuesto sin compromiso: 633481340.","og_url":"https:\/\/pvcsolis.com\/es\/barandillas\/","og_site_name":"PVC y Aluminios Manresa","article_modified_time":"2021-01-25T14:56:53+00:00","twitter_card":"summary_large_image","twitter_misc":{"Tiempo de lectura":"3 minutos"},"schema":{"@context":"https:\/\/schema.org","@graph":[{"@type":"WebPage","@id":"https:\/\/pvcsolis.com\/es\/barandillas\/","url":"https:\/\/pvcsolis.com\/es\/barandillas\/","name":"Barandillas - PVC y Aluminios Manresa","isPartOf":{"@id":"https:\/\/pvcsolis.com\/es\/#website"},"datePublished":"2020-07-08T14:35:31+00:00","dateModified":"2021-01-25T14:56:53+00:00","description":"Especialistas en ventanas de PVC. Trabajos en aluminio. Servicio de persianas, barandillas... Pide tu presupuesto sin compromiso: 633481340.","breadcrumb":{"@id":"https:\/\/pvcsolis.com\/es\/barandillas\/#breadcrumb"},"inLanguage":"es","potentialAction":[{"@type":"ReadAction","target":["https:\/\/pvcsolis.com\/es\/barandillas\/"]}]},{"@type":"BreadcrumbList","@id":"https:\/\/pvcsolis.com\/es\/barandillas\/#breadcrumb","itemListElement":[{"@type":"ListItem","position":1,"name":"Portada","item":"https:\/\/pvcsolis.com\/es\/"},{"@type":"ListItem","position":2,"name":"Barandillas"}]},{"@type":"WebSite","@id":"https:\/\/pvcsolis.com\/es\/#website","url":"https:\/\/pvcsolis.com\/es\/","name":"PVC y Aluminios Manresa","description":"Instal\u00b7laci\u00f3 de PVC","publisher":{"@id":"https:\/\/pvcsolis.com\/es\/#organization"},"potentialAction":[{"@type":"SearchAction","target":{"@type":"EntryPoint","urlTemplate":"https:\/\/pvcsolis.com\/es\/?s={search_term_string}"},"query-input":{"@type":"PropertyValueSpecification","valueRequired":true,"valueName":"search_term_string"}}],"inLanguage":"es"},{"@type":"Organization","@id":"https:\/\/pvcsolis.com\/es\/#organization","name":"PVC y Aluminios Manresa","url":"https:\/\/pvcsolis.com\/es\/","logo":{"@type":"ImageObject","inLanguage":"es","@id":"https:\/\/pvcsolis.com\/es\/#\/schema\/logo\/image\/","url":"https:\/\/pvcsolis.com\/wp-content\/uploads\/2020\/06\/pvc-y-aluminios-solis.png","contentUrl":"https:\/\/pvcsolis.com\/wp-content\/uploads\/2020\/06\/pvc-y-aluminios-solis.png","width":70,"height":70,"caption":"PVC y Aluminios Manresa"},"image":{"@id":"https:\/\/pvcsolis.com\/es\/#\/schema\/logo\/image\/"}}]}},"_links":{"self":[{"href":"https:\/\/pvcsolis.com\/es\/wp-json\/wp\/v2\/pages\/2707","targetHints":{"allow":["GET"]}}],"collection":[{"href":"https:\/\/pvcsolis.com\/es\/wp-json\/wp\/v2\/pages"}],"about":[{"href":"https:\/\/pvcsolis.com\/es\/wp-json\/wp\/v2\/types\/page"}],"author":[{"embeddable":true,"href":"https:\/\/pvcsolis.com\/es\/wp-json\/wp\/v2\/users\/1"}],"replies":[{"embeddable":true,"href":"https:\/\/pvcsolis.com\/es\/wp-json\/wp\/v2\/comments?post=2707"}],"version-history":[{"count":0,"href":"https:\/\/pvcsolis.com\/es\/wp-json\/wp\/v2\/pages\/2707\/revisions"}],"wp:attachment":[{"href":"https:\/\/pvcsolis.com\/es\/wp-json\/wp\/v2\/media?parent=2707"}],"curies":[{"name":"wp","href":"https:\/\/api.w.org\/{rel}","templated":true}]}}