{"id":2703,"date":"2020-07-22T08:18:35","date_gmt":"2020-07-22T08:18:35","guid":{"rendered":"https:\/\/pvcsolis.com\/sostre-alumini\/"},"modified":"2021-01-25T14:41:10","modified_gmt":"2021-01-25T14:41:10","slug":"techos-de-aluminio","status":"publish","type":"page","link":"https:\/\/pvcsolis.com\/es\/techos-de-aluminio\/","title":{"rendered":"Techos de aluminio"},"content":{"rendered":"<p>[vc_row type=\u00bbvc_default\u00bb css=\u00bb.vc_custom_1474268037787{margin-bottom: -30px !important;padding-bottom: 30px !important;}\u00bb][vc_column offset=\u00bbvc_col-lg-12 vc_col-md-12 vc_col-xs-12&#8243;]<style type=\"text\/css\" data-type=\"the7_shortcodes-inline-css\">.shortcode-single-image-wrap.shortcode-single-image-4d2e42b74c75a2bbcca2bbb3e9fc74bf.enable-bg-rollover .rollover i,\n.shortcode-single-image-wrap.shortcode-single-image-4d2e42b74c75a2bbcca2bbb3e9fc74bf.enable-bg-rollover .rollover-video i {\n  background: -webkit-linear-gradient();\n  background: linear-gradient();\n}\n.shortcode-single-image-wrap.shortcode-single-image-4d2e42b74c75a2bbcca2bbb3e9fc74bf .rollover-icon {\n  font-size: 32px;\n  color: #ffffff;\n  min-width: 44px;\n  min-height: 44px;\n  line-height: 44px;\n  border-radius: 100px;\n  border-style: solid;\n  border-width: 0px;\n}\n.dt-icon-bg-on.shortcode-single-image-wrap.shortcode-single-image-4d2e42b74c75a2bbcca2bbb3e9fc74bf .rollover-icon {\n  background: rgba(255,255,255,0.3);\n  box-shadow: none;\n}<\/style><div class=\"shortcode-single-image-wrap shortcode-single-image-4d2e42b74c75a2bbcca2bbb3e9fc74bf alignnone  vc_custom_1595947326560 enable-bg-rollover dt-icon-bg-off\" ><div class=\"shortcode-single-image\"><div class=\"fancy-media-wrap\" style=\"\"><img fetchpriority=\"high\" decoding=\"async\" class=\"preload-me aspect\" src=\"https:\/\/pvcsolis.com\/wp-content\/uploads\/2020\/07\/techo-1000x500.jpg\" srcset=\"https:\/\/pvcsolis.com\/wp-content\/uploads\/2020\/07\/techo-1000x500.jpg 1000w, https:\/\/pvcsolis.com\/wp-content\/uploads\/2020\/07\/techo-1024x512.jpg 1024w\" sizes=\"(max-width: 1000px) 100vw, 1000px\" width=\"1000\" height=\"500\"  data-dt-location=\"https:\/\/pvcsolis.com\/es\/galeria\/techo\/\" style=\"--ratio: 1000 \/ 500;\" alt=\"\" \/><\/div><\/div><\/div><div id=\"ultimate-heading-510369e1511fbbced\" class=\"uvc-heading ult-adjust-bottom-margin ultimate-heading-510369e1511fbbced uvc-5443 accent-border-color\" data-hspacer=\"line_only\"  data-halign=\"left\" style=\"text-align:left\"><div class=\"uvc-main-heading ult-responsive\"  data-ultimate-target='.uvc-heading.ultimate-heading-510369e1511fbbced h2'  data-responsive-json-new='{\"font-size\":\"desktop:26px;\",\"line-height\":\"desktop:36px;\"}' ><h2 style=\"font-weight:bold;\">Techos de aluminio<\/h2><\/div><div class=\"uvc-heading-spacer line_only\" style=\"margin-top:15px;margin-bottom:30px;height:4px;\"><span class=\"uvc-headings-line\" style=\"border-style:solid;border-bottom-width:4px;border-color:;width:50px;\"><\/span><\/div><\/div>[vc_column_text css=\u00bb.vc_custom_1611585398601{padding-bottom: 60px !important;}\u00bb]En <em>PVC i Aluminis Solis<\/em>, empresa especializada en trabajos con <a href=\"https:\/\/pvcsolis.com\/es\/ventanas-aluminio\/\">aluminios<\/a>, os ofrecemos este servicio para la instalaci\u00f3n de techos exteriores de aluminio con una gran variedad de posibilidades, siempre adaptadas a vuestro espacio y vuestras necesidades.<\/p>\n<p>Los techos de aluminio son ideales para viviendas donde se dispone de una zona abierta, como patio, porche, terraza, \u00e1tico o similar, y se quiere aprovechar la zona entera -o parte de ella- para ampliar la vivienda. Llevar a cabo una instalaci\u00f3n de un techo en la terraza, \u00e1tico o patio (opci\u00f3n de la que tambi\u00e9n se benefician negocios del sector de la hosteler\u00eda, principalmente) se puede disfrutar mucho m\u00e1s del espacio exterior sin vernos afectados por la climatolog\u00eda y sin perder la sensaci\u00f3n de estar al aire libre.<\/p>\n<p>Las instalaciones de techos que llevamos a cabo desde <em>PVC i Aluminis Solis<\/em> son estructuras resistentes y seguras, que combinan a la perfecci\u00f3n con otros sistemas de carpinter\u00eda: abatibles, <a href=\"https:\/\/pvcsolis.com\/es\/ventanas-pvc-sistemas-practicables\/\">practicables<\/a>, <a href=\"https:\/\/pvcsolis.com\/es\/ventanas-pvc-sistemas-deslizantes\/\">deslizantes<\/a>, correderas, plegables&#8230;<\/p>\n<p>Una instalaci\u00f3n sencilla muy provechosa durante todo el a\u00f1o. Y es que, en nuestro af\u00e1n por mejorar y crecer d\u00eda a d\u00eda, hemos incorporado la m\u00e1s amplia gama de techos y cerramientos fijos y m\u00f3viles; cierres con las superficies m\u00e1s diversas: vidrio, policarbonato, metacrilato, cristal&#8230; Muchas opciones de techos de aluminio fijos y m\u00f3viles, adaptables a cualquier superficie.<\/p>\n<p>Adem\u00e1s, nuestros cierres ofrecen una amplia gama de acabados y colores, y se adecuan a cualquier dise\u00f1o arquitect\u00f3nico, con aperturas manuales y\/o motorizadas, con los m\u00e1s modernos avances tecnol\u00f3gicos para satisfacer, siempre, los deseos de nuestros clientes.[\/vc_column_text][\/vc_column][\/vc_row][vc_row][vc_column width=\u00bb1\/2&#8243;][vc_single_image image=\u00bb1851&#8243; img_size=\u00bbfull\u00bb alignment=\u00bbcenter\u00bb][\/vc_column][vc_column width=\u00bb1\/2&#8243;][vc_single_image image=\u00bb1852&#8243; img_size=\u00bbfull\u00bb alignment=\u00bbcenter\u00bb][\/vc_column][\/vc_row][vc_row][vc_column][vc_empty_space height=\u00bb45px\u00bb]<div id=\"ultimate-heading-313069e1511fbbd56\" class=\"uvc-heading ult-adjust-bottom-margin ultimate-heading-313069e1511fbbd56 uvc-9006 accent-border-color\" data-hspacer=\"line_only\"  data-halign=\"left\" style=\"text-align:left\"><div class=\"uvc-main-heading ult-responsive\"  data-ultimate-target='.uvc-heading.ultimate-heading-313069e1511fbbd56 h2'  data-responsive-json-new='{\"font-size\":\"desktop:26px;\",\"line-height\":\"desktop:36px;\"}' ><h2 style=\"font-weight:bold;\">En vuestros techos de aluminio velamos por...<\/h2><\/div><div class=\"uvc-heading-spacer line_only\" style=\"margin-top:15px;margin-bottom:40px;height:4px;\"><span class=\"uvc-headings-line\" style=\"border-style:solid;border-bottom-width:4px;border-color:;width:50px;\"><\/span><\/div><\/div>[vc_accordion active_tab=\u00bbfalse\u00bb style=\u00bb2&#8243;][vc_accordion_tab title=\u00bbVariedad de posibilidades\u00bb][vc_column_text css=\u00bb.vc_custom_1611585436190{background-color: #ffffff !important;}\u00bb]No s\u00f3lo techos de aluminio. Tambi\u00e9n buscamos los materiales que precisan nuestros clientes seg\u00fan sus necesidades.[\/vc_column_text][\/vc_accordion_tab][vc_accordion_tab title=\u00bbSoluciones eficientes\u00bb][vc_column_text css=\u00bb.vc_custom_1611585457606{background-color: #ffffff !important;}\u00bb]Porque a todos nos gusta disfrutar del exterior, m\u00e1s si tenemos espacio. Nuestros techos son fabricados con materiales de calidad, resistente y con eficacia demostrada, para aislarnos de las inclemencias del tiempo y protegernos.[\/vc_column_text][\/vc_accordion_tab][vc_accordion_tab title=\u00bbOpciones para todos los gustos\u00bb][vc_column_text css=\u00bb.vc_custom_1611585479157{background-color: #ffffff !important;}\u00bb]Materiales diferentes, colores diversos, automatizaci\u00f3n disponible&#8230; Tanto para el sector privado y particular como para aquellos negocios que necesiten de su instalaci\u00f3n para no dejar de ofrecer sus servicios.[\/vc_column_text][\/vc_accordion_tab][vc_accordion_tab title=\u00bbProfesionalidad garantizada\u00bb][vc_column_text css=\u00bb.vc_custom_1611585516157{background-color: #ffffff !important;}\u00bb]Si dese\u00e1is saber sobre el servicio de techos de aluminio que os ofrecemos facilitadnos vuestro tel\u00e9fono de<a href=\"https:\/\/pvcsolis.com\/es\/contacto\/\"> contacto<\/a> y nosotros nos pondremos en contacto con vosotros para empezar a ganar en la instalaci\u00f3n de estas estructuras tan polivalentes.[\/vc_column_text][\/vc_accordion_tab][\/vc_accordion][\/vc_column][\/vc_row]<\/p>\n","protected":false},"excerpt":{"rendered":"<p>[vc_row type=\u00bbvc_default\u00bb css=\u00bb.vc_custom_1474268037787{margin-bottom: -30px !important;padding-bottom: 30px !important;}\u00bb][vc_column offset=\u00bbvc_col-lg-12 vc_col-md-12 vc_col-xs-12&#8243;][vc_column_text css=\u00bb.vc_custom_1611585398601{padding-bottom: 60px !important;}\u00bb]En PVC i Aluminis Solis, empresa especializada en trabajos con aluminios, os ofrecemos este servicio para la instalaci\u00f3n de techos exteriores de aluminio con una gran variedad de posibilidades, siempre adaptadas a vuestro espacio y vuestras necesidades. Los techos de aluminio son ideales&hellip;<\/p>\n","protected":false},"author":1,"featured_media":0,"parent":0,"menu_order":0,"comment_status":"closed","ping_status":"closed","template":"","meta":{"footnotes":""},"class_list":["post-2703","page","type-page","status-publish","hentry","description-off"],"yoast_head":"<!-- This site is optimized with the Yoast SEO plugin v26.8 - https:\/\/yoast.com\/product\/yoast-seo-wordpress\/ -->\n<title>Techos de aluminio - PVC y Aluminios Manresa<\/title>\n<meta name=\"description\" content=\"Especialistas en ventanas de PVC. Trabajos en aluminio. Servicios: techos de aluminio, rejas... Pide tu presupuesto sin compromiso: 633481340\" \/>\n<meta name=\"robots\" content=\"index, follow, max-snippet:-1, max-image-preview:large, max-video-preview:-1\" \/>\n<link rel=\"canonical\" href=\"https:\/\/pvcsolis.com\/es\/techos-de-aluminio\/\" \/>\n<meta property=\"og:locale\" content=\"es_ES\" \/>\n<meta property=\"og:type\" content=\"article\" \/>\n<meta property=\"og:title\" content=\"Techos de aluminio - PVC y Aluminios Manresa\" \/>\n<meta property=\"og:description\" content=\"Especialistas en ventanas de PVC. Trabajos en aluminio. Servicios: techos de aluminio, rejas... Pide tu presupuesto sin compromiso: 633481340\" \/>\n<meta property=\"og:url\" content=\"https:\/\/pvcsolis.com\/es\/techos-de-aluminio\/\" \/>\n<meta property=\"og:site_name\" content=\"PVC y Aluminios Manresa\" \/>\n<meta property=\"article:modified_time\" content=\"2021-01-25T14:41:10+00:00\" \/>\n<meta name=\"twitter:card\" content=\"summary_large_image\" \/>\n<meta name=\"twitter:label1\" content=\"Tiempo de lectura\" \/>\n\t<meta name=\"twitter:data1\" content=\"2 minutos\" \/>\n<script type=\"application\/ld+json\" class=\"yoast-schema-graph\">{\"@context\":\"https:\/\/schema.org\",\"@graph\":[{\"@type\":\"WebPage\",\"@id\":\"https:\/\/pvcsolis.com\/es\/techos-de-aluminio\/\",\"url\":\"https:\/\/pvcsolis.com\/es\/techos-de-aluminio\/\",\"name\":\"Techos de aluminio - PVC y Aluminios Manresa\",\"isPartOf\":{\"@id\":\"https:\/\/pvcsolis.com\/es\/#website\"},\"datePublished\":\"2020-07-22T08:18:35+00:00\",\"dateModified\":\"2021-01-25T14:41:10+00:00\",\"description\":\"Especialistas en ventanas de PVC. Trabajos en aluminio. Servicios: techos de aluminio, rejas... Pide tu presupuesto sin compromiso: 633481340\",\"breadcrumb\":{\"@id\":\"https:\/\/pvcsolis.com\/es\/techos-de-aluminio\/#breadcrumb\"},\"inLanguage\":\"es\",\"potentialAction\":[{\"@type\":\"ReadAction\",\"target\":[\"https:\/\/pvcsolis.com\/es\/techos-de-aluminio\/\"]}]},{\"@type\":\"BreadcrumbList\",\"@id\":\"https:\/\/pvcsolis.com\/es\/techos-de-aluminio\/#breadcrumb\",\"itemListElement\":[{\"@type\":\"ListItem\",\"position\":1,\"name\":\"Portada\",\"item\":\"https:\/\/pvcsolis.com\/es\/\"},{\"@type\":\"ListItem\",\"position\":2,\"name\":\"Techos de aluminio\"}]},{\"@type\":\"WebSite\",\"@id\":\"https:\/\/pvcsolis.com\/es\/#website\",\"url\":\"https:\/\/pvcsolis.com\/es\/\",\"name\":\"PVC y Aluminios Manresa\",\"description\":\"Instal\u00b7laci\u00f3 de PVC\",\"publisher\":{\"@id\":\"https:\/\/pvcsolis.com\/es\/#organization\"},\"potentialAction\":[{\"@type\":\"SearchAction\",\"target\":{\"@type\":\"EntryPoint\",\"urlTemplate\":\"https:\/\/pvcsolis.com\/es\/?s={search_term_string}\"},\"query-input\":{\"@type\":\"PropertyValueSpecification\",\"valueRequired\":true,\"valueName\":\"search_term_string\"}}],\"inLanguage\":\"es\"},{\"@type\":\"Organization\",\"@id\":\"https:\/\/pvcsolis.com\/es\/#organization\",\"name\":\"PVC y Aluminios Manresa\",\"url\":\"https:\/\/pvcsolis.com\/es\/\",\"logo\":{\"@type\":\"ImageObject\",\"inLanguage\":\"es\",\"@id\":\"https:\/\/pvcsolis.com\/es\/#\/schema\/logo\/image\/\",\"url\":\"https:\/\/pvcsolis.com\/wp-content\/uploads\/2020\/06\/pvc-y-aluminios-solis.png\",\"contentUrl\":\"https:\/\/pvcsolis.com\/wp-content\/uploads\/2020\/06\/pvc-y-aluminios-solis.png\",\"width\":70,\"height\":70,\"caption\":\"PVC y Aluminios Manresa\"},\"image\":{\"@id\":\"https:\/\/pvcsolis.com\/es\/#\/schema\/logo\/image\/\"}}]}<\/script>\n<!-- \/ Yoast SEO plugin. -->","yoast_head_json":{"title":"Techos de aluminio - PVC y Aluminios Manresa","description":"Especialistas en ventanas de PVC. Trabajos en aluminio. Servicios: techos de aluminio, rejas... Pide tu presupuesto sin compromiso: 633481340","robots":{"index":"index","follow":"follow","max-snippet":"max-snippet:-1","max-image-preview":"max-image-preview:large","max-video-preview":"max-video-preview:-1"},"canonical":"https:\/\/pvcsolis.com\/es\/techos-de-aluminio\/","og_locale":"es_ES","og_type":"article","og_title":"Techos de aluminio - PVC y Aluminios Manresa","og_description":"Especialistas en ventanas de PVC. Trabajos en aluminio. Servicios: techos de aluminio, rejas... Pide tu presupuesto sin compromiso: 633481340","og_url":"https:\/\/pvcsolis.com\/es\/techos-de-aluminio\/","og_site_name":"PVC y Aluminios Manresa","article_modified_time":"2021-01-25T14:41:10+00:00","twitter_card":"summary_large_image","twitter_misc":{"Tiempo de lectura":"2 minutos"},"schema":{"@context":"https:\/\/schema.org","@graph":[{"@type":"WebPage","@id":"https:\/\/pvcsolis.com\/es\/techos-de-aluminio\/","url":"https:\/\/pvcsolis.com\/es\/techos-de-aluminio\/","name":"Techos de aluminio - PVC y Aluminios Manresa","isPartOf":{"@id":"https:\/\/pvcsolis.com\/es\/#website"},"datePublished":"2020-07-22T08:18:35+00:00","dateModified":"2021-01-25T14:41:10+00:00","description":"Especialistas en ventanas de PVC. Trabajos en aluminio. Servicios: techos de aluminio, rejas... Pide tu presupuesto sin compromiso: 633481340","breadcrumb":{"@id":"https:\/\/pvcsolis.com\/es\/techos-de-aluminio\/#breadcrumb"},"inLanguage":"es","potentialAction":[{"@type":"ReadAction","target":["https:\/\/pvcsolis.com\/es\/techos-de-aluminio\/"]}]},{"@type":"BreadcrumbList","@id":"https:\/\/pvcsolis.com\/es\/techos-de-aluminio\/#breadcrumb","itemListElement":[{"@type":"ListItem","position":1,"name":"Portada","item":"https:\/\/pvcsolis.com\/es\/"},{"@type":"ListItem","position":2,"name":"Techos de aluminio"}]},{"@type":"WebSite","@id":"https:\/\/pvcsolis.com\/es\/#website","url":"https:\/\/pvcsolis.com\/es\/","name":"PVC y Aluminios Manresa","description":"Instal\u00b7laci\u00f3 de PVC","publisher":{"@id":"https:\/\/pvcsolis.com\/es\/#organization"},"potentialAction":[{"@type":"SearchAction","target":{"@type":"EntryPoint","urlTemplate":"https:\/\/pvcsolis.com\/es\/?s={search_term_string}"},"query-input":{"@type":"PropertyValueSpecification","valueRequired":true,"valueName":"search_term_string"}}],"inLanguage":"es"},{"@type":"Organization","@id":"https:\/\/pvcsolis.com\/es\/#organization","name":"PVC y Aluminios Manresa","url":"https:\/\/pvcsolis.com\/es\/","logo":{"@type":"ImageObject","inLanguage":"es","@id":"https:\/\/pvcsolis.com\/es\/#\/schema\/logo\/image\/","url":"https:\/\/pvcsolis.com\/wp-content\/uploads\/2020\/06\/pvc-y-aluminios-solis.png","contentUrl":"https:\/\/pvcsolis.com\/wp-content\/uploads\/2020\/06\/pvc-y-aluminios-solis.png","width":70,"height":70,"caption":"PVC y Aluminios Manresa"},"image":{"@id":"https:\/\/pvcsolis.com\/es\/#\/schema\/logo\/image\/"}}]}},"_links":{"self":[{"href":"https:\/\/pvcsolis.com\/es\/wp-json\/wp\/v2\/pages\/2703","targetHints":{"allow":["GET"]}}],"collection":[{"href":"https:\/\/pvcsolis.com\/es\/wp-json\/wp\/v2\/pages"}],"about":[{"href":"https:\/\/pvcsolis.com\/es\/wp-json\/wp\/v2\/types\/page"}],"author":[{"embeddable":true,"href":"https:\/\/pvcsolis.com\/es\/wp-json\/wp\/v2\/users\/1"}],"replies":[{"embeddable":true,"href":"https:\/\/pvcsolis.com\/es\/wp-json\/wp\/v2\/comments?post=2703"}],"version-history":[{"count":0,"href":"https:\/\/pvcsolis.com\/es\/wp-json\/wp\/v2\/pages\/2703\/revisions"}],"wp:attachment":[{"href":"https:\/\/pvcsolis.com\/es\/wp-json\/wp\/v2\/media?parent=2703"}],"curies":[{"name":"wp","href":"https:\/\/api.w.org\/{rel}","templated":true}]}}