{"id":2699,"date":"2020-07-08T12:00:20","date_gmt":"2020-07-08T12:00:20","guid":{"rendered":"https:\/\/pvcsolis.com\/mosquiteres\/"},"modified":"2021-01-25T14:30:39","modified_gmt":"2021-01-25T14:30:39","slug":"mosquiteras","status":"publish","type":"page","link":"https:\/\/pvcsolis.com\/es\/mosquiteras\/","title":{"rendered":"Mosquiteras"},"content":{"rendered":"<p>[vc_row type=\u00bbvc_default\u00bb css=\u00bb.vc_custom_1474268037787{margin-bottom: -30px !important;padding-bottom: 30px !important;}\u00bb][vc_column offset=\u00bbvc_col-lg-12 vc_col-md-12 vc_col-xs-12&#8243;]<style type=\"text\/css\" data-type=\"the7_shortcodes-inline-css\">.shortcode-single-image-wrap.shortcode-single-image-a6c9f9483ba7e181ff0c9d832ef9da40.enable-bg-rollover .rollover i,\n.shortcode-single-image-wrap.shortcode-single-image-a6c9f9483ba7e181ff0c9d832ef9da40.enable-bg-rollover .rollover-video i {\n  background: -webkit-linear-gradient();\n  background: linear-gradient();\n}\n.shortcode-single-image-wrap.shortcode-single-image-a6c9f9483ba7e181ff0c9d832ef9da40 .rollover-icon {\n  font-size: 32px;\n  color: #ffffff;\n  min-width: 44px;\n  min-height: 44px;\n  line-height: 44px;\n  border-radius: 100px;\n  border-style: solid;\n  border-width: 0px;\n}\n.dt-icon-bg-on.shortcode-single-image-wrap.shortcode-single-image-a6c9f9483ba7e181ff0c9d832ef9da40 .rollover-icon {\n  background: rgba(255,255,255,0.3);\n  box-shadow: none;\n}<\/style><div class=\"shortcode-single-image-wrap shortcode-single-image-a6c9f9483ba7e181ff0c9d832ef9da40 alignnone  vc_custom_1594208855361 enable-bg-rollover dt-icon-bg-off\" ><div class=\"shortcode-single-image\"><div class=\"fancy-media-wrap\" style=\"\"><img fetchpriority=\"high\" decoding=\"async\" class=\"preload-me aspect\" src=\"https:\/\/pvcsolis.com\/wp-content\/uploads\/2020\/07\/mosquitera-1000x500.jpg\" srcset=\"https:\/\/pvcsolis.com\/wp-content\/uploads\/2020\/07\/mosquitera-1000x500.jpg 1000w, https:\/\/pvcsolis.com\/wp-content\/uploads\/2020\/07\/mosquitera-1370x685.jpg 1370w\" sizes=\"(max-width: 1000px) 100vw, 1000px\" width=\"1000\" height=\"500\"  data-dt-location=\"https:\/\/pvcsolis.com\/es\/mosquiteres\/mosquitera\/\" style=\"--ratio: 1000 \/ 500;\" alt=\"\" \/><\/div><\/div><\/div><div id=\"ultimate-heading-512869ec3b619271f\" class=\"uvc-heading ult-adjust-bottom-margin ultimate-heading-512869ec3b619271f uvc-5986 accent-border-color\" data-hspacer=\"line_only\"  data-halign=\"left\" style=\"text-align:left\"><div class=\"uvc-main-heading ult-responsive\"  data-ultimate-target='.uvc-heading.ultimate-heading-512869ec3b619271f h2'  data-responsive-json-new='{\"font-size\":\"desktop:26px;\",\"line-height\":\"desktop:36px;\"}' ><h2 style=\"font-weight:bold;\">Mosquiteras<\/h2><\/div><div class=\"uvc-heading-spacer line_only\" style=\"margin-top:15px;margin-bottom:30px;height:4px;\"><span class=\"uvc-headings-line\" style=\"border-style:solid;border-bottom-width:4px;border-color:;width:50px;\"><\/span><\/div><\/div>[vc_column_text css=\u00bb.vc_custom_1611584890668{padding-bottom: 60px !important;}\u00bb]Las mosquiteras son uno de los elementos m\u00e1s importantes de los que disponemos a d\u00eda de hoy a la hora de complementar nuestras ventanas y puertas. Su uso y su ventajosa utilidad han ayudado a este rasgo para este aumento a lo largo del tiempo. M\u00e1s utilizadas que nunca cuando se acerca el buen tiempo y empezamos a abrir puertas y ventanas para que la brisa y la frescura del exterior penetren en el interior de nuestra casa y nos a\u00edslen de insectos y otros elementos molestos, tambi\u00e9n son de gran utilidad durante el invierno y un complemento indispensable en casa.<\/p>\n<p>En <em>PVC i Aluminis Solis<\/em>, somos expertos en la instalaci\u00f3n de las mejores mosquiteras en Manresa, con una fuerte concurrencia en el resto del territorio catal\u00e1n y una presencia muy marcada en toda el \u00e1rea de Barcelona. Especializados en la instalaci\u00f3n de mosquiteras, para cualquier tipo de ventana o puerta; los integrantes de esta empresa, <em>PVC i Aluminis Solis<\/em>, nos hemos caracterizado por ofrecer un servicio en mosquiteras de calidad, con completa garant\u00eda en la prestaci\u00f3n de nuestros servicios. Es por ello, que en <em>PVC i Aluminis Solis<\/em> encontrar\u00e9is los mejores materiales e innovaciones tecnol\u00f3gicas para la instalaci\u00f3n de vuestras mosquiteras con la m\u00e1xima calidad.[\/vc_column_text][\/vc_column][\/vc_row][vc_row][vc_column width=\u00bb1\/3&#8243;][vc_single_image image=\u00bb1891&#8243; img_size=\u00bbfull\u00bb alignment=\u00bbcenter\u00bb][\/vc_column][vc_column width=\u00bb1\/3&#8243;][vc_single_image image=\u00bb1892&#8243; img_size=\u00bbfull\u00bb alignment=\u00bbcenter\u00bb][\/vc_column][vc_column width=\u00bb1\/3&#8243;][vc_single_image image=\u00bb1893&#8243; img_size=\u00bbfull\u00bb alignment=\u00bbcenter\u00bb][\/vc_column][\/vc_row][vc_row][vc_column][vc_empty_space height=\u00bb45px\u00bb]<div id=\"ultimate-heading-293569ec3b6192770\" class=\"uvc-heading ult-adjust-bottom-margin ultimate-heading-293569ec3b6192770 uvc-8069 accent-border-color\" data-hspacer=\"line_only\"  data-halign=\"left\" style=\"text-align:left\"><div class=\"uvc-main-heading ult-responsive\"  data-ultimate-target='.uvc-heading.ultimate-heading-293569ec3b6192770 h2'  data-responsive-json-new='{\"font-size\":\"desktop:26px;\",\"line-height\":\"desktop:36px;\"}' ><h2 style=\"font-weight:bold;\">En vuestras mosquiteras velamos por...<\/h2><\/div><div class=\"uvc-heading-spacer line_only\" style=\"margin-top:15px;margin-bottom:40px;height:4px;\"><span class=\"uvc-headings-line\" style=\"border-style:solid;border-bottom-width:4px;border-color:;width:50px;\"><\/span><\/div><\/div>[vc_accordion active_tab=\u00bbfalse\u00bb style=\u00bb2&#8243;][vc_accordion_tab title=\u00bbProfesionalidad\u00bb][vc_column_text css=\u00bb.vc_custom_1611584926744{background-color: #ffffff !important;}\u00bb]Los profesionales que integran nuestra empresa <em>PVC i Aluminis Solis<\/em> son t\u00e9cnicos expertos en cada uno de los servicios que ofrecemos, en este caso en la instalaci\u00f3n de mosquiteras de cualquier tipo, para toda ventana o puerta. Profesionales que trabajan bajo los valores de la empresa, con toda la responsabilidad y confianza de demostrar la exigencia que nosotros mismos pedimos para el ofrecimiento de cualquier servicio.[\/vc_column_text][\/vc_accordion_tab][vc_accordion_tab title=\u00bbInnovaci\u00f3n y calidad\u00bb][vc_column_text css=\u00bb.vc_custom_1611584949543{background-color: #ffffff !important;}\u00bb]En <em>PVC i Aluminis Solis<\/em>, velamos por ofrecer siempre el mejor servicio a todos y cada uno de nuestros clientes, utilizando los productos m\u00e1s nuevos y los mejores materiales, as\u00ed como las t\u00e9cnicas de instalaci\u00f3n m\u00e1s modernas e innovadoras, de \u00faltima generaci\u00f3n.[\/vc_column_text][\/vc_accordion_tab][vc_accordion_tab title=\u00bbResponder a vuestras necesidades\u00bb][vc_column_text css=\u00bb.vc_custom_1611584972237{background-color: #ffffff !important;}\u00bb]Si has pensado en cambiar o instalar mosquiteras para tus puertas y persianas, no hace falta que busca m\u00e1s. Conf\u00eda en el servicio de mosquiteras para puertas y ventanas de cualquier tipo, que te ofrecemos en <em>PVC i Aluminis Solis<\/em>.[\/vc_column_text][\/vc_accordion_tab][vc_accordion_tab title=\u00bbServicio al cliente personalizado\u00bb][vc_column_text css=\u00bb.vc_custom_1611585007070{background-color: #ffffff !important;}\u00bb]Dejadnos vuestro n\u00famero de tel\u00e9fono en el <a href=\"https:\/\/pvcsolis.com\/es\/contacto\/\">formulario de contacto<\/a> y nosotros mismos os llamaremos gratuitamente, sin ning\u00fan tipo de compromiso, para desarrollar el proyecto que siempre hab\u00e9is deseado, al mejor precio del mercado.[\/vc_column_text][\/vc_accordion_tab][\/vc_accordion][\/vc_column][\/vc_row]<\/p>\n","protected":false},"excerpt":{"rendered":"<p>[vc_row type=\u00bbvc_default\u00bb css=\u00bb.vc_custom_1474268037787{margin-bottom: -30px !important;padding-bottom: 30px !important;}\u00bb][vc_column offset=\u00bbvc_col-lg-12 vc_col-md-12 vc_col-xs-12&#8243;][vc_column_text css=\u00bb.vc_custom_1611584890668{padding-bottom: 60px !important;}\u00bb]Las mosquiteras son uno de los elementos m\u00e1s importantes de los que disponemos a d\u00eda de hoy a la hora de complementar nuestras ventanas y puertas. Su uso y su ventajosa utilidad han ayudado a este rasgo para este aumento a lo largo&hellip;<\/p>\n","protected":false},"author":1,"featured_media":0,"parent":0,"menu_order":0,"comment_status":"closed","ping_status":"closed","template":"","meta":{"footnotes":""},"class_list":["post-2699","page","type-page","status-publish","hentry","description-off"],"yoast_head":"<!-- This site is optimized with the Yoast SEO plugin v26.8 - https:\/\/yoast.com\/product\/yoast-seo-wordpress\/ -->\n<title>Mosquiteras - PVC y Aluminios Manresa<\/title>\n<meta name=\"description\" content=\"Especialistas en ventanas de PVC. Trabajos en aluminio. Servicio de persianas, mosquiteras... Pide tu presupuesto sin compromiso: 633481340.\" \/>\n<meta name=\"robots\" content=\"index, follow, max-snippet:-1, max-image-preview:large, max-video-preview:-1\" \/>\n<link rel=\"canonical\" href=\"https:\/\/pvcsolis.com\/es\/mosquiteras\/\" \/>\n<meta property=\"og:locale\" content=\"es_ES\" \/>\n<meta property=\"og:type\" content=\"article\" \/>\n<meta property=\"og:title\" content=\"Mosquiteras - PVC y Aluminios Manresa\" \/>\n<meta property=\"og:description\" content=\"Especialistas en ventanas de PVC. Trabajos en aluminio. Servicio de persianas, mosquiteras... Pide tu presupuesto sin compromiso: 633481340.\" \/>\n<meta property=\"og:url\" content=\"https:\/\/pvcsolis.com\/es\/mosquiteras\/\" \/>\n<meta property=\"og:site_name\" content=\"PVC y Aluminios Manresa\" \/>\n<meta property=\"article:modified_time\" content=\"2021-01-25T14:30:39+00:00\" \/>\n<meta name=\"twitter:card\" content=\"summary_large_image\" \/>\n<meta name=\"twitter:label1\" content=\"Tiempo de lectura\" \/>\n\t<meta name=\"twitter:data1\" content=\"3 minutos\" \/>\n<script type=\"application\/ld+json\" class=\"yoast-schema-graph\">{\"@context\":\"https:\/\/schema.org\",\"@graph\":[{\"@type\":\"WebPage\",\"@id\":\"https:\/\/pvcsolis.com\/es\/mosquiteras\/\",\"url\":\"https:\/\/pvcsolis.com\/es\/mosquiteras\/\",\"name\":\"Mosquiteras - PVC y Aluminios Manresa\",\"isPartOf\":{\"@id\":\"https:\/\/pvcsolis.com\/es\/#website\"},\"datePublished\":\"2020-07-08T12:00:20+00:00\",\"dateModified\":\"2021-01-25T14:30:39+00:00\",\"description\":\"Especialistas en ventanas de PVC. Trabajos en aluminio. Servicio de persianas, mosquiteras... Pide tu presupuesto sin compromiso: 633481340.\",\"breadcrumb\":{\"@id\":\"https:\/\/pvcsolis.com\/es\/mosquiteras\/#breadcrumb\"},\"inLanguage\":\"es\",\"potentialAction\":[{\"@type\":\"ReadAction\",\"target\":[\"https:\/\/pvcsolis.com\/es\/mosquiteras\/\"]}]},{\"@type\":\"BreadcrumbList\",\"@id\":\"https:\/\/pvcsolis.com\/es\/mosquiteras\/#breadcrumb\",\"itemListElement\":[{\"@type\":\"ListItem\",\"position\":1,\"name\":\"Portada\",\"item\":\"https:\/\/pvcsolis.com\/es\/\"},{\"@type\":\"ListItem\",\"position\":2,\"name\":\"Mosquiteras\"}]},{\"@type\":\"WebSite\",\"@id\":\"https:\/\/pvcsolis.com\/es\/#website\",\"url\":\"https:\/\/pvcsolis.com\/es\/\",\"name\":\"PVC y Aluminios Manresa\",\"description\":\"Instal\u00b7laci\u00f3 de PVC\",\"publisher\":{\"@id\":\"https:\/\/pvcsolis.com\/es\/#organization\"},\"potentialAction\":[{\"@type\":\"SearchAction\",\"target\":{\"@type\":\"EntryPoint\",\"urlTemplate\":\"https:\/\/pvcsolis.com\/es\/?s={search_term_string}\"},\"query-input\":{\"@type\":\"PropertyValueSpecification\",\"valueRequired\":true,\"valueName\":\"search_term_string\"}}],\"inLanguage\":\"es\"},{\"@type\":\"Organization\",\"@id\":\"https:\/\/pvcsolis.com\/es\/#organization\",\"name\":\"PVC y Aluminios Manresa\",\"url\":\"https:\/\/pvcsolis.com\/es\/\",\"logo\":{\"@type\":\"ImageObject\",\"inLanguage\":\"es\",\"@id\":\"https:\/\/pvcsolis.com\/es\/#\/schema\/logo\/image\/\",\"url\":\"https:\/\/pvcsolis.com\/wp-content\/uploads\/2020\/06\/pvc-y-aluminios-solis.png\",\"contentUrl\":\"https:\/\/pvcsolis.com\/wp-content\/uploads\/2020\/06\/pvc-y-aluminios-solis.png\",\"width\":70,\"height\":70,\"caption\":\"PVC y Aluminios Manresa\"},\"image\":{\"@id\":\"https:\/\/pvcsolis.com\/es\/#\/schema\/logo\/image\/\"}}]}<\/script>\n<!-- \/ Yoast SEO plugin. -->","yoast_head_json":{"title":"Mosquiteras - PVC y Aluminios Manresa","description":"Especialistas en ventanas de PVC. Trabajos en aluminio. Servicio de persianas, mosquiteras... Pide tu presupuesto sin compromiso: 633481340.","robots":{"index":"index","follow":"follow","max-snippet":"max-snippet:-1","max-image-preview":"max-image-preview:large","max-video-preview":"max-video-preview:-1"},"canonical":"https:\/\/pvcsolis.com\/es\/mosquiteras\/","og_locale":"es_ES","og_type":"article","og_title":"Mosquiteras - PVC y Aluminios Manresa","og_description":"Especialistas en ventanas de PVC. Trabajos en aluminio. Servicio de persianas, mosquiteras... Pide tu presupuesto sin compromiso: 633481340.","og_url":"https:\/\/pvcsolis.com\/es\/mosquiteras\/","og_site_name":"PVC y Aluminios Manresa","article_modified_time":"2021-01-25T14:30:39+00:00","twitter_card":"summary_large_image","twitter_misc":{"Tiempo de lectura":"3 minutos"},"schema":{"@context":"https:\/\/schema.org","@graph":[{"@type":"WebPage","@id":"https:\/\/pvcsolis.com\/es\/mosquiteras\/","url":"https:\/\/pvcsolis.com\/es\/mosquiteras\/","name":"Mosquiteras - PVC y Aluminios Manresa","isPartOf":{"@id":"https:\/\/pvcsolis.com\/es\/#website"},"datePublished":"2020-07-08T12:00:20+00:00","dateModified":"2021-01-25T14:30:39+00:00","description":"Especialistas en ventanas de PVC. Trabajos en aluminio. Servicio de persianas, mosquiteras... Pide tu presupuesto sin compromiso: 633481340.","breadcrumb":{"@id":"https:\/\/pvcsolis.com\/es\/mosquiteras\/#breadcrumb"},"inLanguage":"es","potentialAction":[{"@type":"ReadAction","target":["https:\/\/pvcsolis.com\/es\/mosquiteras\/"]}]},{"@type":"BreadcrumbList","@id":"https:\/\/pvcsolis.com\/es\/mosquiteras\/#breadcrumb","itemListElement":[{"@type":"ListItem","position":1,"name":"Portada","item":"https:\/\/pvcsolis.com\/es\/"},{"@type":"ListItem","position":2,"name":"Mosquiteras"}]},{"@type":"WebSite","@id":"https:\/\/pvcsolis.com\/es\/#website","url":"https:\/\/pvcsolis.com\/es\/","name":"PVC y Aluminios Manresa","description":"Instal\u00b7laci\u00f3 de PVC","publisher":{"@id":"https:\/\/pvcsolis.com\/es\/#organization"},"potentialAction":[{"@type":"SearchAction","target":{"@type":"EntryPoint","urlTemplate":"https:\/\/pvcsolis.com\/es\/?s={search_term_string}"},"query-input":{"@type":"PropertyValueSpecification","valueRequired":true,"valueName":"search_term_string"}}],"inLanguage":"es"},{"@type":"Organization","@id":"https:\/\/pvcsolis.com\/es\/#organization","name":"PVC y Aluminios Manresa","url":"https:\/\/pvcsolis.com\/es\/","logo":{"@type":"ImageObject","inLanguage":"es","@id":"https:\/\/pvcsolis.com\/es\/#\/schema\/logo\/image\/","url":"https:\/\/pvcsolis.com\/wp-content\/uploads\/2020\/06\/pvc-y-aluminios-solis.png","contentUrl":"https:\/\/pvcsolis.com\/wp-content\/uploads\/2020\/06\/pvc-y-aluminios-solis.png","width":70,"height":70,"caption":"PVC y Aluminios Manresa"},"image":{"@id":"https:\/\/pvcsolis.com\/es\/#\/schema\/logo\/image\/"}}]}},"_links":{"self":[{"href":"https:\/\/pvcsolis.com\/es\/wp-json\/wp\/v2\/pages\/2699","targetHints":{"allow":["GET"]}}],"collection":[{"href":"https:\/\/pvcsolis.com\/es\/wp-json\/wp\/v2\/pages"}],"about":[{"href":"https:\/\/pvcsolis.com\/es\/wp-json\/wp\/v2\/types\/page"}],"author":[{"embeddable":true,"href":"https:\/\/pvcsolis.com\/es\/wp-json\/wp\/v2\/users\/1"}],"replies":[{"embeddable":true,"href":"https:\/\/pvcsolis.com\/es\/wp-json\/wp\/v2\/comments?post=2699"}],"version-history":[{"count":0,"href":"https:\/\/pvcsolis.com\/es\/wp-json\/wp\/v2\/pages\/2699\/revisions"}],"wp:attachment":[{"href":"https:\/\/pvcsolis.com\/es\/wp-json\/wp\/v2\/media?parent=2699"}],"curies":[{"name":"wp","href":"https:\/\/api.w.org\/{rel}","templated":true}]}}