{"id":2695,"date":"2020-07-08T11:18:47","date_gmt":"2020-07-08T11:18:47","guid":{"rendered":"https:\/\/pvcsolis.com\/mallorquines\/"},"modified":"2021-01-25T14:23:41","modified_gmt":"2021-01-25T14:23:41","slug":"mallorquinas","status":"publish","type":"page","link":"https:\/\/pvcsolis.com\/es\/mallorquinas\/","title":{"rendered":"Mallorquinas"},"content":{"rendered":"<p>[vc_row type=\u00bbvc_default\u00bb css=\u00bb.vc_custom_1474268037787{margin-bottom: -30px !important;padding-bottom: 30px !important;}\u00bb][vc_column offset=\u00bbvc_col-lg-12 vc_col-md-12 vc_col-xs-12&#8243;]<style type=\"text\/css\" data-type=\"the7_shortcodes-inline-css\">.shortcode-single-image-wrap.shortcode-single-image-99f17f3a9c1b884d3dc00132a871a249.enable-bg-rollover .rollover i,\n.shortcode-single-image-wrap.shortcode-single-image-99f17f3a9c1b884d3dc00132a871a249.enable-bg-rollover .rollover-video i {\n  background: -webkit-linear-gradient();\n  background: linear-gradient();\n}\n.shortcode-single-image-wrap.shortcode-single-image-99f17f3a9c1b884d3dc00132a871a249 .rollover-icon {\n  font-size: 32px;\n  color: #ffffff;\n  min-width: 44px;\n  min-height: 44px;\n  line-height: 44px;\n  border-radius: 100px;\n  border-style: solid;\n  border-width: 0px;\n}\n.dt-icon-bg-on.shortcode-single-image-wrap.shortcode-single-image-99f17f3a9c1b884d3dc00132a871a249 .rollover-icon {\n  background: rgba(255,255,255,0.3);\n  box-shadow: none;\n}<\/style><div class=\"shortcode-single-image-wrap shortcode-single-image-99f17f3a9c1b884d3dc00132a871a249 alignnone  vc_custom_1595945820219 enable-bg-rollover dt-icon-bg-off\" ><div class=\"shortcode-single-image\"><div class=\"fancy-media-wrap\" style=\"\"><img fetchpriority=\"high\" decoding=\"async\" class=\"preload-me aspect\" src=\"https:\/\/pvcsolis.com\/wp-content\/uploads\/2020\/07\/mallorquina-978x489.jpg\" srcset=\"https:\/\/pvcsolis.com\/wp-content\/uploads\/2020\/07\/mallorquina-978x489.jpg 978w\" sizes=\"(max-width: 978px) 100vw, 978px\" width=\"978\" height=\"489\"  data-dt-location=\"https:\/\/pvcsolis.com\/es\/mallorquines\/mallorquina-2\/\" style=\"--ratio: 978 \/ 489;\" alt=\"\" \/><\/div><\/div><\/div><div id=\"ultimate-heading-32486a05e2f543f4b\" class=\"uvc-heading ult-adjust-bottom-margin ultimate-heading-32486a05e2f543f4b uvc-9635 accent-border-color\" data-hspacer=\"line_only\"  data-halign=\"left\" style=\"text-align:left\"><div class=\"uvc-main-heading ult-responsive\"  data-ultimate-target='.uvc-heading.ultimate-heading-32486a05e2f543f4b h2'  data-responsive-json-new='{\"font-size\":\"desktop:26px;\",\"line-height\":\"desktop:36px;\"}' ><h2 style=\"font-weight:bold;\">Mallorquinas<\/h2><\/div><div class=\"uvc-heading-spacer line_only\" style=\"margin-top:15px;margin-bottom:30px;height:4px;\"><span class=\"uvc-headings-line\" style=\"border-style:solid;border-bottom-width:4px;border-color:;width:50px;\"><\/span><\/div><\/div>[vc_column_text css=\u00bb.vc_custom_1611584439155{padding-bottom: 60px !important;}\u00bb]Las mallorquinas son un elemento muy caracter\u00edstico de nuestras ventanas, de cualquier tipo, que imponen su estilo en la fachada principal de todo edificio, sea \u00e9ste del car\u00e1cter que sea.<\/p>\n<p>En los \u00faltimos a\u00f1os, las mallorquinas han puesto las corrientes actuales y los estilismos m\u00e1s de moda. Nos permiten tener una intimidad extra cuando la necesitamos y, al mismo tiempo, que penetre gran cantidad de luz, sin ser perceptible lo que sucede en el interior de la habitaci\u00f3n donde se encuentran instaladas. Por lo tanto, estos elementos complementarios de nuestras ventanas, son de gran utilidad, ya no s\u00f3lo en cuanto a est\u00e9tica, sino tambi\u00e9n en la funcionalidad, para casa.<\/p>\n<p>Todas estas, son algunas de las ventajas de las que nos podemos beneficiar gracias a la instalaci\u00f3n de unas mallorquinas. Es por este motivo, que en <em>PVC i Aluminis Solis<\/em>, nos hemos especializado en la instalaci\u00f3n de estas mallorquinas en una gran multitud de hogares, para dar un \u00faltimo acabado a vuestras ventanas.[\/vc_column_text][vc_row_inner][vc_column_inner width=\u00bb1\/3&#8243;][vc_single_image image=\u00bb1886&#8243; img_size=\u00bbfull\u00bb alignment=\u00bbcenter\u00bb][\/vc_column_inner][vc_column_inner width=\u00bb1\/3&#8243;][vc_single_image image=\u00bb1888&#8243; img_size=\u00bbfull\u00bb alignment=\u00bbcenter\u00bb][\/vc_column_inner][vc_column_inner width=\u00bb1\/3&#8243;][vc_single_image image=\u00bb1887&#8243; img_size=\u00bbfull\u00bb alignment=\u00bbcenter\u00bb][\/vc_column_inner][\/vc_row_inner][\/vc_column][\/vc_row][vc_row][vc_column][vc_empty_space height=\u00bb45px\u00bb]<div id=\"ultimate-heading-70346a05e2f543fbc\" class=\"uvc-heading ult-adjust-bottom-margin ultimate-heading-70346a05e2f543fbc uvc-1294 accent-border-color\" data-hspacer=\"line_only\"  data-halign=\"left\" style=\"text-align:left\"><div class=\"uvc-main-heading ult-responsive\"  data-ultimate-target='.uvc-heading.ultimate-heading-70346a05e2f543fbc h2'  data-responsive-json-new='{\"font-size\":\"desktop:26px;\",\"line-height\":\"desktop:36px;\"}' ><h2 style=\"font-weight:bold;\">En vuestras mallorquinas velamos por...<\/h2><\/div><div class=\"uvc-heading-spacer line_only\" style=\"margin-top:15px;margin-bottom:40px;height:4px;\"><span class=\"uvc-headings-line\" style=\"border-style:solid;border-bottom-width:4px;border-color:;width:50px;\"><\/span><\/div><\/div>[vc_accordion active_tab=\u00bbfalse\u00bb style=\u00bb2&#8243;][vc_accordion_tab title=\u00bbConfianza\u00bb][vc_column_text css=\u00bb.vc_custom_1611584477358{background-color: #ffffff !important;}\u00bb]Tratando siempre de buscar la satisfacci\u00f3n de todos nuestros clientes, a quienes brindamos la confianza m\u00e1s cercana y el asesoramiento m\u00e1s personalizado, en todo momento; en <em>PVC i Aluminis Solis<\/em> te ofrecemos toda la variedad y comodidad, a la hora de contratar este servicio para ventanas (de aluminio, PVC, etc.) con mallorquinas de calidad.[\/vc_column_text][\/vc_accordion_tab][vc_accordion_tab title=\u00bbGarant\u00edas\u00bb][vc_column_text css=\u00bb.vc_custom_1611584506799{background-color: #ffffff !important;}\u00bb]Los profesionales que forman parte de nuestro equipo, altamente cualificados y con una dilatada experiencia, se encargar\u00e1n de llevar a cabo vuestro proyecto y de instalar con toda seguridad estas mallorquinas para vuestras ventanas; un producto final de alta calidad y con los acabados de garant\u00eda que nosotros mismos nos exigimos.[\/vc_column_text][\/vc_accordion_tab][vc_accordion_tab title=\u00bbValores\u00bb][vc_column_text css=\u00bb.vc_custom_1611584528495{background-color: #ffffff !important;}\u00bb]Porque en <em>PVC i Aluminis Solis<\/em> creemos que, ante todo, est\u00e1 el cliente, quien merece toda nuestra atenci\u00f3n, respeto y confianza, con el mejor servicio, al mejor precio.[\/vc_column_text][\/vc_accordion_tab][vc_accordion_tab title=\u00bbAtenci\u00f3n personalizada\u00bb][vc_column_text css=\u00bb.vc_custom_1611584559238{background-color: #ffffff !important;}\u00bb]Consultadnos sin ning\u00fan tipo de compromiso. Dejadnos vuestro <a href=\"https:\/\/pvcsolis.com\/es\/contacto\/\">n\u00famero de tel\u00e9fono<\/a> y os llamaremos para desarrollar el presupuesto a vuestra medida y para que inici\u00e9is, en breve, a disfrutar de vuestras mallorquinas.[\/vc_column_text][\/vc_accordion_tab][\/vc_accordion][\/vc_column][\/vc_row]<\/p>\n","protected":false},"excerpt":{"rendered":"<p>[vc_row type=\u00bbvc_default\u00bb css=\u00bb.vc_custom_1474268037787{margin-bottom: -30px !important;padding-bottom: 30px !important;}\u00bb][vc_column offset=\u00bbvc_col-lg-12 vc_col-md-12 vc_col-xs-12&#8243;][vc_column_text css=\u00bb.vc_custom_1611584439155{padding-bottom: 60px !important;}\u00bb]Las mallorquinas son un elemento muy caracter\u00edstico de nuestras ventanas, de cualquier tipo, que imponen su estilo en la fachada principal de todo edificio, sea \u00e9ste del car\u00e1cter que sea. En los \u00faltimos a\u00f1os, las mallorquinas han puesto las corrientes actuales y los&hellip;<\/p>\n","protected":false},"author":1,"featured_media":0,"parent":0,"menu_order":0,"comment_status":"closed","ping_status":"closed","template":"","meta":{"footnotes":""},"class_list":["post-2695","page","type-page","status-publish","hentry","description-off"],"yoast_head":"<!-- This site is optimized with the Yoast SEO plugin v26.8 - https:\/\/yoast.com\/product\/yoast-seo-wordpress\/ -->\n<title>Mallorquinas - PVC y Aluminios Manresa<\/title>\n<meta name=\"description\" content=\"Especialistas en ventanas de PVC. Trabajos en aluminio. Servicio de persianas, mallorquinas... Pide tu presupuesto sin compromiso: 633481340.\" \/>\n<meta name=\"robots\" content=\"index, follow, max-snippet:-1, max-image-preview:large, max-video-preview:-1\" \/>\n<link rel=\"canonical\" href=\"https:\/\/pvcsolis.com\/es\/mallorquinas\/\" \/>\n<meta property=\"og:locale\" content=\"es_ES\" \/>\n<meta property=\"og:type\" content=\"article\" \/>\n<meta property=\"og:title\" content=\"Mallorquinas - PVC y Aluminios Manresa\" \/>\n<meta property=\"og:description\" content=\"Especialistas en ventanas de PVC. Trabajos en aluminio. Servicio de persianas, mallorquinas... Pide tu presupuesto sin compromiso: 633481340.\" \/>\n<meta property=\"og:url\" content=\"https:\/\/pvcsolis.com\/es\/mallorquinas\/\" \/>\n<meta property=\"og:site_name\" content=\"PVC y Aluminios Manresa\" \/>\n<meta property=\"article:modified_time\" content=\"2021-01-25T14:23:41+00:00\" \/>\n<meta name=\"twitter:card\" content=\"summary_large_image\" \/>\n<meta name=\"twitter:label1\" content=\"Tiempo de lectura\" \/>\n\t<meta name=\"twitter:data1\" content=\"2 minutos\" \/>\n<script type=\"application\/ld+json\" class=\"yoast-schema-graph\">{\"@context\":\"https:\/\/schema.org\",\"@graph\":[{\"@type\":\"WebPage\",\"@id\":\"https:\/\/pvcsolis.com\/es\/mallorquinas\/\",\"url\":\"https:\/\/pvcsolis.com\/es\/mallorquinas\/\",\"name\":\"Mallorquinas - PVC y Aluminios Manresa\",\"isPartOf\":{\"@id\":\"https:\/\/pvcsolis.com\/es\/#website\"},\"datePublished\":\"2020-07-08T11:18:47+00:00\",\"dateModified\":\"2021-01-25T14:23:41+00:00\",\"description\":\"Especialistas en ventanas de PVC. Trabajos en aluminio. Servicio de persianas, mallorquinas... Pide tu presupuesto sin compromiso: 633481340.\",\"breadcrumb\":{\"@id\":\"https:\/\/pvcsolis.com\/es\/mallorquinas\/#breadcrumb\"},\"inLanguage\":\"es\",\"potentialAction\":[{\"@type\":\"ReadAction\",\"target\":[\"https:\/\/pvcsolis.com\/es\/mallorquinas\/\"]}]},{\"@type\":\"BreadcrumbList\",\"@id\":\"https:\/\/pvcsolis.com\/es\/mallorquinas\/#breadcrumb\",\"itemListElement\":[{\"@type\":\"ListItem\",\"position\":1,\"name\":\"Portada\",\"item\":\"https:\/\/pvcsolis.com\/es\/\"},{\"@type\":\"ListItem\",\"position\":2,\"name\":\"Mallorquinas\"}]},{\"@type\":\"WebSite\",\"@id\":\"https:\/\/pvcsolis.com\/es\/#website\",\"url\":\"https:\/\/pvcsolis.com\/es\/\",\"name\":\"PVC y Aluminios Manresa\",\"description\":\"Instal\u00b7laci\u00f3 de PVC\",\"publisher\":{\"@id\":\"https:\/\/pvcsolis.com\/es\/#organization\"},\"potentialAction\":[{\"@type\":\"SearchAction\",\"target\":{\"@type\":\"EntryPoint\",\"urlTemplate\":\"https:\/\/pvcsolis.com\/es\/?s={search_term_string}\"},\"query-input\":{\"@type\":\"PropertyValueSpecification\",\"valueRequired\":true,\"valueName\":\"search_term_string\"}}],\"inLanguage\":\"es\"},{\"@type\":\"Organization\",\"@id\":\"https:\/\/pvcsolis.com\/es\/#organization\",\"name\":\"PVC y Aluminios Manresa\",\"url\":\"https:\/\/pvcsolis.com\/es\/\",\"logo\":{\"@type\":\"ImageObject\",\"inLanguage\":\"es\",\"@id\":\"https:\/\/pvcsolis.com\/es\/#\/schema\/logo\/image\/\",\"url\":\"https:\/\/pvcsolis.com\/wp-content\/uploads\/2020\/06\/pvc-y-aluminios-solis.png\",\"contentUrl\":\"https:\/\/pvcsolis.com\/wp-content\/uploads\/2020\/06\/pvc-y-aluminios-solis.png\",\"width\":70,\"height\":70,\"caption\":\"PVC y Aluminios Manresa\"},\"image\":{\"@id\":\"https:\/\/pvcsolis.com\/es\/#\/schema\/logo\/image\/\"}}]}<\/script>\n<!-- \/ Yoast SEO plugin. -->","yoast_head_json":{"title":"Mallorquinas - PVC y Aluminios Manresa","description":"Especialistas en ventanas de PVC. Trabajos en aluminio. Servicio de persianas, mallorquinas... Pide tu presupuesto sin compromiso: 633481340.","robots":{"index":"index","follow":"follow","max-snippet":"max-snippet:-1","max-image-preview":"max-image-preview:large","max-video-preview":"max-video-preview:-1"},"canonical":"https:\/\/pvcsolis.com\/es\/mallorquinas\/","og_locale":"es_ES","og_type":"article","og_title":"Mallorquinas - PVC y Aluminios Manresa","og_description":"Especialistas en ventanas de PVC. Trabajos en aluminio. Servicio de persianas, mallorquinas... Pide tu presupuesto sin compromiso: 633481340.","og_url":"https:\/\/pvcsolis.com\/es\/mallorquinas\/","og_site_name":"PVC y Aluminios Manresa","article_modified_time":"2021-01-25T14:23:41+00:00","twitter_card":"summary_large_image","twitter_misc":{"Tiempo de lectura":"2 minutos"},"schema":{"@context":"https:\/\/schema.org","@graph":[{"@type":"WebPage","@id":"https:\/\/pvcsolis.com\/es\/mallorquinas\/","url":"https:\/\/pvcsolis.com\/es\/mallorquinas\/","name":"Mallorquinas - PVC y Aluminios Manresa","isPartOf":{"@id":"https:\/\/pvcsolis.com\/es\/#website"},"datePublished":"2020-07-08T11:18:47+00:00","dateModified":"2021-01-25T14:23:41+00:00","description":"Especialistas en ventanas de PVC. Trabajos en aluminio. Servicio de persianas, mallorquinas... Pide tu presupuesto sin compromiso: 633481340.","breadcrumb":{"@id":"https:\/\/pvcsolis.com\/es\/mallorquinas\/#breadcrumb"},"inLanguage":"es","potentialAction":[{"@type":"ReadAction","target":["https:\/\/pvcsolis.com\/es\/mallorquinas\/"]}]},{"@type":"BreadcrumbList","@id":"https:\/\/pvcsolis.com\/es\/mallorquinas\/#breadcrumb","itemListElement":[{"@type":"ListItem","position":1,"name":"Portada","item":"https:\/\/pvcsolis.com\/es\/"},{"@type":"ListItem","position":2,"name":"Mallorquinas"}]},{"@type":"WebSite","@id":"https:\/\/pvcsolis.com\/es\/#website","url":"https:\/\/pvcsolis.com\/es\/","name":"PVC y Aluminios Manresa","description":"Instal\u00b7laci\u00f3 de PVC","publisher":{"@id":"https:\/\/pvcsolis.com\/es\/#organization"},"potentialAction":[{"@type":"SearchAction","target":{"@type":"EntryPoint","urlTemplate":"https:\/\/pvcsolis.com\/es\/?s={search_term_string}"},"query-input":{"@type":"PropertyValueSpecification","valueRequired":true,"valueName":"search_term_string"}}],"inLanguage":"es"},{"@type":"Organization","@id":"https:\/\/pvcsolis.com\/es\/#organization","name":"PVC y Aluminios Manresa","url":"https:\/\/pvcsolis.com\/es\/","logo":{"@type":"ImageObject","inLanguage":"es","@id":"https:\/\/pvcsolis.com\/es\/#\/schema\/logo\/image\/","url":"https:\/\/pvcsolis.com\/wp-content\/uploads\/2020\/06\/pvc-y-aluminios-solis.png","contentUrl":"https:\/\/pvcsolis.com\/wp-content\/uploads\/2020\/06\/pvc-y-aluminios-solis.png","width":70,"height":70,"caption":"PVC y Aluminios Manresa"},"image":{"@id":"https:\/\/pvcsolis.com\/es\/#\/schema\/logo\/image\/"}}]}},"_links":{"self":[{"href":"https:\/\/pvcsolis.com\/es\/wp-json\/wp\/v2\/pages\/2695","targetHints":{"allow":["GET"]}}],"collection":[{"href":"https:\/\/pvcsolis.com\/es\/wp-json\/wp\/v2\/pages"}],"about":[{"href":"https:\/\/pvcsolis.com\/es\/wp-json\/wp\/v2\/types\/page"}],"author":[{"embeddable":true,"href":"https:\/\/pvcsolis.com\/es\/wp-json\/wp\/v2\/users\/1"}],"replies":[{"embeddable":true,"href":"https:\/\/pvcsolis.com\/es\/wp-json\/wp\/v2\/comments?post=2695"}],"version-history":[{"count":0,"href":"https:\/\/pvcsolis.com\/es\/wp-json\/wp\/v2\/pages\/2695\/revisions"}],"wp:attachment":[{"href":"https:\/\/pvcsolis.com\/es\/wp-json\/wp\/v2\/media?parent=2695"}],"curies":[{"name":"wp","href":"https:\/\/api.w.org\/{rel}","templated":true}]}}