{"id":2691,"date":"2020-07-08T10:45:23","date_gmt":"2020-07-08T10:45:23","guid":{"rendered":"https:\/\/pvcsolis.com\/motoritzacio\/"},"modified":"2021-01-25T14:08:30","modified_gmt":"2021-01-25T14:08:30","slug":"motorizacion","status":"publish","type":"page","link":"https:\/\/pvcsolis.com\/es\/motorizacion\/","title":{"rendered":"Motorizaci\u00f3n"},"content":{"rendered":"<p>[vc_row type=\u00bbvc_default\u00bb css=\u00bb.vc_custom_1474268037787{margin-bottom: -30px !important;padding-bottom: 30px !important;}\u00bb][vc_column offset=\u00bbvc_col-lg-12 vc_col-md-12 vc_col-xs-12&#8243;]<style type=\"text\/css\" data-type=\"the7_shortcodes-inline-css\">.shortcode-single-image-wrap.shortcode-single-image-fce9eabed36cd0e07b84f5d98d0d9d00.enable-bg-rollover .rollover i,\n.shortcode-single-image-wrap.shortcode-single-image-fce9eabed36cd0e07b84f5d98d0d9d00.enable-bg-rollover .rollover-video i {\n  background: -webkit-linear-gradient();\n  background: linear-gradient();\n}\n.shortcode-single-image-wrap.shortcode-single-image-fce9eabed36cd0e07b84f5d98d0d9d00 .rollover-icon {\n  font-size: 32px;\n  color: #ffffff;\n  min-width: 44px;\n  min-height: 44px;\n  line-height: 44px;\n  border-radius: 100px;\n  border-style: solid;\n  border-width: 0px;\n}\n.dt-icon-bg-on.shortcode-single-image-wrap.shortcode-single-image-fce9eabed36cd0e07b84f5d98d0d9d00 .rollover-icon {\n  background: rgba(255,255,255,0.3);\n  box-shadow: none;\n}<\/style><div class=\"shortcode-single-image-wrap shortcode-single-image-fce9eabed36cd0e07b84f5d98d0d9d00 alignnone  vc_custom_1595945229303 enable-bg-rollover dt-icon-bg-off\" ><div class=\"shortcode-single-image\"><div class=\"fancy-media-wrap\" style=\"\"><img fetchpriority=\"high\" decoding=\"async\" class=\"preload-me aspect\" src=\"https:\/\/pvcsolis.com\/wp-content\/uploads\/2020\/07\/motoritzacio-1-959x479.jpg\" srcset=\"https:\/\/pvcsolis.com\/wp-content\/uploads\/2020\/07\/motoritzacio-1-959x479.jpg 959w\" sizes=\"(max-width: 959px) 100vw, 959px\" width=\"959\" height=\"479\"  data-dt-location=\"https:\/\/pvcsolis.com\/es\/motoritzacio\/motoritzacio-3\/\" style=\"--ratio: 959 \/ 479;\" alt=\"\" \/><\/div><\/div><\/div><div id=\"ultimate-heading-408569ec3ce584e10\" class=\"uvc-heading ult-adjust-bottom-margin ultimate-heading-408569ec3ce584e10 uvc-3611 accent-border-color\" data-hspacer=\"line_only\"  data-halign=\"left\" style=\"text-align:left\"><div class=\"uvc-main-heading ult-responsive\"  data-ultimate-target='.uvc-heading.ultimate-heading-408569ec3ce584e10 h2'  data-responsive-json-new='{\"font-size\":\"desktop:26px;\",\"line-height\":\"desktop:36px;\"}' ><h2 style=\"font-weight:bold;\">Motorizaci\u00f3n<\/h2><\/div><div class=\"uvc-heading-spacer line_only\" style=\"margin-top:15px;margin-bottom:30px;height:4px;\"><span class=\"uvc-headings-line\" style=\"border-style:solid;border-bottom-width:4px;border-color:;width:50px;\"><\/span><\/div><\/div>[vc_column_text css=\u00bb.vc_custom_1611583462018{padding-bottom: 60px !important;}\u00bb]<em>PVC i Aluminis Solis<\/em> es una empresa familiar y cercana de Manresa (Barcelona), especializada en ofrecer todo tipo de servicios en el trabajo de estos materiales, pero tambi\u00e9n en la complementariedad de \u00e9stos. Es por ello, que entre nuestros servicios disponemos de este servicio de motorizaci\u00f3n para puertas y <a href=\"https:\/\/pvcsolis.com\/es\/persianas\/\">persianas<\/a> de cualquier tipo: puertas de garaje (basculantes, persianas enrollables, batientes, seccionales), persianas para ventanas, puertas, etc. Automatismos para instalar en las puertas y ventanas que necesites para ayudarte en tu devenir diario.<\/p>\n<p>Nuestro equipo, formado por personas cualificadas en la realizaci\u00f3n de esta tarea de la motorizaci\u00f3n, se encargar\u00e1 del estudio adecuado para determinar cu\u00e1l es la opci\u00f3n que mejor se adapta a tus necesidades, a un precio muy competitivo. En todos nuestros proyectos de motorizaci\u00f3n para puertas y persianas, creemos que realizar un asesoramiento previo a nuestros clientes, inform\u00e1ndoles del tipo de instalaci\u00f3n y de los materiales que resultan m\u00e1s convenientes para cada caso, es muy importante para garantizar el mejor servicio posible.[\/vc_column_text][\/vc_column][\/vc_row][vc_row][vc_column width=\u00bb1\/3&#8243;][vc_single_image image=\u00bb1879&#8243; img_size=\u00bbfull\u00bb alignment=\u00bbcenter\u00bb][\/vc_column][vc_column width=\u00bb1\/3&#8243;][vc_single_image image=\u00bb1880&#8243; img_size=\u00bbfull\u00bb alignment=\u00bbcenter\u00bb][\/vc_column][vc_column width=\u00bb1\/3&#8243;][vc_single_image image=\u00bb1878&#8243; img_size=\u00bbfull\u00bb alignment=\u00bbcenter\u00bb][\/vc_column][\/vc_row][vc_row][vc_column][vc_empty_space height=\u00bb45px\u00bb]<div id=\"ultimate-heading-621569ec3ce584e6f\" class=\"uvc-heading ult-adjust-bottom-margin ultimate-heading-621569ec3ce584e6f uvc-7379 accent-border-color\" data-hspacer=\"line_only\"  data-halign=\"left\" style=\"text-align:left\"><div class=\"uvc-main-heading ult-responsive\"  data-ultimate-target='.uvc-heading.ultimate-heading-621569ec3ce584e6f h2'  data-responsive-json-new='{\"font-size\":\"desktop:26px;\",\"line-height\":\"desktop:36px;\"}' ><h2 style=\"font-weight:bold;\">En vuestra motorizaci\u00f3n velamos por...<\/h2><\/div><div class=\"uvc-heading-spacer line_only\" style=\"margin-top:15px;margin-bottom:40px;height:4px;\"><span class=\"uvc-headings-line\" style=\"border-style:solid;border-bottom-width:4px;border-color:;width:50px;\"><\/span><\/div><\/div>[vc_accordion active_tab=\u00bbfalse\u00bb style=\u00bb2&#8243;][vc_accordion_tab title=\u00bbSimplicidad y practicidad\u00bb][vc_column_text css=\u00bb.vc_custom_1611583505446{background-color: #ffffff !important;}\u00bb]Con la instalaci\u00f3n de esta motorizaci\u00f3n, el acceso y el cierre de tus puertas de garaje y persianas, quedar\u00e1 completamente automatizado y controlado de forma remota. As\u00ed, te ofrecemos, adem\u00e1s, la posibilidad de disponer de simplicidad y practicidad en tu hogar, o empresa, con nuestro servicio de motorizaci\u00f3n.[\/vc_column_text][\/vc_accordion_tab][vc_accordion_tab title=\u00bbEl mejor servicio\u00bb][vc_column_text css=\u00bb.vc_custom_1611583529317{background-color: #ffffff !important;}\u00bb]Como expertos del sector, velar por los intereses de nuestros clientes es algo indispensable, ofreciendo el mejor servicio, empleando los materiales de mayor calidad, respondiendo a la de nuestros clientes.[\/vc_column_text][\/vc_accordion_tab][vc_accordion_tab title=\u00bbCompromiso\u00bb][vc_column_text css=\u00bb.vc_custom_1611583559174{background-color: #ffffff !important;}\u00bb]En <em>PVC i Aluminis Solis,<\/em> trabajamos por nuestros clientes en la instalaci\u00f3n de equipos motorizados que aporten a nuestra vida todos estos beneficios de una manera simple, c\u00f3moda y r\u00e1pida, garantizando la mayor efectividad y tranquilidad y la satisfacci\u00f3n final, nuestro objetivo principal.[\/vc_column_text][\/vc_accordion_tab][vc_accordion_tab title=\u00bbAsesoramiento experto\u00bb][vc_column_text css=\u00bb.vc_custom_1611583649838{background-color: #ffffff !important;}\u00bb]Si te interesa conocer m\u00e1s informaci\u00f3n sobre este servicio de motorizaci\u00f3n para tus puertas y persianas, o de cualquiera de los otros servicios que ofrecemos; puedes consultar todos nuestros productos y servicios en nuestra <a href=\"https:\/\/pvcsolis.com\/es\/\">p\u00e1gina web<\/a> y pedirnos <a href=\"https:\/\/pvcsolis.com\/es\/contacto\/\">presupuesto<\/a> para instalar el motor ideal, sin ning\u00fan tipo de compromiso.[\/vc_column_text][\/vc_accordion_tab][\/vc_accordion][\/vc_column][\/vc_row]<\/p>\n","protected":false},"excerpt":{"rendered":"<p>[vc_row type=\u00bbvc_default\u00bb css=\u00bb.vc_custom_1474268037787{margin-bottom: -30px !important;padding-bottom: 30px !important;}\u00bb][vc_column offset=\u00bbvc_col-lg-12 vc_col-md-12 vc_col-xs-12&#8243;][vc_column_text css=\u00bb.vc_custom_1611583462018{padding-bottom: 60px !important;}\u00bb]PVC i Aluminis Solis es una empresa familiar y cercana de Manresa (Barcelona), especializada en ofrecer todo tipo de servicios en el trabajo de estos materiales, pero tambi\u00e9n en la complementariedad de \u00e9stos. Es por ello, que entre nuestros servicios disponemos de este&hellip;<\/p>\n","protected":false},"author":1,"featured_media":0,"parent":0,"menu_order":0,"comment_status":"closed","ping_status":"closed","template":"","meta":{"footnotes":""},"class_list":["post-2691","page","type-page","status-publish","hentry","description-off"],"yoast_head":"<!-- This site is optimized with the Yoast SEO plugin v26.8 - https:\/\/yoast.com\/product\/yoast-seo-wordpress\/ -->\n<title>Motorizaci\u00f3n - PVC y Aluminios Manresa<\/title>\n<meta name=\"description\" content=\"Especialistas en ventanas de PVC. Trabajos en aluminio. Servicio de persianas, motorizaci\u00f3n... Pide tu presupuesto sin compromiso: 633481340.\" \/>\n<meta name=\"robots\" content=\"index, follow, max-snippet:-1, max-image-preview:large, max-video-preview:-1\" \/>\n<link rel=\"canonical\" href=\"https:\/\/pvcsolis.com\/es\/motorizacion\/\" \/>\n<meta property=\"og:locale\" content=\"es_ES\" \/>\n<meta property=\"og:type\" content=\"article\" \/>\n<meta property=\"og:title\" content=\"Motorizaci\u00f3n - PVC y Aluminios Manresa\" \/>\n<meta property=\"og:description\" content=\"Especialistas en ventanas de PVC. Trabajos en aluminio. Servicio de persianas, motorizaci\u00f3n... Pide tu presupuesto sin compromiso: 633481340.\" \/>\n<meta property=\"og:url\" content=\"https:\/\/pvcsolis.com\/es\/motorizacion\/\" \/>\n<meta property=\"og:site_name\" content=\"PVC y Aluminios Manresa\" \/>\n<meta property=\"article:modified_time\" content=\"2021-01-25T14:08:30+00:00\" \/>\n<meta name=\"twitter:card\" content=\"summary_large_image\" \/>\n<meta name=\"twitter:label1\" content=\"Tiempo de lectura\" \/>\n\t<meta name=\"twitter:data1\" content=\"2 minutos\" \/>\n<script type=\"application\/ld+json\" class=\"yoast-schema-graph\">{\"@context\":\"https:\/\/schema.org\",\"@graph\":[{\"@type\":\"WebPage\",\"@id\":\"https:\/\/pvcsolis.com\/es\/motorizacion\/\",\"url\":\"https:\/\/pvcsolis.com\/es\/motorizacion\/\",\"name\":\"Motorizaci\u00f3n - PVC y Aluminios Manresa\",\"isPartOf\":{\"@id\":\"https:\/\/pvcsolis.com\/es\/#website\"},\"datePublished\":\"2020-07-08T10:45:23+00:00\",\"dateModified\":\"2021-01-25T14:08:30+00:00\",\"description\":\"Especialistas en ventanas de PVC. Trabajos en aluminio. Servicio de persianas, motorizaci\u00f3n... Pide tu presupuesto sin compromiso: 633481340.\",\"breadcrumb\":{\"@id\":\"https:\/\/pvcsolis.com\/es\/motorizacion\/#breadcrumb\"},\"inLanguage\":\"es\",\"potentialAction\":[{\"@type\":\"ReadAction\",\"target\":[\"https:\/\/pvcsolis.com\/es\/motorizacion\/\"]}]},{\"@type\":\"BreadcrumbList\",\"@id\":\"https:\/\/pvcsolis.com\/es\/motorizacion\/#breadcrumb\",\"itemListElement\":[{\"@type\":\"ListItem\",\"position\":1,\"name\":\"Portada\",\"item\":\"https:\/\/pvcsolis.com\/es\/\"},{\"@type\":\"ListItem\",\"position\":2,\"name\":\"Motorizaci\u00f3n\"}]},{\"@type\":\"WebSite\",\"@id\":\"https:\/\/pvcsolis.com\/es\/#website\",\"url\":\"https:\/\/pvcsolis.com\/es\/\",\"name\":\"PVC y Aluminios Manresa\",\"description\":\"Instal\u00b7laci\u00f3 de PVC\",\"publisher\":{\"@id\":\"https:\/\/pvcsolis.com\/es\/#organization\"},\"potentialAction\":[{\"@type\":\"SearchAction\",\"target\":{\"@type\":\"EntryPoint\",\"urlTemplate\":\"https:\/\/pvcsolis.com\/es\/?s={search_term_string}\"},\"query-input\":{\"@type\":\"PropertyValueSpecification\",\"valueRequired\":true,\"valueName\":\"search_term_string\"}}],\"inLanguage\":\"es\"},{\"@type\":\"Organization\",\"@id\":\"https:\/\/pvcsolis.com\/es\/#organization\",\"name\":\"PVC y Aluminios Manresa\",\"url\":\"https:\/\/pvcsolis.com\/es\/\",\"logo\":{\"@type\":\"ImageObject\",\"inLanguage\":\"es\",\"@id\":\"https:\/\/pvcsolis.com\/es\/#\/schema\/logo\/image\/\",\"url\":\"https:\/\/pvcsolis.com\/wp-content\/uploads\/2020\/06\/pvc-y-aluminios-solis.png\",\"contentUrl\":\"https:\/\/pvcsolis.com\/wp-content\/uploads\/2020\/06\/pvc-y-aluminios-solis.png\",\"width\":70,\"height\":70,\"caption\":\"PVC y Aluminios Manresa\"},\"image\":{\"@id\":\"https:\/\/pvcsolis.com\/es\/#\/schema\/logo\/image\/\"}}]}<\/script>\n<!-- \/ Yoast SEO plugin. -->","yoast_head_json":{"title":"Motorizaci\u00f3n - PVC y Aluminios Manresa","description":"Especialistas en ventanas de PVC. Trabajos en aluminio. Servicio de persianas, motorizaci\u00f3n... Pide tu presupuesto sin compromiso: 633481340.","robots":{"index":"index","follow":"follow","max-snippet":"max-snippet:-1","max-image-preview":"max-image-preview:large","max-video-preview":"max-video-preview:-1"},"canonical":"https:\/\/pvcsolis.com\/es\/motorizacion\/","og_locale":"es_ES","og_type":"article","og_title":"Motorizaci\u00f3n - PVC y Aluminios Manresa","og_description":"Especialistas en ventanas de PVC. Trabajos en aluminio. Servicio de persianas, motorizaci\u00f3n... Pide tu presupuesto sin compromiso: 633481340.","og_url":"https:\/\/pvcsolis.com\/es\/motorizacion\/","og_site_name":"PVC y Aluminios Manresa","article_modified_time":"2021-01-25T14:08:30+00:00","twitter_card":"summary_large_image","twitter_misc":{"Tiempo de lectura":"2 minutos"},"schema":{"@context":"https:\/\/schema.org","@graph":[{"@type":"WebPage","@id":"https:\/\/pvcsolis.com\/es\/motorizacion\/","url":"https:\/\/pvcsolis.com\/es\/motorizacion\/","name":"Motorizaci\u00f3n - PVC y Aluminios Manresa","isPartOf":{"@id":"https:\/\/pvcsolis.com\/es\/#website"},"datePublished":"2020-07-08T10:45:23+00:00","dateModified":"2021-01-25T14:08:30+00:00","description":"Especialistas en ventanas de PVC. Trabajos en aluminio. Servicio de persianas, motorizaci\u00f3n... Pide tu presupuesto sin compromiso: 633481340.","breadcrumb":{"@id":"https:\/\/pvcsolis.com\/es\/motorizacion\/#breadcrumb"},"inLanguage":"es","potentialAction":[{"@type":"ReadAction","target":["https:\/\/pvcsolis.com\/es\/motorizacion\/"]}]},{"@type":"BreadcrumbList","@id":"https:\/\/pvcsolis.com\/es\/motorizacion\/#breadcrumb","itemListElement":[{"@type":"ListItem","position":1,"name":"Portada","item":"https:\/\/pvcsolis.com\/es\/"},{"@type":"ListItem","position":2,"name":"Motorizaci\u00f3n"}]},{"@type":"WebSite","@id":"https:\/\/pvcsolis.com\/es\/#website","url":"https:\/\/pvcsolis.com\/es\/","name":"PVC y Aluminios Manresa","description":"Instal\u00b7laci\u00f3 de PVC","publisher":{"@id":"https:\/\/pvcsolis.com\/es\/#organization"},"potentialAction":[{"@type":"SearchAction","target":{"@type":"EntryPoint","urlTemplate":"https:\/\/pvcsolis.com\/es\/?s={search_term_string}"},"query-input":{"@type":"PropertyValueSpecification","valueRequired":true,"valueName":"search_term_string"}}],"inLanguage":"es"},{"@type":"Organization","@id":"https:\/\/pvcsolis.com\/es\/#organization","name":"PVC y Aluminios Manresa","url":"https:\/\/pvcsolis.com\/es\/","logo":{"@type":"ImageObject","inLanguage":"es","@id":"https:\/\/pvcsolis.com\/es\/#\/schema\/logo\/image\/","url":"https:\/\/pvcsolis.com\/wp-content\/uploads\/2020\/06\/pvc-y-aluminios-solis.png","contentUrl":"https:\/\/pvcsolis.com\/wp-content\/uploads\/2020\/06\/pvc-y-aluminios-solis.png","width":70,"height":70,"caption":"PVC y Aluminios Manresa"},"image":{"@id":"https:\/\/pvcsolis.com\/es\/#\/schema\/logo\/image\/"}}]}},"_links":{"self":[{"href":"https:\/\/pvcsolis.com\/es\/wp-json\/wp\/v2\/pages\/2691","targetHints":{"allow":["GET"]}}],"collection":[{"href":"https:\/\/pvcsolis.com\/es\/wp-json\/wp\/v2\/pages"}],"about":[{"href":"https:\/\/pvcsolis.com\/es\/wp-json\/wp\/v2\/types\/page"}],"author":[{"embeddable":true,"href":"https:\/\/pvcsolis.com\/es\/wp-json\/wp\/v2\/users\/1"}],"replies":[{"embeddable":true,"href":"https:\/\/pvcsolis.com\/es\/wp-json\/wp\/v2\/comments?post=2691"}],"version-history":[{"count":0,"href":"https:\/\/pvcsolis.com\/es\/wp-json\/wp\/v2\/pages\/2691\/revisions"}],"wp:attachment":[{"href":"https:\/\/pvcsolis.com\/es\/wp-json\/wp\/v2\/media?parent=2691"}],"curies":[{"name":"wp","href":"https:\/\/api.w.org\/{rel}","templated":true}]}}