{"id":2683,"date":"2020-06-15T15:19:14","date_gmt":"2020-06-15T15:19:14","guid":{"rendered":"https:\/\/pvcsolis.com\/finestres-alumini\/"},"modified":"2021-01-25T12:47:59","modified_gmt":"2021-01-25T12:47:59","slug":"ventanas-aluminio","status":"publish","type":"page","link":"https:\/\/pvcsolis.com\/es\/ventanas-aluminio\/","title":{"rendered":"Ventanas aluminio"},"content":{"rendered":"<p>[vc_row type=\u00bbvc_default\u00bb css=\u00bb.vc_custom_1474268037787{margin-bottom: -30px !important;padding-bottom: 30px !important;}\u00bb][vc_column offset=\u00bbvc_col-lg-12 vc_col-md-12 vc_col-xs-12&#8243;]<style type=\"text\/css\" data-type=\"the7_shortcodes-inline-css\">.shortcode-single-image-wrap.shortcode-single-image-a90b24a7d3eb59fbe58156a5894cc201.enable-bg-rollover .rollover i,\n.shortcode-single-image-wrap.shortcode-single-image-a90b24a7d3eb59fbe58156a5894cc201.enable-bg-rollover .rollover-video i {\n  background: -webkit-linear-gradient();\n  background: linear-gradient();\n}\n.shortcode-single-image-wrap.shortcode-single-image-a90b24a7d3eb59fbe58156a5894cc201 .rollover-icon {\n  font-size: 32px;\n  color: #ffffff;\n  min-width: 44px;\n  min-height: 44px;\n  line-height: 44px;\n  border-radius: 100px;\n  border-style: solid;\n  border-width: 0px;\n}\n.dt-icon-bg-on.shortcode-single-image-wrap.shortcode-single-image-a90b24a7d3eb59fbe58156a5894cc201 .rollover-icon {\n  background: rgba(255,255,255,0.3);\n  box-shadow: none;\n}<\/style><div class=\"shortcode-single-image-wrap shortcode-single-image-a90b24a7d3eb59fbe58156a5894cc201 alignnone  vc_custom_1592305525921 enable-bg-rollover dt-icon-bg-off\" ><div class=\"shortcode-single-image\"><div class=\"fancy-media-wrap\" style=\"\"><img fetchpriority=\"high\" decoding=\"async\" class=\"preload-me aspect\" src=\"https:\/\/pvcsolis.com\/wp-content\/uploads\/2020\/06\/ventanas-aluminio-1000x500.jpg\" srcset=\"https:\/\/pvcsolis.com\/wp-content\/uploads\/2020\/06\/ventanas-aluminio-1000x500.jpg 1000w, https:\/\/pvcsolis.com\/wp-content\/uploads\/2020\/06\/ventanas-aluminio-1239x619.jpg 1239w\" sizes=\"(max-width: 1000px) 100vw, 1000px\" width=\"1000\" height=\"500\"  data-dt-location=\"https:\/\/pvcsolis.com\/es\/finestres-alumini\/2389a08_24p-01-tif\/\" style=\"--ratio: 1000 \/ 500;\" alt=\"\" \/><\/div><\/div><\/div><div id=\"ultimate-heading-24169d618453f3a3\" class=\"uvc-heading ult-adjust-bottom-margin ultimate-heading-24169d618453f3a3 uvc-5028 accent-border-color\" data-hspacer=\"line_only\"  data-halign=\"left\" style=\"text-align:left\"><div class=\"uvc-main-heading ult-responsive\"  data-ultimate-target='.uvc-heading.ultimate-heading-24169d618453f3a3 h2'  data-responsive-json-new='{\"font-size\":\"desktop:26px;\",\"line-height\":\"desktop:36px;\"}' ><h2 style=\"font-weight:bold;\">Ventanas aluminio<\/h2><\/div><div class=\"uvc-heading-spacer line_only\" style=\"margin-top:15px;margin-bottom:30px;height:4px;\"><span class=\"uvc-headings-line\" style=\"border-style:solid;border-bottom-width:4px;border-color:;width:50px;\"><\/span><\/div><\/div>[vc_column_text css=\u00bb.vc_custom_1611578643182{padding-bottom: 60px !important;}\u00bb]Tanto si hace fr\u00edo, como si hace calor, debemos proteger el interior de nuestra casa. Con los cambios de tiempo, llega el momento en que tenemos que garantizar que nuestras ventanas y puertas cierren como es debido y que, gracias a una buena instalaci\u00f3n de \u00e9stas, las inclemencias del tiempo, no permitan que \u00e9stas penetren en el bienestar de nuestro hogar, oficina o empresa.<\/p>\n<p>En <em>PVC i Aluminis Solis<\/em>, empresa especializada en la instalaci\u00f3n de ventanas en Manresa, nos encontramos fuertemente dedicados al trabajo de ellas con m\u00faltiples materiales, entre los que destaca el aluminio, que otorga caracter\u00edsticas \u00fanicas a cada ventana, seg\u00fan las necesidades y exigencias de nuestros clientes. No s\u00f3lo ventanas con materiales met\u00e1licos como el aluminio, sino tambi\u00e9n grandes experimentados en ventanas de PVC.<\/p>\n<p>\u00bfNecesitas cambiar alguna ventana en tu casa, o en la oficina? \u00bfTienes que instalar unas ventanas para protegerte de las inclemencias del tiempo y todav\u00eda no te has decidido sobre qu\u00e9? \u00bfQuieres conseguir un elemento decorativo moderno y \u00fatil a la vez? No busques m\u00e1s. En <em>PVC i Aluminis Solis<\/em>, te ofrecemos este servicio de la mano de los mejores profesionales, haciendo uso de los m\u00e1s nuevos productos y materiales de \u00faltima generaci\u00f3n, a un precio muy competitivo.<\/p>\n<p>Las ventanas de aluminio se han convertido en los \u00faltimos a\u00f1os en un est\u00e1ndar en todos los hogares. Por sus caracter\u00edsticas, pues el aluminio es un material flexible, duradero y ligero, y por la facilidad con la que combina a la perfecci\u00f3n en cualquier emplazamiento, aportando un toque moderno; la elecci\u00f3n de este elemento responde a la necesidad de una manera, firmemente, confortable y apropiada.<\/p>\n<p>Conformados por un grupo de profesionales del sector, altamente cualificados y con todos los conocimientos necesarios en ventanas de todo tipo, y en este caso, en ventanas de aluminio; los integrantes de <em>PVC i Aluminis Solis<\/em> trabajamos siempre bajo los criterios de profesionalidad, seguridad, diligencia, satisfacci\u00f3n y calidad, en todos y cada uno de los servicios que ofrecemos a nuestros clientes.[\/vc_column_text][\/vc_column][\/vc_row][vc_row][vc_column width=\u00bb1\/3&#8243;][vc_single_image image=\u00bb1869&#8243; img_size=\u00bbfull\u00bb alignment=\u00bbcenter\u00bb][\/vc_column][vc_column width=\u00bb1\/3&#8243;][vc_single_image image=\u00bb1866&#8243; img_size=\u00bbfull\u00bb alignment=\u00bbcenter\u00bb][\/vc_column][vc_column width=\u00bb1\/3&#8243;][vc_single_image image=\u00bb1870&#8243; img_size=\u00bbfull\u00bb alignment=\u00bbcenter\u00bb][\/vc_column][\/vc_row][vc_row][vc_column][vc_empty_space]<div id=\"ultimate-heading-103269d618453f403\" class=\"uvc-heading ult-adjust-bottom-margin ultimate-heading-103269d618453f403 uvc-3602 accent-border-color\" data-hspacer=\"line_only\"  data-halign=\"left\" style=\"text-align:left\"><div class=\"uvc-main-heading ult-responsive\"  data-ultimate-target='.uvc-heading.ultimate-heading-103269d618453f403 h2'  data-responsive-json-new='{\"font-size\":\"desktop:26px;\",\"line-height\":\"desktop:36px;\"}' ><h2 style=\"font-weight:bold;\">En vuestras ventanas de aluminio velamos por...<\/h2><\/div><div class=\"uvc-heading-spacer line_only\" style=\"margin-top:15px;margin-bottom:40px;height:4px;\"><span class=\"uvc-headings-line\" style=\"border-style:solid;border-bottom-width:4px;border-color:;width:50px;\"><\/span><\/div><\/div>[vc_accordion active_tab=\u00bbfalse\u00bb style=\u00bb2&#8243;][vc_accordion_tab title=\u00bbExperiencia\u00bb][vc_column_text css=\u00bb.vc_custom_1611578681690{background-color: #ffffff !important;}\u00bb]Llevamos muchos a\u00f1os trabajando para la fabricaci\u00f3n e instalaci\u00f3n, de forma r\u00e1pida y eficaz, de ventanas de aluminio de calidad.[\/vc_column_text][\/vc_accordion_tab][vc_accordion_tab title=\u00bbAsesoramiento profesional\u00bb][vc_column_text css=\u00bb.vc_custom_1611578718586{background-color: #ffffff !important;}\u00bb]Si est\u00e1is interesados en saber m\u00e1s acerca de nuestra labor en este servicio de ventanas de aluminio, o cualquiera del resto de servicios que tambi\u00e9n trabajamos, ya sean ventanas de otro estilo o puertas met\u00e1licas, rejas, barandillas, persianas&#8230; s\u00f3lo ten\u00e9is que dejar vuestro <a href=\"https:\/\/pvcsolis.com\/es\/contacto\/\">n\u00famero de tel\u00e9fono<\/a> y r\u00e1pidamente os llamaremos, gratuitamente, para poder hablar sobre la instalaci\u00f3n de vuestras ventanas de aluminio.[\/vc_column_text][\/vc_accordion_tab][vc_accordion_tab title=\u00bbEl mejor servicio al mejor precio\u00bb][vc_column_text css=\u00bb.vc_custom_1611578756730{background-color: #ffffff !important;}\u00bb]Con una alta respuesta en el nivel de satisfacci\u00f3n de nuestros clientes, en <em>PVC i Aluminis Solis<\/em>, creemos que, sobre todo, es el cliente quien merece toda la atenci\u00f3n, junto con el mejor servicio y al mejor precio. Garant\u00edas que cumplimos en nuestra empresa.[\/vc_column_text][\/vc_accordion_tab][vc_accordion_tab title=\u00bbAtenci\u00f3n exclusiva y personalizada\u00bb][vc_column_text css=\u00bb.vc_custom_1611578783620{background-color: #ffffff !important;}\u00bb]Si dese\u00e1is asesoramiento personal y recibir m\u00e1s informaci\u00f3n para la instalaci\u00f3n de vuestras ventanas (PVC, aluminio&#8230;), poneros en contacto con nosotros y juntos encontraremos las ventanas que mejor se adaptan a vuestra situaci\u00f3n con una atenci\u00f3n exclusiva y personalizada.[\/vc_column_text][\/vc_accordion_tab][\/vc_accordion][\/vc_column][\/vc_row]<\/p>\n","protected":false},"excerpt":{"rendered":"<p>[vc_row type=\u00bbvc_default\u00bb css=\u00bb.vc_custom_1474268037787{margin-bottom: -30px !important;padding-bottom: 30px !important;}\u00bb][vc_column offset=\u00bbvc_col-lg-12 vc_col-md-12 vc_col-xs-12&#8243;][vc_column_text css=\u00bb.vc_custom_1611578643182{padding-bottom: 60px !important;}\u00bb]Tanto si hace fr\u00edo, como si hace calor, debemos proteger el interior de nuestra casa. Con los cambios de tiempo, llega el momento en que tenemos que garantizar que nuestras ventanas y puertas cierren como es debido y que, gracias a una buena&hellip;<\/p>\n","protected":false},"author":1,"featured_media":0,"parent":0,"menu_order":0,"comment_status":"closed","ping_status":"closed","template":"","meta":{"footnotes":""},"class_list":["post-2683","page","type-page","status-publish","hentry","description-off"],"yoast_head":"<!-- This site is optimized with the Yoast SEO plugin v26.8 - https:\/\/yoast.com\/product\/yoast-seo-wordpress\/ -->\n<title>Ventanas aluminio - PVC y Aluminios Manresa<\/title>\n<meta name=\"description\" content=\"Especialistas en ventanas PVC. Trabajo en aluminio. Servicios: persianas, ventanas aluminio... Pide tu presupuesto sin compromiso: 633481340\" \/>\n<meta name=\"robots\" content=\"index, follow, max-snippet:-1, max-image-preview:large, max-video-preview:-1\" \/>\n<link rel=\"canonical\" href=\"https:\/\/pvcsolis.com\/es\/ventanas-aluminio\/\" \/>\n<meta property=\"og:locale\" content=\"es_ES\" \/>\n<meta property=\"og:type\" content=\"article\" \/>\n<meta property=\"og:title\" content=\"Ventanas aluminio - PVC y Aluminios Manresa\" \/>\n<meta property=\"og:description\" content=\"Especialistas en ventanas PVC. Trabajo en aluminio. Servicios: persianas, ventanas aluminio... Pide tu presupuesto sin compromiso: 633481340\" \/>\n<meta property=\"og:url\" content=\"https:\/\/pvcsolis.com\/es\/ventanas-aluminio\/\" \/>\n<meta property=\"og:site_name\" content=\"PVC y Aluminios Manresa\" \/>\n<meta property=\"article:modified_time\" content=\"2021-01-25T12:47:59+00:00\" \/>\n<meta name=\"twitter:card\" content=\"summary_large_image\" \/>\n<meta name=\"twitter:label1\" content=\"Tiempo de lectura\" \/>\n\t<meta name=\"twitter:data1\" content=\"3 minutos\" \/>\n<script type=\"application\/ld+json\" class=\"yoast-schema-graph\">{\"@context\":\"https:\/\/schema.org\",\"@graph\":[{\"@type\":\"WebPage\",\"@id\":\"https:\/\/pvcsolis.com\/es\/ventanas-aluminio\/\",\"url\":\"https:\/\/pvcsolis.com\/es\/ventanas-aluminio\/\",\"name\":\"Ventanas aluminio - PVC y Aluminios Manresa\",\"isPartOf\":{\"@id\":\"https:\/\/pvcsolis.com\/es\/#website\"},\"datePublished\":\"2020-06-15T15:19:14+00:00\",\"dateModified\":\"2021-01-25T12:47:59+00:00\",\"description\":\"Especialistas en ventanas PVC. Trabajo en aluminio. Servicios: persianas, ventanas aluminio... Pide tu presupuesto sin compromiso: 633481340\",\"breadcrumb\":{\"@id\":\"https:\/\/pvcsolis.com\/es\/ventanas-aluminio\/#breadcrumb\"},\"inLanguage\":\"es\",\"potentialAction\":[{\"@type\":\"ReadAction\",\"target\":[\"https:\/\/pvcsolis.com\/es\/ventanas-aluminio\/\"]}]},{\"@type\":\"BreadcrumbList\",\"@id\":\"https:\/\/pvcsolis.com\/es\/ventanas-aluminio\/#breadcrumb\",\"itemListElement\":[{\"@type\":\"ListItem\",\"position\":1,\"name\":\"Portada\",\"item\":\"https:\/\/pvcsolis.com\/es\/\"},{\"@type\":\"ListItem\",\"position\":2,\"name\":\"Ventanas aluminio\"}]},{\"@type\":\"WebSite\",\"@id\":\"https:\/\/pvcsolis.com\/es\/#website\",\"url\":\"https:\/\/pvcsolis.com\/es\/\",\"name\":\"PVC y Aluminios Manresa\",\"description\":\"Instal\u00b7laci\u00f3 de PVC\",\"publisher\":{\"@id\":\"https:\/\/pvcsolis.com\/es\/#organization\"},\"potentialAction\":[{\"@type\":\"SearchAction\",\"target\":{\"@type\":\"EntryPoint\",\"urlTemplate\":\"https:\/\/pvcsolis.com\/es\/?s={search_term_string}\"},\"query-input\":{\"@type\":\"PropertyValueSpecification\",\"valueRequired\":true,\"valueName\":\"search_term_string\"}}],\"inLanguage\":\"es\"},{\"@type\":\"Organization\",\"@id\":\"https:\/\/pvcsolis.com\/es\/#organization\",\"name\":\"PVC y Aluminios Manresa\",\"url\":\"https:\/\/pvcsolis.com\/es\/\",\"logo\":{\"@type\":\"ImageObject\",\"inLanguage\":\"es\",\"@id\":\"https:\/\/pvcsolis.com\/es\/#\/schema\/logo\/image\/\",\"url\":\"https:\/\/pvcsolis.com\/wp-content\/uploads\/2020\/06\/pvc-y-aluminios-solis.png\",\"contentUrl\":\"https:\/\/pvcsolis.com\/wp-content\/uploads\/2020\/06\/pvc-y-aluminios-solis.png\",\"width\":70,\"height\":70,\"caption\":\"PVC y Aluminios Manresa\"},\"image\":{\"@id\":\"https:\/\/pvcsolis.com\/es\/#\/schema\/logo\/image\/\"}}]}<\/script>\n<!-- \/ Yoast SEO plugin. -->","yoast_head_json":{"title":"Ventanas aluminio - PVC y Aluminios Manresa","description":"Especialistas en ventanas PVC. Trabajo en aluminio. Servicios: persianas, ventanas aluminio... Pide tu presupuesto sin compromiso: 633481340","robots":{"index":"index","follow":"follow","max-snippet":"max-snippet:-1","max-image-preview":"max-image-preview:large","max-video-preview":"max-video-preview:-1"},"canonical":"https:\/\/pvcsolis.com\/es\/ventanas-aluminio\/","og_locale":"es_ES","og_type":"article","og_title":"Ventanas aluminio - PVC y Aluminios Manresa","og_description":"Especialistas en ventanas PVC. Trabajo en aluminio. Servicios: persianas, ventanas aluminio... Pide tu presupuesto sin compromiso: 633481340","og_url":"https:\/\/pvcsolis.com\/es\/ventanas-aluminio\/","og_site_name":"PVC y Aluminios Manresa","article_modified_time":"2021-01-25T12:47:59+00:00","twitter_card":"summary_large_image","twitter_misc":{"Tiempo de lectura":"3 minutos"},"schema":{"@context":"https:\/\/schema.org","@graph":[{"@type":"WebPage","@id":"https:\/\/pvcsolis.com\/es\/ventanas-aluminio\/","url":"https:\/\/pvcsolis.com\/es\/ventanas-aluminio\/","name":"Ventanas aluminio - PVC y Aluminios Manresa","isPartOf":{"@id":"https:\/\/pvcsolis.com\/es\/#website"},"datePublished":"2020-06-15T15:19:14+00:00","dateModified":"2021-01-25T12:47:59+00:00","description":"Especialistas en ventanas PVC. Trabajo en aluminio. Servicios: persianas, ventanas aluminio... Pide tu presupuesto sin compromiso: 633481340","breadcrumb":{"@id":"https:\/\/pvcsolis.com\/es\/ventanas-aluminio\/#breadcrumb"},"inLanguage":"es","potentialAction":[{"@type":"ReadAction","target":["https:\/\/pvcsolis.com\/es\/ventanas-aluminio\/"]}]},{"@type":"BreadcrumbList","@id":"https:\/\/pvcsolis.com\/es\/ventanas-aluminio\/#breadcrumb","itemListElement":[{"@type":"ListItem","position":1,"name":"Portada","item":"https:\/\/pvcsolis.com\/es\/"},{"@type":"ListItem","position":2,"name":"Ventanas aluminio"}]},{"@type":"WebSite","@id":"https:\/\/pvcsolis.com\/es\/#website","url":"https:\/\/pvcsolis.com\/es\/","name":"PVC y Aluminios Manresa","description":"Instal\u00b7laci\u00f3 de PVC","publisher":{"@id":"https:\/\/pvcsolis.com\/es\/#organization"},"potentialAction":[{"@type":"SearchAction","target":{"@type":"EntryPoint","urlTemplate":"https:\/\/pvcsolis.com\/es\/?s={search_term_string}"},"query-input":{"@type":"PropertyValueSpecification","valueRequired":true,"valueName":"search_term_string"}}],"inLanguage":"es"},{"@type":"Organization","@id":"https:\/\/pvcsolis.com\/es\/#organization","name":"PVC y Aluminios Manresa","url":"https:\/\/pvcsolis.com\/es\/","logo":{"@type":"ImageObject","inLanguage":"es","@id":"https:\/\/pvcsolis.com\/es\/#\/schema\/logo\/image\/","url":"https:\/\/pvcsolis.com\/wp-content\/uploads\/2020\/06\/pvc-y-aluminios-solis.png","contentUrl":"https:\/\/pvcsolis.com\/wp-content\/uploads\/2020\/06\/pvc-y-aluminios-solis.png","width":70,"height":70,"caption":"PVC y Aluminios Manresa"},"image":{"@id":"https:\/\/pvcsolis.com\/es\/#\/schema\/logo\/image\/"}}]}},"_links":{"self":[{"href":"https:\/\/pvcsolis.com\/es\/wp-json\/wp\/v2\/pages\/2683","targetHints":{"allow":["GET"]}}],"collection":[{"href":"https:\/\/pvcsolis.com\/es\/wp-json\/wp\/v2\/pages"}],"about":[{"href":"https:\/\/pvcsolis.com\/es\/wp-json\/wp\/v2\/types\/page"}],"author":[{"embeddable":true,"href":"https:\/\/pvcsolis.com\/es\/wp-json\/wp\/v2\/users\/1"}],"replies":[{"embeddable":true,"href":"https:\/\/pvcsolis.com\/es\/wp-json\/wp\/v2\/comments?post=2683"}],"version-history":[{"count":0,"href":"https:\/\/pvcsolis.com\/es\/wp-json\/wp\/v2\/pages\/2683\/revisions"}],"wp:attachment":[{"href":"https:\/\/pvcsolis.com\/es\/wp-json\/wp\/v2\/media?parent=2683"}],"curies":[{"name":"wp","href":"https:\/\/api.w.org\/{rel}","templated":true}]}}