{"id":2676,"date":"2020-07-22T09:18:47","date_gmt":"2020-07-22T09:18:47","guid":{"rendered":"https:\/\/pvcsolis.com\/finestres-pvc-contrafinestra\/"},"modified":"2021-01-25T12:37:17","modified_gmt":"2021-01-25T12:37:17","slug":"ventanas-pvc-contraventana","status":"publish","type":"page","link":"https:\/\/pvcsolis.com\/es\/ventanas-pvc-contraventana\/","title":{"rendered":"Contraventana"},"content":{"rendered":"<p>[vc_row][vc_column]<div id=\"ultimate-heading-47606a05d7213a5bb\" class=\"uvc-heading ult-adjust-bottom-margin ultimate-heading-47606a05d7213a5bb uvc-2472 accent-border-color\" data-hspacer=\"line_only\"  data-halign=\"left\" style=\"text-align:left\"><div class=\"uvc-main-heading ult-responsive\"  data-ultimate-target='.uvc-heading.ultimate-heading-47606a05d7213a5bb h2'  data-responsive-json-new='{\"font-size\":\"desktop:26px;\",\"line-height\":\"desktop:36px;\"}' ><h2 style=\"font-weight:bold;\">Contraventana<\/h2><\/div><div class=\"uvc-heading-spacer line_only\" style=\"margin-top:15px;margin-bottom:30px;height:4px;\"><span class=\"uvc-headings-line\" style=\"border-style:solid;border-bottom-width:4px;border-color:;width:50px;\"><\/span><\/div><\/div>[\/vc_column][\/vc_row][vc_row][vc_column width=\u00bb1\/2&#8243;][vc_empty_space height=\u00bb20px\u00bb][vc_column_text css=\u00bb.vc_custom_1611578097909{padding-bottom: 60px !important;}\u00bb]Contamos con diferentes tipos de sistemas (<a href=\"http:\/\/www.pvcsolis.com\/es\/mallorquinas\">mallorquinas<\/a> y contraventanas exteriores) que aportan claros beneficios a la vivienda, protegiendo las ventanas frente las duras condiciones climatol\u00f3gicas y d\u00e1ndoles un toque de personalidad. Adem\u00e1s, su mantenimiento es m\u00ednimo y se adaptan a cualquier estilo.<\/p>\n<p>Con las opciones de contraventanas de K\u00d6MMERLING mejoran sensiblemente las prestaciones t\u00e9rmicas, aten\u00faan los ruidos y permiten un oscurecimiento.<\/p>\n<p>Una soluci\u00f3n similar la ofrecen los postigos interiores (<a href=\"https:\/\/pvcsolis.com\/es\/ventanas-pvc-frailero\/\">sistema \u00abFrailero\u00bb<\/a>).[\/vc_column_text][\/vc_column][vc_column width=\u00bb1\/2&#8243;][vc_single_image image=\u00bb2042&#8243; img_size=\u00bbfull\u00bb alignment=\u00bbcenter\u00bb][\/vc_column][\/vc_row][vc_row type=\u00bbvc_default\u00bb css=\u00bb.vc_custom_1474268037787{margin-bottom: -30px !important;padding-bottom: 30px !important;}\u00bb][vc_column offset=\u00bbvc_col-lg-12 vc_col-md-12 vc_col-xs-12&#8243;][vc_empty_space]<style type=\"text\/css\" data-type=\"the7_shortcodes-inline-css\">.shortcode-single-image-wrap.shortcode-single-image-6da2965da8b4c30890e7942109f4c5f2.enable-bg-rollover .rollover i,\n.shortcode-single-image-wrap.shortcode-single-image-6da2965da8b4c30890e7942109f4c5f2.enable-bg-rollover .rollover-video i {\n  background: -webkit-linear-gradient();\n  background: linear-gradient();\n}\n.shortcode-single-image-wrap.shortcode-single-image-6da2965da8b4c30890e7942109f4c5f2 .rollover-icon {\n  font-size: 32px;\n  color: #ffffff;\n  min-width: 44px;\n  min-height: 44px;\n  line-height: 44px;\n  border-radius: 100px;\n  border-style: solid;\n  border-width: 0px;\n}\n.dt-icon-bg-on.shortcode-single-image-wrap.shortcode-single-image-6da2965da8b4c30890e7942109f4c5f2 .rollover-icon {\n  background: rgba(255,255,255,0.3);\n  box-shadow: none;\n}<\/style><div class=\"shortcode-single-image-wrap shortcode-single-image-6da2965da8b4c30890e7942109f4c5f2 alignnone  vc_custom_1595932033411 enable-bg-rollover dt-icon-bg-off\" ><div class=\"shortcode-single-image\"><div class=\"fancy-media-wrap\" style=\"\"><img fetchpriority=\"high\" decoding=\"async\" class=\"preload-me aspect\" src=\"https:\/\/pvcsolis.com\/wp-content\/uploads\/2020\/07\/Contraventanas-5-1000x500.jpg\" srcset=\"https:\/\/pvcsolis.com\/wp-content\/uploads\/2020\/07\/Contraventanas-5-1000x500.jpg 1000w, https:\/\/pvcsolis.com\/wp-content\/uploads\/2020\/07\/Contraventanas-5-1771x885.jpg 1771w\" sizes=\"(max-width: 1000px) 100vw, 1000px\" width=\"1000\" height=\"500\"  data-dt-location=\"https:\/\/pvcsolis.com\/es\/finestres-pvc-contrafinestra\/contraventanas-5\/\" style=\"--ratio: 1000 \/ 500;\" alt=\"\" \/><\/div><\/div><\/div>[vc_row_inner][vc_column_inner width=\u00bb1\/3&#8243;]<style type=\"text\/css\" data-type=\"the7_shortcodes-inline-css\">.shortcode-single-image-wrap.shortcode-single-image-8ae7081b7e4ea1aae43fef4dc34438bb.enable-bg-rollover .rollover i,\n.shortcode-single-image-wrap.shortcode-single-image-8ae7081b7e4ea1aae43fef4dc34438bb.enable-bg-rollover .rollover-video i {\n  background: -webkit-linear-gradient();\n  background: linear-gradient();\n}\n.shortcode-single-image-wrap.shortcode-single-image-8ae7081b7e4ea1aae43fef4dc34438bb .rollover-icon {\n  font-size: 32px;\n  color: #ffffff;\n  min-width: 44px;\n  min-height: 44px;\n  line-height: 44px;\n  border-radius: 100px;\n  border-style: solid;\n  border-width: 0px;\n}\n.dt-icon-bg-on.shortcode-single-image-wrap.shortcode-single-image-8ae7081b7e4ea1aae43fef4dc34438bb .rollover-icon {\n  background: rgba(255,255,255,0.3);\n  box-shadow: none;\n}<\/style><div class=\"shortcode-single-image-wrap shortcode-single-image-8ae7081b7e4ea1aae43fef4dc34438bb alignnone  enable-bg-rollover dt-icon-bg-off\" style=\"margin-top:0px; margin-bottom:0px; margin-left:0px; margin-right:0px; width:120px;\"><div class=\"shortcode-single-image\"><div class=\"fancy-media-wrap\" style=\"border-radius:500px;\"><img decoding=\"async\" class=\"preload-me aspect\" src=\"https:\/\/pvcsolis.com\/wp-content\/uploads\/2020\/07\/tic-120x120.png\" srcset=\"https:\/\/pvcsolis.com\/wp-content\/uploads\/2020\/07\/tic-120x120.png 120w, https:\/\/pvcsolis.com\/wp-content\/uploads\/2020\/07\/tic-240x240.png 240w\" sizes=\"(max-width: 120px) 100vw, 120px\" width=\"120\" height=\"120\"  data-dt-location=\"https:\/\/pvcsolis.com\/es\/finestres-pvc-frailero\/tic\/\" style=\"--ratio: 120 \/ 120;border-radius:500px;\" alt=\"\" \/><\/div><\/div><\/div><div id=\"ultimate-heading-84786a05d7213ba11\" class=\"uvc-heading ult-adjust-bottom-margin ultimate-heading-84786a05d7213ba11 uvc-5980  uvc-heading-default-font-sizes\" data-hspacer=\"no_spacer\"  data-halign=\"center\" style=\"text-align:center\"><div class=\"uvc-heading-spacer no_spacer\" style=\"top\"><\/div><div class=\"uvc-main-heading ult-responsive\"  data-ultimate-target='.uvc-heading.ultimate-heading-84786a05d7213ba11 h6'  data-responsive-json-new='{\"font-size\":\"\",\"line-height\":\"\"}' ><h6 style=\"--font-weight:theme;\">Soluciones para todas las necesidades<\/h6><\/div><div class=\"uvc-sub-heading ult-responsive\"  data-ultimate-target='.uvc-heading.ultimate-heading-84786a05d7213ba11 .uvc-sub-heading '  data-responsive-json-new='{\"font-size\":\"\",\"line-height\":\"\"}'  style=\"font-weight:normal;\">con combinaciones de lamas fijas y m\u00f3viles.<\/div><\/div>[\/vc_column_inner][vc_column_inner width=\u00bb1\/3&#8243;]<style type=\"text\/css\" data-type=\"the7_shortcodes-inline-css\">.shortcode-single-image-wrap.shortcode-single-image-8ae7081b7e4ea1aae43fef4dc34438bb.enable-bg-rollover .rollover i,\n.shortcode-single-image-wrap.shortcode-single-image-8ae7081b7e4ea1aae43fef4dc34438bb.enable-bg-rollover .rollover-video i {\n  background: -webkit-linear-gradient();\n  background: linear-gradient();\n}\n.shortcode-single-image-wrap.shortcode-single-image-8ae7081b7e4ea1aae43fef4dc34438bb .rollover-icon {\n  font-size: 32px;\n  color: #ffffff;\n  min-width: 44px;\n  min-height: 44px;\n  line-height: 44px;\n  border-radius: 100px;\n  border-style: solid;\n  border-width: 0px;\n}\n.dt-icon-bg-on.shortcode-single-image-wrap.shortcode-single-image-8ae7081b7e4ea1aae43fef4dc34438bb .rollover-icon {\n  background: rgba(255,255,255,0.3);\n  box-shadow: none;\n}<\/style><div class=\"shortcode-single-image-wrap shortcode-single-image-8ae7081b7e4ea1aae43fef4dc34438bb alignnone  enable-bg-rollover dt-icon-bg-off\" style=\"margin-top:0px; margin-bottom:0px; margin-left:0px; margin-right:0px; width:120px;\"><div class=\"shortcode-single-image\"><div class=\"fancy-media-wrap\" style=\"border-radius:500px;\"><img decoding=\"async\" class=\"preload-me aspect\" src=\"https:\/\/pvcsolis.com\/wp-content\/uploads\/2020\/07\/tic-120x120.png\" srcset=\"https:\/\/pvcsolis.com\/wp-content\/uploads\/2020\/07\/tic-120x120.png 120w, https:\/\/pvcsolis.com\/wp-content\/uploads\/2020\/07\/tic-240x240.png 240w\" sizes=\"(max-width: 120px) 100vw, 120px\" width=\"120\" height=\"120\"  data-dt-location=\"https:\/\/pvcsolis.com\/es\/finestres-pvc-frailero\/tic\/\" style=\"--ratio: 120 \/ 120;border-radius:500px;\" alt=\"\" \/><\/div><\/div><\/div><div id=\"ultimate-heading-13246a05d7213bd8d\" class=\"uvc-heading ult-adjust-bottom-margin ultimate-heading-13246a05d7213bd8d uvc-5010  uvc-heading-default-font-sizes\" data-hspacer=\"no_spacer\"  data-halign=\"center\" style=\"text-align:center\"><div class=\"uvc-heading-spacer no_spacer\" style=\"top\"><\/div><div class=\"uvc-main-heading ult-responsive\"  data-ultimate-target='.uvc-heading.ultimate-heading-13246a05d7213bd8d h6'  data-responsive-json-new='{\"font-size\":\"\",\"line-height\":\"\"}' ><h6 style=\"--font-weight:theme;\">Protecci\u00f3n perfecta<\/h6><\/div><div class=\"uvc-sub-heading ult-responsive\"  data-ultimate-target='.uvc-heading.ultimate-heading-13246a05d7213bd8d .uvc-sub-heading '  data-responsive-json-new='{\"font-size\":\"\",\"line-height\":\"\"}'  style=\"font-weight:normal;\">contra la radiaci\u00f3n solar, el calor y las condiciones meteorol\u00f3gicas.<\/div><\/div>[\/vc_column_inner][vc_column_inner width=\u00bb1\/3&#8243;]<style type=\"text\/css\" data-type=\"the7_shortcodes-inline-css\">.shortcode-single-image-wrap.shortcode-single-image-8ae7081b7e4ea1aae43fef4dc34438bb.enable-bg-rollover .rollover i,\n.shortcode-single-image-wrap.shortcode-single-image-8ae7081b7e4ea1aae43fef4dc34438bb.enable-bg-rollover .rollover-video i {\n  background: -webkit-linear-gradient();\n  background: linear-gradient();\n}\n.shortcode-single-image-wrap.shortcode-single-image-8ae7081b7e4ea1aae43fef4dc34438bb .rollover-icon {\n  font-size: 32px;\n  color: #ffffff;\n  min-width: 44px;\n  min-height: 44px;\n  line-height: 44px;\n  border-radius: 100px;\n  border-style: solid;\n  border-width: 0px;\n}\n.dt-icon-bg-on.shortcode-single-image-wrap.shortcode-single-image-8ae7081b7e4ea1aae43fef4dc34438bb .rollover-icon {\n  background: rgba(255,255,255,0.3);\n  box-shadow: none;\n}<\/style><div class=\"shortcode-single-image-wrap shortcode-single-image-8ae7081b7e4ea1aae43fef4dc34438bb alignnone  enable-bg-rollover dt-icon-bg-off\" style=\"margin-top:0px; margin-bottom:0px; margin-left:0px; margin-right:0px; width:120px;\"><div class=\"shortcode-single-image\"><div class=\"fancy-media-wrap\" style=\"border-radius:500px;\"><img decoding=\"async\" class=\"preload-me aspect\" src=\"https:\/\/pvcsolis.com\/wp-content\/uploads\/2020\/07\/tic-120x120.png\" srcset=\"https:\/\/pvcsolis.com\/wp-content\/uploads\/2020\/07\/tic-120x120.png 120w, https:\/\/pvcsolis.com\/wp-content\/uploads\/2020\/07\/tic-240x240.png 240w\" sizes=\"(max-width: 120px) 100vw, 120px\" width=\"120\" height=\"120\"  data-dt-location=\"https:\/\/pvcsolis.com\/es\/finestres-pvc-frailero\/tic\/\" style=\"--ratio: 120 \/ 120;border-radius:500px;\" alt=\"\" \/><\/div><\/div><\/div><div id=\"ultimate-heading-96096a05d7213c101\" class=\"uvc-heading ult-adjust-bottom-margin ultimate-heading-96096a05d7213c101 uvc-7694  uvc-heading-default-font-sizes\" data-hspacer=\"no_spacer\"  data-halign=\"center\" style=\"text-align:center\"><div class=\"uvc-heading-spacer no_spacer\" style=\"top\"><\/div><div class=\"uvc-main-heading ult-responsive\"  data-ultimate-target='.uvc-heading.ultimate-heading-96096a05d7213c101 h6'  data-responsive-json-new='{\"font-size\":\"\",\"line-height\":\"\"}' ><h6 style=\"--font-weight:theme;\">Amplia gama de colores y acabados<\/h6><\/div><div class=\"uvc-sub-heading ult-responsive\"  data-ultimate-target='.uvc-heading.ultimate-heading-96096a05d7213c101 .uvc-sub-heading '  data-responsive-json-new='{\"font-size\":\"\",\"line-height\":\"\"}'  style=\"font-weight:normal;\">con los que darle el toque ideal a tu hogar.<\/div><\/div>[\/vc_column_inner][\/vc_row_inner][vc_empty_space height=\u00bb64px\u00bb][vc_empty_space]<div id=\"ultimate-heading-97416a05d7213c137\" class=\"uvc-heading ult-adjust-bottom-margin ultimate-heading-97416a05d7213c137 uvc-1494 accent-border-color\" data-hspacer=\"line_only\"  data-halign=\"left\" style=\"text-align:left\"><div class=\"uvc-main-heading ult-responsive\"  data-ultimate-target='.uvc-heading.ultimate-heading-97416a05d7213c137 h2'  data-responsive-json-new='{\"font-size\":\"desktop:26px;\",\"line-height\":\"desktop:36px;\"}' ><h2 style=\"font-weight:bold;\">Caracter\u00edsticas de las contraventanas<\/h2><\/div><div class=\"uvc-heading-spacer line_only\" style=\"margin-top:15px;margin-bottom:30px;height:4px;\"><span class=\"uvc-headings-line\" style=\"border-style:solid;border-bottom-width:4px;border-color:;width:50px;\"><\/span><\/div><\/div>[vc_row_inner][vc_column_inner width=\u00bb1\/2&#8243;][vc_single_image image=\u00bb1430&#8243; img_size=\u00bbfull\u00bb alignment=\u00bbcenter\u00bb onclick=\u00bbcustom_link\u00bb link=\u00bbhttp:\/\/http:\/\/pvcsolis.com\/wp-content\/uploads\/2020\/07\/Sistemas-de-Contraventanas.pdf\u00bb][\/vc_column_inner][vc_column_inner width=\u00bb1\/2&#8243;][vc_empty_space][vc_column_text]<\/p>\n<ul>\n<li>Sistema de contraventanas con superficie cerrada que permite un oscurecimiento \u00f3ptimo.<\/li>\n<li>Disponible como sistemas de contraventanas, plegables y correderas para construcci\u00f3n vieja y nueva.<\/li>\n<li>Protecci\u00f3n perfecta de la visi\u00f3n y contra la radiaci\u00f3n solar, el calor y las condiciones meteorol\u00f3gicas.<\/li>\n<li>Amplia gama de colores lisos y estructuras de madera.<\/li>\n<li>Requisitos m\u00ednimos de conservaci\u00f3n y mantenimiento.<\/li>\n<li>Cierre de hojas con dispositivo de enclavamiento. El sistema puede incorporar bandas longitudinales angulares o ajustables.<\/li>\n<li>PVC duro sin plomo en los perfiles de pl\u00e1stico, estabilizado con material de calcio-zinc ecol\u00f3gico.<\/li>\n<\/ul>\n<p>[\/vc_column_text][\/vc_column_inner][\/vc_row_inner][\/vc_column][\/vc_row]<\/p>\n","protected":false},"excerpt":{"rendered":"<p>[vc_row][vc_column][\/vc_column][\/vc_row][vc_row][vc_column width=\u00bb1\/2&#8243;][vc_empty_space height=\u00bb20px\u00bb][vc_column_text css=\u00bb.vc_custom_1611578097909{padding-bottom: 60px !important;}\u00bb]Contamos con diferentes tipos de sistemas (mallorquinas y contraventanas exteriores) que aportan claros beneficios a la vivienda, protegiendo las ventanas frente las duras condiciones climatol\u00f3gicas y d\u00e1ndoles un toque de personalidad. Adem\u00e1s, su mantenimiento es m\u00ednimo y se adaptan a cualquier estilo. Con las opciones de contraventanas de K\u00d6MMERLING mejoran&hellip;<\/p>\n","protected":false},"author":1,"featured_media":0,"parent":0,"menu_order":0,"comment_status":"closed","ping_status":"closed","template":"","meta":{"footnotes":""},"class_list":["post-2676","page","type-page","status-publish","hentry","description-off"],"yoast_head":"<!-- This site is optimized with the Yoast SEO plugin v26.8 - https:\/\/yoast.com\/product\/yoast-seo-wordpress\/ -->\n<title>Contraventana - PVC y Aluminios Manresa<\/title>\n<meta name=\"description\" content=\"Especialistas en ventanas de PVC. Trabajos en aluminio. Servicio de persianas, barandillas... Pide tu presupuesto sin compromiso: 633481340.\" \/>\n<meta name=\"robots\" content=\"index, follow, max-snippet:-1, max-image-preview:large, max-video-preview:-1\" \/>\n<link rel=\"canonical\" href=\"https:\/\/pvcsolis.com\/es\/ventanas-pvc-contraventana\/\" \/>\n<meta property=\"og:locale\" content=\"es_ES\" \/>\n<meta property=\"og:type\" content=\"article\" \/>\n<meta property=\"og:title\" content=\"Contraventana - PVC y Aluminios Manresa\" \/>\n<meta property=\"og:description\" content=\"Especialistas en ventanas de PVC. Trabajos en aluminio. Servicio de persianas, barandillas... Pide tu presupuesto sin compromiso: 633481340.\" \/>\n<meta property=\"og:url\" content=\"https:\/\/pvcsolis.com\/es\/ventanas-pvc-contraventana\/\" \/>\n<meta property=\"og:site_name\" content=\"PVC y Aluminios Manresa\" \/>\n<meta property=\"article:modified_time\" content=\"2021-01-25T12:37:17+00:00\" \/>\n<meta name=\"twitter:card\" content=\"summary_large_image\" \/>\n<meta name=\"twitter:label1\" content=\"Tiempo de lectura\" \/>\n\t<meta name=\"twitter:data1\" content=\"2 minutos\" \/>\n<script type=\"application\/ld+json\" class=\"yoast-schema-graph\">{\"@context\":\"https:\/\/schema.org\",\"@graph\":[{\"@type\":\"WebPage\",\"@id\":\"https:\/\/pvcsolis.com\/es\/ventanas-pvc-contraventana\/\",\"url\":\"https:\/\/pvcsolis.com\/es\/ventanas-pvc-contraventana\/\",\"name\":\"Contraventana - PVC y Aluminios Manresa\",\"isPartOf\":{\"@id\":\"https:\/\/pvcsolis.com\/es\/#website\"},\"datePublished\":\"2020-07-22T09:18:47+00:00\",\"dateModified\":\"2021-01-25T12:37:17+00:00\",\"description\":\"Especialistas en ventanas de PVC. Trabajos en aluminio. Servicio de persianas, barandillas... Pide tu presupuesto sin compromiso: 633481340.\",\"breadcrumb\":{\"@id\":\"https:\/\/pvcsolis.com\/es\/ventanas-pvc-contraventana\/#breadcrumb\"},\"inLanguage\":\"es\",\"potentialAction\":[{\"@type\":\"ReadAction\",\"target\":[\"https:\/\/pvcsolis.com\/es\/ventanas-pvc-contraventana\/\"]}]},{\"@type\":\"BreadcrumbList\",\"@id\":\"https:\/\/pvcsolis.com\/es\/ventanas-pvc-contraventana\/#breadcrumb\",\"itemListElement\":[{\"@type\":\"ListItem\",\"position\":1,\"name\":\"Portada\",\"item\":\"https:\/\/pvcsolis.com\/es\/\"},{\"@type\":\"ListItem\",\"position\":2,\"name\":\"Contraventana\"}]},{\"@type\":\"WebSite\",\"@id\":\"https:\/\/pvcsolis.com\/es\/#website\",\"url\":\"https:\/\/pvcsolis.com\/es\/\",\"name\":\"PVC y Aluminios Manresa\",\"description\":\"Instal\u00b7laci\u00f3 de PVC\",\"publisher\":{\"@id\":\"https:\/\/pvcsolis.com\/es\/#organization\"},\"potentialAction\":[{\"@type\":\"SearchAction\",\"target\":{\"@type\":\"EntryPoint\",\"urlTemplate\":\"https:\/\/pvcsolis.com\/es\/?s={search_term_string}\"},\"query-input\":{\"@type\":\"PropertyValueSpecification\",\"valueRequired\":true,\"valueName\":\"search_term_string\"}}],\"inLanguage\":\"es\"},{\"@type\":\"Organization\",\"@id\":\"https:\/\/pvcsolis.com\/es\/#organization\",\"name\":\"PVC y Aluminios Manresa\",\"url\":\"https:\/\/pvcsolis.com\/es\/\",\"logo\":{\"@type\":\"ImageObject\",\"inLanguage\":\"es\",\"@id\":\"https:\/\/pvcsolis.com\/es\/#\/schema\/logo\/image\/\",\"url\":\"https:\/\/pvcsolis.com\/wp-content\/uploads\/2020\/06\/pvc-y-aluminios-solis.png\",\"contentUrl\":\"https:\/\/pvcsolis.com\/wp-content\/uploads\/2020\/06\/pvc-y-aluminios-solis.png\",\"width\":70,\"height\":70,\"caption\":\"PVC y Aluminios Manresa\"},\"image\":{\"@id\":\"https:\/\/pvcsolis.com\/es\/#\/schema\/logo\/image\/\"}}]}<\/script>\n<!-- \/ Yoast SEO plugin. -->","yoast_head_json":{"title":"Contraventana - PVC y Aluminios Manresa","description":"Especialistas en ventanas de PVC. Trabajos en aluminio. Servicio de persianas, barandillas... Pide tu presupuesto sin compromiso: 633481340.","robots":{"index":"index","follow":"follow","max-snippet":"max-snippet:-1","max-image-preview":"max-image-preview:large","max-video-preview":"max-video-preview:-1"},"canonical":"https:\/\/pvcsolis.com\/es\/ventanas-pvc-contraventana\/","og_locale":"es_ES","og_type":"article","og_title":"Contraventana - PVC y Aluminios Manresa","og_description":"Especialistas en ventanas de PVC. Trabajos en aluminio. Servicio de persianas, barandillas... Pide tu presupuesto sin compromiso: 633481340.","og_url":"https:\/\/pvcsolis.com\/es\/ventanas-pvc-contraventana\/","og_site_name":"PVC y Aluminios Manresa","article_modified_time":"2021-01-25T12:37:17+00:00","twitter_card":"summary_large_image","twitter_misc":{"Tiempo de lectura":"2 minutos"},"schema":{"@context":"https:\/\/schema.org","@graph":[{"@type":"WebPage","@id":"https:\/\/pvcsolis.com\/es\/ventanas-pvc-contraventana\/","url":"https:\/\/pvcsolis.com\/es\/ventanas-pvc-contraventana\/","name":"Contraventana - PVC y Aluminios Manresa","isPartOf":{"@id":"https:\/\/pvcsolis.com\/es\/#website"},"datePublished":"2020-07-22T09:18:47+00:00","dateModified":"2021-01-25T12:37:17+00:00","description":"Especialistas en ventanas de PVC. Trabajos en aluminio. Servicio de persianas, barandillas... Pide tu presupuesto sin compromiso: 633481340.","breadcrumb":{"@id":"https:\/\/pvcsolis.com\/es\/ventanas-pvc-contraventana\/#breadcrumb"},"inLanguage":"es","potentialAction":[{"@type":"ReadAction","target":["https:\/\/pvcsolis.com\/es\/ventanas-pvc-contraventana\/"]}]},{"@type":"BreadcrumbList","@id":"https:\/\/pvcsolis.com\/es\/ventanas-pvc-contraventana\/#breadcrumb","itemListElement":[{"@type":"ListItem","position":1,"name":"Portada","item":"https:\/\/pvcsolis.com\/es\/"},{"@type":"ListItem","position":2,"name":"Contraventana"}]},{"@type":"WebSite","@id":"https:\/\/pvcsolis.com\/es\/#website","url":"https:\/\/pvcsolis.com\/es\/","name":"PVC y Aluminios Manresa","description":"Instal\u00b7laci\u00f3 de PVC","publisher":{"@id":"https:\/\/pvcsolis.com\/es\/#organization"},"potentialAction":[{"@type":"SearchAction","target":{"@type":"EntryPoint","urlTemplate":"https:\/\/pvcsolis.com\/es\/?s={search_term_string}"},"query-input":{"@type":"PropertyValueSpecification","valueRequired":true,"valueName":"search_term_string"}}],"inLanguage":"es"},{"@type":"Organization","@id":"https:\/\/pvcsolis.com\/es\/#organization","name":"PVC y Aluminios Manresa","url":"https:\/\/pvcsolis.com\/es\/","logo":{"@type":"ImageObject","inLanguage":"es","@id":"https:\/\/pvcsolis.com\/es\/#\/schema\/logo\/image\/","url":"https:\/\/pvcsolis.com\/wp-content\/uploads\/2020\/06\/pvc-y-aluminios-solis.png","contentUrl":"https:\/\/pvcsolis.com\/wp-content\/uploads\/2020\/06\/pvc-y-aluminios-solis.png","width":70,"height":70,"caption":"PVC y Aluminios Manresa"},"image":{"@id":"https:\/\/pvcsolis.com\/es\/#\/schema\/logo\/image\/"}}]}},"_links":{"self":[{"href":"https:\/\/pvcsolis.com\/es\/wp-json\/wp\/v2\/pages\/2676","targetHints":{"allow":["GET"]}}],"collection":[{"href":"https:\/\/pvcsolis.com\/es\/wp-json\/wp\/v2\/pages"}],"about":[{"href":"https:\/\/pvcsolis.com\/es\/wp-json\/wp\/v2\/types\/page"}],"author":[{"embeddable":true,"href":"https:\/\/pvcsolis.com\/es\/wp-json\/wp\/v2\/users\/1"}],"replies":[{"embeddable":true,"href":"https:\/\/pvcsolis.com\/es\/wp-json\/wp\/v2\/comments?post=2676"}],"version-history":[{"count":0,"href":"https:\/\/pvcsolis.com\/es\/wp-json\/wp\/v2\/pages\/2676\/revisions"}],"wp:attachment":[{"href":"https:\/\/pvcsolis.com\/es\/wp-json\/wp\/v2\/media?parent=2676"}],"curies":[{"name":"wp","href":"https:\/\/api.w.org\/{rel}","templated":true}]}}