{"id":2664,"date":"2020-07-22T08:37:44","date_gmt":"2020-07-22T08:37:44","guid":{"rendered":"https:\/\/pvcsolis.com\/finestres-pvc-rolaplus\/"},"modified":"2021-01-25T12:20:28","modified_gmt":"2021-01-25T12:20:28","slug":"ventanas-pvc-rolaplus","status":"publish","type":"page","link":"https:\/\/pvcsolis.com\/es\/ventanas-pvc-rolaplus\/","title":{"rendered":"Sistema de persiana RolaPlus"},"content":{"rendered":"<p>[vc_row type=\u00bbvc_default\u00bb css=\u00bb.vc_custom_1474268037787{margin-bottom: -30px !important;padding-bottom: 30px !important;}\u00bb][vc_column offset=\u00bbvc_col-lg-12 vc_col-md-12 vc_col-xs-12&#8243;]<div id=\"ultimate-heading-204869ec2379d31c0\" class=\"uvc-heading ult-adjust-bottom-margin ultimate-heading-204869ec2379d31c0 uvc-9687 accent-border-color\" data-hspacer=\"line_only\"  data-halign=\"left\" style=\"text-align:left\"><div class=\"uvc-main-heading ult-responsive\"  data-ultimate-target='.uvc-heading.ultimate-heading-204869ec2379d31c0 h2'  data-responsive-json-new='{\"font-size\":\"desktop:26px;\",\"line-height\":\"desktop:36px;\"}' ><h2 style=\"font-weight:bold;\">Sistema de persiana RolaPlus<\/h2><\/div><div class=\"uvc-heading-spacer line_only\" style=\"margin-top:15px;margin-bottom:30px;height:4px;\"><span class=\"uvc-headings-line\" style=\"border-style:solid;border-bottom-width:4px;border-color:;width:50px;\"><\/span><\/div><\/div>[vc_row_inner][vc_column_inner width=\u00bb1\/2&#8243;][vc_column_text]La persiana es el punto m\u00e1s d\u00e9bil de cualquier cierre. Por un mal caj\u00f3n de persiana entran aire, ruido y fr\u00edo, arruinando el aislamiento de cualquier ventana. El sistema de persianas Rolaplus es el \u00fanico recomendado por K\u00d6MMERLING, ya que es capaz de mantener e, incluso, reforzar los niveles de aislamiento del cierre.<\/p>\n<p>El caj\u00f3n de persiana Rolaplus es el \u00fanico que garantiza las prestaciones de las ventanas con perfiles K\u00d6MMERLING, con un objetivo: no s\u00f3lo mantener sino mejorar los niveles de aislamiento y hermeticidad de la ventana.<\/p>\n<p>Sus prestaciones t\u00e9cnicas demuestran que es diferente al resto de cajones convencionales.<\/p>\n<p>Ofrecemos el caj\u00f3n de persiana que necesites gracias a nuestra amplia gama y lo complementamos, adem\u00e1s, con diferentes sistemas de <a href=\"http:\/\/www.pvcsolis.com\/es\/motorizacion\">motorizaci\u00f3n<\/a> y dom\u00f3tica, una gran variedad de tipolog\u00edas de lamas de persianas, ya sean de seguridad o por aislamiento, y <a href=\"http:\/\/www.pvcsolis.com\/es\/mosquiteras\">mosquiteras<\/a> integradas entre el caj\u00f3n y la ventana.[\/vc_column_text][\/vc_column_inner][vc_column_inner width=\u00bb1\/2&#8243;][vc_empty_space][vc_single_image image=\u00bb1394&#8243; img_size=\u00bbfull\u00bb alignment=\u00bbcenter\u00bb onclick=\u00bbcustom_link\u00bb link=\u00bbhttp:\/\/pvcsolis.com\/wp-content\/uploads\/2020\/07\/Folleto-Caj%C3%B3n-de-persiana-RolaPlus_compressed.pdf\u00bb][\/vc_column_inner][\/vc_row_inner][vc_empty_space height=\u00bb64px\u00bb]<div id=\"ultimate-heading-591069ec2379d3231\" class=\"uvc-heading ult-adjust-bottom-margin ultimate-heading-591069ec2379d3231 uvc-1103 accent-border-color\" data-hspacer=\"line_only\"  data-halign=\"left\" style=\"text-align:left\"><div class=\"uvc-main-heading ult-responsive\"  data-ultimate-target='.uvc-heading.ultimate-heading-591069ec2379d3231 h2'  data-responsive-json-new='{\"font-size\":\"desktop:26px;\",\"line-height\":\"desktop:36px;\"}' ><h2 style=\"font-weight:bold;\">Prestaciones t\u00e9cnicas del caj\u00f3n Rolaplus<\/h2><\/div><div class=\"uvc-heading-spacer line_only\" style=\"margin-top:15px;margin-bottom:40px;height:4px;\"><span class=\"uvc-headings-line\" style=\"border-style:solid;border-bottom-width:4px;border-color:;width:50px;\"><\/span><\/div><\/div>[vc_accordion active_tab=\u00bbfalse\u00bb style=\u00bb2&#8243;][vc_accordion_tab title=\u00bbAislamiento t\u00e9rmico\u00bb][vc_column_text css=\u00bb.vc_custom_1611576744820{background-color: #ffffff !important;}\u00bb]El caj\u00f3n Rolaplus, dependiendo de su configuraci\u00f3n, alcanza valores de transmitancia t\u00e9rmica que oscilan entre 1,39 y 0,6 W\/m2K. Con este valor U la persiana consigue reforzar el aislamiento de cualquier ventana o puerta, garantizando los niveles de aislamiento de las ventanas con sistemas K\u00d6MMERLING.[\/vc_column_text][\/vc_accordion_tab][vc_accordion_tab title=\u00bbAislamiento ac\u00fastico\u00bb][vc_column_text css=\u00bb.vc_custom_1611576767035{background-color: #ffffff !important;}\u00bb]Dependiendo del cierre, Rolaplus alcanza valores de reducci\u00f3n ac\u00fastica de hasta 50 dB. Esto es posible gracias a la hermeticidad de sistema que no permite la filtraci\u00f3n de ondas sonoras que se transmiten por el aire.[\/vc_column_text][\/vc_accordion_tab][vc_accordion_tab title=\u00bbResistencia al impacto\u00bb][vc_column_text css=\u00bb.vc_custom_1611576791533{background-color: #ffffff !important;}\u00bb]Las persianas con el sistema Rolaplus consiguen la clasificaci\u00f3n CLASE C5 de resistencia a las cargas, la m\u00e1xima concedida por la norma. Esto es gracias a la estabilidad que le confiere la s\u00f3lida construcci\u00f3n del capialzado.[\/vc_column_text][\/vc_accordion_tab][vc_accordion_tab title=\u00bbPermeabilidad al aire\u00bb][vc_column_text css=\u00bb.vc_custom_1611576814924{background-color: #ffffff !important;}\u00bb]Las filtraciones de aire son un problema importante, muy com\u00fan entre los cajones de calidad mediocre que se suelen instalar en Espa\u00f1a en la mayor\u00eda de las viviendas. Rolaplus consigue una clasificaci\u00f3n de Permeabilidad al aire de CLASE 4. \u00c9sta es la m\u00e1xima clasificaci\u00f3n seg\u00fan la norma, otorgada a los sistemas de capialzado m\u00e1s herm\u00e9ticos. Rolaplus no permite filtraciones de aire.[\/vc_column_text][\/vc_accordion_tab][vc_accordion_tab title=\u00bbMateriales\u00bb][vc_column_text css=\u00bb.vc_custom_1611576839054{background-color: #ffffff !important;}\u00bb]Como todos los perfiles K\u00d6MMERLING, Rolaplus est\u00e1 fabricado con PVC Greenline. Greenline es una f\u00f3rmula de producci\u00f3n exclusiva de K\u00d6MMERLING que elimina los metales pesados incluyendo estabilizadores respetuosos con el medio ambiente.[\/vc_column_text][\/vc_accordion_tab][\/vc_accordion][vc_empty_space height=\u00bb64px\u00bb]<style type=\"text\/css\" data-type=\"the7_shortcodes-inline-css\">.shortcode-single-image-wrap.shortcode-single-image-cf24ccf39e255145afcfff889d381ad5.enable-bg-rollover .rollover i,\n.shortcode-single-image-wrap.shortcode-single-image-cf24ccf39e255145afcfff889d381ad5.enable-bg-rollover .rollover-video i {\n  background: -webkit-linear-gradient();\n  background: linear-gradient();\n}\n.shortcode-single-image-wrap.shortcode-single-image-cf24ccf39e255145afcfff889d381ad5 .rollover-icon {\n  font-size: 32px;\n  color: #ffffff;\n  min-width: 44px;\n  min-height: 44px;\n  line-height: 44px;\n  border-radius: 100px;\n  border-style: solid;\n  border-width: 0px;\n}\n.dt-icon-bg-on.shortcode-single-image-wrap.shortcode-single-image-cf24ccf39e255145afcfff889d381ad5 .rollover-icon {\n  background: rgba(255,255,255,0.3);\n  box-shadow: none;\n}<\/style><div class=\"shortcode-single-image-wrap shortcode-single-image-cf24ccf39e255145afcfff889d381ad5 alignnone  vc_custom_1595930761668 enable-bg-rollover dt-icon-bg-off\" ><div class=\"shortcode-single-image\"><div class=\"fancy-media-wrap\" style=\"\"><img fetchpriority=\"high\" decoding=\"async\" class=\"preload-me aspect\" src=\"https:\/\/pvcsolis.com\/wp-content\/uploads\/2020\/07\/Exteriores-1000x500.jpg\" srcset=\"https:\/\/pvcsolis.com\/wp-content\/uploads\/2020\/07\/Exteriores-1000x500.jpg 1000w, https:\/\/pvcsolis.com\/wp-content\/uploads\/2020\/07\/Exteriores-1919x959.jpg 1919w\" sizes=\"(max-width: 1000px) 100vw, 1000px\" width=\"1000\" height=\"500\"  data-dt-location=\"https:\/\/pvcsolis.com\/es\/finestres-pvc-rolaplus\/exteriores\/\" style=\"--ratio: 1000 \/ 500;\" alt=\"\" \/><\/div><\/div><\/div>[vc_empty_space]<div id=\"ultimate-heading-44369ec2379d3d12\" class=\"uvc-heading ult-adjust-bottom-margin ultimate-heading-44369ec2379d3d12 uvc-5921 accent-border-color\" data-hspacer=\"line_only\"  data-halign=\"left\" style=\"text-align:left\"><div class=\"uvc-main-heading ult-responsive\"  data-ultimate-target='.uvc-heading.ultimate-heading-44369ec2379d3d12 h2'  data-responsive-json-new='{\"font-size\":\"desktop:26px;\",\"line-height\":\"desktop:36px;\"}' ><h2 style=\"font-weight:bold;\">Motorizaci\u00f3n y automatizaci\u00f3n de RolaPlus<\/h2><\/div><div class=\"uvc-heading-spacer line_only\" style=\"margin-top:15px;margin-bottom:40px;height:4px;\"><span class=\"uvc-headings-line\" style=\"border-style:solid;border-bottom-width:4px;border-color:;width:50px;\"><\/span><\/div><\/div>[vc_row_inner][vc_column_inner][vc_column_text]La innovaci\u00f3n tecnol\u00f3gica y la automatizaci\u00f3n est\u00e1n cada d\u00eda m\u00e1s presentes en el hogar. Con Rolaplus las opciones de configuraci\u00f3n son muy amplias, permitiendo mejorar las prestaciones seg\u00fan las necesidades de las viviendas.<\/p>\n<p>Un elemento fundamental en esta automatizaci\u00f3n son las persianas. K\u00d6MMERLING nos ofrece el caj\u00f3n de persiana Rolaplus, que permite su motorizaci\u00f3n, permitiendo as\u00ed la instalaci\u00f3n de persianas de grandes dimensiones. Adem\u00e1s, al ir motorizadas y eliminar el recogedor manual, tambi\u00e9n desaparecen las fugas de aire ocasionadas por \u00e9ste.[\/vc_column_text][\/vc_column_inner][\/vc_row_inner][\/vc_column][\/vc_row][vc_row][vc_column width=\u00bb1\/2&#8243;][vc_empty_space][vc_single_image image=\u00bb1799&#8243; img_size=\u00bbfull\u00bb alignment=\u00bbcenter\u00bb][vc_empty_space][vc_single_image image=\u00bb1793&#8243; img_size=\u00bbfull\u00bb alignment=\u00bbcenter\u00bb][vc_empty_space][\/vc_column][vc_column width=\u00bb1\/2&#8243;][vc_column_text]Las ventanas inteligentes, tambi\u00e9n, incorporan sensores con los que poder controlar diferentes funciones:<\/p>\n<ul>\n<li>Control de temperatura: Mesura en todas las estancias de la temperatura con posibilidad de automatizar acciones de respuesta.<\/li>\n<li>Accionamiento por voz: Las carpinter\u00edas K\u00d6MMERLING se integran perfectamente en los modernos sistemas de control por voz que hay en el mercado.<\/li>\n<li>Accionamiento digital: Control de estado y apertura de ventanas y mecanismo de persiana desde dispositivos m\u00f3viles para un control total de la vivienda.<\/li>\n<li>Control solar: El sensor de rayos ultravioleta es un accesorio con el que se puede controlar el \u00edndice UV exterior, permitiendo la optimizaci\u00f3n de la radiaci\u00f3n solar.<\/li>\n<li>Niveles de CO2 y gases VOP: Asegura un buen nivel de calidad del aire interior de la vivienda con el sensor de CO2 y gases vol\u00e1tiles que nos alertan de niveles no \u00f3ptimos.<\/li>\n<li>Control de humedad: El sensor activa la regulaci\u00f3n de los niveles de humedad en todos los ambientes de la vivienda a trav\u00e9s de la ventilaci\u00f3n controlada.<\/li>\n<li>Ventilaci\u00f3n cruzada: Permite automatizar la apertura y mecanismos de ventilaci\u00f3n en funci\u00f3n de los horarios o cambios de temperatura.<\/li>\n<li>Activaci\u00f3n de alarmas: Sensores de apertura y vibraci\u00f3n conectados a nuestra alarma.<\/li>\n<li>Control total: Integraci\u00f3n total en la vivienda inteligente que nos permite mejorar el confort y eficiencia de nuestra vivienda.<\/li>\n<\/ul>\n<p>[\/vc_column_text][\/vc_column][\/vc_row][vc_row][vc_column][vc_column_text]En general, apostar por cierres y persianas inteligentes, es apostar por eficiencia energ\u00e9tica y confort.[\/vc_column_text][\/vc_column][\/vc_row]<\/p>\n","protected":false},"excerpt":{"rendered":"<p>[vc_row type=\u00bbvc_default\u00bb css=\u00bb.vc_custom_1474268037787{margin-bottom: -30px !important;padding-bottom: 30px !important;}\u00bb][vc_column offset=\u00bbvc_col-lg-12 vc_col-md-12 vc_col-xs-12&#8243;][vc_row_inner][vc_column_inner width=\u00bb1\/2&#8243;][vc_column_text]La persiana es el punto m\u00e1s d\u00e9bil de cualquier cierre. Por un mal caj\u00f3n de persiana entran aire, ruido y fr\u00edo, arruinando el aislamiento de cualquier ventana. El sistema de persianas Rolaplus es el \u00fanico recomendado por K\u00d6MMERLING, ya que es capaz de mantener e,&hellip;<\/p>\n","protected":false},"author":1,"featured_media":0,"parent":0,"menu_order":0,"comment_status":"closed","ping_status":"closed","template":"","meta":{"footnotes":""},"class_list":["post-2664","page","type-page","status-publish","hentry","description-off"],"yoast_head":"<!-- This site is optimized with the Yoast SEO plugin v26.8 - https:\/\/yoast.com\/product\/yoast-seo-wordpress\/ -->\n<title>Sistema de persiana RolaPlus - PVC y Aluminios Manresa<\/title>\n<meta name=\"description\" content=\"Especialistas en ventanas de PVC. Trabajos en aluminio. Servicio de persianas, barandillas... Pide tu presupuesto sin compromiso: 633481340.\" \/>\n<meta name=\"robots\" content=\"index, follow, max-snippet:-1, max-image-preview:large, max-video-preview:-1\" \/>\n<link rel=\"canonical\" href=\"https:\/\/pvcsolis.com\/es\/ventanas-pvc-rolaplus\/\" \/>\n<meta property=\"og:locale\" content=\"es_ES\" \/>\n<meta property=\"og:type\" content=\"article\" \/>\n<meta property=\"og:title\" content=\"Sistema de persiana RolaPlus - PVC y Aluminios Manresa\" \/>\n<meta property=\"og:description\" content=\"Especialistas en ventanas de PVC. Trabajos en aluminio. Servicio de persianas, barandillas... Pide tu presupuesto sin compromiso: 633481340.\" \/>\n<meta property=\"og:url\" content=\"https:\/\/pvcsolis.com\/es\/ventanas-pvc-rolaplus\/\" \/>\n<meta property=\"og:site_name\" content=\"PVC y Aluminios Manresa\" \/>\n<meta property=\"article:modified_time\" content=\"2021-01-25T12:20:28+00:00\" \/>\n<meta name=\"twitter:card\" content=\"summary_large_image\" \/>\n<meta name=\"twitter:label1\" content=\"Tiempo de lectura\" \/>\n\t<meta name=\"twitter:data1\" content=\"4 minutos\" \/>\n<script type=\"application\/ld+json\" class=\"yoast-schema-graph\">{\"@context\":\"https:\/\/schema.org\",\"@graph\":[{\"@type\":\"WebPage\",\"@id\":\"https:\/\/pvcsolis.com\/es\/ventanas-pvc-rolaplus\/\",\"url\":\"https:\/\/pvcsolis.com\/es\/ventanas-pvc-rolaplus\/\",\"name\":\"Sistema de persiana RolaPlus - PVC y Aluminios Manresa\",\"isPartOf\":{\"@id\":\"https:\/\/pvcsolis.com\/es\/#website\"},\"datePublished\":\"2020-07-22T08:37:44+00:00\",\"dateModified\":\"2021-01-25T12:20:28+00:00\",\"description\":\"Especialistas en ventanas de PVC. Trabajos en aluminio. Servicio de persianas, barandillas... Pide tu presupuesto sin compromiso: 633481340.\",\"breadcrumb\":{\"@id\":\"https:\/\/pvcsolis.com\/es\/ventanas-pvc-rolaplus\/#breadcrumb\"},\"inLanguage\":\"es\",\"potentialAction\":[{\"@type\":\"ReadAction\",\"target\":[\"https:\/\/pvcsolis.com\/es\/ventanas-pvc-rolaplus\/\"]}]},{\"@type\":\"BreadcrumbList\",\"@id\":\"https:\/\/pvcsolis.com\/es\/ventanas-pvc-rolaplus\/#breadcrumb\",\"itemListElement\":[{\"@type\":\"ListItem\",\"position\":1,\"name\":\"Portada\",\"item\":\"https:\/\/pvcsolis.com\/es\/\"},{\"@type\":\"ListItem\",\"position\":2,\"name\":\"Sistema de persiana RolaPlus\"}]},{\"@type\":\"WebSite\",\"@id\":\"https:\/\/pvcsolis.com\/es\/#website\",\"url\":\"https:\/\/pvcsolis.com\/es\/\",\"name\":\"PVC y Aluminios Manresa\",\"description\":\"Instal\u00b7laci\u00f3 de PVC\",\"publisher\":{\"@id\":\"https:\/\/pvcsolis.com\/es\/#organization\"},\"potentialAction\":[{\"@type\":\"SearchAction\",\"target\":{\"@type\":\"EntryPoint\",\"urlTemplate\":\"https:\/\/pvcsolis.com\/es\/?s={search_term_string}\"},\"query-input\":{\"@type\":\"PropertyValueSpecification\",\"valueRequired\":true,\"valueName\":\"search_term_string\"}}],\"inLanguage\":\"es\"},{\"@type\":\"Organization\",\"@id\":\"https:\/\/pvcsolis.com\/es\/#organization\",\"name\":\"PVC y Aluminios Manresa\",\"url\":\"https:\/\/pvcsolis.com\/es\/\",\"logo\":{\"@type\":\"ImageObject\",\"inLanguage\":\"es\",\"@id\":\"https:\/\/pvcsolis.com\/es\/#\/schema\/logo\/image\/\",\"url\":\"https:\/\/pvcsolis.com\/wp-content\/uploads\/2020\/06\/pvc-y-aluminios-solis.png\",\"contentUrl\":\"https:\/\/pvcsolis.com\/wp-content\/uploads\/2020\/06\/pvc-y-aluminios-solis.png\",\"width\":70,\"height\":70,\"caption\":\"PVC y Aluminios Manresa\"},\"image\":{\"@id\":\"https:\/\/pvcsolis.com\/es\/#\/schema\/logo\/image\/\"}}]}<\/script>\n<!-- \/ Yoast SEO plugin. -->","yoast_head_json":{"title":"Sistema de persiana RolaPlus - PVC y Aluminios Manresa","description":"Especialistas en ventanas de PVC. Trabajos en aluminio. Servicio de persianas, barandillas... Pide tu presupuesto sin compromiso: 633481340.","robots":{"index":"index","follow":"follow","max-snippet":"max-snippet:-1","max-image-preview":"max-image-preview:large","max-video-preview":"max-video-preview:-1"},"canonical":"https:\/\/pvcsolis.com\/es\/ventanas-pvc-rolaplus\/","og_locale":"es_ES","og_type":"article","og_title":"Sistema de persiana RolaPlus - PVC y Aluminios Manresa","og_description":"Especialistas en ventanas de PVC. Trabajos en aluminio. Servicio de persianas, barandillas... Pide tu presupuesto sin compromiso: 633481340.","og_url":"https:\/\/pvcsolis.com\/es\/ventanas-pvc-rolaplus\/","og_site_name":"PVC y Aluminios Manresa","article_modified_time":"2021-01-25T12:20:28+00:00","twitter_card":"summary_large_image","twitter_misc":{"Tiempo de lectura":"4 minutos"},"schema":{"@context":"https:\/\/schema.org","@graph":[{"@type":"WebPage","@id":"https:\/\/pvcsolis.com\/es\/ventanas-pvc-rolaplus\/","url":"https:\/\/pvcsolis.com\/es\/ventanas-pvc-rolaplus\/","name":"Sistema de persiana RolaPlus - PVC y Aluminios Manresa","isPartOf":{"@id":"https:\/\/pvcsolis.com\/es\/#website"},"datePublished":"2020-07-22T08:37:44+00:00","dateModified":"2021-01-25T12:20:28+00:00","description":"Especialistas en ventanas de PVC. Trabajos en aluminio. Servicio de persianas, barandillas... Pide tu presupuesto sin compromiso: 633481340.","breadcrumb":{"@id":"https:\/\/pvcsolis.com\/es\/ventanas-pvc-rolaplus\/#breadcrumb"},"inLanguage":"es","potentialAction":[{"@type":"ReadAction","target":["https:\/\/pvcsolis.com\/es\/ventanas-pvc-rolaplus\/"]}]},{"@type":"BreadcrumbList","@id":"https:\/\/pvcsolis.com\/es\/ventanas-pvc-rolaplus\/#breadcrumb","itemListElement":[{"@type":"ListItem","position":1,"name":"Portada","item":"https:\/\/pvcsolis.com\/es\/"},{"@type":"ListItem","position":2,"name":"Sistema de persiana RolaPlus"}]},{"@type":"WebSite","@id":"https:\/\/pvcsolis.com\/es\/#website","url":"https:\/\/pvcsolis.com\/es\/","name":"PVC y Aluminios Manresa","description":"Instal\u00b7laci\u00f3 de PVC","publisher":{"@id":"https:\/\/pvcsolis.com\/es\/#organization"},"potentialAction":[{"@type":"SearchAction","target":{"@type":"EntryPoint","urlTemplate":"https:\/\/pvcsolis.com\/es\/?s={search_term_string}"},"query-input":{"@type":"PropertyValueSpecification","valueRequired":true,"valueName":"search_term_string"}}],"inLanguage":"es"},{"@type":"Organization","@id":"https:\/\/pvcsolis.com\/es\/#organization","name":"PVC y Aluminios Manresa","url":"https:\/\/pvcsolis.com\/es\/","logo":{"@type":"ImageObject","inLanguage":"es","@id":"https:\/\/pvcsolis.com\/es\/#\/schema\/logo\/image\/","url":"https:\/\/pvcsolis.com\/wp-content\/uploads\/2020\/06\/pvc-y-aluminios-solis.png","contentUrl":"https:\/\/pvcsolis.com\/wp-content\/uploads\/2020\/06\/pvc-y-aluminios-solis.png","width":70,"height":70,"caption":"PVC y Aluminios Manresa"},"image":{"@id":"https:\/\/pvcsolis.com\/es\/#\/schema\/logo\/image\/"}}]}},"_links":{"self":[{"href":"https:\/\/pvcsolis.com\/es\/wp-json\/wp\/v2\/pages\/2664","targetHints":{"allow":["GET"]}}],"collection":[{"href":"https:\/\/pvcsolis.com\/es\/wp-json\/wp\/v2\/pages"}],"about":[{"href":"https:\/\/pvcsolis.com\/es\/wp-json\/wp\/v2\/types\/page"}],"author":[{"embeddable":true,"href":"https:\/\/pvcsolis.com\/es\/wp-json\/wp\/v2\/users\/1"}],"replies":[{"embeddable":true,"href":"https:\/\/pvcsolis.com\/es\/wp-json\/wp\/v2\/comments?post=2664"}],"version-history":[{"count":0,"href":"https:\/\/pvcsolis.com\/es\/wp-json\/wp\/v2\/pages\/2664\/revisions"}],"wp:attachment":[{"href":"https:\/\/pvcsolis.com\/es\/wp-json\/wp\/v2\/media?parent=2664"}],"curies":[{"name":"wp","href":"https:\/\/api.w.org\/{rel}","templated":true}]}}