{"id":2636,"date":"2020-07-22T08:36:04","date_gmt":"2020-07-22T08:36:04","guid":{"rendered":"https:\/\/pvcsolis.com\/finestres-pvc-premiline\/"},"modified":"2021-01-21T13:41:56","modified_gmt":"2021-01-21T13:41:56","slug":"ventanas-pvc-premiline","status":"publish","type":"page","link":"https:\/\/pvcsolis.com\/es\/ventanas-pvc-premiline\/","title":{"rendered":"PremiLine"},"content":{"rendered":"<p>[vc_row type=\u00bbvc_default\u00bb css=\u00bb.vc_custom_1474268037787{margin-bottom: -30px !important;padding-bottom: 30px !important;}\u00bb][vc_column offset=\u00bbvc_col-lg-12 vc_col-md-12 vc_col-xs-12&#8243;]<div id=\"ultimate-heading-53969decd675e36d\" class=\"uvc-heading ult-adjust-bottom-margin ultimate-heading-53969decd675e36d uvc-7423 accent-border-color\" data-hspacer=\"line_only\"  data-halign=\"left\" style=\"text-align:left\"><div class=\"uvc-main-heading ult-responsive\"  data-ultimate-target='.uvc-heading.ultimate-heading-53969decd675e36d h2'  data-responsive-json-new='{\"font-size\":\"desktop:26px;\",\"line-height\":\"desktop:36px;\"}' ><h2 style=\"font-weight:bold;\">PremiLine<\/h2><\/div><div class=\"uvc-heading-spacer line_only\" style=\"margin-top:15px;margin-bottom:30px;height:4px;\"><span class=\"uvc-headings-line\" style=\"border-style:solid;border-bottom-width:4px;border-color:;width:50px;\"><\/span><\/div><\/div>[vc_column_text css=\u00bb.vc_custom_1611236283358{padding-bottom: 60px !important;}\u00bb]<\/p>\n<h4>El deslizamiento m\u00e1s suave<\/h4>\n<p><em><strong>El sistema deslizante PremiLine permite crear grandes superficies de puertas correderas siendo especialmente dise\u00f1ado para su comodidad. Esta soluci\u00f3n consigue un desplazamiento suave y silencioso gracias a su s\u00f3lida estructura y el dise\u00f1o de sus ra\u00edles de acero inoxidable.<\/strong><\/em>[\/vc_column_text][vc_row_inner][vc_column_inner][vc_single_image image=\u00bb2024&#8243; img_size=\u00bbfull\u00bb alignment=\u00bbcenter\u00bb][vc_empty_space][\/vc_column_inner][\/vc_row_inner][vc_row_inner][vc_column_inner width=\u00bb1\/3&#8243;]<style type=\"text\/css\" data-type=\"the7_shortcodes-inline-css\">.shortcode-single-image-wrap.shortcode-single-image-8ae7081b7e4ea1aae43fef4dc34438bb.enable-bg-rollover .rollover i,\n.shortcode-single-image-wrap.shortcode-single-image-8ae7081b7e4ea1aae43fef4dc34438bb.enable-bg-rollover .rollover-video i {\n  background: -webkit-linear-gradient();\n  background: linear-gradient();\n}\n.shortcode-single-image-wrap.shortcode-single-image-8ae7081b7e4ea1aae43fef4dc34438bb .rollover-icon {\n  font-size: 32px;\n  color: #ffffff;\n  min-width: 44px;\n  min-height: 44px;\n  line-height: 44px;\n  border-radius: 100px;\n  border-style: solid;\n  border-width: 0px;\n}\n.dt-icon-bg-on.shortcode-single-image-wrap.shortcode-single-image-8ae7081b7e4ea1aae43fef4dc34438bb .rollover-icon {\n  background: rgba(255,255,255,0.3);\n  box-shadow: none;\n}<\/style><div class=\"shortcode-single-image-wrap shortcode-single-image-8ae7081b7e4ea1aae43fef4dc34438bb alignnone  enable-bg-rollover dt-icon-bg-off\" style=\"margin-top:0px; margin-bottom:0px; margin-left:0px; margin-right:0px; width:120px;\"><div class=\"shortcode-single-image\"><div class=\"fancy-media-wrap\" style=\"border-radius:500px;\"><img decoding=\"async\" class=\"preload-me aspect\" src=\"https:\/\/pvcsolis.com\/wp-content\/uploads\/2020\/07\/tic-120x120.png\" srcset=\"https:\/\/pvcsolis.com\/wp-content\/uploads\/2020\/07\/tic-120x120.png 120w, https:\/\/pvcsolis.com\/wp-content\/uploads\/2020\/07\/tic-240x240.png 240w\" sizes=\"(max-width: 120px) 100vw, 120px\" width=\"120\" height=\"120\"  data-dt-location=\"https:\/\/pvcsolis.com\/es\/finestres-pvc-frailero\/tic\/\" style=\"--ratio: 120 \/ 120;border-radius:500px;\" alt=\"\" \/><\/div><\/div><\/div><div id=\"ultimate-heading-790769decd675f374\" class=\"uvc-heading ult-adjust-bottom-margin ultimate-heading-790769decd675f374 uvc-7533  uvc-heading-default-font-sizes\" data-hspacer=\"no_spacer\"  data-halign=\"center\" style=\"text-align:center\"><div class=\"uvc-heading-spacer no_spacer\" style=\"top\"><\/div><div class=\"uvc-main-heading ult-responsive\"  data-ultimate-target='.uvc-heading.ultimate-heading-790769decd675f374 h6'  data-responsive-json-new='{\"font-size\":\"\",\"line-height\":\"\"}' ><h6 style=\"--font-weight:theme;\">Deslizamiento suave y delicado<\/h6><\/div><div class=\"uvc-sub-heading ult-responsive\"  data-ultimate-target='.uvc-heading.ultimate-heading-790769decd675f374 .uvc-sub-heading '  data-responsive-json-new='{\"font-size\":\"\",\"line-height\":\"\"}'  style=\"font-weight:normal;\">gracias a un dise\u00f1o moderno y de calidad.<\/div><\/div>[\/vc_column_inner][vc_column_inner width=\u00bb1\/3&#8243;]<style type=\"text\/css\" data-type=\"the7_shortcodes-inline-css\">.shortcode-single-image-wrap.shortcode-single-image-8ae7081b7e4ea1aae43fef4dc34438bb.enable-bg-rollover .rollover i,\n.shortcode-single-image-wrap.shortcode-single-image-8ae7081b7e4ea1aae43fef4dc34438bb.enable-bg-rollover .rollover-video i {\n  background: -webkit-linear-gradient();\n  background: linear-gradient();\n}\n.shortcode-single-image-wrap.shortcode-single-image-8ae7081b7e4ea1aae43fef4dc34438bb .rollover-icon {\n  font-size: 32px;\n  color: #ffffff;\n  min-width: 44px;\n  min-height: 44px;\n  line-height: 44px;\n  border-radius: 100px;\n  border-style: solid;\n  border-width: 0px;\n}\n.dt-icon-bg-on.shortcode-single-image-wrap.shortcode-single-image-8ae7081b7e4ea1aae43fef4dc34438bb .rollover-icon {\n  background: rgba(255,255,255,0.3);\n  box-shadow: none;\n}<\/style><div class=\"shortcode-single-image-wrap shortcode-single-image-8ae7081b7e4ea1aae43fef4dc34438bb alignnone  enable-bg-rollover dt-icon-bg-off\" style=\"margin-top:0px; margin-bottom:0px; margin-left:0px; margin-right:0px; width:120px;\"><div class=\"shortcode-single-image\"><div class=\"fancy-media-wrap\" style=\"border-radius:500px;\"><img decoding=\"async\" class=\"preload-me aspect\" src=\"https:\/\/pvcsolis.com\/wp-content\/uploads\/2020\/07\/tic-120x120.png\" srcset=\"https:\/\/pvcsolis.com\/wp-content\/uploads\/2020\/07\/tic-120x120.png 120w, https:\/\/pvcsolis.com\/wp-content\/uploads\/2020\/07\/tic-240x240.png 240w\" sizes=\"(max-width: 120px) 100vw, 120px\" width=\"120\" height=\"120\"  data-dt-location=\"https:\/\/pvcsolis.com\/es\/finestres-pvc-frailero\/tic\/\" style=\"--ratio: 120 \/ 120;border-radius:500px;\" alt=\"\" \/><\/div><\/div><\/div><div id=\"ultimate-heading-64569decd675f8e8\" class=\"uvc-heading ult-adjust-bottom-margin ultimate-heading-64569decd675f8e8 uvc-2074  uvc-heading-default-font-sizes\" data-hspacer=\"no_spacer\"  data-halign=\"center\" style=\"text-align:center\"><div class=\"uvc-heading-spacer no_spacer\" style=\"top\"><\/div><div class=\"uvc-main-heading ult-responsive\"  data-ultimate-target='.uvc-heading.ultimate-heading-64569decd675f8e8 h6'  data-responsive-json-new='{\"font-size\":\"\",\"line-height\":\"\"}' ><h6 style=\"--font-weight:theme;\">Todos los perfiles principales fueron reforzados<\/h6><\/div><div class=\"uvc-sub-heading ult-responsive\"  data-ultimate-target='.uvc-heading.ultimate-heading-64569decd675f8e8 .uvc-sub-heading '  data-responsive-json-new='{\"font-size\":\"\",\"line-height\":\"\"}'  style=\"font-weight:normal;\">con acero. Secci\u00f3n central reforzada para mayor estabilidad.<\/div><\/div>[\/vc_column_inner][vc_column_inner width=\u00bb1\/3&#8243;]<style type=\"text\/css\" data-type=\"the7_shortcodes-inline-css\">.shortcode-single-image-wrap.shortcode-single-image-8ae7081b7e4ea1aae43fef4dc34438bb.enable-bg-rollover .rollover i,\n.shortcode-single-image-wrap.shortcode-single-image-8ae7081b7e4ea1aae43fef4dc34438bb.enable-bg-rollover .rollover-video i {\n  background: -webkit-linear-gradient();\n  background: linear-gradient();\n}\n.shortcode-single-image-wrap.shortcode-single-image-8ae7081b7e4ea1aae43fef4dc34438bb .rollover-icon {\n  font-size: 32px;\n  color: #ffffff;\n  min-width: 44px;\n  min-height: 44px;\n  line-height: 44px;\n  border-radius: 100px;\n  border-style: solid;\n  border-width: 0px;\n}\n.dt-icon-bg-on.shortcode-single-image-wrap.shortcode-single-image-8ae7081b7e4ea1aae43fef4dc34438bb .rollover-icon {\n  background: rgba(255,255,255,0.3);\n  box-shadow: none;\n}<\/style><div class=\"shortcode-single-image-wrap shortcode-single-image-8ae7081b7e4ea1aae43fef4dc34438bb alignnone  enable-bg-rollover dt-icon-bg-off\" style=\"margin-top:0px; margin-bottom:0px; margin-left:0px; margin-right:0px; width:120px;\"><div class=\"shortcode-single-image\"><div class=\"fancy-media-wrap\" style=\"border-radius:500px;\"><img decoding=\"async\" class=\"preload-me aspect\" src=\"https:\/\/pvcsolis.com\/wp-content\/uploads\/2020\/07\/tic-120x120.png\" srcset=\"https:\/\/pvcsolis.com\/wp-content\/uploads\/2020\/07\/tic-120x120.png 120w, https:\/\/pvcsolis.com\/wp-content\/uploads\/2020\/07\/tic-240x240.png 240w\" sizes=\"(max-width: 120px) 100vw, 120px\" width=\"120\" height=\"120\"  data-dt-location=\"https:\/\/pvcsolis.com\/es\/finestres-pvc-frailero\/tic\/\" style=\"--ratio: 120 \/ 120;border-radius:500px;\" alt=\"\" \/><\/div><\/div><\/div><div id=\"ultimate-heading-84769decd675fe01\" class=\"uvc-heading ult-adjust-bottom-margin ultimate-heading-84769decd675fe01 uvc-5107  uvc-heading-default-font-sizes\" data-hspacer=\"no_spacer\"  data-halign=\"center\" style=\"text-align:center\"><div class=\"uvc-heading-spacer no_spacer\" style=\"top\"><\/div><div class=\"uvc-main-heading ult-responsive\"  data-ultimate-target='.uvc-heading.ultimate-heading-84769decd675fe01 h6'  data-responsive-json-new='{\"font-size\":\"\",\"line-height\":\"\"}' ><h6 style=\"--font-weight:theme;\">M\u00e1xima seguridad<\/h6><\/div><div class=\"uvc-sub-heading ult-responsive\"  data-ultimate-target='.uvc-heading.ultimate-heading-84769decd675fe01 .uvc-sub-heading '  data-responsive-json-new='{\"font-size\":\"\",\"line-height\":\"\"}'  style=\"font-weight:normal;\">con la opci\u00f3n PremiLine Pro, que incorpora una herramienta especial de seguridad.<\/div><\/div>[\/vc_column_inner][\/vc_row_inner][vc_empty_space][vc_empty_space][vc_row_inner][vc_column_inner width=\u00bb1\/2&#8243;][vc_empty_space height=\u00bb45px\u00bb][vc_column_text]El perfil PremiLine cuenta con tres c\u00e1maras de aislamiento y un espesor de hasta 84mm. Un sistema flexible que se adapta a cualquier espacio permitiendo hasta 4 hojas, adem\u00e1s incorpora un tercer carril que permite a\u00f1adir una hoja adicional. La calidad de este sistema se ve en los detalles, como en el acabado de las esquinas o la gran resistencia de sus ra\u00edles. Cuenta con un galce inclinado para facilitar su drenaje. Su depurado dise\u00f1o est\u00e9tico de hoja doblemente biselada combina a la perfecci\u00f3n con todo tipo de decoraciones y estilos.<\/p>\n<p>Este sistema para ventanas correderas ha sido especialmente dise\u00f1ado pensando en la comodidad, f\u00e1cil de manejar y que encaja en todo tipo de huecos gracias a sus m\u00faltiples accesorios. PremiLine es, adem\u00e1s, compatible con todos los sistemas de 70mm.[\/vc_column_text][\/vc_column_inner][vc_column_inner width=\u00bb1\/2&#8243;][vc_empty_space][vc_empty_space][vc_single_image image=\u00bb2025&#8243; img_size=\u00bbfull\u00bb alignment=\u00bbcenter\u00bb][\/vc_column_inner][\/vc_row_inner][\/vc_column][vc_column][vc_row_inner][vc_column_inner][vc_empty_space height=\u00bb45px\u00bb]<div id=\"ultimate-heading-772669decd675fe56\" class=\"uvc-heading ult-adjust-bottom-margin ultimate-heading-772669decd675fe56 uvc-1416 accent-border-color\" data-hspacer=\"line_only\"  data-halign=\"left\" style=\"text-align:left\"><div class=\"uvc-main-heading ult-responsive\"  data-ultimate-target='.uvc-heading.ultimate-heading-772669decd675fe56 h2'  data-responsive-json-new='{\"font-size\":\"desktop:26px;\",\"line-height\":\"desktop:36px;\"}' ><h2 style=\"font-weight:bold;\">Prestaciones t\u00e9cnicas<\/h2><\/div><div class=\"uvc-heading-spacer line_only\" style=\"margin-top:15px;margin-bottom:30px;height:4px;\"><span class=\"uvc-headings-line\" style=\"border-style:solid;border-bottom-width:4px;border-color:;width:50px;\"><\/span><\/div><\/div>[\/vc_column_inner][\/vc_row_inner][vc_row_inner][vc_column_inner width=\u00bb1\/2&#8243;][vc_column_text]<\/p>\n<h5>Caracter\u00edsticas del sistema<\/h5>\n<ol>\n<li><b>M\u00e1xima seguridad con PremiLine Pro<\/b><br \/>\nOpci\u00f3n en la que incorpora una herramienta especial de seguridad que permite que \u00e9sta se cierre tambi\u00e9n en los perfiles centrales. Con PremiLine Pro aumenta notablemente la seguridad del hogar.<\/li>\n<\/ol>\n<p>[\/vc_column_text][\/vc_column_inner][vc_column_inner width=\u00bb1\/2&#8243;][vc_single_image image=\u00bb2026&#8243; img_size=\u00bbfull\u00bb alignment=\u00bbcenter\u00bb][\/vc_column_inner][\/vc_row_inner][vc_empty_space height=\u00bb45px\u00bb][\/vc_column][\/vc_row][vc_row][vc_column][vc_video link=\u00bbhttps:\/\/www.youtube.com\/watch?v=lyvYMZ4HhHc\u00bb align=\u00bbcenter\u00bb][vc_empty_space][vc_row_inner][vc_column_inner][vc_empty_space height=\u00bb45px\u00bb]<div id=\"ultimate-heading-923569decd675fea2\" class=\"uvc-heading ult-adjust-bottom-margin ultimate-heading-923569decd675fea2 uvc-742 accent-border-color\" data-hspacer=\"line_only\"  data-halign=\"left\" style=\"text-align:left\"><div class=\"uvc-main-heading ult-responsive\"  data-ultimate-target='.uvc-heading.ultimate-heading-923569decd675fea2 h2'  data-responsive-json-new='{\"font-size\":\"desktop:26px;\",\"line-height\":\"desktop:36px;\"}' ><h2 style=\"font-weight:bold;\">Descargables<\/h2><\/div><div class=\"uvc-heading-spacer line_only\" style=\"margin-top:15px;margin-bottom:30px;height:4px;\"><span class=\"uvc-headings-line\" style=\"border-style:solid;border-bottom-width:4px;border-color:;width:50px;\"><\/span><\/div><\/div>[\/vc_column_inner][\/vc_row_inner][\/vc_column][\/vc_row][vc_row][vc_column width=\u00bb1\/2&#8243;][vc_single_image image=\u00bb1384&#8243; img_size=\u00bbfull\u00bb alignment=\u00bbcenter\u00bb onclick=\u00bbcustom_link\u00bb link=\u00bbhttp:\/\/pvcsolis.com\/wp-content\/uploads\/2020\/07\/Sistemas-Deslizantes.pdf\u00bb][\/vc_column][vc_column width=\u00bb1\/2&#8243;][vc_single_image image=\u00bb1433&#8243; img_size=\u00bbfull\u00bb alignment=\u00bbcenter\u00bb onclick=\u00bbcustom_link\u00bb link=\u00bbhttp:\/\/pvcsolis.com\/wp-content\/uploads\/2020\/07\/Sistemas-Deslizantes-Kommerling.pdf\u00bb][\/vc_column][\/vc_row]<\/p>\n","protected":false},"excerpt":{"rendered":"<p>[vc_row type=\u00bbvc_default\u00bb css=\u00bb.vc_custom_1474268037787{margin-bottom: -30px !important;padding-bottom: 30px !important;}\u00bb][vc_column offset=\u00bbvc_col-lg-12 vc_col-md-12 vc_col-xs-12&#8243;][vc_column_text css=\u00bb.vc_custom_1611236283358{padding-bottom: 60px !important;}\u00bb] El deslizamiento m\u00e1s suave El sistema deslizante PremiLine permite crear grandes superficies de puertas correderas siendo especialmente dise\u00f1ado para su comodidad. Esta soluci\u00f3n consigue un desplazamiento suave y silencioso gracias a su s\u00f3lida estructura y el dise\u00f1o de sus ra\u00edles de acero&hellip;<\/p>\n","protected":false},"author":1,"featured_media":0,"parent":0,"menu_order":0,"comment_status":"closed","ping_status":"closed","template":"","meta":{"footnotes":""},"class_list":["post-2636","page","type-page","status-publish","hentry","description-off"],"yoast_head":"<!-- This site is optimized with the Yoast SEO plugin v26.8 - https:\/\/yoast.com\/product\/yoast-seo-wordpress\/ -->\n<title>PremiLine - PVC y Aluminios Manresa<\/title>\n<meta name=\"description\" content=\"Especialistas en ventanas y puertas de PVC. Trabajos en aluminio. Servicio de persianas... Pide tu presupuesto sin compromiso: 633481340.\" \/>\n<meta name=\"robots\" content=\"index, follow, max-snippet:-1, max-image-preview:large, max-video-preview:-1\" \/>\n<link rel=\"canonical\" href=\"https:\/\/pvcsolis.com\/es\/ventanas-pvc-premiline\/\" \/>\n<meta property=\"og:locale\" content=\"es_ES\" \/>\n<meta property=\"og:type\" content=\"article\" \/>\n<meta property=\"og:title\" content=\"PremiLine - PVC y Aluminios Manresa\" \/>\n<meta property=\"og:description\" content=\"Especialistas en ventanas y puertas de PVC. Trabajos en aluminio. Servicio de persianas... Pide tu presupuesto sin compromiso: 633481340.\" \/>\n<meta property=\"og:url\" content=\"https:\/\/pvcsolis.com\/es\/ventanas-pvc-premiline\/\" \/>\n<meta property=\"og:site_name\" content=\"PVC y Aluminios Manresa\" \/>\n<meta property=\"article:modified_time\" content=\"2021-01-21T13:41:56+00:00\" \/>\n<meta name=\"twitter:card\" content=\"summary_large_image\" \/>\n<meta name=\"twitter:label1\" content=\"Tiempo de lectura\" \/>\n\t<meta name=\"twitter:data1\" content=\"2 minutos\" \/>\n<script type=\"application\/ld+json\" class=\"yoast-schema-graph\">{\"@context\":\"https:\/\/schema.org\",\"@graph\":[{\"@type\":\"WebPage\",\"@id\":\"https:\/\/pvcsolis.com\/es\/ventanas-pvc-premiline\/\",\"url\":\"https:\/\/pvcsolis.com\/es\/ventanas-pvc-premiline\/\",\"name\":\"PremiLine - PVC y Aluminios Manresa\",\"isPartOf\":{\"@id\":\"https:\/\/pvcsolis.com\/es\/#website\"},\"datePublished\":\"2020-07-22T08:36:04+00:00\",\"dateModified\":\"2021-01-21T13:41:56+00:00\",\"description\":\"Especialistas en ventanas y puertas de PVC. Trabajos en aluminio. Servicio de persianas... Pide tu presupuesto sin compromiso: 633481340.\",\"breadcrumb\":{\"@id\":\"https:\/\/pvcsolis.com\/es\/ventanas-pvc-premiline\/#breadcrumb\"},\"inLanguage\":\"es\",\"potentialAction\":[{\"@type\":\"ReadAction\",\"target\":[\"https:\/\/pvcsolis.com\/es\/ventanas-pvc-premiline\/\"]}]},{\"@type\":\"BreadcrumbList\",\"@id\":\"https:\/\/pvcsolis.com\/es\/ventanas-pvc-premiline\/#breadcrumb\",\"itemListElement\":[{\"@type\":\"ListItem\",\"position\":1,\"name\":\"Portada\",\"item\":\"https:\/\/pvcsolis.com\/es\/\"},{\"@type\":\"ListItem\",\"position\":2,\"name\":\"PremiLine\"}]},{\"@type\":\"WebSite\",\"@id\":\"https:\/\/pvcsolis.com\/es\/#website\",\"url\":\"https:\/\/pvcsolis.com\/es\/\",\"name\":\"PVC y Aluminios Manresa\",\"description\":\"Instal\u00b7laci\u00f3 de PVC\",\"publisher\":{\"@id\":\"https:\/\/pvcsolis.com\/es\/#organization\"},\"potentialAction\":[{\"@type\":\"SearchAction\",\"target\":{\"@type\":\"EntryPoint\",\"urlTemplate\":\"https:\/\/pvcsolis.com\/es\/?s={search_term_string}\"},\"query-input\":{\"@type\":\"PropertyValueSpecification\",\"valueRequired\":true,\"valueName\":\"search_term_string\"}}],\"inLanguage\":\"es\"},{\"@type\":\"Organization\",\"@id\":\"https:\/\/pvcsolis.com\/es\/#organization\",\"name\":\"PVC y Aluminios Manresa\",\"url\":\"https:\/\/pvcsolis.com\/es\/\",\"logo\":{\"@type\":\"ImageObject\",\"inLanguage\":\"es\",\"@id\":\"https:\/\/pvcsolis.com\/es\/#\/schema\/logo\/image\/\",\"url\":\"https:\/\/pvcsolis.com\/wp-content\/uploads\/2020\/06\/pvc-y-aluminios-solis.png\",\"contentUrl\":\"https:\/\/pvcsolis.com\/wp-content\/uploads\/2020\/06\/pvc-y-aluminios-solis.png\",\"width\":70,\"height\":70,\"caption\":\"PVC y Aluminios Manresa\"},\"image\":{\"@id\":\"https:\/\/pvcsolis.com\/es\/#\/schema\/logo\/image\/\"}}]}<\/script>\n<!-- \/ Yoast SEO plugin. -->","yoast_head_json":{"title":"PremiLine - PVC y Aluminios Manresa","description":"Especialistas en ventanas y puertas de PVC. Trabajos en aluminio. Servicio de persianas... Pide tu presupuesto sin compromiso: 633481340.","robots":{"index":"index","follow":"follow","max-snippet":"max-snippet:-1","max-image-preview":"max-image-preview:large","max-video-preview":"max-video-preview:-1"},"canonical":"https:\/\/pvcsolis.com\/es\/ventanas-pvc-premiline\/","og_locale":"es_ES","og_type":"article","og_title":"PremiLine - PVC y Aluminios Manresa","og_description":"Especialistas en ventanas y puertas de PVC. Trabajos en aluminio. Servicio de persianas... Pide tu presupuesto sin compromiso: 633481340.","og_url":"https:\/\/pvcsolis.com\/es\/ventanas-pvc-premiline\/","og_site_name":"PVC y Aluminios Manresa","article_modified_time":"2021-01-21T13:41:56+00:00","twitter_card":"summary_large_image","twitter_misc":{"Tiempo de lectura":"2 minutos"},"schema":{"@context":"https:\/\/schema.org","@graph":[{"@type":"WebPage","@id":"https:\/\/pvcsolis.com\/es\/ventanas-pvc-premiline\/","url":"https:\/\/pvcsolis.com\/es\/ventanas-pvc-premiline\/","name":"PremiLine - PVC y Aluminios Manresa","isPartOf":{"@id":"https:\/\/pvcsolis.com\/es\/#website"},"datePublished":"2020-07-22T08:36:04+00:00","dateModified":"2021-01-21T13:41:56+00:00","description":"Especialistas en ventanas y puertas de PVC. Trabajos en aluminio. Servicio de persianas... Pide tu presupuesto sin compromiso: 633481340.","breadcrumb":{"@id":"https:\/\/pvcsolis.com\/es\/ventanas-pvc-premiline\/#breadcrumb"},"inLanguage":"es","potentialAction":[{"@type":"ReadAction","target":["https:\/\/pvcsolis.com\/es\/ventanas-pvc-premiline\/"]}]},{"@type":"BreadcrumbList","@id":"https:\/\/pvcsolis.com\/es\/ventanas-pvc-premiline\/#breadcrumb","itemListElement":[{"@type":"ListItem","position":1,"name":"Portada","item":"https:\/\/pvcsolis.com\/es\/"},{"@type":"ListItem","position":2,"name":"PremiLine"}]},{"@type":"WebSite","@id":"https:\/\/pvcsolis.com\/es\/#website","url":"https:\/\/pvcsolis.com\/es\/","name":"PVC y Aluminios Manresa","description":"Instal\u00b7laci\u00f3 de PVC","publisher":{"@id":"https:\/\/pvcsolis.com\/es\/#organization"},"potentialAction":[{"@type":"SearchAction","target":{"@type":"EntryPoint","urlTemplate":"https:\/\/pvcsolis.com\/es\/?s={search_term_string}"},"query-input":{"@type":"PropertyValueSpecification","valueRequired":true,"valueName":"search_term_string"}}],"inLanguage":"es"},{"@type":"Organization","@id":"https:\/\/pvcsolis.com\/es\/#organization","name":"PVC y Aluminios Manresa","url":"https:\/\/pvcsolis.com\/es\/","logo":{"@type":"ImageObject","inLanguage":"es","@id":"https:\/\/pvcsolis.com\/es\/#\/schema\/logo\/image\/","url":"https:\/\/pvcsolis.com\/wp-content\/uploads\/2020\/06\/pvc-y-aluminios-solis.png","contentUrl":"https:\/\/pvcsolis.com\/wp-content\/uploads\/2020\/06\/pvc-y-aluminios-solis.png","width":70,"height":70,"caption":"PVC y Aluminios Manresa"},"image":{"@id":"https:\/\/pvcsolis.com\/es\/#\/schema\/logo\/image\/"}}]}},"_links":{"self":[{"href":"https:\/\/pvcsolis.com\/es\/wp-json\/wp\/v2\/pages\/2636","targetHints":{"allow":["GET"]}}],"collection":[{"href":"https:\/\/pvcsolis.com\/es\/wp-json\/wp\/v2\/pages"}],"about":[{"href":"https:\/\/pvcsolis.com\/es\/wp-json\/wp\/v2\/types\/page"}],"author":[{"embeddable":true,"href":"https:\/\/pvcsolis.com\/es\/wp-json\/wp\/v2\/users\/1"}],"replies":[{"embeddable":true,"href":"https:\/\/pvcsolis.com\/es\/wp-json\/wp\/v2\/comments?post=2636"}],"version-history":[{"count":0,"href":"https:\/\/pvcsolis.com\/es\/wp-json\/wp\/v2\/pages\/2636\/revisions"}],"wp:attachment":[{"href":"https:\/\/pvcsolis.com\/es\/wp-json\/wp\/v2\/media?parent=2636"}],"curies":[{"name":"wp","href":"https:\/\/api.w.org\/{rel}","templated":true}]}}