{"id":2541,"date":"2020-07-22T09:06:31","date_gmt":"2020-07-22T09:06:31","guid":{"rendered":"https:\/\/pvcsolis.com\/finestres-pvc-aillament-acustic\/"},"modified":"2021-01-21T10:12:26","modified_gmt":"2021-01-21T10:12:26","slug":"ventanas-pvc-aislamiento-acustico","status":"publish","type":"page","link":"https:\/\/pvcsolis.com\/es\/ventanas-pvc-aislamiento-acustico\/","title":{"rendered":"Aislamiento ac\u00fastico"},"content":{"rendered":"<p>[vc_row type=\u00bbvc_default\u00bb css=\u00bb.vc_custom_1474268037787{margin-bottom: -30px !important;padding-bottom: 30px !important;}\u00bb][vc_column offset=\u00bbvc_col-lg-12 vc_col-md-12 vc_col-xs-12&#8243;]<div id=\"ultimate-heading-628569d617ff411a7\" class=\"uvc-heading ult-adjust-bottom-margin ultimate-heading-628569d617ff411a7 uvc-2396 accent-border-color\" data-hspacer=\"line_only\"  data-halign=\"left\" style=\"text-align:left\"><div class=\"uvc-main-heading ult-responsive\"  data-ultimate-target='.uvc-heading.ultimate-heading-628569d617ff411a7 h2'  data-responsive-json-new='{\"font-size\":\"desktop:26px;\",\"line-height\":\"desktop:36px;\"}' ><h2 style=\"font-weight:bold;\">Aislamiento ac\u00fastico<\/h2><\/div><div class=\"uvc-heading-spacer line_only\" style=\"margin-top:15px;margin-bottom:30px;height:4px;\"><span class=\"uvc-headings-line\" style=\"border-style:solid;border-bottom-width:4px;border-color:;width:50px;\"><\/span><\/div><\/div>[vc_column_text css=\u00bb.vc_custom_1611223703468{padding-bottom: 60px !important;}\u00bb]<em><strong>Una vivienda con ruidos nos impide disfrutar de momentos de tranquilidad, afectando a nuestro descanso e, incluso, a nuestra salud. El aislamiento ac\u00fastico abarca el conjunto de t\u00e9cnicas, materiales y tecnolog\u00edas capaces de aislar o, al menos, atenuar los ruidos en un determinado espacio. Aislar supone impedir que el sonido penetre en un sitio o salga de \u00e9l. Para ello se utilizan tanto materiales absorbentes como materiales aislantes.<\/strong><\/em><\/p>\n<p>Las ventanas suelen ser el elemento de la vivienda por donde nos entra el ruido del exterior. A la hora de elegir unas ventanas de calidad tenemos que evaluar la necesidad de aislamiento ac\u00fastico de nuestra vivienda y asegurarnos adquirir una ventana que cumpla con el nivel de aislamiento requerido.<\/p>\n<p>Evitar los ruidos de la calle es posible con unas ventanas solventes, s\u00f3lo es cuesti\u00f3n de evaluar el nivel de ruido exterior y saber elegir nuestra configuraci\u00f3n m\u00e1s adecuada.<\/p>\n<p>Las ventanas realizadas con sistemas de perfiles K\u00d6MMERLING son excelentes aislantes ac\u00fasticos principalmente por su escasa permeabilidad al aire certificada en todos los ensayos oficiales. Tambi\u00e9n influye el material utilizado que act\u00faa de amortiguador natural de las olas y la posibilidad de incorporar grandes espesores de vidrio. Las ventanas con perfiles K\u00d6MMERLING est\u00e1n dise\u00f1adas para maximizar el aislamiento, por eso est\u00e1n muy bien preparadas para cristales con tratamiento ac\u00fastico. K\u00d6MMERLING invierte en mejorar sus sistemas para optimizar la reducci\u00f3n ac\u00fastica y por ello sus ventanas que se fabrican obtienen los mejores resultados llegando a reducciones reales de hasta 48 dB.[\/vc_column_text][vc_video link=\u00bbhttps:\/\/www.youtube.com\/watch?v=PAxhz9TeoL8&#8243; align=\u00bbcenter\u00bb][vc_empty_space][vc_column_text css=\u00bb.vc_custom_1611223740343{padding-bottom: 60px !important;}\u00bb]Una reducci\u00f3n de 10 dB de la intensidad sonora ser\u00e1 percibida como una reducci\u00f3n de la mitad en la sensaci\u00f3n de ruido.<\/p>\n<p>Mientras una ventana de aluminio tradicional a\u00edsla alrededor de 24 dB, una ventana de PVC con los diferentes sistemas K\u00d6MMERLING, puede llegar a reducir la entrada de ruido hasta 48 dB.<\/p>\n<p>Conseguir, sin embargo, un buen aislamiento ac\u00fastico depende de m\u00e1s factores imprescindibles, como un vidrio adecuado y un sistema de perfiles de calidad con buen comportamiento ac\u00fastico y sin filtraciones de aire, como es el caso de los perfiles K\u00d6MMERLING.<\/p>\n<p>Esto se traduce en una clasificaci\u00f3n CLASE 4 de permeabilidad al aire, que es el principal medio de transmisi\u00f3n de ondas sonoras.[\/vc_column_text][\/vc_column][\/vc_row][vc_row][vc_column width=\u00bb1\/2&#8243;]<div id=\"ultimate-heading-64069d617ff4121b\" class=\"uvc-heading ult-adjust-bottom-margin ultimate-heading-64069d617ff4121b uvc-5823 accent-border-color\" data-hspacer=\"line_only\"  data-halign=\"left\" style=\"text-align:left\"><div class=\"uvc-main-heading ult-responsive\"  data-ultimate-target='.uvc-heading.ultimate-heading-64069d617ff4121b h2'  data-responsive-json-new='{\"font-size\":\"desktop:26px;\",\"line-height\":\"desktop:36px;\"}' ><h2 style=\"font-weight:bold;\">\u00bfQu\u00e9 factores influyen para conseguir un buen aislamiento ac\u00fastico?<\/h2><\/div><div class=\"uvc-heading-spacer line_only\" style=\"margin-top:15px;margin-bottom:40px;height:4px;\"><span class=\"uvc-headings-line\" style=\"border-style:solid;border-bottom-width:4px;border-color:;width:50px;\"><\/span><\/div><\/div>[vc_accordion active_tab=\u00bbfalse\u00bb style=\u00bb2&#8243;][vc_accordion_tab title=\u00bbForma de apertura\u00bb][vc_column_text css=\u00bb.vc_custom_1611223805059{background-color: #ffffff !important;}\u00bb]Si nuestra vivienda tiene problemas de ruido lo mejor es optar por sistemas de ventanas practicables, es decir un <a href=\"https:\/\/pvcsolis.com\/es\/ventanas-pvc-sistemas-practicables\/\">sistema abatible<\/a> -u oscilobatiente- en lugar de los sistemas de corredera tradicional. Estos sistemas tienen un cierre de doble junta que no permite filtraciones de ondas sonoras.[\/vc_column_text][\/vc_accordion_tab][vc_accordion_tab title=\u00bbLa elecci\u00f3n del perfil\u00bb][vc_column_text css=\u00bb.vc_custom_1611223831345{background-color: #ffffff !important;}\u00bb]Para que una ventana tenga un buen nivel de aislamiento ac\u00fastico debe ser impermeable al aire, ya que las ondas sonoras se transmiten por el aire. La permeabilidad al aire de una ventana depende fundamentalmente de la calidad de su sistema de perfiles. En una ventana de baja calidad podemos sentir el aire filtr\u00e1ndose por las esquinas y, junto con el aire, entra el ruido en nuestra vivienda.[\/vc_column_text][\/vc_accordion_tab][vc_accordion_tab title=\u00bbElecci\u00f3n adecuada del vidrio\u00bb][vc_column_text css=\u00bb.vc_custom_1611223862972{background-color: #ffffff !important;}\u00bb]El aislamiento ac\u00fastico depende en gran medida del espesor del vidrio. Los vidrios con c\u00e1mara ofrecen buenas cualidades t\u00e9rmicas, pero no necesariamente ac\u00fasticas. Debemos procurar que al menos uno de los cristales tenga un espesor m\u00ednimo de 6 mm para asegurar un buen aislamiento ac\u00fastico. Por otra parte, los vidrios laminados son los m\u00e1s aconsejables cuando nuestra necesidad de aislamiento ac\u00fastico es alta. Adem\u00e1s, si nuestra ventana tiene c\u00e1mara de aire la inclusi\u00f3n de gases nobles y similares en ella tambi\u00e9n puede mejorar el aislamiento ac\u00fastico en entornos muy ruidosos.[\/vc_column_text][\/vc_accordion_tab][vc_accordion_tab title=\u00bbMateriales\u00bb][vc_column_text css=\u00bb.vc_custom_1611223884683{background-color: #ffffff !important;}\u00bb]No todos los materiales reaccionan de la misma manera ante las ondas sonoras. Por sus propiedades morfol\u00f3gicas el PVC act\u00faa como un amortiguador natural de las ondas sonoras, por lo que es un material ideal para mejorar el nivel de atenuaci\u00f3n ac\u00fastica en una vivienda.[\/vc_column_text][\/vc_accordion_tab][vc_accordion_tab title=\u00bbPersianas\u00bb][vc_column_text css=\u00bb.vc_custom_1611223907545{background-color: #ffffff !important;}\u00bb]Uno de los puntos m\u00e1s sensibles al ruido en una vivienda son las persianas. Un caj\u00f3n de persianas de mala calidad o una mala instalaci\u00f3n del mismo suele ser una fuente de problemas en lo que a aislamiento se refiere. Es muy com\u00fan que la persiana se convierta en colador de aire y ruido, incluso aunque la ventana sea de calidad. Una mala persiana arruinar\u00e1 todo el conjunto.[\/vc_column_text][\/vc_accordion_tab][\/vc_accordion][\/vc_column][vc_column width=\u00bb1\/2&#8243;]<style type=\"text\/css\" data-type=\"the7_shortcodes-inline-css\">.shortcode-single-image-wrap.shortcode-single-image-6ee29df79e696b908ed0c5725229da74.enable-bg-rollover .rollover i,\n.shortcode-single-image-wrap.shortcode-single-image-6ee29df79e696b908ed0c5725229da74.enable-bg-rollover .rollover-video i {\n  background: -webkit-linear-gradient();\n  background: linear-gradient();\n}\n.shortcode-single-image-wrap.shortcode-single-image-6ee29df79e696b908ed0c5725229da74 .rollover-icon {\n  font-size: 32px;\n  color: #ffffff;\n  min-width: 44px;\n  min-height: 44px;\n  line-height: 44px;\n  border-radius: 100px;\n  border-style: solid;\n  border-width: 0px;\n}\n.dt-icon-bg-on.shortcode-single-image-wrap.shortcode-single-image-6ee29df79e696b908ed0c5725229da74 .rollover-icon {\n  background: rgba(255,255,255,0.3);\n  box-shadow: none;\n}<\/style><div class=\"shortcode-single-image-wrap shortcode-single-image-6ee29df79e696b908ed0c5725229da74 alignnone  enable-bg-rollover dt-icon-bg-off\" style=\"margin-top:0px; margin-bottom:0px; margin-left:0px; margin-right:0px; width:500px;\"><div class=\"shortcode-single-image\"><div class=\"fancy-media-wrap\" style=\"\"><a href=\"http:\/\/pvcsolis.com\/wp-content\/uploads\/2020\/07\/Aislamiento-Acustico-Kommerling.pdf\" class=\" rollover\" style=\"\" aria-label=\"Image\"><img fetchpriority=\"high\" decoding=\"async\" class=\"preload-me aspect\" src=\"https:\/\/pvcsolis.com\/wp-content\/uploads\/2020\/07\/aislamiento-acusticook.png\" srcset=\"https:\/\/pvcsolis.com\/wp-content\/uploads\/2020\/07\/aislamiento-acusticook.png 452w\" style=\"--ratio: 452 \/ 550\" sizes=\"(max-width: 452px) 100vw, 452px\" width=\"452\" height=\"550\"  data-dt-location=\"https:\/\/pvcsolis.com\/es\/descarregues\/aislamiento-acusticook\/\" alt=\"\" \/><\/a><\/div><\/div><\/div>[\/vc_column][\/vc_row]<\/p>\n","protected":false},"excerpt":{"rendered":"<p>[vc_row type=\u00bbvc_default\u00bb css=\u00bb.vc_custom_1474268037787{margin-bottom: -30px !important;padding-bottom: 30px !important;}\u00bb][vc_column offset=\u00bbvc_col-lg-12 vc_col-md-12 vc_col-xs-12&#8243;][vc_column_text css=\u00bb.vc_custom_1611223703468{padding-bottom: 60px !important;}\u00bb]Una vivienda con ruidos nos impide disfrutar de momentos de tranquilidad, afectando a nuestro descanso e, incluso, a nuestra salud. El aislamiento ac\u00fastico abarca el conjunto de t\u00e9cnicas, materiales y tecnolog\u00edas capaces de aislar o, al menos, atenuar los ruidos en un determinado&hellip;<\/p>\n","protected":false},"author":1,"featured_media":0,"parent":0,"menu_order":0,"comment_status":"closed","ping_status":"closed","template":"","meta":{"footnotes":""},"class_list":["post-2541","page","type-page","status-publish","hentry","description-off"],"yoast_head":"<!-- This site is optimized with the Yoast SEO plugin v26.8 - https:\/\/yoast.com\/product\/yoast-seo-wordpress\/ -->\n<title>Aislamiento ac\u00fastico - PVC y Aluminios Manresa<\/title>\n<meta name=\"description\" content=\"Especialistas en ventanas de PVC. Trabajos en aluminio. Servicio de persianas, barandillas... Pide tu presupuesto sin compromiso: 633481340.\" \/>\n<meta name=\"robots\" content=\"index, follow, max-snippet:-1, max-image-preview:large, max-video-preview:-1\" \/>\n<link rel=\"canonical\" href=\"https:\/\/pvcsolis.com\/es\/ventanas-pvc-aislamiento-acustico\/\" \/>\n<meta property=\"og:locale\" content=\"es_ES\" \/>\n<meta property=\"og:type\" content=\"article\" \/>\n<meta property=\"og:title\" content=\"Aislamiento ac\u00fastico - PVC y Aluminios Manresa\" \/>\n<meta property=\"og:description\" content=\"Especialistas en ventanas de PVC. Trabajos en aluminio. Servicio de persianas, barandillas... Pide tu presupuesto sin compromiso: 633481340.\" \/>\n<meta property=\"og:url\" content=\"https:\/\/pvcsolis.com\/es\/ventanas-pvc-aislamiento-acustico\/\" \/>\n<meta property=\"og:site_name\" content=\"PVC y Aluminios Manresa\" \/>\n<meta property=\"article:modified_time\" content=\"2021-01-21T10:12:26+00:00\" \/>\n<meta name=\"twitter:card\" content=\"summary_large_image\" \/>\n<meta name=\"twitter:label1\" content=\"Tiempo de lectura\" \/>\n\t<meta name=\"twitter:data1\" content=\"4 minutos\" \/>\n<script type=\"application\/ld+json\" class=\"yoast-schema-graph\">{\"@context\":\"https:\/\/schema.org\",\"@graph\":[{\"@type\":\"WebPage\",\"@id\":\"https:\/\/pvcsolis.com\/es\/ventanas-pvc-aislamiento-acustico\/\",\"url\":\"https:\/\/pvcsolis.com\/es\/ventanas-pvc-aislamiento-acustico\/\",\"name\":\"Aislamiento ac\u00fastico - PVC y Aluminios Manresa\",\"isPartOf\":{\"@id\":\"https:\/\/pvcsolis.com\/es\/#website\"},\"datePublished\":\"2020-07-22T09:06:31+00:00\",\"dateModified\":\"2021-01-21T10:12:26+00:00\",\"description\":\"Especialistas en ventanas de PVC. Trabajos en aluminio. Servicio de persianas, barandillas... Pide tu presupuesto sin compromiso: 633481340.\",\"breadcrumb\":{\"@id\":\"https:\/\/pvcsolis.com\/es\/ventanas-pvc-aislamiento-acustico\/#breadcrumb\"},\"inLanguage\":\"es\",\"potentialAction\":[{\"@type\":\"ReadAction\",\"target\":[\"https:\/\/pvcsolis.com\/es\/ventanas-pvc-aislamiento-acustico\/\"]}]},{\"@type\":\"BreadcrumbList\",\"@id\":\"https:\/\/pvcsolis.com\/es\/ventanas-pvc-aislamiento-acustico\/#breadcrumb\",\"itemListElement\":[{\"@type\":\"ListItem\",\"position\":1,\"name\":\"Portada\",\"item\":\"https:\/\/pvcsolis.com\/es\/\"},{\"@type\":\"ListItem\",\"position\":2,\"name\":\"Aislamiento ac\u00fastico\"}]},{\"@type\":\"WebSite\",\"@id\":\"https:\/\/pvcsolis.com\/es\/#website\",\"url\":\"https:\/\/pvcsolis.com\/es\/\",\"name\":\"PVC y Aluminios Manresa\",\"description\":\"Instal\u00b7laci\u00f3 de PVC\",\"publisher\":{\"@id\":\"https:\/\/pvcsolis.com\/es\/#organization\"},\"potentialAction\":[{\"@type\":\"SearchAction\",\"target\":{\"@type\":\"EntryPoint\",\"urlTemplate\":\"https:\/\/pvcsolis.com\/es\/?s={search_term_string}\"},\"query-input\":{\"@type\":\"PropertyValueSpecification\",\"valueRequired\":true,\"valueName\":\"search_term_string\"}}],\"inLanguage\":\"es\"},{\"@type\":\"Organization\",\"@id\":\"https:\/\/pvcsolis.com\/es\/#organization\",\"name\":\"PVC y Aluminios Manresa\",\"url\":\"https:\/\/pvcsolis.com\/es\/\",\"logo\":{\"@type\":\"ImageObject\",\"inLanguage\":\"es\",\"@id\":\"https:\/\/pvcsolis.com\/es\/#\/schema\/logo\/image\/\",\"url\":\"https:\/\/pvcsolis.com\/wp-content\/uploads\/2020\/06\/pvc-y-aluminios-solis.png\",\"contentUrl\":\"https:\/\/pvcsolis.com\/wp-content\/uploads\/2020\/06\/pvc-y-aluminios-solis.png\",\"width\":70,\"height\":70,\"caption\":\"PVC y Aluminios Manresa\"},\"image\":{\"@id\":\"https:\/\/pvcsolis.com\/es\/#\/schema\/logo\/image\/\"}}]}<\/script>\n<!-- \/ Yoast SEO plugin. -->","yoast_head_json":{"title":"Aislamiento ac\u00fastico - PVC y Aluminios Manresa","description":"Especialistas en ventanas de PVC. Trabajos en aluminio. Servicio de persianas, barandillas... Pide tu presupuesto sin compromiso: 633481340.","robots":{"index":"index","follow":"follow","max-snippet":"max-snippet:-1","max-image-preview":"max-image-preview:large","max-video-preview":"max-video-preview:-1"},"canonical":"https:\/\/pvcsolis.com\/es\/ventanas-pvc-aislamiento-acustico\/","og_locale":"es_ES","og_type":"article","og_title":"Aislamiento ac\u00fastico - PVC y Aluminios Manresa","og_description":"Especialistas en ventanas de PVC. Trabajos en aluminio. Servicio de persianas, barandillas... Pide tu presupuesto sin compromiso: 633481340.","og_url":"https:\/\/pvcsolis.com\/es\/ventanas-pvc-aislamiento-acustico\/","og_site_name":"PVC y Aluminios Manresa","article_modified_time":"2021-01-21T10:12:26+00:00","twitter_card":"summary_large_image","twitter_misc":{"Tiempo de lectura":"4 minutos"},"schema":{"@context":"https:\/\/schema.org","@graph":[{"@type":"WebPage","@id":"https:\/\/pvcsolis.com\/es\/ventanas-pvc-aislamiento-acustico\/","url":"https:\/\/pvcsolis.com\/es\/ventanas-pvc-aislamiento-acustico\/","name":"Aislamiento ac\u00fastico - PVC y Aluminios Manresa","isPartOf":{"@id":"https:\/\/pvcsolis.com\/es\/#website"},"datePublished":"2020-07-22T09:06:31+00:00","dateModified":"2021-01-21T10:12:26+00:00","description":"Especialistas en ventanas de PVC. Trabajos en aluminio. Servicio de persianas, barandillas... Pide tu presupuesto sin compromiso: 633481340.","breadcrumb":{"@id":"https:\/\/pvcsolis.com\/es\/ventanas-pvc-aislamiento-acustico\/#breadcrumb"},"inLanguage":"es","potentialAction":[{"@type":"ReadAction","target":["https:\/\/pvcsolis.com\/es\/ventanas-pvc-aislamiento-acustico\/"]}]},{"@type":"BreadcrumbList","@id":"https:\/\/pvcsolis.com\/es\/ventanas-pvc-aislamiento-acustico\/#breadcrumb","itemListElement":[{"@type":"ListItem","position":1,"name":"Portada","item":"https:\/\/pvcsolis.com\/es\/"},{"@type":"ListItem","position":2,"name":"Aislamiento ac\u00fastico"}]},{"@type":"WebSite","@id":"https:\/\/pvcsolis.com\/es\/#website","url":"https:\/\/pvcsolis.com\/es\/","name":"PVC y Aluminios Manresa","description":"Instal\u00b7laci\u00f3 de PVC","publisher":{"@id":"https:\/\/pvcsolis.com\/es\/#organization"},"potentialAction":[{"@type":"SearchAction","target":{"@type":"EntryPoint","urlTemplate":"https:\/\/pvcsolis.com\/es\/?s={search_term_string}"},"query-input":{"@type":"PropertyValueSpecification","valueRequired":true,"valueName":"search_term_string"}}],"inLanguage":"es"},{"@type":"Organization","@id":"https:\/\/pvcsolis.com\/es\/#organization","name":"PVC y Aluminios Manresa","url":"https:\/\/pvcsolis.com\/es\/","logo":{"@type":"ImageObject","inLanguage":"es","@id":"https:\/\/pvcsolis.com\/es\/#\/schema\/logo\/image\/","url":"https:\/\/pvcsolis.com\/wp-content\/uploads\/2020\/06\/pvc-y-aluminios-solis.png","contentUrl":"https:\/\/pvcsolis.com\/wp-content\/uploads\/2020\/06\/pvc-y-aluminios-solis.png","width":70,"height":70,"caption":"PVC y Aluminios Manresa"},"image":{"@id":"https:\/\/pvcsolis.com\/es\/#\/schema\/logo\/image\/"}}]}},"_links":{"self":[{"href":"https:\/\/pvcsolis.com\/es\/wp-json\/wp\/v2\/pages\/2541","targetHints":{"allow":["GET"]}}],"collection":[{"href":"https:\/\/pvcsolis.com\/es\/wp-json\/wp\/v2\/pages"}],"about":[{"href":"https:\/\/pvcsolis.com\/es\/wp-json\/wp\/v2\/types\/page"}],"author":[{"embeddable":true,"href":"https:\/\/pvcsolis.com\/es\/wp-json\/wp\/v2\/users\/1"}],"replies":[{"embeddable":true,"href":"https:\/\/pvcsolis.com\/es\/wp-json\/wp\/v2\/comments?post=2541"}],"version-history":[{"count":0,"href":"https:\/\/pvcsolis.com\/es\/wp-json\/wp\/v2\/pages\/2541\/revisions"}],"wp:attachment":[{"href":"https:\/\/pvcsolis.com\/es\/wp-json\/wp\/v2\/media?parent=2541"}],"curies":[{"name":"wp","href":"https:\/\/api.w.org\/{rel}","templated":true}]}}