{"id":2533,"date":"2020-07-22T09:05:42","date_gmt":"2020-07-22T09:05:42","guid":{"rendered":"https:\/\/pvcsolis.com\/finestres-pvc-aillament-termic\/"},"modified":"2021-01-21T09:58:19","modified_gmt":"2021-01-21T09:58:19","slug":"ventanas-pvc-aislamiento-termico","status":"publish","type":"page","link":"https:\/\/pvcsolis.com\/es\/ventanas-pvc-aislamiento-termico\/","title":{"rendered":"Aislamiento t\u00e9rmico"},"content":{"rendered":"<p>[vc_row type=\u00bbvc_default\u00bb css=\u00bb.vc_custom_1474268037787{margin-bottom: -30px !important;padding-bottom: 30px !important;}\u00bb][vc_column offset=\u00bbvc_col-lg-12 vc_col-md-12 vc_col-xs-12&#8243;]<div id=\"ultimate-heading-21316a0834a374cd3\" class=\"uvc-heading ult-adjust-bottom-margin ultimate-heading-21316a0834a374cd3 uvc-4045 accent-border-color\" data-hspacer=\"line_only\"  data-halign=\"left\" style=\"text-align:left\"><div class=\"uvc-main-heading ult-responsive\"  data-ultimate-target='.uvc-heading.ultimate-heading-21316a0834a374cd3 h2'  data-responsive-json-new='{\"font-size\":\"desktop:26px;\",\"line-height\":\"desktop:36px;\"}' ><h2 style=\"font-weight:bold;\">Aislamiento t\u00e9rmico<\/h2><\/div><div class=\"uvc-heading-spacer line_only\" style=\"margin-top:15px;margin-bottom:30px;height:4px;\"><span class=\"uvc-headings-line\" style=\"border-style:solid;border-bottom-width:4px;border-color:;width:50px;\"><\/span><\/div><\/div>[vc_column_text css=\u00bb.vc_custom_1611222866769{padding-bottom: 60px !important;}\u00bb]<em><strong>Las viviendas est\u00e1n expuestas de manera continua a las inclemencias meteorol\u00f3gicas, cambios de temperatura, ruidos, aire, part\u00edculas en suspensi\u00f3n, etc. Es nuestra responsabilidad evitar que todos estos efectos se perciban en el interior del hogar. En esto consiste el aislamiento, en que mientras nosotros lo deseamos, absolutamente todo lo que hay fuera, permanezca fuera.<\/strong><\/em><\/p>\n<p>El aislamiento t\u00e9rmico de una vivienda es la capacidad de nuestro hogar de retener el calor que producimos gracias a la calefacci\u00f3n en invierno y el fr\u00edo que producimos gracias al aire acondicionado en verano.<\/p>\n<p>Un buen aislamiento t\u00e9rmico puede evitar desperdiciar en un edificio hasta un 30% de energ\u00eda, que se traduce en una reducci\u00f3n de la factura el\u00e9ctrica y en las emisiones de CO2, perjudiciales para el medio ambiente.[\/vc_column_text][vc_video link=\u00bbhttps:\/\/www.youtube.com\/watch?v=MjL7H50zx9c\u00bb align=\u00bbcenter\u00bb][vc_empty_space][vc_column_text css=\u00bb.vc_custom_1611222914926{padding-bottom: 60px !important;}\u00bb]El confort t\u00e9rmico del hogar est\u00e1 condicionado, en gran medida, por el buen aislamiento de la instalaci\u00f3n y por el material empleado en el dise\u00f1o de nuestras puertas y ventanas. Estos dos elementos marcar\u00e1n el grado de transmisi\u00f3n t\u00e9rmica intercambiada con el exterior y, en consecuencia, el gasto energ\u00e9tico que empleamos en acondicionar nuestro hogar.<\/p>\n<p>El PVC es, con diferencia, el material m\u00e1s aislante para ventanas. Las ventanas que instalamos en <em><a href=\"https:\/\/pvcsolis.com\/es\/\">PVC i Aluminis Solis<\/a><\/em>, de la mano de la marca de reconocimiento a nivel mundial, K\u00d6MMERLING, gracias a su configuraci\u00f3n t\u00e9cnica, consiguen una transmitancia t\u00e9rmica muy inferior a las otras, haciendo de tu casa un entorno agradable, duradero y econ\u00f3mico.[\/vc_column_text]<div id=\"ultimate-heading-86196a0834a374d48\" class=\"uvc-heading ult-adjust-bottom-margin ultimate-heading-86196a0834a374d48 uvc-7269 accent-border-color\" data-hspacer=\"line_only\"  data-halign=\"left\" style=\"text-align:left\"><div class=\"uvc-main-heading ult-responsive\"  data-ultimate-target='.uvc-heading.ultimate-heading-86196a0834a374d48 h2'  data-responsive-json-new='{\"font-size\":\"desktop:26px;\",\"line-height\":\"desktop:36px;\"}' ><h2 style=\"font-weight:bold;\">El aislamiento t\u00e9rmico se basa en...<\/h2><\/div><div class=\"uvc-heading-spacer line_only\" style=\"margin-top:15px;margin-bottom:40px;height:4px;\"><span class=\"uvc-headings-line\" style=\"border-style:solid;border-bottom-width:4px;border-color:;width:50px;\"><\/span><\/div><\/div>[vc_accordion active_tab=\u00bbfalse\u00bb style=\u00bb2&#8243;][vc_accordion_tab title=\u00bbEl valor de la ventana o puerta\u00bb][vc_column_text css=\u00bb.vc_custom_1611222967538{background-color: #ffffff !important;}\u00bb]Se calcula a partir del valor U del perfil y valor U del cristal. Mide el intercambio de energ\u00eda entre el interior y el exterior de la vivienda. Cuanto m\u00e1s bajo es este valor, m\u00e1s aislante.[\/vc_column_text][\/vc_accordion_tab][vc_accordion_tab title=\u00bbOptimizar el consumo energ\u00e9tico\u00bb][vc_column_text css=\u00bb.vc_custom_1611222994707{background-color: #ffffff !important;}\u00bb]Con un valor U de 1,5W\/mK optimiza el gasto energ\u00e9tico y se puede reducir la demanda en calefacci\u00f3n hasta un 40% y la de aire acondicionado hasta un 32%. Con este nivel de transmitancia, la ventana mantiene siempre una temperatura agradable al tacto y se minimiza el riesgo de condensaciones.[\/vc_column_text][\/vc_accordion_tab][vc_accordion_tab title=\u00bbLa m\u00ednima transmitancia\u00bb][vc_column_text css=\u00bb.vc_custom_1611223020340{background-color: #ffffff !important;}\u00bb]Las ventanas y puertas con sistemas K\u00d6MMERLING pueden conseguir una transmitancia de hasta 0,7W\/mK.[\/vc_column_text][\/vc_accordion_tab][\/vc_accordion][\/vc_column][\/vc_row]<\/p>\n","protected":false},"excerpt":{"rendered":"<p>[vc_row type=\u00bbvc_default\u00bb css=\u00bb.vc_custom_1474268037787{margin-bottom: -30px !important;padding-bottom: 30px !important;}\u00bb][vc_column offset=\u00bbvc_col-lg-12 vc_col-md-12 vc_col-xs-12&#8243;][vc_column_text css=\u00bb.vc_custom_1611222866769{padding-bottom: 60px !important;}\u00bb]Las viviendas est\u00e1n expuestas de manera continua a las inclemencias meteorol\u00f3gicas, cambios de temperatura, ruidos, aire, part\u00edculas en suspensi\u00f3n, etc. Es nuestra responsabilidad evitar que todos estos efectos se perciban en el interior del hogar. En esto consiste el aislamiento, en que mientras&hellip;<\/p>\n","protected":false},"author":1,"featured_media":0,"parent":0,"menu_order":0,"comment_status":"closed","ping_status":"closed","template":"","meta":{"footnotes":""},"class_list":["post-2533","page","type-page","status-publish","hentry","description-off"],"yoast_head":"<!-- This site is optimized with the Yoast SEO plugin v26.8 - https:\/\/yoast.com\/product\/yoast-seo-wordpress\/ -->\n<title>Aislamiento t\u00e9rmico - PVC y Aluminios Manresa<\/title>\n<meta name=\"description\" content=\"Especialistas en ventanas de PVC. Trabajos en aluminio. Servicio de persianas, barandillas... Pide tu presupuesto sin compromiso: 633481340.\" \/>\n<meta name=\"robots\" content=\"index, follow, max-snippet:-1, max-image-preview:large, max-video-preview:-1\" \/>\n<link rel=\"canonical\" href=\"https:\/\/pvcsolis.com\/es\/ventanas-pvc-aislamiento-termico\/\" \/>\n<meta property=\"og:locale\" content=\"es_ES\" \/>\n<meta property=\"og:type\" content=\"article\" \/>\n<meta property=\"og:title\" content=\"Aislamiento t\u00e9rmico - PVC y Aluminios Manresa\" \/>\n<meta property=\"og:description\" content=\"Especialistas en ventanas de PVC. Trabajos en aluminio. Servicio de persianas, barandillas... Pide tu presupuesto sin compromiso: 633481340.\" \/>\n<meta property=\"og:url\" content=\"https:\/\/pvcsolis.com\/es\/ventanas-pvc-aislamiento-termico\/\" \/>\n<meta property=\"og:site_name\" content=\"PVC y Aluminios Manresa\" \/>\n<meta property=\"article:modified_time\" content=\"2021-01-21T09:58:19+00:00\" \/>\n<meta name=\"twitter:card\" content=\"summary_large_image\" \/>\n<meta name=\"twitter:label1\" content=\"Tiempo de lectura\" \/>\n\t<meta name=\"twitter:data1\" content=\"2 minutos\" \/>\n<script type=\"application\/ld+json\" class=\"yoast-schema-graph\">{\"@context\":\"https:\/\/schema.org\",\"@graph\":[{\"@type\":\"WebPage\",\"@id\":\"https:\/\/pvcsolis.com\/es\/ventanas-pvc-aislamiento-termico\/\",\"url\":\"https:\/\/pvcsolis.com\/es\/ventanas-pvc-aislamiento-termico\/\",\"name\":\"Aislamiento t\u00e9rmico - PVC y Aluminios Manresa\",\"isPartOf\":{\"@id\":\"https:\/\/pvcsolis.com\/es\/#website\"},\"datePublished\":\"2020-07-22T09:05:42+00:00\",\"dateModified\":\"2021-01-21T09:58:19+00:00\",\"description\":\"Especialistas en ventanas de PVC. Trabajos en aluminio. Servicio de persianas, barandillas... Pide tu presupuesto sin compromiso: 633481340.\",\"breadcrumb\":{\"@id\":\"https:\/\/pvcsolis.com\/es\/ventanas-pvc-aislamiento-termico\/#breadcrumb\"},\"inLanguage\":\"es\",\"potentialAction\":[{\"@type\":\"ReadAction\",\"target\":[\"https:\/\/pvcsolis.com\/es\/ventanas-pvc-aislamiento-termico\/\"]}]},{\"@type\":\"BreadcrumbList\",\"@id\":\"https:\/\/pvcsolis.com\/es\/ventanas-pvc-aislamiento-termico\/#breadcrumb\",\"itemListElement\":[{\"@type\":\"ListItem\",\"position\":1,\"name\":\"Portada\",\"item\":\"https:\/\/pvcsolis.com\/es\/\"},{\"@type\":\"ListItem\",\"position\":2,\"name\":\"Aislamiento t\u00e9rmico\"}]},{\"@type\":\"WebSite\",\"@id\":\"https:\/\/pvcsolis.com\/es\/#website\",\"url\":\"https:\/\/pvcsolis.com\/es\/\",\"name\":\"PVC y Aluminios Manresa\",\"description\":\"Instal\u00b7laci\u00f3 de PVC\",\"publisher\":{\"@id\":\"https:\/\/pvcsolis.com\/es\/#organization\"},\"potentialAction\":[{\"@type\":\"SearchAction\",\"target\":{\"@type\":\"EntryPoint\",\"urlTemplate\":\"https:\/\/pvcsolis.com\/es\/?s={search_term_string}\"},\"query-input\":{\"@type\":\"PropertyValueSpecification\",\"valueRequired\":true,\"valueName\":\"search_term_string\"}}],\"inLanguage\":\"es\"},{\"@type\":\"Organization\",\"@id\":\"https:\/\/pvcsolis.com\/es\/#organization\",\"name\":\"PVC y Aluminios Manresa\",\"url\":\"https:\/\/pvcsolis.com\/es\/\",\"logo\":{\"@type\":\"ImageObject\",\"inLanguage\":\"es\",\"@id\":\"https:\/\/pvcsolis.com\/es\/#\/schema\/logo\/image\/\",\"url\":\"https:\/\/pvcsolis.com\/wp-content\/uploads\/2020\/06\/pvc-y-aluminios-solis.png\",\"contentUrl\":\"https:\/\/pvcsolis.com\/wp-content\/uploads\/2020\/06\/pvc-y-aluminios-solis.png\",\"width\":70,\"height\":70,\"caption\":\"PVC y Aluminios Manresa\"},\"image\":{\"@id\":\"https:\/\/pvcsolis.com\/es\/#\/schema\/logo\/image\/\"}}]}<\/script>\n<!-- \/ Yoast SEO plugin. -->","yoast_head_json":{"title":"Aislamiento t\u00e9rmico - PVC y Aluminios Manresa","description":"Especialistas en ventanas de PVC. Trabajos en aluminio. Servicio de persianas, barandillas... Pide tu presupuesto sin compromiso: 633481340.","robots":{"index":"index","follow":"follow","max-snippet":"max-snippet:-1","max-image-preview":"max-image-preview:large","max-video-preview":"max-video-preview:-1"},"canonical":"https:\/\/pvcsolis.com\/es\/ventanas-pvc-aislamiento-termico\/","og_locale":"es_ES","og_type":"article","og_title":"Aislamiento t\u00e9rmico - PVC y Aluminios Manresa","og_description":"Especialistas en ventanas de PVC. Trabajos en aluminio. Servicio de persianas, barandillas... Pide tu presupuesto sin compromiso: 633481340.","og_url":"https:\/\/pvcsolis.com\/es\/ventanas-pvc-aislamiento-termico\/","og_site_name":"PVC y Aluminios Manresa","article_modified_time":"2021-01-21T09:58:19+00:00","twitter_card":"summary_large_image","twitter_misc":{"Tiempo de lectura":"2 minutos"},"schema":{"@context":"https:\/\/schema.org","@graph":[{"@type":"WebPage","@id":"https:\/\/pvcsolis.com\/es\/ventanas-pvc-aislamiento-termico\/","url":"https:\/\/pvcsolis.com\/es\/ventanas-pvc-aislamiento-termico\/","name":"Aislamiento t\u00e9rmico - PVC y Aluminios Manresa","isPartOf":{"@id":"https:\/\/pvcsolis.com\/es\/#website"},"datePublished":"2020-07-22T09:05:42+00:00","dateModified":"2021-01-21T09:58:19+00:00","description":"Especialistas en ventanas de PVC. Trabajos en aluminio. Servicio de persianas, barandillas... Pide tu presupuesto sin compromiso: 633481340.","breadcrumb":{"@id":"https:\/\/pvcsolis.com\/es\/ventanas-pvc-aislamiento-termico\/#breadcrumb"},"inLanguage":"es","potentialAction":[{"@type":"ReadAction","target":["https:\/\/pvcsolis.com\/es\/ventanas-pvc-aislamiento-termico\/"]}]},{"@type":"BreadcrumbList","@id":"https:\/\/pvcsolis.com\/es\/ventanas-pvc-aislamiento-termico\/#breadcrumb","itemListElement":[{"@type":"ListItem","position":1,"name":"Portada","item":"https:\/\/pvcsolis.com\/es\/"},{"@type":"ListItem","position":2,"name":"Aislamiento t\u00e9rmico"}]},{"@type":"WebSite","@id":"https:\/\/pvcsolis.com\/es\/#website","url":"https:\/\/pvcsolis.com\/es\/","name":"PVC y Aluminios Manresa","description":"Instal\u00b7laci\u00f3 de PVC","publisher":{"@id":"https:\/\/pvcsolis.com\/es\/#organization"},"potentialAction":[{"@type":"SearchAction","target":{"@type":"EntryPoint","urlTemplate":"https:\/\/pvcsolis.com\/es\/?s={search_term_string}"},"query-input":{"@type":"PropertyValueSpecification","valueRequired":true,"valueName":"search_term_string"}}],"inLanguage":"es"},{"@type":"Organization","@id":"https:\/\/pvcsolis.com\/es\/#organization","name":"PVC y Aluminios Manresa","url":"https:\/\/pvcsolis.com\/es\/","logo":{"@type":"ImageObject","inLanguage":"es","@id":"https:\/\/pvcsolis.com\/es\/#\/schema\/logo\/image\/","url":"https:\/\/pvcsolis.com\/wp-content\/uploads\/2020\/06\/pvc-y-aluminios-solis.png","contentUrl":"https:\/\/pvcsolis.com\/wp-content\/uploads\/2020\/06\/pvc-y-aluminios-solis.png","width":70,"height":70,"caption":"PVC y Aluminios Manresa"},"image":{"@id":"https:\/\/pvcsolis.com\/es\/#\/schema\/logo\/image\/"}}]}},"_links":{"self":[{"href":"https:\/\/pvcsolis.com\/es\/wp-json\/wp\/v2\/pages\/2533","targetHints":{"allow":["GET"]}}],"collection":[{"href":"https:\/\/pvcsolis.com\/es\/wp-json\/wp\/v2\/pages"}],"about":[{"href":"https:\/\/pvcsolis.com\/es\/wp-json\/wp\/v2\/types\/page"}],"author":[{"embeddable":true,"href":"https:\/\/pvcsolis.com\/es\/wp-json\/wp\/v2\/users\/1"}],"replies":[{"embeddable":true,"href":"https:\/\/pvcsolis.com\/es\/wp-json\/wp\/v2\/comments?post=2533"}],"version-history":[{"count":0,"href":"https:\/\/pvcsolis.com\/es\/wp-json\/wp\/v2\/pages\/2533\/revisions"}],"wp:attachment":[{"href":"https:\/\/pvcsolis.com\/es\/wp-json\/wp\/v2\/media?parent=2533"}],"curies":[{"name":"wp","href":"https:\/\/api.w.org\/{rel}","templated":true}]}}