{"id":2512,"date":"2020-07-22T09:02:52","date_gmt":"2020-07-22T09:02:52","guid":{"rendered":"https:\/\/pvcsolis.com\/finestres-pvc-sistemes-practicables\/"},"modified":"2021-01-21T14:03:35","modified_gmt":"2021-01-21T14:03:35","slug":"ventanas-pvc-sistemas-practicables","status":"publish","type":"page","link":"https:\/\/pvcsolis.com\/es\/ventanas-pvc-sistemas-practicables\/","title":{"rendered":"Sistemas practicables"},"content":{"rendered":"<p>[vc_row type=\u00bbvc_default\u00bb css=\u00bb.vc_custom_1474268037787{margin-bottom: -30px !important;padding-bottom: 30px !important;}\u00bb][vc_column offset=\u00bbvc_col-lg-12 vc_col-md-12 vc_col-xs-12&#8243;]<div id=\"ultimate-heading-565669e378d77b786\" class=\"uvc-heading ult-adjust-bottom-margin ultimate-heading-565669e378d77b786 uvc-8440 accent-border-color\" data-hspacer=\"line_only\"  data-halign=\"left\" style=\"text-align:left\"><div class=\"uvc-main-heading ult-responsive\"  data-ultimate-target='.uvc-heading.ultimate-heading-565669e378d77b786 h2'  data-responsive-json-new='{\"font-size\":\"desktop:26px;\",\"line-height\":\"desktop:36px;\"}' ><h2 style=\"font-weight:bold;\">Sistemas practicables<\/h2><\/div><div class=\"uvc-heading-spacer line_only\" style=\"margin-top:15px;margin-bottom:30px;height:4px;\"><span class=\"uvc-headings-line\" style=\"border-style:solid;border-bottom-width:4px;border-color:;width:50px;\"><\/span><\/div><\/div>[vc_column_text css=\u00bb.vc_custom_1611225863380{padding-bottom: 60px !important;}\u00bb]Los sistemas de ventanas practicables son los m\u00e1s eficientes en cuanto a su gran aislamiento t\u00e9rmico y sus excelentes valores de atenuaci\u00f3n ac\u00fastica. Sea la serie que sea, los diferentes sistemas de juntas perimetrales consiguen un cierre estanco y seguro. Y caracterizados por su gran hermeticidad, son los que consiguen mejores niveles de aislamiento <a href=\"https:\/\/pvcsolis.com\/es\/ventanas-pvc-aislamiento-termico\/\">t\u00e9rmico<\/a> y <a href=\"https:\/\/pvcsolis.com\/es\/ventanas-pvc-aislamiento-acustico\/\">ac\u00fastico<\/a>.<\/p>\n<p>A K\u00d6MMERLING dan, adem\u00e1s, respuesta a los retos de la arquitectura actual uniendo avanzados dise\u00f1os con las mejores prestaciones t\u00e9cnicas.<\/p>\n<p>Las ventanas con sistemas K\u00d6MMERLING representan la m\u00e1xima innovaci\u00f3n de mercado en aislamiento y resistencia. Elevadas prestaciones que son resultado de una elaborada ingenier\u00eda y el uso de materiales que respetan el medio ambiente. Todo ello con la garant\u00eda de la marca alemana.[\/vc_column_text][vc_single_image image=\u00bb1750&#8243; img_size=\u00bbfull\u00bb][vc_empty_space height=\u00bb64px\u00bb]<div id=\"ultimate-heading-248069e378d77b7f3\" class=\"uvc-heading ult-adjust-bottom-margin ultimate-heading-248069e378d77b7f3 uvc-4422 accent-border-color\" data-hspacer=\"line_only\"  data-halign=\"left\" style=\"text-align:left\"><div class=\"uvc-main-heading ult-responsive\"  data-ultimate-target='.uvc-heading.ultimate-heading-248069e378d77b7f3 h2'  data-responsive-json-new='{\"font-size\":\"desktop:26px;\",\"line-height\":\"desktop:36px;\"}' ><h2 style=\"font-weight:bold;\">Formas de apertura<\/h2><\/div><div class=\"uvc-heading-spacer line_only\" style=\"margin-top:15px;margin-bottom:40px;height:4px;\"><span class=\"uvc-headings-line\" style=\"border-style:solid;border-bottom-width:4px;border-color:;width:50px;\"><\/span><\/div><\/div>[vc_row_inner][vc_column_inner width=\u00bb1\/4&#8243;][vc_single_image image=\u00bb1731&#8243; img_size=\u00bbfull\u00bb]<div id=\"ultimate-heading-7569e378d77b82f\" class=\"uvc-heading ult-adjust-bottom-margin ultimate-heading-7569e378d77b82f uvc-5182  uvc-heading-default-font-sizes\" data-hspacer=\"no_spacer\"  data-halign=\"center\" style=\"text-align:center\"><div class=\"uvc-heading-spacer no_spacer\" style=\"top\"><\/div><div class=\"uvc-sub-heading ult-responsive\"  data-ultimate-target='.uvc-heading.ultimate-heading-7569e378d77b82f .uvc-sub-heading '  data-responsive-json-new='{\"font-size\":\"\",\"line-height\":\"\"}'  style=\"font-weight:normal;\"><\/p>\n<h6>Practicable<\/h6>\n<p><\/div><\/div>[vc_column_text]<\/p>\n<p style=\"text-align: center;\">Cl\u00e1sica apertura con eje vertical a izquierda o derecha para puertas y ventanas<\/p>\n<p>[\/vc_column_text][\/vc_column_inner][vc_column_inner width=\u00bb1\/4&#8243;][vc_single_image image=\u00bb1728&#8243; img_size=\u00bbfull\u00bb]<div id=\"ultimate-heading-874369e378d77b852\" class=\"uvc-heading ult-adjust-bottom-margin ultimate-heading-874369e378d77b852 uvc-7630  uvc-heading-default-font-sizes\" data-hspacer=\"no_spacer\"  data-halign=\"center\" style=\"text-align:center\"><div class=\"uvc-heading-spacer no_spacer\" style=\"top\"><\/div><div class=\"uvc-sub-heading ult-responsive\"  data-ultimate-target='.uvc-heading.ultimate-heading-874369e378d77b852 .uvc-sub-heading '  data-responsive-json-new='{\"font-size\":\"\",\"line-height\":\"\"}'  style=\"font-weight:normal;\"><\/p>\n<h6>Abatible<\/h6>\n<p><\/div><\/div>[vc_column_text]<\/p>\n<p style=\"text-align: center;\">Apertura con eje horizontal, ideal para la ventilaci\u00f3n<\/p>\n<p>[\/vc_column_text][\/vc_column_inner][vc_column_inner width=\u00bb1\/4&#8243;][vc_single_image image=\u00bb1729&#8243; img_size=\u00bbfull\u00bb]<div id=\"ultimate-heading-755669e378d77b871\" class=\"uvc-heading ult-adjust-bottom-margin ultimate-heading-755669e378d77b871 uvc-5995  uvc-heading-default-font-sizes\" data-hspacer=\"no_spacer\"  data-halign=\"center\" style=\"text-align:center\"><div class=\"uvc-heading-spacer no_spacer\" style=\"top\"><\/div><div class=\"uvc-sub-heading ult-responsive\"  data-ultimate-target='.uvc-heading.ultimate-heading-755669e378d77b871 .uvc-sub-heading '  data-responsive-json-new='{\"font-size\":\"\",\"line-height\":\"\"}'  style=\"font-weight:normal;\"><\/p>\n<h6>Oscilobatiente<\/h6>\n<p><\/div><\/div>[vc_column_text]<\/p>\n<p style=\"text-align: center;\">Para puertas y ventanas con eje lateral a izquierda o derecha<\/p>\n<p>[\/vc_column_text][\/vc_column_inner][vc_column_inner width=\u00bb1\/4&#8243;][vc_single_image image=\u00bb1730&#8243; img_size=\u00bbfull\u00bb]<div id=\"ultimate-heading-42169e378d77b890\" class=\"uvc-heading ult-adjust-bottom-margin ultimate-heading-42169e378d77b890 uvc-9781  uvc-heading-default-font-sizes\" data-hspacer=\"no_spacer\"  data-halign=\"center\" style=\"text-align:center\"><div class=\"uvc-heading-spacer no_spacer\" style=\"top\"><\/div><div class=\"uvc-sub-heading ult-responsive\"  data-ultimate-target='.uvc-heading.ultimate-heading-42169e378d77b890 .uvc-sub-heading '  data-responsive-json-new='{\"font-size\":\"\",\"line-height\":\"\"}'  style=\"font-weight:normal;\"><\/p>\n<h6>Pivotante<\/h6>\n<p><\/div><\/div>[vc_column_text]<\/p>\n<p style=\"text-align: center;\">Para ventanas con eje central con la ventaja de optimizar el espacio<\/p>\n<p>[\/vc_column_text][\/vc_column_inner][\/vc_row_inner][vc_empty_space height=\u00bb64px\u00bb][\/vc_column][\/vc_row][vc_row][vc_column]<div id=\"ultimate-heading-547069e378d77b8c1\" class=\"uvc-heading ult-adjust-bottom-margin ultimate-heading-547069e378d77b8c1 uvc-4889 accent-border-color\" data-hspacer=\"line_only\"  data-halign=\"left\" style=\"text-align:left\"><div class=\"uvc-main-heading ult-responsive\"  data-ultimate-target='.uvc-heading.ultimate-heading-547069e378d77b8c1 h2'  data-responsive-json-new='{\"font-size\":\"desktop:26px;\",\"line-height\":\"desktop:36px;\"}' ><h2 style=\"font-weight:bold;\">Perfiles practicables<\/h2><\/div><div class=\"uvc-heading-spacer line_only\" style=\"margin-top:15px;margin-bottom:40px;height:4px;\"><span class=\"uvc-headings-line\" style=\"border-style:solid;border-bottom-width:4px;border-color:;width:50px;\"><\/span><\/div><\/div>[vc_accordion active_tab=\u00bbfalse\u00bb style=\u00bb2&#8243;][vc_accordion_tab title=\u00bbEurofutur Elegance\u00bb][vc_column_text css=\u00bb.vc_custom_1611237729799{background-color: #ffffff !important;}\u00bb]<a href=\"https:\/\/pvcsolis.com\/es\/ventanas-pvc-eurofutur-elegance\/\">EuroFutur Elegance<\/a> combina sus \u00f3ptimas caracter\u00edsticas t\u00e9cnicas con una elegante est\u00e9tica de suaves formas redondeadas. Se ha convertido en uno de los sistemas m\u00e1s valorados y conocidos de K\u00d6MMERLING, contando con una extensa gama de perfiles y complementos.[\/vc_column_text][\/vc_accordion_tab][vc_accordion_tab title=\u00bbK\u00f6mmerling 76&#8243;][vc_column_text css=\u00bb.vc_custom_1611237745403{background-color: #ffffff !important;}\u00bb]Con su moderno acabado de l\u00edneas rectas y su nivel de prestaciones, el sistema <a href=\"https:\/\/pvcsolis.com\/es\/ventanas-pvc-kommerling-76\/\">K\u00d6MMERLING 76<\/a> est\u00e1 destinado a marcar un antes y un despu\u00e9s en el dise\u00f1o de perfiles de PVC.[\/vc_column_text][\/vc_accordion_tab][vc_accordion_tab title=\u00bbK\u00f6mmerling 76 Xtrem\u00bb][vc_column_text css=\u00bb.vc_custom_1611237760465{background-color: #ffffff !important;}\u00bb]<a href=\"https:\/\/pvcsolis.com\/es\/ventanas-pvc-kommerling-76-xtrem\/\">K\u00d6MMERLING 76 Xtrem<\/a> es la gama m\u00e1s innovadora de la marca donde se unen los mejores niveles de aislamiento con un cuidado dise\u00f1o de estilizadas l\u00edneas rectas que reduce la superficie vista.[\/vc_column_text][\/vc_accordion_tab][vc_accordion_tab title=\u00bb88 Plus\u00bb][vc_column_text css=\u00bb.vc_custom_1611237779970{background-color: #ffffff !important;}\u00bb]El sistema m\u00e1s aislante de K\u00d6MMERLING. Est\u00e1 dise\u00f1ado con los m\u00e1s sofisticados avances para conseguir el m\u00e1ximo aislamiento t\u00e9rmico, incluso en condiciones climatol\u00f3gicas extremas. Un <a href=\"https:\/\/pvcsolis.com\/es\/ventanas-pvc-88-plus\/\">sistema de 88<\/a> mm que cuenta con una versi\u00f3n certificada por el Instituto Passivhaus para clima severo.[\/vc_column_text][\/vc_accordion_tab][vc_accordion_tab title=\u00bbGlassWin\u00bb][vc_column_text css=\u00bb.vc_custom_1611237796227{background-color: #ffffff !important;}\u00bb]Este <a href=\"https:\/\/pvcsolis.com\/es\/ventanas-pvc-glasswin\/\">sistema<\/a> de hoja oculta para ventanas es capaz de integrarse en los dise\u00f1os m\u00e1s vanguardistas de la arquitectura actual, pero con una gran estabilidad y resistencia al impacto. Con este sistema de vidrio estructural se consigue un perfil m\u00e1s estilizado y estrecho, creando grandes estructuras de vidrio sin renunciar a unas buenas prestaciones.[\/vc_column_text][\/vc_accordion_tab][vc_accordion_tab title=\u00bbPuertas de calle\u00bb][vc_column_text css=\u00bb.vc_custom_1611237811722{background-color: #ffffff !important;}\u00bb]Las <a href=\"https:\/\/pvcsolis.com\/es\/puertas-de-calle\/\">puertas de calle<\/a> con sistemas K\u00d6MMERLING de alta resistencia ofrecen una amplia variedad de posibilidades, adapt\u00e1ndose a las diferentes necesidades de la vivienda. Adem\u00e1s, permiten su personalizaci\u00f3n escogiendo entre diferentes paneles decorativos, vidrios y tiradores.[\/vc_column_text][\/vc_accordion_tab][\/vc_accordion][vc_empty_space height=\u00bb64px\u00bb][vc_empty_space height=\u00bb45px\u00bb][\/vc_column][\/vc_row][vc_row][vc_column]<div id=\"ultimate-heading-496469e378d77b8fa\" class=\"uvc-heading ult-adjust-bottom-margin ultimate-heading-496469e378d77b8fa uvc-23 accent-border-color\" data-hspacer=\"line_only\"  data-halign=\"left\" style=\"text-align:left\"><div class=\"uvc-main-heading ult-responsive\"  data-ultimate-target='.uvc-heading.ultimate-heading-496469e378d77b8fa h2'  data-responsive-json-new='{\"font-size\":\"desktop:26px;\",\"line-height\":\"desktop:36px;\"}' ><h2 style=\"font-weight:bold;\">V\u00eddeos de las formas de apertura<\/h2><\/div><div class=\"uvc-heading-spacer line_only\" style=\"margin-top:15px;margin-bottom:40px;height:4px;\"><span class=\"uvc-headings-line\" style=\"border-style:solid;border-bottom-width:4px;border-color:;width:50px;\"><\/span><\/div><\/div>[\/vc_column][\/vc_row][vc_row][vc_column width=\u00bb1\/2&#8243;][vc_video link=\u00bbhttps:\/\/www.youtube.com\/watch?v=L_D4C6ZL-c8&#8243; align=\u00bbcenter\u00bb]<div id=\"ultimate-heading-497969e378d77b925\" class=\"uvc-heading ult-adjust-bottom-margin ultimate-heading-497969e378d77b925 uvc-9799  uvc-heading-default-font-sizes\" data-hspacer=\"no_spacer\"  data-halign=\"center\" style=\"text-align:center\"><div class=\"uvc-heading-spacer no_spacer\" style=\"top\"><\/div><div class=\"uvc-sub-heading ult-responsive\"  data-ultimate-target='.uvc-heading.ultimate-heading-497969e378d77b925 .uvc-sub-heading '  data-responsive-json-new='{\"font-size\":\"\",\"line-height\":\"\"}'  style=\"font-weight:normal;\"><\/p>\n<p style=\"text-align: center;\"><strong>Ventana practicable exterior<\/strong><\/p>\n<p><\/div><\/div>[vc_empty_space][\/vc_column][vc_column width=\u00bb1\/2&#8243;][vc_video link=\u00bbhttps:\/\/www.youtube.com\/watch?v=yvCTl4hGJlI\u00bb align=\u00bbcenter\u00bb]<div id=\"ultimate-heading-33569e378d77b944\" class=\"uvc-heading ult-adjust-bottom-margin ultimate-heading-33569e378d77b944 uvc-155  uvc-heading-default-font-sizes\" data-hspacer=\"no_spacer\"  data-halign=\"center\" style=\"text-align:center\"><div class=\"uvc-heading-spacer no_spacer\" style=\"top\"><\/div><div class=\"uvc-sub-heading ult-responsive\"  data-ultimate-target='.uvc-heading.ultimate-heading-33569e378d77b944 .uvc-sub-heading '  data-responsive-json-new='{\"font-size\":\"\",\"line-height\":\"\"}'  style=\"font-weight:normal;\"><\/p>\n<p style=\"text-align: center;\"><strong>Ventana practicable interior<\/strong><\/p>\n<p><\/div><\/div>[vc_empty_space][\/vc_column][\/vc_row][vc_row][vc_column width=\u00bb1\/2&#8243;][vc_video link=\u00bbhttps:\/\/www.youtube.com\/watch?v=LUddP9YM_xM\u00bb align=\u00bbcenter\u00bb]<div id=\"ultimate-heading-484969e378d77b968\" class=\"uvc-heading ult-adjust-bottom-margin ultimate-heading-484969e378d77b968 uvc-7213  uvc-heading-default-font-sizes\" data-hspacer=\"no_spacer\"  data-halign=\"center\" style=\"text-align:center\"><div class=\"uvc-heading-spacer no_spacer\" style=\"top\"><\/div><div class=\"uvc-sub-heading ult-responsive\"  data-ultimate-target='.uvc-heading.ultimate-heading-484969e378d77b968 .uvc-sub-heading '  data-responsive-json-new='{\"font-size\":\"\",\"line-height\":\"\"}'  style=\"font-weight:normal;\"><\/p>\n<p style=\"text-align: center;\"><strong>Puerta practicable exterior<\/strong><\/p>\n<p><\/div><\/div>[vc_empty_space][\/vc_column][vc_column width=\u00bb1\/2&#8243;][vc_video link=\u00bbhttps:\/\/www.youtube.com\/watch?v=eVkgXOpTaXQ\u00bb align=\u00bbcenter\u00bb]<div id=\"ultimate-heading-151269e378d77b988\" class=\"uvc-heading ult-adjust-bottom-margin ultimate-heading-151269e378d77b988 uvc-4747  uvc-heading-default-font-sizes\" data-hspacer=\"no_spacer\"  data-halign=\"center\" style=\"text-align:center\"><div class=\"uvc-heading-spacer no_spacer\" style=\"top\"><\/div><div class=\"uvc-sub-heading ult-responsive\"  data-ultimate-target='.uvc-heading.ultimate-heading-151269e378d77b988 .uvc-sub-heading '  data-responsive-json-new='{\"font-size\":\"\",\"line-height\":\"\"}'  style=\"font-weight:normal;\"><\/p>\n<p style=\"text-align: center;\"><strong>Puerta practicable interior<\/strong><\/p>\n<p><\/div><\/div>[vc_empty_space][\/vc_column][\/vc_row][vc_row][vc_column width=\u00bb1\/2&#8243;][vc_video link=\u00bbhttps:\/\/www.youtube.com\/watch?v=T_4TYd0CQeU\u00bb align=\u00bbcenter\u00bb]<div id=\"ultimate-heading-869569e378d77b9a6\" class=\"uvc-heading ult-adjust-bottom-margin ultimate-heading-869569e378d77b9a6 uvc-5831  uvc-heading-default-font-sizes\" data-hspacer=\"no_spacer\"  data-halign=\"center\" style=\"text-align:center\"><div class=\"uvc-heading-spacer no_spacer\" style=\"top\"><\/div><div class=\"uvc-sub-heading ult-responsive\"  data-ultimate-target='.uvc-heading.ultimate-heading-869569e378d77b9a6 .uvc-sub-heading '  data-responsive-json-new='{\"font-size\":\"\",\"line-height\":\"\"}'  style=\"font-weight:normal;\"><\/p>\n<p style=\"text-align: center;\"><strong>Ventana pivotante<\/strong><\/p>\n<p><\/div><\/div>[vc_empty_space][\/vc_column][vc_column width=\u00bb1\/2&#8243;][vc_video link=\u00bbhttps:\/\/www.youtube.com\/watch?v=_uIodcTZZyE\u00bb align=\u00bbcenter\u00bb]<div id=\"ultimate-heading-64469e378d77b9c3\" class=\"uvc-heading ult-adjust-bottom-margin ultimate-heading-64469e378d77b9c3 uvc-9006  uvc-heading-default-font-sizes\" data-hspacer=\"no_spacer\"  data-halign=\"center\" style=\"text-align:center\"><div class=\"uvc-heading-spacer no_spacer\" style=\"top\"><\/div><div class=\"uvc-sub-heading ult-responsive\"  data-ultimate-target='.uvc-heading.ultimate-heading-64469e378d77b9c3 .uvc-sub-heading '  data-responsive-json-new='{\"font-size\":\"\",\"line-height\":\"\"}'  style=\"font-weight:normal;\"><\/p>\n<p style=\"text-align: center;\"><strong>Ventana abatible<\/strong><\/p>\n<p><\/div><\/div>[vc_empty_space][\/vc_column][\/vc_row][vc_row][vc_column width=\u00bb1\/4&#8243;][\/vc_column][vc_column width=\u00bb1\/2&#8243;][vc_video link=\u00bbhttps:\/\/www.youtube.com\/watch?v=xa1Ux2mbAH0&#8243; align=\u00bbcenter\u00bb]<div id=\"ultimate-heading-307569e378d77b9df\" class=\"uvc-heading ult-adjust-bottom-margin ultimate-heading-307569e378d77b9df uvc-9632  uvc-heading-default-font-sizes\" data-hspacer=\"no_spacer\"  data-halign=\"center\" style=\"text-align:center\"><div class=\"uvc-heading-spacer no_spacer\" style=\"top\"><\/div><div class=\"uvc-sub-heading ult-responsive\"  data-ultimate-target='.uvc-heading.ultimate-heading-307569e378d77b9df .uvc-sub-heading '  data-responsive-json-new='{\"font-size\":\"\",\"line-height\":\"\"}'  style=\"font-weight:normal;\"><\/p>\n<p style=\"text-align: center;\"><strong>Ventana oscilobatiente<\/strong><\/p>\n<p><\/div><\/div>[\/vc_column][vc_column width=\u00bb1\/4&#8243;][\/vc_column][\/vc_row]<\/p>\n","protected":false},"excerpt":{"rendered":"<p>[vc_row type=\u00bbvc_default\u00bb css=\u00bb.vc_custom_1474268037787{margin-bottom: -30px !important;padding-bottom: 30px !important;}\u00bb][vc_column offset=\u00bbvc_col-lg-12 vc_col-md-12 vc_col-xs-12&#8243;][vc_column_text css=\u00bb.vc_custom_1611225863380{padding-bottom: 60px !important;}\u00bb]Los sistemas de ventanas practicables son los m\u00e1s eficientes en cuanto a su gran aislamiento t\u00e9rmico y sus excelentes valores de atenuaci\u00f3n ac\u00fastica. Sea la serie que sea, los diferentes sistemas de juntas perimetrales consiguen un cierre estanco y seguro. Y caracterizados por&hellip;<\/p>\n","protected":false},"author":1,"featured_media":0,"parent":0,"menu_order":0,"comment_status":"closed","ping_status":"closed","template":"","meta":{"footnotes":""},"class_list":["post-2512","page","type-page","status-publish","hentry","description-off"],"yoast_head":"<!-- This site is optimized with the Yoast SEO plugin v26.8 - https:\/\/yoast.com\/product\/yoast-seo-wordpress\/ -->\n<title>Sistemas practicables - PVC y Aluminios Manresa<\/title>\n<meta name=\"description\" content=\"Especialistas en ventanas de PVC. Trabajos en aluminio. Servicio de persianas, barandillas... Pide tu presupuesto sin compromiso: 633481340.\" \/>\n<meta name=\"robots\" content=\"index, follow, max-snippet:-1, max-image-preview:large, max-video-preview:-1\" \/>\n<link rel=\"canonical\" href=\"https:\/\/pvcsolis.com\/es\/ventanas-pvc-sistemas-practicables\/\" \/>\n<meta property=\"og:locale\" content=\"es_ES\" \/>\n<meta property=\"og:type\" content=\"article\" \/>\n<meta property=\"og:title\" content=\"Sistemas practicables - PVC y Aluminios Manresa\" \/>\n<meta property=\"og:description\" content=\"Especialistas en ventanas de PVC. Trabajos en aluminio. Servicio de persianas, barandillas... Pide tu presupuesto sin compromiso: 633481340.\" \/>\n<meta property=\"og:url\" content=\"https:\/\/pvcsolis.com\/es\/ventanas-pvc-sistemas-practicables\/\" \/>\n<meta property=\"og:site_name\" content=\"PVC y Aluminios Manresa\" \/>\n<meta property=\"article:modified_time\" content=\"2021-01-21T14:03:35+00:00\" \/>\n<meta name=\"twitter:card\" content=\"summary_large_image\" \/>\n<meta name=\"twitter:label1\" content=\"Tiempo de lectura\" \/>\n\t<meta name=\"twitter:data1\" content=\"3 minutos\" \/>\n<script type=\"application\/ld+json\" class=\"yoast-schema-graph\">{\"@context\":\"https:\/\/schema.org\",\"@graph\":[{\"@type\":\"WebPage\",\"@id\":\"https:\/\/pvcsolis.com\/es\/ventanas-pvc-sistemas-practicables\/\",\"url\":\"https:\/\/pvcsolis.com\/es\/ventanas-pvc-sistemas-practicables\/\",\"name\":\"Sistemas practicables - PVC y Aluminios Manresa\",\"isPartOf\":{\"@id\":\"https:\/\/pvcsolis.com\/es\/#website\"},\"datePublished\":\"2020-07-22T09:02:52+00:00\",\"dateModified\":\"2021-01-21T14:03:35+00:00\",\"description\":\"Especialistas en ventanas de PVC. Trabajos en aluminio. Servicio de persianas, barandillas... Pide tu presupuesto sin compromiso: 633481340.\",\"breadcrumb\":{\"@id\":\"https:\/\/pvcsolis.com\/es\/ventanas-pvc-sistemas-practicables\/#breadcrumb\"},\"inLanguage\":\"es\",\"potentialAction\":[{\"@type\":\"ReadAction\",\"target\":[\"https:\/\/pvcsolis.com\/es\/ventanas-pvc-sistemas-practicables\/\"]}]},{\"@type\":\"BreadcrumbList\",\"@id\":\"https:\/\/pvcsolis.com\/es\/ventanas-pvc-sistemas-practicables\/#breadcrumb\",\"itemListElement\":[{\"@type\":\"ListItem\",\"position\":1,\"name\":\"Portada\",\"item\":\"https:\/\/pvcsolis.com\/es\/\"},{\"@type\":\"ListItem\",\"position\":2,\"name\":\"Sistemas practicables\"}]},{\"@type\":\"WebSite\",\"@id\":\"https:\/\/pvcsolis.com\/es\/#website\",\"url\":\"https:\/\/pvcsolis.com\/es\/\",\"name\":\"PVC y Aluminios Manresa\",\"description\":\"Instal\u00b7laci\u00f3 de PVC\",\"publisher\":{\"@id\":\"https:\/\/pvcsolis.com\/es\/#organization\"},\"potentialAction\":[{\"@type\":\"SearchAction\",\"target\":{\"@type\":\"EntryPoint\",\"urlTemplate\":\"https:\/\/pvcsolis.com\/es\/?s={search_term_string}\"},\"query-input\":{\"@type\":\"PropertyValueSpecification\",\"valueRequired\":true,\"valueName\":\"search_term_string\"}}],\"inLanguage\":\"es\"},{\"@type\":\"Organization\",\"@id\":\"https:\/\/pvcsolis.com\/es\/#organization\",\"name\":\"PVC y Aluminios Manresa\",\"url\":\"https:\/\/pvcsolis.com\/es\/\",\"logo\":{\"@type\":\"ImageObject\",\"inLanguage\":\"es\",\"@id\":\"https:\/\/pvcsolis.com\/es\/#\/schema\/logo\/image\/\",\"url\":\"https:\/\/pvcsolis.com\/wp-content\/uploads\/2020\/06\/pvc-y-aluminios-solis.png\",\"contentUrl\":\"https:\/\/pvcsolis.com\/wp-content\/uploads\/2020\/06\/pvc-y-aluminios-solis.png\",\"width\":70,\"height\":70,\"caption\":\"PVC y Aluminios Manresa\"},\"image\":{\"@id\":\"https:\/\/pvcsolis.com\/es\/#\/schema\/logo\/image\/\"}}]}<\/script>\n<!-- \/ Yoast SEO plugin. -->","yoast_head_json":{"title":"Sistemas practicables - PVC y Aluminios Manresa","description":"Especialistas en ventanas de PVC. Trabajos en aluminio. Servicio de persianas, barandillas... Pide tu presupuesto sin compromiso: 633481340.","robots":{"index":"index","follow":"follow","max-snippet":"max-snippet:-1","max-image-preview":"max-image-preview:large","max-video-preview":"max-video-preview:-1"},"canonical":"https:\/\/pvcsolis.com\/es\/ventanas-pvc-sistemas-practicables\/","og_locale":"es_ES","og_type":"article","og_title":"Sistemas practicables - PVC y Aluminios Manresa","og_description":"Especialistas en ventanas de PVC. Trabajos en aluminio. Servicio de persianas, barandillas... Pide tu presupuesto sin compromiso: 633481340.","og_url":"https:\/\/pvcsolis.com\/es\/ventanas-pvc-sistemas-practicables\/","og_site_name":"PVC y Aluminios Manresa","article_modified_time":"2021-01-21T14:03:35+00:00","twitter_card":"summary_large_image","twitter_misc":{"Tiempo de lectura":"3 minutos"},"schema":{"@context":"https:\/\/schema.org","@graph":[{"@type":"WebPage","@id":"https:\/\/pvcsolis.com\/es\/ventanas-pvc-sistemas-practicables\/","url":"https:\/\/pvcsolis.com\/es\/ventanas-pvc-sistemas-practicables\/","name":"Sistemas practicables - PVC y Aluminios Manresa","isPartOf":{"@id":"https:\/\/pvcsolis.com\/es\/#website"},"datePublished":"2020-07-22T09:02:52+00:00","dateModified":"2021-01-21T14:03:35+00:00","description":"Especialistas en ventanas de PVC. Trabajos en aluminio. Servicio de persianas, barandillas... Pide tu presupuesto sin compromiso: 633481340.","breadcrumb":{"@id":"https:\/\/pvcsolis.com\/es\/ventanas-pvc-sistemas-practicables\/#breadcrumb"},"inLanguage":"es","potentialAction":[{"@type":"ReadAction","target":["https:\/\/pvcsolis.com\/es\/ventanas-pvc-sistemas-practicables\/"]}]},{"@type":"BreadcrumbList","@id":"https:\/\/pvcsolis.com\/es\/ventanas-pvc-sistemas-practicables\/#breadcrumb","itemListElement":[{"@type":"ListItem","position":1,"name":"Portada","item":"https:\/\/pvcsolis.com\/es\/"},{"@type":"ListItem","position":2,"name":"Sistemas practicables"}]},{"@type":"WebSite","@id":"https:\/\/pvcsolis.com\/es\/#website","url":"https:\/\/pvcsolis.com\/es\/","name":"PVC y Aluminios Manresa","description":"Instal\u00b7laci\u00f3 de PVC","publisher":{"@id":"https:\/\/pvcsolis.com\/es\/#organization"},"potentialAction":[{"@type":"SearchAction","target":{"@type":"EntryPoint","urlTemplate":"https:\/\/pvcsolis.com\/es\/?s={search_term_string}"},"query-input":{"@type":"PropertyValueSpecification","valueRequired":true,"valueName":"search_term_string"}}],"inLanguage":"es"},{"@type":"Organization","@id":"https:\/\/pvcsolis.com\/es\/#organization","name":"PVC y Aluminios Manresa","url":"https:\/\/pvcsolis.com\/es\/","logo":{"@type":"ImageObject","inLanguage":"es","@id":"https:\/\/pvcsolis.com\/es\/#\/schema\/logo\/image\/","url":"https:\/\/pvcsolis.com\/wp-content\/uploads\/2020\/06\/pvc-y-aluminios-solis.png","contentUrl":"https:\/\/pvcsolis.com\/wp-content\/uploads\/2020\/06\/pvc-y-aluminios-solis.png","width":70,"height":70,"caption":"PVC y Aluminios Manresa"},"image":{"@id":"https:\/\/pvcsolis.com\/es\/#\/schema\/logo\/image\/"}}]}},"_links":{"self":[{"href":"https:\/\/pvcsolis.com\/es\/wp-json\/wp\/v2\/pages\/2512","targetHints":{"allow":["GET"]}}],"collection":[{"href":"https:\/\/pvcsolis.com\/es\/wp-json\/wp\/v2\/pages"}],"about":[{"href":"https:\/\/pvcsolis.com\/es\/wp-json\/wp\/v2\/types\/page"}],"author":[{"embeddable":true,"href":"https:\/\/pvcsolis.com\/es\/wp-json\/wp\/v2\/users\/1"}],"replies":[{"embeddable":true,"href":"https:\/\/pvcsolis.com\/es\/wp-json\/wp\/v2\/comments?post=2512"}],"version-history":[{"count":0,"href":"https:\/\/pvcsolis.com\/es\/wp-json\/wp\/v2\/pages\/2512\/revisions"}],"wp:attachment":[{"href":"https:\/\/pvcsolis.com\/es\/wp-json\/wp\/v2\/media?parent=2512"}],"curies":[{"name":"wp","href":"https:\/\/api.w.org\/{rel}","templated":true}]}}