{"id":2508,"date":"2016-06-24T19:52:48","date_gmt":"2016-06-24T19:52:48","guid":{"rendered":"https:\/\/pvcsolis.com\/col%c2%b7laboradors\/"},"modified":"2021-01-21T09:08:05","modified_gmt":"2021-01-21T09:08:05","slug":"colaboradores","status":"publish","type":"page","link":"https:\/\/pvcsolis.com\/es\/colaboradores\/","title":{"rendered":"Colaboradores"},"content":{"rendered":"<p>[vc_row gap=\u00bb30&#8243; equal_height=\u00bbyes\u00bb type=\u00bbvc_default\u00bb css=\u00bb.vc_custom_1495106153378{padding-top: 70px !important;padding-right: 25px !important;padding-bottom: 70px !important;padding-left: 25px !important;}\u00bb][vc_column width=\u00bb1\/2&#8243; css=\u00bb.vc_custom_1494951288995{padding-top: 30px !important;padding-right: 30px !important;padding-bottom: 30px !important;padding-left: 30px !important;background-color: #f4f4f4 !important;}\u00bb offset=\u00bbvc_col-lg-4 vc_col-md-4&#8243;]<style type=\"text\/css\" data-type=\"the7_shortcodes-inline-css\">.shortcode-single-image-wrap.shortcode-single-image-4e140d6c533e57950176a0a0c266c7f2.enable-bg-rollover .rollover i,\n.shortcode-single-image-wrap.shortcode-single-image-4e140d6c533e57950176a0a0c266c7f2.enable-bg-rollover .rollover-video i {\n  background: -webkit-linear-gradient();\n  background: linear-gradient();\n}\n.shortcode-single-image-wrap.shortcode-single-image-4e140d6c533e57950176a0a0c266c7f2 .rollover-icon {\n  font-size: 32px;\n  color: #ffffff;\n  min-width: 44px;\n  min-height: 44px;\n  line-height: 44px;\n  border-radius: 100px;\n  border-style: solid;\n  border-width: 0px;\n}\n.dt-icon-bg-on.shortcode-single-image-wrap.shortcode-single-image-4e140d6c533e57950176a0a0c266c7f2 .rollover-icon {\n  background: rgba(255,255,255,0.3);\n  box-shadow: none;\n}<\/style><div class=\"shortcode-single-image-wrap shortcode-single-image-4e140d6c533e57950176a0a0c266c7f2 alignnone  vc_custom_1594121734661 enable-bg-rollover dt-icon-bg-off\" ><div class=\"shortcode-single-image\"><div class=\"fancy-media-wrap\" style=\"\"><img fetchpriority=\"high\" decoding=\"async\" class=\"preload-me aspect\" src=\"https:\/\/pvcsolis.com\/wp-content\/uploads\/2020\/07\/logo-kommerling-ok-300x200.png\" srcset=\"https:\/\/pvcsolis.com\/wp-content\/uploads\/2020\/07\/logo-kommerling-ok-300x200.png 300w, https:\/\/pvcsolis.com\/wp-content\/uploads\/2020\/07\/logo-kommerling-ok-400x266.png 400w\" sizes=\"(max-width: 300px) 100vw, 300px\" width=\"300\" height=\"200\"  data-dt-location=\"https:\/\/pvcsolis.com\/es\/col%c2%b7laboradors\/logo-kommerling-ok\/\" style=\"--ratio: 300 \/ 200;\" alt=\"\" \/><\/div><\/div><\/div><div id=\"ultimate-heading-475869ec22d8b03a0\" class=\"uvc-heading ult-adjust-bottom-margin ultimate-heading-475869ec22d8b03a0 uvc-3641 accent-border-color\" data-hspacer=\"line_only\"  data-halign=\"center\" style=\"text-align:center\"><div class=\"uvc-heading-spacer line_only\" style=\"margin-top:30px;margin-bottom:20px;height:4px;\"><span class=\"uvc-headings-line\" style=\"border-style:solid;border-bottom-width:4px;border-color:;width:50px;\"><\/span><\/div><div class=\"uvc-main-heading ult-responsive\"  data-ultimate-target='.uvc-heading.ultimate-heading-475869ec22d8b03a0 h2'  data-responsive-json-new='{\"font-size\":\"desktop:18px;\",\"line-height\":\"desktop:28px;\"}' ><h2 style=\"font-weight:bold;margin-bottom:10px;\">K\u00f6mmerling<\/h2><\/div><div class=\"uvc-sub-heading ult-responsive\"  data-ultimate-target='.uvc-heading.ultimate-heading-475869ec22d8b03a0 .uvc-sub-heading '  data-responsive-json-new='{\"font-size\":\"desktop:14px;\",\"line-height\":\"desktop:28px;\"}'  style=\"font-weight:normal;\">L\u00edder europeo en la fabricaci\u00f3n y distribuci\u00f3n de perfiles de PVC para ventanas, puertas, persianas y contraventanas. Los sistemas K\u00d6MMERLING esconden un mundo de posibilidades: altas prestaciones, garant\u00edas, acabados y colores. Todo lo que puedas imaginar, lo podr\u00e1s encontrar. Sus sistemas van un paso m\u00e1s all\u00e1 y se adelantan a las necesidades del mercado.<\/div><\/div>[\/vc_column][vc_column width=\u00bb1\/2&#8243; css=\u00bb.vc_custom_1494951296945{padding-top: 30px !important;padding-right: 30px !important;padding-bottom: 30px !important;padding-left: 30px !important;background-color: #f4f4f4 !important;}\u00bb offset=\u00bbvc_col-lg-4 vc_col-md-4&#8243;]<style type=\"text\/css\" data-type=\"the7_shortcodes-inline-css\">.shortcode-single-image-wrap.shortcode-single-image-a6f50b4a2c3771b0b433e1cd38362b8d.enable-bg-rollover .rollover i,\n.shortcode-single-image-wrap.shortcode-single-image-a6f50b4a2c3771b0b433e1cd38362b8d.enable-bg-rollover .rollover-video i {\n  background: -webkit-linear-gradient();\n  background: linear-gradient();\n}\n.shortcode-single-image-wrap.shortcode-single-image-a6f50b4a2c3771b0b433e1cd38362b8d .rollover-icon {\n  font-size: 32px;\n  color: #ffffff;\n  min-width: 44px;\n  min-height: 44px;\n  line-height: 44px;\n  border-radius: 100px;\n  border-style: solid;\n  border-width: 0px;\n}\n.dt-icon-bg-on.shortcode-single-image-wrap.shortcode-single-image-a6f50b4a2c3771b0b433e1cd38362b8d .rollover-icon {\n  background: rgba(255,255,255,0.3);\n  box-shadow: none;\n}<\/style><div class=\"shortcode-single-image-wrap shortcode-single-image-a6f50b4a2c3771b0b433e1cd38362b8d alignnone  vc_custom_1594121745434 enable-bg-rollover dt-icon-bg-off\" ><div class=\"shortcode-single-image\"><div class=\"fancy-media-wrap\" style=\"\"><img decoding=\"async\" class=\"preload-me aspect\" src=\"https:\/\/pvcsolis.com\/wp-content\/uploads\/2020\/07\/logo-siegenia-ok-300x200.png\" srcset=\"https:\/\/pvcsolis.com\/wp-content\/uploads\/2020\/07\/logo-siegenia-ok-300x200.png 300w, https:\/\/pvcsolis.com\/wp-content\/uploads\/2020\/07\/logo-siegenia-ok-400x266.png 400w\" sizes=\"(max-width: 300px) 100vw, 300px\" width=\"300\" height=\"200\"  data-dt-location=\"https:\/\/pvcsolis.com\/es\/col%c2%b7laboradors\/logo-siegenia-ok\/\" style=\"--ratio: 300 \/ 200;\" alt=\"\" \/><\/div><\/div><\/div><div id=\"ultimate-heading-698069ec22d8b09c6\" class=\"uvc-heading ult-adjust-bottom-margin ultimate-heading-698069ec22d8b09c6 uvc-2256 accent-border-color\" data-hspacer=\"line_only\"  data-halign=\"center\" style=\"text-align:center\"><div class=\"uvc-heading-spacer line_only\" style=\"margin-top:30px;margin-bottom:20px;height:4px;\"><span class=\"uvc-headings-line\" style=\"border-style:solid;border-bottom-width:4px;border-color:;width:50px;\"><\/span><\/div><div class=\"uvc-main-heading ult-responsive\"  data-ultimate-target='.uvc-heading.ultimate-heading-698069ec22d8b09c6 h2'  data-responsive-json-new='{\"font-size\":\"desktop:18px;\",\"line-height\":\"desktop:28px;\"}' ><h2 style=\"font-weight:bold;margin-bottom:10px;\">Siegenia Aubi<\/h2><\/div><div class=\"uvc-sub-heading ult-responsive\"  data-ultimate-target='.uvc-heading.ultimate-heading-698069ec22d8b09c6 .uvc-sub-heading '  data-responsive-json-new='{\"font-size\":\"desktop:14px;\",\"line-height\":\"desktop:28px;\"}'  style=\"font-weight:normal;\">Soluciones que dan vida a los espacios. Con una amplia gama de productos innovadores para modernos sistemas para ventanas, puertas y confort. Descubre la cuarta generaci\u00f3n de sistemas vanguardistas para el m\u00e1ximo confort en la vivienda. M\u00e1s de 100 a\u00f1os de experiencia, que la convierten en una empresa innovadora, l\u00edder a nivel mundial.<\/div><\/div>[\/vc_column][vc_column width=\u00bb1\/2&#8243; css=\u00bb.vc_custom_1494951305274{padding-top: 30px !important;padding-right: 30px !important;padding-bottom: 30px !important;padding-left: 30px !important;background-color: #f4f4f4 !important;}\u00bb offset=\u00bbvc_col-lg-4 vc_col-md-4&#8243;]<style type=\"text\/css\" data-type=\"the7_shortcodes-inline-css\">.shortcode-single-image-wrap.shortcode-single-image-695fe86b134a7addad2411b19575c29d.enable-bg-rollover .rollover i,\n.shortcode-single-image-wrap.shortcode-single-image-695fe86b134a7addad2411b19575c29d.enable-bg-rollover .rollover-video i {\n  background: -webkit-linear-gradient();\n  background: linear-gradient();\n}\n.shortcode-single-image-wrap.shortcode-single-image-695fe86b134a7addad2411b19575c29d .rollover-icon {\n  font-size: 32px;\n  color: #ffffff;\n  min-width: 44px;\n  min-height: 44px;\n  line-height: 44px;\n  border-radius: 100px;\n  border-style: solid;\n  border-width: 0px;\n}\n.dt-icon-bg-on.shortcode-single-image-wrap.shortcode-single-image-695fe86b134a7addad2411b19575c29d .rollover-icon {\n  background: rgba(255,255,255,0.3);\n  box-shadow: none;\n}<\/style><div class=\"shortcode-single-image-wrap shortcode-single-image-695fe86b134a7addad2411b19575c29d alignnone  vc_custom_1594121753420 enable-bg-rollover dt-icon-bg-off\" ><div class=\"shortcode-single-image\"><div class=\"fancy-media-wrap\" style=\"\"><img decoding=\"async\" class=\"preload-me aspect\" src=\"https:\/\/pvcsolis.com\/wp-content\/uploads\/2020\/07\/logo-somfy-ok-300x200.png\" srcset=\"https:\/\/pvcsolis.com\/wp-content\/uploads\/2020\/07\/logo-somfy-ok-300x200.png 300w, https:\/\/pvcsolis.com\/wp-content\/uploads\/2020\/07\/logo-somfy-ok-400x266.png 400w\" sizes=\"(max-width: 300px) 100vw, 300px\" width=\"300\" height=\"200\"  data-dt-location=\"https:\/\/pvcsolis.com\/es\/col%c2%b7laboradors\/logo-somfy-ok\/\" style=\"--ratio: 300 \/ 200;\" alt=\"\" \/><\/div><\/div><\/div><div id=\"ultimate-heading-433869ec22d8b1121\" class=\"uvc-heading ult-adjust-bottom-margin ultimate-heading-433869ec22d8b1121 uvc-8260 accent-border-color\" data-hspacer=\"line_only\"  data-halign=\"center\" style=\"text-align:center\"><div class=\"uvc-heading-spacer line_only\" style=\"margin-top:30px;margin-bottom:20px;height:4px;\"><span class=\"uvc-headings-line\" style=\"border-style:solid;border-bottom-width:4px;border-color:;width:50px;\"><\/span><\/div><div class=\"uvc-main-heading ult-responsive\"  data-ultimate-target='.uvc-heading.ultimate-heading-433869ec22d8b1121 h2'  data-responsive-json-new='{\"font-size\":\"desktop:18px;\",\"line-height\":\"desktop:28px;\"}' ><h2 style=\"font-weight:bold;margin-bottom:10px;\">Somfy<\/h2><\/div><div class=\"uvc-sub-heading ult-responsive\"  data-ultimate-target='.uvc-heading.ultimate-heading-433869ec22d8b1121 .uvc-sub-heading '  data-responsive-json-new='{\"font-size\":\"desktop:14px;\",\"line-height\":\"desktop:28px;\"}'  style=\"font-weight:normal;\">Soluciones para casas inteligentes desde motores y control de persianas, toldos, cortinas, cancelas, puertas de garaje, as\u00ed como soluciones Smart Home. En 35 a\u00f1os no s\u00f3lo han logrado innovar en productos, sino tambi\u00e9n en sus compromisos y es por eso que consolidan su apuesta por la comodidad y la sostenibilidad.<\/div><\/div>[\/vc_column][vc_column width=\u00bb1\/2&#8243; css=\u00bb.vc_custom_1494951313543{padding-top: 30px !important;padding-right: 30px !important;padding-bottom: 30px !important;padding-left: 30px !important;background-color: #f4f4f4 !important;}\u00bb offset=\u00bbvc_col-lg-4 vc_col-md-4&#8243;]<style type=\"text\/css\" data-type=\"the7_shortcodes-inline-css\">.shortcode-single-image-wrap.shortcode-single-image-1cfbd025a1f92d83bc32b7f0e1c36f2b.enable-bg-rollover .rollover i,\n.shortcode-single-image-wrap.shortcode-single-image-1cfbd025a1f92d83bc32b7f0e1c36f2b.enable-bg-rollover .rollover-video i {\n  background: -webkit-linear-gradient();\n  background: linear-gradient();\n}\n.shortcode-single-image-wrap.shortcode-single-image-1cfbd025a1f92d83bc32b7f0e1c36f2b .rollover-icon {\n  font-size: 32px;\n  color: #ffffff;\n  min-width: 44px;\n  min-height: 44px;\n  line-height: 44px;\n  border-radius: 100px;\n  border-style: solid;\n  border-width: 0px;\n}\n.dt-icon-bg-on.shortcode-single-image-wrap.shortcode-single-image-1cfbd025a1f92d83bc32b7f0e1c36f2b .rollover-icon {\n  background: rgba(255,255,255,0.3);\n  box-shadow: none;\n}<\/style><div class=\"shortcode-single-image-wrap shortcode-single-image-1cfbd025a1f92d83bc32b7f0e1c36f2b alignnone  vc_custom_1594121762099 enable-bg-rollover dt-icon-bg-off\" ><div class=\"shortcode-single-image\"><div class=\"fancy-media-wrap\" style=\"\"><img loading=\"lazy\" decoding=\"async\" class=\"preload-me aspect\" src=\"https:\/\/pvcsolis.com\/wp-content\/uploads\/2020\/07\/logo-climalit-ok-300x200.png\" srcset=\"https:\/\/pvcsolis.com\/wp-content\/uploads\/2020\/07\/logo-climalit-ok-300x200.png 300w, https:\/\/pvcsolis.com\/wp-content\/uploads\/2020\/07\/logo-climalit-ok-400x266.png 400w\" sizes=\"(max-width: 300px) 100vw, 300px\" width=\"300\" height=\"200\"  data-dt-location=\"https:\/\/pvcsolis.com\/es\/col%c2%b7laboradors\/logo-climalit-ok\/\" style=\"--ratio: 300 \/ 200;\" alt=\"\" \/><\/div><\/div><\/div><div id=\"ultimate-heading-259069ec22d8b18b2\" class=\"uvc-heading ult-adjust-bottom-margin ultimate-heading-259069ec22d8b18b2 uvc-8679 accent-border-color\" data-hspacer=\"line_only\"  data-halign=\"center\" style=\"text-align:center\"><div class=\"uvc-heading-spacer line_only\" style=\"margin-top:30px;margin-bottom:20px;height:4px;\"><span class=\"uvc-headings-line\" style=\"border-style:solid;border-bottom-width:4px;border-color:;width:50px;\"><\/span><\/div><div class=\"uvc-main-heading ult-responsive\"  data-ultimate-target='.uvc-heading.ultimate-heading-259069ec22d8b18b2 h2'  data-responsive-json-new='{\"font-size\":\"desktop:18px;\",\"line-height\":\"desktop:28px;\"}' ><h2 style=\"font-weight:bold;margin-bottom:10px;\">Climalit<\/h2><\/div><div class=\"uvc-sub-heading ult-responsive\"  data-ultimate-target='.uvc-heading.ultimate-heading-259069ec22d8b18b2 .uvc-sub-heading '  data-responsive-json-new='{\"font-size\":\"desktop:14px;\",\"line-height\":\"desktop:28px;\"}'  style=\"font-weight:normal;\">SGG CLIMALIT PLUS\u00ae es la marca de referencia para los dobles y triples cristales aislantes en Europa y la primera marca de vidrio en Espa\u00f1a con una solera de m\u00e1s de tres d\u00e9cadas. El vidrio cinco estrellas que hace \u00fanica tu instalaci\u00f3n.<\/div><\/div>[\/vc_column][vc_column width=\u00bb1\/2&#8243; css=\u00bb.vc_custom_1494951321905{padding-top: 30px !important;padding-right: 30px !important;padding-bottom: 30px !important;padding-left: 30px !important;background-color: #f4f4f4 !important;}\u00bb offset=\u00bbvc_col-lg-4 vc_col-md-4&#8243;]<style type=\"text\/css\" data-type=\"the7_shortcodes-inline-css\">.shortcode-single-image-wrap.shortcode-single-image-9f8e082a058b911a1611df2eb686349a.enable-bg-rollover .rollover i,\n.shortcode-single-image-wrap.shortcode-single-image-9f8e082a058b911a1611df2eb686349a.enable-bg-rollover .rollover-video i {\n  background: -webkit-linear-gradient();\n  background: linear-gradient();\n}\n.shortcode-single-image-wrap.shortcode-single-image-9f8e082a058b911a1611df2eb686349a .rollover-icon {\n  font-size: 32px;\n  color: #ffffff;\n  min-width: 44px;\n  min-height: 44px;\n  line-height: 44px;\n  border-radius: 100px;\n  border-style: solid;\n  border-width: 0px;\n}\n.dt-icon-bg-on.shortcode-single-image-wrap.shortcode-single-image-9f8e082a058b911a1611df2eb686349a .rollover-icon {\n  background: rgba(255,255,255,0.3);\n  box-shadow: none;\n}<\/style><div class=\"shortcode-single-image-wrap shortcode-single-image-9f8e082a058b911a1611df2eb686349a alignnone  vc_custom_1594121771146 enable-bg-rollover dt-icon-bg-off\" ><div class=\"shortcode-single-image\"><div class=\"fancy-media-wrap\" style=\"\"><img loading=\"lazy\" decoding=\"async\" class=\"preload-me aspect\" src=\"https:\/\/pvcsolis.com\/wp-content\/uploads\/2020\/07\/logo-guardian-ok-300x200.png\" srcset=\"https:\/\/pvcsolis.com\/wp-content\/uploads\/2020\/07\/logo-guardian-ok-300x200.png 300w, https:\/\/pvcsolis.com\/wp-content\/uploads\/2020\/07\/logo-guardian-ok-400x266.png 400w\" sizes=\"(max-width: 300px) 100vw, 300px\" width=\"300\" height=\"200\"  data-dt-location=\"https:\/\/pvcsolis.com\/es\/col%c2%b7laboradors\/logo-guardian-ok\/\" style=\"--ratio: 300 \/ 200;\" alt=\"\" \/><\/div><\/div><\/div><div id=\"ultimate-heading-425369ec22d8b2047\" class=\"uvc-heading ult-adjust-bottom-margin ultimate-heading-425369ec22d8b2047 uvc-7777 accent-border-color\" data-hspacer=\"line_only\"  data-halign=\"center\" style=\"text-align:center\"><div class=\"uvc-heading-spacer line_only\" style=\"margin-top:30px;margin-bottom:20px;height:4px;\"><span class=\"uvc-headings-line\" style=\"border-style:solid;border-bottom-width:4px;border-color:;width:50px;\"><\/span><\/div><div class=\"uvc-main-heading ult-responsive\"  data-ultimate-target='.uvc-heading.ultimate-heading-425369ec22d8b2047 h2'  data-responsive-json-new='{\"font-size\":\"desktop:18px;\",\"line-height\":\"desktop:28px;\"}' ><h2 style=\"font-weight:bold;margin-bottom:10px;\">Guardian Sun<\/h2><\/div><div class=\"uvc-sub-heading ult-responsive\"  data-ultimate-target='.uvc-heading.ultimate-heading-425369ec22d8b2047 .uvc-sub-heading '  data-responsive-json-new='{\"font-size\":\"desktop:14px;\",\"line-height\":\"desktop:28px;\"}'  style=\"font-weight:normal;\">Uno de los mayores fabricantes de vidrio <em>float<\/em> y l\u00edderes mundiales en vidrios de capa. Vidrio de altas prestaciones para uso en aplicaciones arquitect\u00f3nicas de exterior (comerciales y residenciales) e interior (transporte y productos t\u00e9cnicos). La mayor calidad y la mejor soluci\u00f3n.<\/div><\/div>[\/vc_column][\/vc_row]<\/p>\n","protected":false},"excerpt":{"rendered":"<p>[vc_row gap=\u00bb30&#8243; equal_height=\u00bbyes\u00bb type=\u00bbvc_default\u00bb css=\u00bb.vc_custom_1495106153378{padding-top: 70px !important;padding-right: 25px !important;padding-bottom: 70px !important;padding-left: 25px !important;}\u00bb][vc_column width=\u00bb1\/2&#8243; css=\u00bb.vc_custom_1494951288995{padding-top: 30px !important;padding-right: 30px !important;padding-bottom: 30px !important;padding-left: 30px !important;background-color: #f4f4f4 !important;}\u00bb offset=\u00bbvc_col-lg-4 vc_col-md-4&#8243;][\/vc_column][vc_column width=\u00bb1\/2&#8243; css=\u00bb.vc_custom_1494951296945{padding-top: 30px !important;padding-right: 30px !important;padding-bottom: 30px !important;padding-left: 30px !important;background-color: #f4f4f4 !important;}\u00bb offset=\u00bbvc_col-lg-4 vc_col-md-4&#8243;][\/vc_column][vc_column width=\u00bb1\/2&#8243; css=\u00bb.vc_custom_1494951305274{padding-top: 30px !important;padding-right: 30px !important;padding-bottom: 30px !important;padding-left: 30px !important;background-color: #f4f4f4 !important;}\u00bb offset=\u00bbvc_col-lg-4 vc_col-md-4&#8243;][\/vc_column][vc_column&hellip;<\/p>\n","protected":false},"author":1,"featured_media":0,"parent":0,"menu_order":0,"comment_status":"closed","ping_status":"closed","template":"","meta":{"footnotes":""},"class_list":["post-2508","page","type-page","status-publish","hentry","description-off"],"yoast_head":"<!-- This site is optimized with the Yoast SEO plugin v26.8 - https:\/\/yoast.com\/product\/yoast-seo-wordpress\/ -->\n<title>Colaboradores - PVC y Aluminios Manresa<\/title>\n<meta name=\"description\" content=\"Especialistas en ventanas de PVC. Trabajos en aluminio. Servicio de persianas, barandillas... Pide tu presupuesto sin compromiso: 633481340.\" \/>\n<meta name=\"robots\" content=\"index, follow, max-snippet:-1, max-image-preview:large, max-video-preview:-1\" \/>\n<link rel=\"canonical\" href=\"https:\/\/pvcsolis.com\/es\/colaboradores\/\" \/>\n<meta property=\"og:locale\" content=\"es_ES\" \/>\n<meta property=\"og:type\" content=\"article\" \/>\n<meta property=\"og:title\" content=\"Colaboradores - PVC y Aluminios Manresa\" \/>\n<meta property=\"og:description\" content=\"Especialistas en ventanas de PVC. Trabajos en aluminio. Servicio de persianas, barandillas... Pide tu presupuesto sin compromiso: 633481340.\" \/>\n<meta property=\"og:url\" content=\"https:\/\/pvcsolis.com\/es\/colaboradores\/\" \/>\n<meta property=\"og:site_name\" content=\"PVC y Aluminios Manresa\" \/>\n<meta property=\"article:modified_time\" content=\"2021-01-21T09:08:05+00:00\" \/>\n<meta name=\"twitter:card\" content=\"summary_large_image\" \/>\n<meta name=\"twitter:label1\" content=\"Tiempo de lectura\" \/>\n\t<meta name=\"twitter:data1\" content=\"2 minutos\" \/>\n<script type=\"application\/ld+json\" class=\"yoast-schema-graph\">{\"@context\":\"https:\/\/schema.org\",\"@graph\":[{\"@type\":\"WebPage\",\"@id\":\"https:\/\/pvcsolis.com\/es\/colaboradores\/\",\"url\":\"https:\/\/pvcsolis.com\/es\/colaboradores\/\",\"name\":\"Colaboradores - PVC y Aluminios Manresa\",\"isPartOf\":{\"@id\":\"https:\/\/pvcsolis.com\/es\/#website\"},\"datePublished\":\"2016-06-24T19:52:48+00:00\",\"dateModified\":\"2021-01-21T09:08:05+00:00\",\"description\":\"Especialistas en ventanas de PVC. Trabajos en aluminio. Servicio de persianas, barandillas... Pide tu presupuesto sin compromiso: 633481340.\",\"breadcrumb\":{\"@id\":\"https:\/\/pvcsolis.com\/es\/colaboradores\/#breadcrumb\"},\"inLanguage\":\"es\",\"potentialAction\":[{\"@type\":\"ReadAction\",\"target\":[\"https:\/\/pvcsolis.com\/es\/colaboradores\/\"]}]},{\"@type\":\"BreadcrumbList\",\"@id\":\"https:\/\/pvcsolis.com\/es\/colaboradores\/#breadcrumb\",\"itemListElement\":[{\"@type\":\"ListItem\",\"position\":1,\"name\":\"Portada\",\"item\":\"https:\/\/pvcsolis.com\/es\/\"},{\"@type\":\"ListItem\",\"position\":2,\"name\":\"Colaboradores\"}]},{\"@type\":\"WebSite\",\"@id\":\"https:\/\/pvcsolis.com\/es\/#website\",\"url\":\"https:\/\/pvcsolis.com\/es\/\",\"name\":\"PVC y Aluminios Manresa\",\"description\":\"Instal\u00b7laci\u00f3 de PVC\",\"publisher\":{\"@id\":\"https:\/\/pvcsolis.com\/es\/#organization\"},\"potentialAction\":[{\"@type\":\"SearchAction\",\"target\":{\"@type\":\"EntryPoint\",\"urlTemplate\":\"https:\/\/pvcsolis.com\/es\/?s={search_term_string}\"},\"query-input\":{\"@type\":\"PropertyValueSpecification\",\"valueRequired\":true,\"valueName\":\"search_term_string\"}}],\"inLanguage\":\"es\"},{\"@type\":\"Organization\",\"@id\":\"https:\/\/pvcsolis.com\/es\/#organization\",\"name\":\"PVC y Aluminios Manresa\",\"url\":\"https:\/\/pvcsolis.com\/es\/\",\"logo\":{\"@type\":\"ImageObject\",\"inLanguage\":\"es\",\"@id\":\"https:\/\/pvcsolis.com\/es\/#\/schema\/logo\/image\/\",\"url\":\"https:\/\/pvcsolis.com\/wp-content\/uploads\/2020\/06\/pvc-y-aluminios-solis.png\",\"contentUrl\":\"https:\/\/pvcsolis.com\/wp-content\/uploads\/2020\/06\/pvc-y-aluminios-solis.png\",\"width\":70,\"height\":70,\"caption\":\"PVC y Aluminios Manresa\"},\"image\":{\"@id\":\"https:\/\/pvcsolis.com\/es\/#\/schema\/logo\/image\/\"}}]}<\/script>\n<!-- \/ Yoast SEO plugin. -->","yoast_head_json":{"title":"Colaboradores - PVC y Aluminios Manresa","description":"Especialistas en ventanas de PVC. Trabajos en aluminio. Servicio de persianas, barandillas... Pide tu presupuesto sin compromiso: 633481340.","robots":{"index":"index","follow":"follow","max-snippet":"max-snippet:-1","max-image-preview":"max-image-preview:large","max-video-preview":"max-video-preview:-1"},"canonical":"https:\/\/pvcsolis.com\/es\/colaboradores\/","og_locale":"es_ES","og_type":"article","og_title":"Colaboradores - PVC y Aluminios Manresa","og_description":"Especialistas en ventanas de PVC. Trabajos en aluminio. Servicio de persianas, barandillas... Pide tu presupuesto sin compromiso: 633481340.","og_url":"https:\/\/pvcsolis.com\/es\/colaboradores\/","og_site_name":"PVC y Aluminios Manresa","article_modified_time":"2021-01-21T09:08:05+00:00","twitter_card":"summary_large_image","twitter_misc":{"Tiempo de lectura":"2 minutos"},"schema":{"@context":"https:\/\/schema.org","@graph":[{"@type":"WebPage","@id":"https:\/\/pvcsolis.com\/es\/colaboradores\/","url":"https:\/\/pvcsolis.com\/es\/colaboradores\/","name":"Colaboradores - PVC y Aluminios Manresa","isPartOf":{"@id":"https:\/\/pvcsolis.com\/es\/#website"},"datePublished":"2016-06-24T19:52:48+00:00","dateModified":"2021-01-21T09:08:05+00:00","description":"Especialistas en ventanas de PVC. Trabajos en aluminio. Servicio de persianas, barandillas... Pide tu presupuesto sin compromiso: 633481340.","breadcrumb":{"@id":"https:\/\/pvcsolis.com\/es\/colaboradores\/#breadcrumb"},"inLanguage":"es","potentialAction":[{"@type":"ReadAction","target":["https:\/\/pvcsolis.com\/es\/colaboradores\/"]}]},{"@type":"BreadcrumbList","@id":"https:\/\/pvcsolis.com\/es\/colaboradores\/#breadcrumb","itemListElement":[{"@type":"ListItem","position":1,"name":"Portada","item":"https:\/\/pvcsolis.com\/es\/"},{"@type":"ListItem","position":2,"name":"Colaboradores"}]},{"@type":"WebSite","@id":"https:\/\/pvcsolis.com\/es\/#website","url":"https:\/\/pvcsolis.com\/es\/","name":"PVC y Aluminios Manresa","description":"Instal\u00b7laci\u00f3 de PVC","publisher":{"@id":"https:\/\/pvcsolis.com\/es\/#organization"},"potentialAction":[{"@type":"SearchAction","target":{"@type":"EntryPoint","urlTemplate":"https:\/\/pvcsolis.com\/es\/?s={search_term_string}"},"query-input":{"@type":"PropertyValueSpecification","valueRequired":true,"valueName":"search_term_string"}}],"inLanguage":"es"},{"@type":"Organization","@id":"https:\/\/pvcsolis.com\/es\/#organization","name":"PVC y Aluminios Manresa","url":"https:\/\/pvcsolis.com\/es\/","logo":{"@type":"ImageObject","inLanguage":"es","@id":"https:\/\/pvcsolis.com\/es\/#\/schema\/logo\/image\/","url":"https:\/\/pvcsolis.com\/wp-content\/uploads\/2020\/06\/pvc-y-aluminios-solis.png","contentUrl":"https:\/\/pvcsolis.com\/wp-content\/uploads\/2020\/06\/pvc-y-aluminios-solis.png","width":70,"height":70,"caption":"PVC y Aluminios Manresa"},"image":{"@id":"https:\/\/pvcsolis.com\/es\/#\/schema\/logo\/image\/"}}]}},"_links":{"self":[{"href":"https:\/\/pvcsolis.com\/es\/wp-json\/wp\/v2\/pages\/2508","targetHints":{"allow":["GET"]}}],"collection":[{"href":"https:\/\/pvcsolis.com\/es\/wp-json\/wp\/v2\/pages"}],"about":[{"href":"https:\/\/pvcsolis.com\/es\/wp-json\/wp\/v2\/types\/page"}],"author":[{"embeddable":true,"href":"https:\/\/pvcsolis.com\/es\/wp-json\/wp\/v2\/users\/1"}],"replies":[{"embeddable":true,"href":"https:\/\/pvcsolis.com\/es\/wp-json\/wp\/v2\/comments?post=2508"}],"version-history":[{"count":0,"href":"https:\/\/pvcsolis.com\/es\/wp-json\/wp\/v2\/pages\/2508\/revisions"}],"wp:attachment":[{"href":"https:\/\/pvcsolis.com\/es\/wp-json\/wp\/v2\/media?parent=2508"}],"curies":[{"name":"wp","href":"https:\/\/api.w.org\/{rel}","templated":true}]}}